{"id":9949,"date":"2022-02-16T12:28:08","date_gmt":"2022-02-16T09:28:08","guid":{"rendered":"https:\/\/staging.aura-istanbul.com\/?page_id=9949"},"modified":"2025-09-23T20:41:51","modified_gmt":"2025-09-23T17:41:51","slug":"aura-alumni-zeynep-sena-sancak","status":"publish","type":"page","link":"https:\/\/staging.aura-istanbul.com\/index.php\/aura-alumni-zeynep-sena-sancak\/","title":{"rendered":"AURA Alumni: Zeynep Sena Sancak"},"content":{"rendered":"<div class=\"wpb-content-wrapper\"><p>[vc_section][vc_row][vc_column width=&#8221;1\/6&#8243;][vc_single_image image=&#8221;9951&#8243; img_size=&#8221;large&#8221; alignment=&#8221;center&#8221;][vc_empty_space][vc_column_text]<strong>Zeynep Sena Sancak<\/strong>[\/vc_column_text][vc_empty_space height=&#8221;16px&#8221;][vc_column_text]Mimar<br \/>\nUluda\u011f \u00dcniversitesi<\/p>\n<p>G\u00fcz 2021<br \/>\nDan\u0131\u015fman: Tuna Han Ko\u00e7 &#8211; Zeynep Alt\u0131nba\u015fl\u0131[\/vc_column_text][vc_empty_space][\/vc_column][vc_column width=&#8221;2\/3&#8243;][vc_column_text]<strong>\u0130stiklal Caddesi\u2019nde Montaj Yer \u00dcretimleri<\/strong>[\/vc_column_text][vc_column_text]Bu \u00e7al\u0131\u015fma \u2018\u2018yer\u2019\u2019 \u00fcretme potansiyellerini ortaya \u00e7\u0131kartmay\u0131 ama\u00e7lamaktad\u0131r. \u00d6ncelikle birbirleri ye\u00adrine s\u0131k\u00e7a kullan\u0131lan \u2018\u2018mek\u00e2n\u2019\u2019 ve \u2018\u2018yer\u2019\u2019 kavramlar\u0131 aras\u0131ndaki fark sorgulanm\u0131\u015ft\u0131r. Mek\u00e2n, yer \u00fcretme imk\u00e2n\u0131 sa\u011flayan fiziksel bir altl\u0131kken, yer bir\u00e7ok kat\u00adman\u0131 ve \u00e7o\u011fullu\u011fu i\u00e7inde bar\u0131nd\u0131ran bir kavramd\u0131r. G\u00f6rsel, alg\u0131sal, imgesel, politik vb. katmanlar sa\u00adyesinde yeni \u2018\u2018yer\u2019\u2019ler \u00fcretir ve mek\u00e2nlara anlamlar y\u00fcklemeye ba\u015flar\u0131z.<\/p>\n<p>\u00c7al\u0131\u015fma alan\u0131 olarak \u0130stiklal Caddesi se\u00e7ilmi\u015f ve yer \u00fcretme potansiyelleri mek\u00e2nla ili\u015fkili olarak sorgu\u00adlanm\u0131\u015ft\u0131r. \u0130stiklal Caddesi hem tarihi katmanlar\u0131y\u00adla hem de farkl\u0131 i\u015flevleri olan bir\u00e7ok mek\u00e2na sahip olmas\u0131 sebebiyle bir\u00e7ok deneyim i\u00e7in potansiyel bir alan haline gelir. Bu potansiyeller sorgulan\u0131rken deneyimler tarih deneyimleri ve g\u00fcnl\u00fck deneyim\u00adler olmak \u00fczere kategorize edilmi\u015ftir. Bu ba\u011flamda mek\u00e2n\u0131 daha iyi anlamak ad\u0131na caddenin tarih i\u00e7in\u00adde ge\u00e7irdi\u011fi d\u00f6n\u00fc\u015f\u00fcmler incelenmi\u015f, eski gazete ar\u00ad\u015fivlerinden ya\u015fanan olaylar i\u00e7in belge toplanm\u0131\u015ft\u0131r. Ard\u0131ndan g\u00fcn\u00fcm\u00fczdeki ili\u015fkiler incelenip zemin kat kullan\u0131m analizi yap\u0131lm\u0131\u015ft\u0131r.<\/p>\n<p>Yer \u00fcretme y\u00f6ntemi olarak \u2018\u2018montaj\u2019\u2019 kullan\u0131lm\u0131\u015ft\u0131r. Montaj katmanla\u015fmalar\u0131 g\u00f6r\u00fcn\u00fcr hale getirebilen, par\u00e7alardan yeni bir \u00fcretim yapmaya olanak veren bir y\u00f6ntemdir. Sonu\u00e7 \u00fcr\u00fcn olarak da montaj y\u00f6nte\u00admini kullanarak \u0130stiklal Caddesi \u00fczerinde \u2018\u2018montaj yer\u2019\u2019ler \u00fcretmeye olanak sa\u011flayan bir aplikasyon tasarlanm\u0131\u015ft\u0131r. Aplikasyon sayesinde mek\u00e2n\u0131 dene\u00adyimleyen her bireyin \u00fcretebilece\u011fi \u2018\u2018yer\u2019\u2019 potansiyel\u00adlerinin g\u00f6r\u00fcn\u00fcr hale getirilmesi ama\u00e7lanm\u0131\u015ft\u0131r.[\/vc_column_text][vc_empty_space][vc_gallery interval=&#8221;10&#8243; images=&#8221;9952,9953,9954,9955,9956&#8243; img_size=&#8221;full&#8221;][\/vc_column][vc_column width=&#8221;1\/6&#8243;][vc_single_image image=&#8221;9959&#8243; img_size=&#8221;full&#8221; alignment=&#8221;center&#8221; style=&#8221;vc_box_border&#8221; onclick=&#8221;custom_link&#8221; img_link_target=&#8221;_blank&#8221;][vc_empty_space height=&#8221;16px&#8221;][vc_row_inner][vc_column_inner][\/vc_column_inner][\/vc_row_inner][vc_row_inner][vc_column_inner width=&#8221;2\/3&#8243;][\/vc_column_inner][vc_column_inner width=&#8221;1\/3&#8243;][\/vc_column_inner][\/vc_row_inner][\/vc_column][\/vc_row][\/vc_section]<\/p>\n<\/div>","protected":false},"excerpt":{"rendered":"<p>[vc_section][vc_row][vc_column width=&#8221;1\/6&#8243;][vc_single_image image=&#8221;9951&#8243; img_size=&#8221;large&#8221; alignment=&#8221;center&#8221;][vc_empty_space][vc_column_text]Zeynep Sena Sancak[\/vc_column_text][vc_empty_space height=&#8221;16px&#8221;][vc_column_text]Mimar Uluda\u011f \u00dcniversitesi G\u00fcz 2021 Dan\u0131\u015fman: Tuna Han Ko\u00e7 &#8211; Zeynep Alt\u0131nba\u015fl\u0131[\/vc_column_text][vc_empty_space][\/vc_column][vc_column width=&#8221;2\/3&#8243;][vc_column_text]\u0130stiklal Caddesi\u2019nde Montaj Yer \u00dcretimleri[\/vc_column_text][vc_column_text]Bu \u00e7al\u0131\u015fma \u2018\u2018yer\u2019\u2019 \u00fcretme potansiyellerini ortaya \u00e7\u0131kartmay\u0131 [&hellip;]<\/p>\n","protected":false},"author":7,"featured_media":0,"parent":0,"menu_order":0,"comment_status":"closed","ping_status":"closed","template":"","meta":{"_acf_changed":false,"_seopress_robots_primary_cat":"","_seopress_titles_title":"\u0130stiklal Caddesi\u2019nde Montaj Yer \u00dcretimleri, Zeynep Sena Sancak | %%sitetitle%%","_seopress_titles_desc":"Bu \u00e7al\u0131\u015fma \u2018\u2018yer\u2019\u2019 \u00fcretme potansiyellerini ortaya \u00e7\u0131kartmay\u0131 ama\u00e7lamaktad\u0131r. \u00d6ncelikle birbirleri ye\u00adrine s\u0131k\u00e7a kullan\u0131lan \u2018\u2018mek\u00e2n\u2019\u2019 ve \u2018\u2018yer\u2019\u2019 kavramlar\u0131 aras\u0131ndaki fark sorgulanm\u0131\u015ft\u0131r.","_seopress_robots_index":"","_price":"","_stock":"","_tribe_ticket_header":"","_tribe_default_ticket_provider":"","_ticket_start_date":"","_ticket_end_date":"","_tribe_ticket_show_description":"","_tribe_ticket_show_not_going":false,"_tribe_ticket_use_global_stock":"","_tribe_ticket_global_stock_level":"","_global_stock_mode":"","_global_stock_cap":"","_tribe_rsvp_for_event":"","_tribe_ticket_going_count":"","_tribe_ticket_not_going_count":"","_tribe_tickets_list":"[]","_tribe_ticket_has_attendee_info_fields":false,"_EventAllDay":false,"_EventTimezone":"","_EventStartDate":"","_EventEndDate":"","_EventStartDateUTC":"","_EventEndDateUTC":"","_EventShowMap":false,"_EventShowMapLink":false,"_EventURL":"","_EventCost":"","_EventCostDescription":"","_EventCurrencySymbol":"","_EventCurrencyCode":"","_EventCurrencyPosition":"","_EventDateTimeSeparator":"","_EventTimeRangeSeparator":"","_EventOrganizerID":[],"_EventVenueID":[],"_OrganizerEmail":"","_OrganizerPhone":"","_OrganizerWebsite":"","_VenueAddress":"","_VenueCity":"","_VenueCountry":"","_VenueProvince":"","_VenueState":"","_VenueZip":"","_VenuePhone":"","_VenueURL":"","_VenueStateProvince":"","_VenueLat":"","_VenueLng":"","_VenueShowMap":false,"_VenueShowMapLink":false,"footnotes":"","_tec_slr_enabled":"","_tec_slr_layout":""},"class_list":["post-9949","page","type-page","status-publish","hentry"],"acf":[],"ticketed":false,"_links":{"self":[{"href":"https:\/\/staging.aura-istanbul.com\/index.php\/wp-json\/wp\/v2\/pages\/9949","targetHints":{"allow":["GET"]}}],"collection":[{"href":"https:\/\/staging.aura-istanbul.com\/index.php\/wp-json\/wp\/v2\/pages"}],"about":[{"href":"https:\/\/staging.aura-istanbul.com\/index.php\/wp-json\/wp\/v2\/types\/page"}],"author":[{"embeddable":true,"href":"https:\/\/staging.aura-istanbul.com\/index.php\/wp-json\/wp\/v2\/users\/7"}],"replies":[{"embeddable":true,"href":"https:\/\/staging.aura-istanbul.com\/index.php\/wp-json\/wp\/v2\/comments?post=9949"}],"version-history":[{"count":2,"href":"https:\/\/staging.aura-istanbul.com\/index.php\/wp-json\/wp\/v2\/pages\/9949\/revisions"}],"predecessor-version":[{"id":15161,"href":"https:\/\/staging.aura-istanbul.com\/index.php\/wp-json\/wp\/v2\/pages\/9949\/revisions\/15161"}],"wp:attachment":[{"href":"https:\/\/staging.aura-istanbul.com\/index.php\/wp-json\/wp\/v2\/media?parent=9949"}],"curies":[{"name":"wp","href":"https:\/\/api.w.org\/{rel}","templated":true}]}}