{"id":9922,"date":"2022-02-15T18:24:50","date_gmt":"2022-02-15T15:24:50","guid":{"rendered":"https:\/\/staging.aura-istanbul.com\/?page_id=9922"},"modified":"2025-09-23T20:42:04","modified_gmt":"2025-09-23T17:42:04","slug":"aura-alumni-sumeyra-didar-akin","status":"publish","type":"page","link":"https:\/\/staging.aura-istanbul.com\/index.php\/aura-alumni-sumeyra-didar-akin\/","title":{"rendered":"AURA Alumni: S\u00fcmeyra Didar Ak\u0131n"},"content":{"rendered":"<div class=\"wpb-content-wrapper\"><p>[vc_section][vc_row][vc_column width=&#8221;1\/6&#8243;][vc_single_image image=&#8221;9990&#8243; img_size=&#8221;large&#8221; alignment=&#8221;center&#8221;][vc_empty_space][vc_column_text]<strong>S\u00fcmeyra Didar Ak\u0131n<\/strong>[\/vc_column_text][vc_empty_space height=&#8221;16px&#8221;][vc_column_text]Mimar<br \/>\nBilkent \u00dcniversitesi<\/p>\n<p>G\u00fcz 2021<br \/>\nDan\u0131\u015fman: Carlos Zarco Sanz &#8211; Zuhal Kol[\/vc_column_text][vc_empty_space][\/vc_column][vc_column width=&#8221;2\/3&#8243;][vc_column_text]<strong>Do\u011fal Tasar\u0131m ve Bili\u015fsel Tasar\u0131m Aras\u0131ndaki Girdap Dijital Materyaliteye Kar\u015f\u0131<\/strong>[\/vc_column_text][vc_column_text]Kentin kendi \u00fczerinde bilin\u00e7 ve kolektif bellekten olu\u015fan mek\u00e2nsal varl\u0131\u011f\u0131 a\u00e7\u0131s\u0131ndan \u00f6teye ula\u015fma arzusunu tatmin etmek i\u00e7in bili\u015fsel ve dijital modeller \u00f6neren teorik bir \u015fema geli\u015ftirilmi\u015ftir.<\/p>\n<p>Ara\u015ft\u0131rman\u0131n amac\u0131 yeni deneyimleme ve tasarlama yollar\u0131n\u0131n ke\u015ffedilece\u011fi, kentin zaman i\u00e7inde olu\u015fturdu\u011fu metafiziksel \u00e2lemleri in\u015fa etme ad\u0131na bir y\u00f6ntem olan bili\u015fsel deneyim ile dijital maddesellik aras\u0131nda bir diyalekte de\u011fi\u015febilir olmakla birlikte ula\u015fmas\u0131 \u015feklinde ifade edilebilir.<\/p>\n<p>Bu ba\u011flamda, kentin zaman, dil, tarih ve do\u011fas\u0131 ve mimarisi aras\u0131ndaki ba\u011flant\u0131lar\u0131 ara\u015ft\u0131r\u0131lm\u0131\u015f, bu ba\u011flant\u0131lar ile metaforik ili\u015fkiler kurularak mimarl\u0131k kuram\u0131na katk\u0131 sa\u011flamaya \u00e7al\u0131\u015f\u0131lm\u0131\u015ft\u0131r.<\/p>\n<p>[\/vc_column_text][vc_empty_space][vc_gallery interval=&#8221;10&#8243; images=&#8221;9991,9926,9924,9927,9928&#8243; img_size=&#8221;full&#8221;][\/vc_column][vc_column width=&#8221;1\/6&#8243;][vc_single_image image=&#8221;9929&#8243; img_size=&#8221;full&#8221; alignment=&#8221;center&#8221; style=&#8221;vc_box_border&#8221; onclick=&#8221;custom_link&#8221; img_link_target=&#8221;_blank&#8221;][vc_empty_space height=&#8221;16px&#8221;][vc_row_inner][vc_column_inner][\/vc_column_inner][\/vc_row_inner][vc_row_inner][vc_column_inner width=&#8221;2\/3&#8243;][\/vc_column_inner][vc_column_inner width=&#8221;1\/3&#8243;][\/vc_column_inner][\/vc_row_inner][\/vc_column][\/vc_row][\/vc_section]<\/p>\n<\/div>","protected":false},"excerpt":{"rendered":"<p>[vc_section][vc_row][vc_column width=&#8221;1\/6&#8243;][vc_single_image image=&#8221;9990&#8243; img_size=&#8221;large&#8221; alignment=&#8221;center&#8221;][vc_empty_space][vc_column_text]S\u00fcmeyra Didar Ak\u0131n[\/vc_column_text][vc_empty_space height=&#8221;16px&#8221;][vc_column_text]Mimar Bilkent \u00dcniversitesi G\u00fcz 2021 Dan\u0131\u015fman: Carlos Zarco Sanz &#8211; Zuhal Kol[\/vc_column_text][vc_empty_space][\/vc_column][vc_column width=&#8221;2\/3&#8243;][vc_column_text]Do\u011fal Tasar\u0131m ve Bili\u015fsel Tasar\u0131m Aras\u0131ndaki Girdap Dijital Materyaliteye Kar\u015f\u0131[\/vc_column_text][vc_column_text]Kentin kendi [&hellip;]<\/p>\n","protected":false},"author":7,"featured_media":0,"parent":0,"menu_order":0,"comment_status":"closed","ping_status":"closed","template":"","meta":{"_acf_changed":false,"_seopress_robots_primary_cat":"","_seopress_titles_title":"Do\u011fal Tasar\u0131m ve Bili\u015fsel Tasar\u0131m Aras\u0131ndaki Girdap Dijital Materyaliteye Kar\u015f\u0131, S\u00fcmeyra Didar Ak\u0131n | %%sitetitle%%","_seopress_titles_desc":"Ara\u015ft\u0131rma; kentin zaman, dil, tarih ve do\u011fas\u0131 ve mimarisi aras\u0131ndaki ba\u011flant\u0131lar\u0131 ara\u015ft\u0131rmak i\u00e7in metaforik ili\u015fkiler kurman\u0131n mimarl\u0131k kuram\u0131na katk\u0131 sa\u011flamas\u0131n\u0131n olas\u0131l\u0131klar\u0131n\u0131 inceler.","_seopress_robots_index":"","_price":"","_stock":"","_tribe_ticket_header":"","_tribe_default_ticket_provider":"","_ticket_start_date":"","_ticket_end_date":"","_tribe_ticket_show_description":"","_tribe_ticket_show_not_going":false,"_tribe_ticket_use_global_stock":"","_tribe_ticket_global_stock_level":"","_global_stock_mode":"","_global_stock_cap":"","_tribe_rsvp_for_event":"","_tribe_ticket_going_count":"","_tribe_ticket_not_going_count":"","_tribe_tickets_list":"[]","_tribe_ticket_has_attendee_info_fields":false,"_EventAllDay":false,"_EventTimezone":"","_EventStartDate":"","_EventEndDate":"","_EventStartDateUTC":"","_EventEndDateUTC":"","_EventShowMap":false,"_EventShowMapLink":false,"_EventURL":"","_EventCost":"","_EventCostDescription":"","_EventCurrencySymbol":"","_EventCurrencyCode":"","_EventCurrencyPosition":"","_EventDateTimeSeparator":"","_EventTimeRangeSeparator":"","_EventOrganizerID":[],"_EventVenueID":[],"_OrganizerEmail":"","_OrganizerPhone":"","_OrganizerWebsite":"","_VenueAddress":"","_VenueCity":"","_VenueCountry":"","_VenueProvince":"","_VenueState":"","_VenueZip":"","_VenuePhone":"","_VenueURL":"","_VenueStateProvince":"","_VenueLat":"","_VenueLng":"","_VenueShowMap":false,"_VenueShowMapLink":false,"footnotes":"","_tec_slr_enabled":"","_tec_slr_layout":""},"class_list":["post-9922","page","type-page","status-publish","hentry"],"acf":[],"ticketed":false,"_links":{"self":[{"href":"https:\/\/staging.aura-istanbul.com\/index.php\/wp-json\/wp\/v2\/pages\/9922","targetHints":{"allow":["GET"]}}],"collection":[{"href":"https:\/\/staging.aura-istanbul.com\/index.php\/wp-json\/wp\/v2\/pages"}],"about":[{"href":"https:\/\/staging.aura-istanbul.com\/index.php\/wp-json\/wp\/v2\/types\/page"}],"author":[{"embeddable":true,"href":"https:\/\/staging.aura-istanbul.com\/index.php\/wp-json\/wp\/v2\/users\/7"}],"replies":[{"embeddable":true,"href":"https:\/\/staging.aura-istanbul.com\/index.php\/wp-json\/wp\/v2\/comments?post=9922"}],"version-history":[{"count":5,"href":"https:\/\/staging.aura-istanbul.com\/index.php\/wp-json\/wp\/v2\/pages\/9922\/revisions"}],"predecessor-version":[{"id":15162,"href":"https:\/\/staging.aura-istanbul.com\/index.php\/wp-json\/wp\/v2\/pages\/9922\/revisions\/15162"}],"wp:attachment":[{"href":"https:\/\/staging.aura-istanbul.com\/index.php\/wp-json\/wp\/v2\/media?parent=9922"}],"curies":[{"name":"wp","href":"https:\/\/api.w.org\/{rel}","templated":true}]}}