{"id":9896,"date":"2022-02-15T16:13:02","date_gmt":"2022-02-15T13:13:02","guid":{"rendered":"https:\/\/staging.aura-istanbul.com\/?page_id=9896"},"modified":"2025-09-23T20:43:45","modified_gmt":"2025-09-23T17:43:45","slug":"aura-alumni-melih-gurcan-kutsal","status":"publish","type":"page","link":"https:\/\/staging.aura-istanbul.com\/index.php\/aura-alumni-melih-gurcan-kutsal\/","title":{"rendered":"AURA Alumni: Melih G\u00fcrcan Kutsal"},"content":{"rendered":"<div class=\"wpb-content-wrapper\"><p>[vc_section][vc_row][vc_column width=&#8221;1\/6&#8243;][vc_single_image image=&#8221;9897&#8243; img_size=&#8221;large&#8221; alignment=&#8221;center&#8221;][vc_empty_space][vc_column_text]<strong>Melih G\u00fcrcan Kutsal<\/strong>[\/vc_column_text][vc_empty_space height=&#8221;16px&#8221;][vc_column_text]Mimar<br \/>\nYa\u015far \u00dcniversitesi<\/p>\n<p>G\u00fcz 2021<br \/>\nDan\u0131\u015fman: Carlos Zarco Sanz &#8211; Zuhal Kol[\/vc_column_text][vc_empty_space][\/vc_column][vc_column width=&#8221;2\/3&#8243;][vc_column_text]<\/p>\n<p style=\"text-align: left;\"><strong>Oyun \u00dczerinden \u0130ki D\u00fcnya: \u0130nteraktif Oyun ile Birlikte Toplumu ve Kent\u2019i Tan\u0131mak<\/strong><\/p>\n<p>[\/vc_column_text][vc_column_text]<span style=\"font-weight: 400;\">Oyunlar genellikle k\u00fc\u00e7\u00fcmsenir \u00e7\u00fcnk\u00fc ger\u00e7ek d\u00fcnyayla kar\u015f\u0131 kar\u015f\u0131ya gelince vakit kayb\u0131 ve \u00e7ocuksu \u00f6geler olarak g\u00f6r\u00fcl\u00fcr. Lakin oyunlar bundan daha fazlas\u0131d\u0131r. Oyunlar\u0131n, \u00f6zellikle ilkel oyunlar\u0131n, ba\u011flam ile b\u00fcy\u00fck bir ili\u015fkisi vard\u0131r. Dijital oyunlar bu ba\u011flamdan kopmaktad\u0131r ve bu kopman\u0131n sonucunda ise belirli sorunlarla kar\u015f\u0131la\u015f\u0131lmaktad\u0131r. Bu sorunlar, aplikasyon oyunlar\u0131yla \u00e7\u00f6zmeye \u00e7al\u0131\u015f\u0131l\u0131r.\u00a0<\/span><\/p>\n<p><span style=\"font-weight: 400;\">Hem kent ile hem de dijital ile ba\u011flant\u0131l\u0131; melez bir ili\u015fkili oyun tasar\u0131m\u0131, bir ba\u011flam olamaz m\u0131? Hem kentte kaybetti\u011fimiz, unuttu\u011fumuz belle\u011fi geri hat\u0131rlatacak, hem de kendi belle\u011fimizi, an\u0131lar\u0131m\u0131z\u0131, hatta sadece d\u00fc\u015f\u00fcncelerimizi kaydedece\u011fimiz bir oyun.\u00a0<\/span><\/p>\n<p><span style=\"font-weight: 400;\">Proje kapsam\u0131nda; Aristoteles\u2019in bo\u015f zaman kavram\u0131 ve D&amp;D oyun prensiplerini alarak, y\u00fcr\u00fcme odakl\u0131 ve hikaye anlatma temelli bir oyun tasar\u0131m\u0131 yap\u0131lm\u0131\u015ft\u0131r. Bu oyun kapsam\u0131nda oyuncular, kente farkl\u0131 oyuncular\u0131n perspektiflerinden bakarak, kenti tecr\u00fcbe edecekler veya oyunda oyuncuya verilen g\u00f6revlerle unuttu\u011fumuz kenti hat\u0131rlamam\u0131za yard\u0131mc\u0131 olacak hikayeler dinleyeceklerdir.<\/span><span style=\"font-weight: 400;\"><br \/>\n<\/span>[\/vc_column_text][vc_empty_space][vc_gallery interval=&#8221;10&#8243; images=&#8221;9898,9899,9900,9901,9902&#8243; img_size=&#8221;full&#8221;][\/vc_column][vc_column width=&#8221;1\/6&#8243;][vc_single_image image=&#8221;9903&#8243; img_size=&#8221;full&#8221; alignment=&#8221;center&#8221; style=&#8221;vc_box_border&#8221; onclick=&#8221;custom_link&#8221; img_link_target=&#8221;_blank&#8221;][vc_empty_space height=&#8221;16px&#8221;][vc_row_inner][vc_column_inner][\/vc_column_inner][\/vc_row_inner][vc_row_inner][vc_column_inner width=&#8221;2\/3&#8243;][\/vc_column_inner][vc_column_inner width=&#8221;1\/3&#8243;][\/vc_column_inner][\/vc_row_inner][\/vc_column][\/vc_row][\/vc_section]<\/p>\n<\/div>","protected":false},"excerpt":{"rendered":"<p>[vc_section][vc_row][vc_column width=&#8221;1\/6&#8243;][vc_single_image image=&#8221;9897&#8243; img_size=&#8221;large&#8221; alignment=&#8221;center&#8221;][vc_empty_space][vc_column_text]Melih G\u00fcrcan Kutsal[\/vc_column_text][vc_empty_space height=&#8221;16px&#8221;][vc_column_text]Mimar Ya\u015far \u00dcniversitesi G\u00fcz 2021 Dan\u0131\u015fman: Carlos Zarco Sanz &#8211; Zuhal Kol[\/vc_column_text][vc_empty_space][\/vc_column][vc_column width=&#8221;2\/3&#8243;][vc_column_text] Oyun \u00dczerinden \u0130ki D\u00fcnya: \u0130nteraktif Oyun ile Birlikte Toplumu ve [&hellip;]<\/p>\n","protected":false},"author":7,"featured_media":0,"parent":0,"menu_order":0,"comment_status":"closed","ping_status":"closed","template":"","meta":{"_acf_changed":false,"_seopress_robots_primary_cat":"","_seopress_titles_title":"Oyun \u00dczerinden \u0130ki D\u00fcnya: \u0130nteraktif Oyun ile Birlikte Toplumu ve Kent\u2019i Tan\u0131mak, Melih G\u00fcrcan Kutsal | %%sitetitle%%","_seopress_titles_desc":"Bu \u00e7al\u0131\u015fmada, Aristoteles\u2019in bo\u015f zaman kavram\u0131 ve D&D oyun prensiplerini alarak, y\u00fcr\u00fcme odakl\u0131, hikaye anlat\u0131m ve hikaye anlatma temelli bir oyun tasar\u0131m\u0131 yap\u0131lm\u0131\u015ft\u0131r.","_seopress_robots_index":"","_price":"","_stock":"","_tribe_ticket_header":"","_tribe_default_ticket_provider":"","_ticket_start_date":"","_ticket_end_date":"","_tribe_ticket_show_description":"","_tribe_ticket_show_not_going":false,"_tribe_ticket_use_global_stock":"","_tribe_ticket_global_stock_level":"","_global_stock_mode":"","_global_stock_cap":"","_tribe_rsvp_for_event":"","_tribe_ticket_going_count":"","_tribe_ticket_not_going_count":"","_tribe_tickets_list":"[]","_tribe_ticket_has_attendee_info_fields":false,"_EventAllDay":false,"_EventTimezone":"","_EventStartDate":"","_EventEndDate":"","_EventStartDateUTC":"","_EventEndDateUTC":"","_EventShowMap":false,"_EventShowMapLink":false,"_EventURL":"","_EventCost":"","_EventCostDescription":"","_EventCurrencySymbol":"","_EventCurrencyCode":"","_EventCurrencyPosition":"","_EventDateTimeSeparator":"","_EventTimeRangeSeparator":"","_EventOrganizerID":[],"_EventVenueID":[],"_OrganizerEmail":"","_OrganizerPhone":"","_OrganizerWebsite":"","_VenueAddress":"","_VenueCity":"","_VenueCountry":"","_VenueProvince":"","_VenueState":"","_VenueZip":"","_VenuePhone":"","_VenueURL":"","_VenueStateProvince":"","_VenueLat":"","_VenueLng":"","_VenueShowMap":false,"_VenueShowMapLink":false,"footnotes":"","_tec_slr_enabled":"","_tec_slr_layout":""},"class_list":["post-9896","page","type-page","status-publish","hentry"],"acf":[],"ticketed":false,"_links":{"self":[{"href":"https:\/\/staging.aura-istanbul.com\/index.php\/wp-json\/wp\/v2\/pages\/9896","targetHints":{"allow":["GET"]}}],"collection":[{"href":"https:\/\/staging.aura-istanbul.com\/index.php\/wp-json\/wp\/v2\/pages"}],"about":[{"href":"https:\/\/staging.aura-istanbul.com\/index.php\/wp-json\/wp\/v2\/types\/page"}],"author":[{"embeddable":true,"href":"https:\/\/staging.aura-istanbul.com\/index.php\/wp-json\/wp\/v2\/users\/7"}],"replies":[{"embeddable":true,"href":"https:\/\/staging.aura-istanbul.com\/index.php\/wp-json\/wp\/v2\/comments?post=9896"}],"version-history":[{"count":3,"href":"https:\/\/staging.aura-istanbul.com\/index.php\/wp-json\/wp\/v2\/pages\/9896\/revisions"}],"predecessor-version":[{"id":15169,"href":"https:\/\/staging.aura-istanbul.com\/index.php\/wp-json\/wp\/v2\/pages\/9896\/revisions\/15169"}],"wp:attachment":[{"href":"https:\/\/staging.aura-istanbul.com\/index.php\/wp-json\/wp\/v2\/media?parent=9896"}],"curies":[{"name":"wp","href":"https:\/\/api.w.org\/{rel}","templated":true}]}}