{"id":9877,"date":"2022-02-15T15:47:29","date_gmt":"2022-02-15T12:47:29","guid":{"rendered":"https:\/\/staging.aura-istanbul.com\/?page_id=9877"},"modified":"2025-09-23T20:44:06","modified_gmt":"2025-09-23T17:44:06","slug":"aura-alumni-irem-incetuzcu","status":"publish","type":"page","link":"https:\/\/staging.aura-istanbul.com\/index.php\/aura-alumni-irem-incetuzcu\/","title":{"rendered":"AURA Alumni: \u0130rem \u0130ncetuzcu"},"content":{"rendered":"<div class=\"wpb-content-wrapper\"><p>[vc_section][vc_row][vc_column width=&#8221;1\/6&#8243;][vc_single_image image=&#8221;9883&#8243; img_size=&#8221;large&#8221; alignment=&#8221;center&#8221;][vc_empty_space][vc_column_text]<strong>\u0130rem \u0130ncetuzcu<\/strong>[\/vc_column_text][vc_empty_space height=&#8221;16px&#8221;][vc_column_text]Mimar<br \/>\nYeditepe \u00dcniversitesi<\/p>\n<p>G\u00fcz 2021<br \/>\nDan\u0131\u015fman: Carlos Zarco Sanz &#8211; Zuhal Kol[\/vc_column_text][vc_empty_space][\/vc_column][vc_column width=&#8221;2\/3&#8243;][vc_column_text]<\/p>\n<p style=\"text-align: left;\"><strong>Kad\u0131k\u00f6y K\u0131y\u0131 Hatt\u0131n\u0131n \u00dcretimini Anlamak: Mekan\u0131n Ritmini Dinleyerek \u00dcretimine Kar\u0131\u015fmak<\/strong><\/p>\n<p>[\/vc_column_text][vc_column_text]Lefebvre\u2019 in mekan\u0131, derin bir \u015fekilde anlay\u0131p ya\u015fayabilmenin kapitalist d\u00fczendeki yoksunlu\u011funu dert edinmesi ve mekan\u0131 b\u00fct\u00fcnl\u00fckl\u00fc kavratma, ya\u015fatma \u00e7abas\u0131; g\u00fcn\u00fcm\u00fcz mekanlar\u0131nda sakl\u0131d\u0131r. Kent mekanlar\u0131n\u0131n g\u00fcc\u00fcn\u00fc bu denli saklayan kapitalist d\u00fczendeki t\u00fcketim, mekan\u0131 da bir \u00e7\u0131rp\u0131da t\u00fcketmektedir. Bu h\u0131zl\u0131 t\u00fcketim, mekan\u0131n derinlemesine anla\u015f\u0131lmas\u0131na ve ya\u015fanmas\u0131na imkan tan\u0131mamaktad\u0131r. Peki mekan\u0131 b\u00fct\u00fcnl\u00fckl\u00fc kavrayabilmek ve alg\u0131layabilmek i\u00e7in ne yapmak gerekir? Ara\u015ft\u0131rman\u0131n temelinde yatan bu soru Lefebvre\u2019 in \u00f6\u011fretileriyle yola \u00e7\u0131karak cevaplanmaya \u00e7al\u0131\u015f\u0131lm\u0131\u015ft\u0131r.<\/p>\n<p>Mekan; zamanla, bedenle ve kurucu \u00fc\u00e7 an\u0131yla ritmik bir anla\u015fma yapar ve varl\u0131\u011f\u0131n\u0131 o \u015fekilde s\u00fcrd\u00fcr\u00fcr. Canl\u0131, ya\u015fayan, ak\u0131\u015fkan bir kavram ve ger\u00e7eklik olarak mekan, g\u00fcndelik ya\u015fant\u0131da ritmik bir varolu\u015fa sahiptir. Ara\u015ft\u0131rma alan\u0131 olarak ritmik de\u011fi\u015fikliklere ve rutinlere sahip olan Kad\u0131k\u00f6y k\u0131y\u0131 hatt\u0131 se\u00e7ilmi\u015ftir. Ara\u015ft\u0131rman\u0131n amac\u0131 metabolik ke\u015fifler kapsam\u0131nda mekan\u0131n \u00fcretim metabolizmas\u0131n\u0131 g\u00fcndelik ritimler \u00fczerinden okumakt\u0131r. Bu ba\u011flamda mekan\u0131n b\u00fct\u00fcnl\u00fckl\u00fc alg\u0131lanmas\u0131 i\u00e7in mekan\u0131n ritmini dinlemek, onunla ya\u015famak, onu \u00fcretmek ve \u00fcretimine kar\u0131\u015fmak gerekmektedir.[\/vc_column_text][vc_empty_space][vc_gallery interval=&#8221;10&#8243; images=&#8221;9878,9879,9880,9881,9882&#8243; img_size=&#8221;full&#8221;][\/vc_column][vc_column width=&#8221;1\/6&#8243;][vc_single_image image=&#8221;9885&#8243; img_size=&#8221;full&#8221; alignment=&#8221;center&#8221; style=&#8221;vc_box_border&#8221; onclick=&#8221;custom_link&#8221; img_link_target=&#8221;_blank&#8221;][vc_empty_space height=&#8221;16px&#8221;][vc_row_inner][vc_column_inner][vc_column_text]Proje videolar\u0131 i\u00e7in <a href=\"https:\/\/iremincetuzcu1.wixsite.com\/rhythmanalysis\/everyday-rhythms\">t\u0131klay\u0131n.<\/a>[\/vc_column_text][\/vc_column_inner][\/vc_row_inner][vc_row_inner][vc_column_inner width=&#8221;2\/3&#8243;][\/vc_column_inner][vc_column_inner width=&#8221;1\/3&#8243;][\/vc_column_inner][\/vc_row_inner][\/vc_column][\/vc_row][\/vc_section]<\/p>\n<\/div>","protected":false},"excerpt":{"rendered":"<p>[vc_section][vc_row][vc_column width=&#8221;1\/6&#8243;][vc_single_image image=&#8221;9883&#8243; img_size=&#8221;large&#8221; alignment=&#8221;center&#8221;][vc_empty_space][vc_column_text]\u0130rem \u0130ncetuzcu[\/vc_column_text][vc_empty_space height=&#8221;16px&#8221;][vc_column_text]Mimar Yeditepe \u00dcniversitesi G\u00fcz 2021 Dan\u0131\u015fman: Carlos Zarco Sanz &#8211; Zuhal Kol[\/vc_column_text][vc_empty_space][\/vc_column][vc_column width=&#8221;2\/3&#8243;][vc_column_text] Kad\u0131k\u00f6y K\u0131y\u0131 Hatt\u0131n\u0131n \u00dcretimini Anlamak: Mekan\u0131n Ritmini Dinleyerek \u00dcretimine Kar\u0131\u015fmak [\/vc_column_text][vc_column_text]Lefebvre\u2019 [&hellip;]<\/p>\n","protected":false},"author":7,"featured_media":0,"parent":0,"menu_order":0,"comment_status":"closed","ping_status":"closed","template":"","meta":{"_acf_changed":false,"_seopress_robots_primary_cat":"","_seopress_titles_title":"Kad\u0131k\u00f6y K\u0131y\u0131 Hatt\u0131n\u0131n \u00dcretimini Anlamak: Mekan\u0131n Ritmini Dinleyerek \u00dcretimine Kar\u0131\u015fmak, \u0130rem \u0130ncetuzcu | %%sitetitle%%","_seopress_titles_desc":"Mekan\u0131 b\u00fct\u00fcnl\u00fckl\u00fc kavrayabilmek ve alg\u0131layabilmek i\u00e7in ne yapmak gerekir? Ara\u015ft\u0131rman\u0131n temelinde yatan bu soru Lefebvre'in \u00f6\u011fretilerinden yola \u00e7\u0131karak cevaplanmaya \u00e7al\u0131\u015f\u0131lm\u0131\u015ft\u0131r.","_seopress_robots_index":"","_price":"","_stock":"","_tribe_ticket_header":"","_tribe_default_ticket_provider":"","_ticket_start_date":"","_ticket_end_date":"","_tribe_ticket_show_description":"","_tribe_ticket_show_not_going":false,"_tribe_ticket_use_global_stock":"","_tribe_ticket_global_stock_level":"","_global_stock_mode":"","_global_stock_cap":"","_tribe_rsvp_for_event":"","_tribe_ticket_going_count":"","_tribe_ticket_not_going_count":"","_tribe_tickets_list":"[]","_tribe_ticket_has_attendee_info_fields":false,"_EventAllDay":false,"_EventTimezone":"","_EventStartDate":"","_EventEndDate":"","_EventStartDateUTC":"","_EventEndDateUTC":"","_EventShowMap":false,"_EventShowMapLink":false,"_EventURL":"","_EventCost":"","_EventCostDescription":"","_EventCurrencySymbol":"","_EventCurrencyCode":"","_EventCurrencyPosition":"","_EventDateTimeSeparator":"","_EventTimeRangeSeparator":"","_EventOrganizerID":[],"_EventVenueID":[],"_OrganizerEmail":"","_OrganizerPhone":"","_OrganizerWebsite":"","_VenueAddress":"","_VenueCity":"","_VenueCountry":"","_VenueProvince":"","_VenueState":"","_VenueZip":"","_VenuePhone":"","_VenueURL":"","_VenueStateProvince":"","_VenueLat":"","_VenueLng":"","_VenueShowMap":false,"_VenueShowMapLink":false,"footnotes":"","_tec_slr_enabled":"","_tec_slr_layout":""},"class_list":["post-9877","page","type-page","status-publish","hentry"],"acf":[],"ticketed":false,"_links":{"self":[{"href":"https:\/\/staging.aura-istanbul.com\/index.php\/wp-json\/wp\/v2\/pages\/9877","targetHints":{"allow":["GET"]}}],"collection":[{"href":"https:\/\/staging.aura-istanbul.com\/index.php\/wp-json\/wp\/v2\/pages"}],"about":[{"href":"https:\/\/staging.aura-istanbul.com\/index.php\/wp-json\/wp\/v2\/types\/page"}],"author":[{"embeddable":true,"href":"https:\/\/staging.aura-istanbul.com\/index.php\/wp-json\/wp\/v2\/users\/7"}],"replies":[{"embeddable":true,"href":"https:\/\/staging.aura-istanbul.com\/index.php\/wp-json\/wp\/v2\/comments?post=9877"}],"version-history":[{"count":3,"href":"https:\/\/staging.aura-istanbul.com\/index.php\/wp-json\/wp\/v2\/pages\/9877\/revisions"}],"predecessor-version":[{"id":15171,"href":"https:\/\/staging.aura-istanbul.com\/index.php\/wp-json\/wp\/v2\/pages\/9877\/revisions\/15171"}],"wp:attachment":[{"href":"https:\/\/staging.aura-istanbul.com\/index.php\/wp-json\/wp\/v2\/media?parent=9877"}],"curies":[{"name":"wp","href":"https:\/\/api.w.org\/{rel}","templated":true}]}}