{"id":9841,"date":"2022-02-15T13:31:41","date_gmt":"2022-02-15T10:31:41","guid":{"rendered":"https:\/\/staging.aura-istanbul.com\/?page_id=9841"},"modified":"2025-09-23T20:43:33","modified_gmt":"2025-09-23T17:43:33","slug":"aura-alumni-muhammed-eker","status":"publish","type":"page","link":"https:\/\/staging.aura-istanbul.com\/index.php\/aura-alumni-muhammed-eker\/","title":{"rendered":"AURA Alumni: Muhammed Eker"},"content":{"rendered":"<div class=\"wpb-content-wrapper\"><p>[vc_section][vc_row][vc_column width=&#8221;1\/6&#8243;][vc_single_image image=&#8221;9842&#8243; img_size=&#8221;large&#8221; alignment=&#8221;center&#8221;][vc_empty_space][vc_column_text]<strong>Muhammed Eker\u00a0<\/strong>[\/vc_column_text][vc_empty_space height=&#8221;16px&#8221;][vc_column_text]Mimar<br \/>\nErciyes \u00dcniversitesi<\/p>\n<p>G\u00fcz 2021<br \/>\nDan\u0131\u015fman: Carlos Zarco Sanz &#8211; Zuhal Kol[\/vc_column_text][vc_empty_space][\/vc_column][vc_column width=&#8221;2\/3&#8243;][vc_column_text]<\/p>\n<p style=\"text-align: left;\"><strong>Antroposende Sosyo-Ekolojik Bir Diren\u00e7 Ku\u015fa\u011f\u0131 Olarak Hali\u00e7<\/strong><\/p>\n<p>[\/vc_column_text][vc_column_text]Gaia hipotezine g\u00f6re d\u00fcnya; jeofizik katmanlar\u0131yla olu\u015fturdu\u011fu habitat ve bu habitat\u0131n payda\u015flar\u0131n\u0131n metabolik faaliyetleriyle homeostatik bir i\u00e7 dengeyi s\u00fcrd\u00fcrme e\u011filiminde oldu\u011fu bir s\u00fcperorganizmad\u0131r. Antroposende do\u011fal \u00e7evre ile yapay \u00e7evre aras\u0131ndaki gerilim t\u0131rmanarak homeostatik dengeden uzakla\u015f\u0131lmaya ba\u015flanm\u0131\u015f, bu durum k\u00fcresel iklim krizini ve g\u00fcn\u00fcm\u00fcz metropollerinin parazidik kentsel kurgusunu olu\u015fturmu\u015ftur.<\/p>\n<p>\u0130stanbul&#8217;da, mikro \u00f6l\u00e7ekte iklim krizine kar\u015f\u0131 al\u0131nabilecek \u00f6nlemlerin do\u011fal \u00e7evre ve yapay \u00e7evreyi simbiyotik bir b\u00fct\u00fcnl\u00fckle organize edece\u011fi altyap\u0131sal biraradal\u0131klar\u0131 \u00fcretecek aral\u0131klar\u0131n ve potansiyel ortak ya\u015fam habitatlar\u0131n\u0131n olu\u015fturulmas\u0131 ara\u015ft\u0131rman\u0131n amac\u0131d\u0131r. \u0130stanbul&#8217;da do\u011fal ve yapay sistemlerin tarih boyunca gerilimli ili\u015fkiler olu\u015fturdu\u011fu Hali\u00e7 \u00fczerinden kentin mavi, ye\u015fil ve kentsel altyap\u0131lar\u0131n\u0131n bir b\u00fct\u00fcn halinde \u00e7al\u0131\u015ft\u0131\u011f\u0131 bir \u201cyeniden s\u00fcperorganizma\u201d kurgusunu geli\u015ftirmek ama\u00e7lanm\u0131\u015ft\u0131r. \u0130klim krizine kar\u015f\u0131 diren\u00e7li ve esnek altyap\u0131 kurgusu b\u00fct\u00fcnc\u00fcl bir ekolojik restorasyonla ele al\u0131nm\u0131\u015ft\u0131r. Potansiyel simbiyotik ya\u015fam alanlar\u0131 \u00fczerinden genel stratejiler olu\u015fturulmu\u015ftur.[\/vc_column_text][vc_empty_space][vc_gallery interval=&#8221;10&#8243; images=&#8221;9844,9845,9846,9847,9848&#8243; img_size=&#8221;full&#8221;][\/vc_column][vc_column width=&#8221;1\/6&#8243;][vc_single_image image=&#8221;9849&#8243; img_size=&#8221;full&#8221; alignment=&#8221;center&#8221; style=&#8221;vc_box_border&#8221; onclick=&#8221;custom_link&#8221; img_link_target=&#8221;_blank&#8221;][vc_empty_space height=&#8221;16px&#8221;][vc_row_inner][vc_column_inner][\/vc_column_inner][\/vc_row_inner][vc_row_inner][vc_column_inner width=&#8221;2\/3&#8243;][\/vc_column_inner][vc_column_inner width=&#8221;1\/3&#8243;][\/vc_column_inner][\/vc_row_inner][\/vc_column][\/vc_row][\/vc_section]<\/p>\n<\/div>","protected":false},"excerpt":{"rendered":"<p>[vc_section][vc_row][vc_column width=&#8221;1\/6&#8243;][vc_single_image image=&#8221;9842&#8243; img_size=&#8221;large&#8221; alignment=&#8221;center&#8221;][vc_empty_space][vc_column_text]Muhammed Eker\u00a0[\/vc_column_text][vc_empty_space height=&#8221;16px&#8221;][vc_column_text]Mimar Erciyes \u00dcniversitesi G\u00fcz 2021 Dan\u0131\u015fman: Carlos Zarco Sanz &#8211; Zuhal Kol[\/vc_column_text][vc_empty_space][\/vc_column][vc_column width=&#8221;2\/3&#8243;][vc_column_text] Antroposende Sosyo-Ekolojik Bir Diren\u00e7 Ku\u015fa\u011f\u0131 Olarak Hali\u00e7 [\/vc_column_text][vc_column_text]Gaia hipotezine g\u00f6re d\u00fcnya; [&hellip;]<\/p>\n","protected":false},"author":7,"featured_media":0,"parent":0,"menu_order":0,"comment_status":"closed","ping_status":"closed","template":"","meta":{"_acf_changed":false,"_seopress_robots_primary_cat":"","_seopress_titles_title":"Antroposende Sosyo-Ekolojik Bir Diren\u00e7 Ku\u015fa\u011f\u0131 Olarak Hali\u00e7, Muhammed Eker | %%sitetitle%%","_seopress_titles_desc":"Projede, \u0130stanbul'da do\u011fal ve yapay sistemlerin tarih boyunca gerilimli ili\u015fkiler olu\u015fturdu\u011fu Hali\u00e7 \u00fczerinden kentin mavi, ye\u015fil ve kentsel altyap\u0131lar\u0131n\u0131n bir b\u00fct\u00fcn halinde \u00e7al\u0131\u015ft\u0131\u011f\u0131 bir \u201cyeniden s\u00fcperorganizma\u201d kurgusunu geli\u015ftirmek ama\u00e7lanm\u0131\u015ft\u0131r.","_seopress_robots_index":"","_price":"","_stock":"","_tribe_ticket_header":"","_tribe_default_ticket_provider":"","_ticket_start_date":"","_ticket_end_date":"","_tribe_ticket_show_description":"","_tribe_ticket_show_not_going":false,"_tribe_ticket_use_global_stock":"","_tribe_ticket_global_stock_level":"","_global_stock_mode":"","_global_stock_cap":"","_tribe_rsvp_for_event":"","_tribe_ticket_going_count":"","_tribe_ticket_not_going_count":"","_tribe_tickets_list":"[]","_tribe_ticket_has_attendee_info_fields":false,"_EventAllDay":false,"_EventTimezone":"","_EventStartDate":"","_EventEndDate":"","_EventStartDateUTC":"","_EventEndDateUTC":"","_EventShowMap":false,"_EventShowMapLink":false,"_EventURL":"","_EventCost":"","_EventCostDescription":"","_EventCurrencySymbol":"","_EventCurrencyCode":"","_EventCurrencyPosition":"","_EventDateTimeSeparator":"","_EventTimeRangeSeparator":"","_EventOrganizerID":[],"_EventVenueID":[],"_OrganizerEmail":"","_OrganizerPhone":"","_OrganizerWebsite":"","_VenueAddress":"","_VenueCity":"","_VenueCountry":"","_VenueProvince":"","_VenueState":"","_VenueZip":"","_VenuePhone":"","_VenueURL":"","_VenueStateProvince":"","_VenueLat":"","_VenueLng":"","_VenueShowMap":false,"_VenueShowMapLink":false,"footnotes":"","_tec_slr_enabled":"","_tec_slr_layout":""},"class_list":["post-9841","page","type-page","status-publish","hentry"],"acf":[],"ticketed":false,"_links":{"self":[{"href":"https:\/\/staging.aura-istanbul.com\/index.php\/wp-json\/wp\/v2\/pages\/9841","targetHints":{"allow":["GET"]}}],"collection":[{"href":"https:\/\/staging.aura-istanbul.com\/index.php\/wp-json\/wp\/v2\/pages"}],"about":[{"href":"https:\/\/staging.aura-istanbul.com\/index.php\/wp-json\/wp\/v2\/types\/page"}],"author":[{"embeddable":true,"href":"https:\/\/staging.aura-istanbul.com\/index.php\/wp-json\/wp\/v2\/users\/7"}],"replies":[{"embeddable":true,"href":"https:\/\/staging.aura-istanbul.com\/index.php\/wp-json\/wp\/v2\/comments?post=9841"}],"version-history":[{"count":3,"href":"https:\/\/staging.aura-istanbul.com\/index.php\/wp-json\/wp\/v2\/pages\/9841\/revisions"}],"predecessor-version":[{"id":15168,"href":"https:\/\/staging.aura-istanbul.com\/index.php\/wp-json\/wp\/v2\/pages\/9841\/revisions\/15168"}],"wp:attachment":[{"href":"https:\/\/staging.aura-istanbul.com\/index.php\/wp-json\/wp\/v2\/media?parent=9841"}],"curies":[{"name":"wp","href":"https:\/\/api.w.org\/{rel}","templated":true}]}}