{"id":9126,"date":"2021-08-16T11:19:35","date_gmt":"2021-08-16T08:19:35","guid":{"rendered":"https:\/\/staging.aura-istanbul.com\/?page_id=9126"},"modified":"2025-09-23T20:18:41","modified_gmt":"2025-09-23T17:18:41","slug":"aura-alumni-idil-tutak","status":"publish","type":"page","link":"https:\/\/staging.aura-istanbul.com\/index.php\/aura-alumni-idil-tutak\/","title":{"rendered":"AURA Alumni: \u0130dil Tutak"},"content":{"rendered":"<div class=\"wpb-content-wrapper\"><p>[vc_section][vc_row][vc_column width=&#8221;1\/6&#8243;][vc_single_image image=&#8221;9119&#8243; img_size=&#8221;large&#8221; alignment=&#8221;center&#8221;][vc_empty_space][vc_column_text]<strong>\u0130dil Tutak<\/strong>[\/vc_column_text][vc_empty_space height=&#8221;16px&#8221;][vc_column_text]Mimar<br \/>\nMEF \u00dcniversitesi<\/p>\n<p>Bahar 2021<br \/>\nDan\u0131\u015fman: Carlos Zarco Sanz &#8211; Zuhal Kol[\/vc_column_text][vc_empty_space][\/vc_column][vc_column width=&#8221;2\/3&#8243;][vc_column_text]<\/p>\n<p style=\"text-align: left;\"><strong>Dolulu\u011fu Bo\u015faltmak<\/strong><\/p>\n<p>[\/vc_column_text][vc_column_text]H\u0131zl\u0131 ve d\u00fczensiz kentle\u015fme, \u00e7arp\u0131k yap\u0131la\u015fma, alt yap\u0131lardaki eksikliklerle birle\u015fti\u011fi zaman \u0130stanbul\u2019un en b\u00fcy\u00fck sorunlar\u0131ndan biri olan trafikle kar\u015f\u0131 kar\u015f\u0131ya kal\u0131r\u0131z. Trafik ya\u015fam ve \u00e7evre kalitemizi etkileyen en \u00f6nemli konulardan biridir. S\u00fcrekli artan ve \u00e7ok b\u00fcy\u00fck ekonomik kay\u0131plara yol a\u00e7an trafik s\u0131k\u0131\u015f\u0131kl\u0131\u011f\u0131, uzayan ve ki\u015fileri bezdiren yolculuk s\u00fcreleri, bir t\u00fcrl\u00fc azalt\u0131lamayan trafik kazalar\u0131, sa\u011fl\u0131\u011f\u0131m\u0131z\u0131 tehdit edecek boyutlara ula\u015fan hava ve g\u00fcr\u00fclt\u00fc kirlili\u011fi, topra\u011f\u0131n verimsiz kullan\u0131m\u0131\u2026 S\u00fcrd\u00fcr\u00fclebilir bir \u00e7evre ve ya\u015fan\u0131labilir bir \u00e7evre i\u00e7in bu problemlerin kontrol alt\u0131na al\u0131nmas\u0131 gerekmektedir. Bu proje \u0130stanbul\u2019un tarihi yar\u0131m adas\u0131n\u0131 trafik buharla\u015fmas\u0131 kavram\u0131yla ele al\u0131p incelenmi\u015ftir. \u015eehir merkezi ara\u00e7lardan ar\u0131nd\u0131r\u0131ld\u0131\u011f\u0131nda bo\u015falan otoparklar\u0131n nas\u0131l kullan\u0131labilece\u011fini anlamak i\u00e7in pilot b\u00f6lgeler se\u00e7ilip bir proje \u00e7al\u0131\u015fmas\u0131 yap\u0131lm\u0131\u015ft\u0131r. Tarihi yar\u0131madada ki mevcut otoparklar\u0131n \u015fuan ki kullan\u0131m \u015fekilleri, kapasiteleri, b\u00f6lgedeki ihtiya\u00e7lar, yeni ula\u015f\u0131m metotlar\u0131 ara\u015ft\u0131r\u0131lm\u0131\u015ft\u0131r. Bu ara\u015ft\u0131rmalar\u0131n sonucunda tarihi yar\u0131madada 3 farkl\u0131 b\u00f6lgede ki 3 farkl\u0131 tarzda otopark se\u00e7ilmi\u015ftir. Bu alanlar\u0131n kullan\u0131mda ki de\u011fi\u015fkenli\u011fini mimarl\u0131ktaki uyarlanabilirlikle birle\u015ftirilip yeni ula\u015f\u0131mlara te\u015fvik, yerel ve kentsel aktiviteler, kentsel ekoloji kavramlar\u0131n\u0131 esas al\u0131narak gelecek projeksiyonlara \u0131\u015f\u0131k tutmak i\u00e7in insan araba ili\u015fkine dair bir ara\u015ft\u0131rma ger\u00e7ekle\u015ftirilmi\u015ftir.[\/vc_column_text][vc_empty_space][vc_gallery interval=&#8221;10&#8243; images=&#8221;9120,9122,9123,9121,9124&#8243; img_size=&#8221;full&#8221;][\/vc_column][vc_column width=&#8221;1\/6&#8243;][vc_single_image image=&#8221;9118&#8243; img_size=&#8221;full&#8221; alignment=&#8221;center&#8221; style=&#8221;vc_box_border&#8221; onclick=&#8221;custom_link&#8221; img_link_target=&#8221;_blank&#8221;][vc_empty_space height=&#8221;16px&#8221;][vc_row_inner][vc_column_inner][\/vc_column_inner][\/vc_row_inner][vc_row_inner][vc_column_inner width=&#8221;2\/3&#8243;][\/vc_column_inner][vc_column_inner width=&#8221;1\/3&#8243;][\/vc_column_inner][\/vc_row_inner][\/vc_column][\/vc_row][\/vc_section]<\/p>\n<\/div>","protected":false},"excerpt":{"rendered":"<p>[vc_section][vc_row][vc_column width=&#8221;1\/6&#8243;][vc_single_image image=&#8221;9119&#8243; img_size=&#8221;large&#8221; alignment=&#8221;center&#8221;][vc_empty_space][vc_column_text]\u0130dil Tutak[\/vc_column_text][vc_empty_space height=&#8221;16px&#8221;][vc_column_text]Mimar MEF \u00dcniversitesi Bahar 2021 Dan\u0131\u015fman: Carlos Zarco Sanz &#8211; Zuhal Kol[\/vc_column_text][vc_empty_space][\/vc_column][vc_column width=&#8221;2\/3&#8243;][vc_column_text] Dolulu\u011fu Bo\u015faltmak [\/vc_column_text][vc_column_text]H\u0131zl\u0131 ve d\u00fczensiz kentle\u015fme, \u00e7arp\u0131k yap\u0131la\u015fma, alt yap\u0131lardaki eksikliklerle [&hellip;]<\/p>\n","protected":false},"author":7,"featured_media":0,"parent":0,"menu_order":0,"comment_status":"closed","ping_status":"closed","template":"","meta":{"_acf_changed":false,"_seopress_robots_primary_cat":"","_seopress_titles_title":"Dolulu\u011fu Bo\u015faltmak, \u0130dil Tutak | %%sitetitle%%","_seopress_titles_desc":"Bu proje \u0130stanbul\u2019un tarihi yar\u0131m adas\u0131n\u0131 trafik buharla\u015fmas\u0131 kavram\u0131yla ele al\u0131p incelenmi\u015ftir. \u015eehir merkezi ara\u00e7lardan ar\u0131nd\u0131r\u0131ld\u0131\u011f\u0131nda bo\u015falan otoparklar\u0131n nas\u0131l kullan\u0131labilece\u011fini anlamak i\u00e7in pilot b\u00f6lgeler se\u00e7ilip bir proje \u00e7al\u0131\u015fmas\u0131 yap\u0131lm\u0131\u015ft\u0131r.","_seopress_robots_index":"","_price":"","_stock":"","_tribe_ticket_header":"","_tribe_default_ticket_provider":"","_ticket_start_date":"","_ticket_end_date":"","_tribe_ticket_show_description":"","_tribe_ticket_show_not_going":false,"_tribe_ticket_use_global_stock":"","_tribe_ticket_global_stock_level":"","_global_stock_mode":"","_global_stock_cap":"","_tribe_rsvp_for_event":"","_tribe_ticket_going_count":"","_tribe_ticket_not_going_count":"","_tribe_tickets_list":"[]","_tribe_ticket_has_attendee_info_fields":false,"_EventAllDay":false,"_EventTimezone":"","_EventStartDate":"","_EventEndDate":"","_EventStartDateUTC":"","_EventEndDateUTC":"","_EventShowMap":false,"_EventShowMapLink":false,"_EventURL":"","_EventCost":"","_EventCostDescription":"","_EventCurrencySymbol":"","_EventCurrencyCode":"","_EventCurrencyPosition":"","_EventDateTimeSeparator":"","_EventTimeRangeSeparator":"","_EventOrganizerID":[],"_EventVenueID":[],"_OrganizerEmail":"","_OrganizerPhone":"","_OrganizerWebsite":"","_VenueAddress":"","_VenueCity":"","_VenueCountry":"","_VenueProvince":"","_VenueState":"","_VenueZip":"","_VenuePhone":"","_VenueURL":"","_VenueStateProvince":"","_VenueLat":"","_VenueLng":"","_VenueShowMap":false,"_VenueShowMapLink":false,"footnotes":"","_tec_slr_enabled":"","_tec_slr_layout":""},"class_list":["post-9126","page","type-page","status-publish","hentry"],"acf":[],"ticketed":false,"_links":{"self":[{"href":"https:\/\/staging.aura-istanbul.com\/index.php\/wp-json\/wp\/v2\/pages\/9126","targetHints":{"allow":["GET"]}}],"collection":[{"href":"https:\/\/staging.aura-istanbul.com\/index.php\/wp-json\/wp\/v2\/pages"}],"about":[{"href":"https:\/\/staging.aura-istanbul.com\/index.php\/wp-json\/wp\/v2\/types\/page"}],"author":[{"embeddable":true,"href":"https:\/\/staging.aura-istanbul.com\/index.php\/wp-json\/wp\/v2\/users\/7"}],"replies":[{"embeddable":true,"href":"https:\/\/staging.aura-istanbul.com\/index.php\/wp-json\/wp\/v2\/comments?post=9126"}],"version-history":[{"count":2,"href":"https:\/\/staging.aura-istanbul.com\/index.php\/wp-json\/wp\/v2\/pages\/9126\/revisions"}],"predecessor-version":[{"id":15131,"href":"https:\/\/staging.aura-istanbul.com\/index.php\/wp-json\/wp\/v2\/pages\/9126\/revisions\/15131"}],"wp:attachment":[{"href":"https:\/\/staging.aura-istanbul.com\/index.php\/wp-json\/wp\/v2\/media?parent=9126"}],"curies":[{"name":"wp","href":"https:\/\/api.w.org\/{rel}","templated":true}]}}