{"id":9117,"date":"2021-08-16T11:21:14","date_gmt":"2021-08-16T08:21:14","guid":{"rendered":"https:\/\/staging.aura-istanbul.com\/?page_id=9117"},"modified":"2025-09-23T20:18:30","modified_gmt":"2025-09-23T17:18:30","slug":"aura-alumni-irem-durmus","status":"publish","type":"page","link":"https:\/\/staging.aura-istanbul.com\/index.php\/aura-alumni-irem-durmus\/","title":{"rendered":"AURA Alumni: \u0130rem Durmu\u015f"},"content":{"rendered":"<div class=\"wpb-content-wrapper\"><p>[vc_section][vc_row][vc_column width=&#8221;1\/6&#8243;][vc_single_image image=&#8221;9127&#8243; img_size=&#8221;large&#8221; alignment=&#8221;center&#8221;][vc_empty_space][vc_column_text]<strong>\u0130rem Durmu\u015f<\/strong>[\/vc_column_text][vc_empty_space height=&#8221;16px&#8221;][vc_column_text]Mimar<br \/>\nKocaeli \u00dcniversitesi<\/p>\n<p>Bahar 2021<br \/>\nDan\u0131\u015fman: Tuna Han Ko\u00e7 &#8211; Zeynep Alt\u0131nba\u015fl\u0131[\/vc_column_text][vc_empty_space][\/vc_column][vc_column width=&#8221;2\/3&#8243;][vc_column_text]<\/p>\n<p style=\"text-align: left;\"><strong>Atlas S\u00f6zl\u00fck: Mekansal Etimoloji<\/strong><\/p>\n<p>[\/vc_column_text][vc_column_text]Heidegger \u2018\u2018\u0130n\u015fa Etmek\u2019\u2019 kelimesinin etimolojik olarak k\u00f6kenini incelerken, ayn\u0131 kelimeden t\u00fcremi\u015f ya da onunla ili\u015fkili olan pek \u00e7ok kelimeyi ele al\u0131r ve in\u015fa etmenin temeline dair kapsaml\u0131 bir bak\u0131\u015f a\u00e7\u0131s\u0131 sunar. Heidegger\u2019in d\u00fc\u015f\u00fcnce metodolojisinin farkl\u0131 bir dilde benzer sonu\u00e7lara ula\u015fmas\u0131 ihtimali \u00fczerine, T\u00fcrk\u00e7e\u2019de in\u015fa etmenin izini s\u00fcrebilece\u011fimiz kelimeler incelendi. Her iki dilde de incelenen benzer ve farkl\u0131 kelimeler arac\u0131l\u0131\u011f\u0131yla kar\u015f\u0131la\u015ft\u0131rmal\u0131 olarak bir in\u015fa etme prati\u011fi, insan, eylem birlikteli\u011finin nas\u0131l oldu\u011funa dair ipu\u00e7lar\u0131 a\u00e7\u0131\u011fa \u00e7\u0131kar\u0131lmaya \u00e7al\u0131\u015f\u0131ld\u0131. Heidegger\u2019in metninden yola \u00e7\u0131karak dil ve mimarl\u0131k ekseninde kurulan ili\u015fkiler, Atlas S\u00f6zl\u00fck kavram\u0131 alt\u0131nda yeni bir metodoloji ile ele al\u0131nd\u0131. Atlas S\u00f6zl\u00fck; yerlerin kronolojik olarak yap\u0131sal d\u00f6n\u00fc\u015f\u00fcmlerini i\u00e7eren, fonksiyonel benzerlik ya da farkl\u0131l\u0131klar\u0131n\u0131 ortaya koyan bir harita olarak \u00fcretildi. Ayn\u0131 mekan\u0131n farkl\u0131 d\u00f6nemlerde nas\u0131l var oldu\u011fu ve imgesel kar\u015f\u0131l\u0131klar\u0131 incelenerek mekan\u0131n etimolojik bir de\u011fi\u015fim\/d\u00f6n\u00fc\u015f\u00fcm izlencesi olu\u015fturulmaya \u00e7al\u0131\u015f\u0131ld\u0131.[\/vc_column_text][vc_empty_space][vc_gallery interval=&#8221;10&#8243; images=&#8221;9129,9133,9130,9131,9132&#8243; img_size=&#8221;full&#8221;][\/vc_column][vc_column width=&#8221;1\/6&#8243;][vc_single_image image=&#8221;9128&#8243; img_size=&#8221;full&#8221; alignment=&#8221;center&#8221; style=&#8221;vc_box_border&#8221; onclick=&#8221;custom_link&#8221; img_link_target=&#8221;_blank&#8221;][vc_empty_space height=&#8221;16px&#8221;][vc_row_inner][vc_column_inner][\/vc_column_inner][\/vc_row_inner][vc_row_inner][vc_column_inner width=&#8221;2\/3&#8243;][\/vc_column_inner][vc_column_inner width=&#8221;1\/3&#8243;][\/vc_column_inner][\/vc_row_inner][\/vc_column][\/vc_row][\/vc_section]<\/p>\n<\/div>","protected":false},"excerpt":{"rendered":"<p>[vc_section][vc_row][vc_column width=&#8221;1\/6&#8243;][vc_single_image image=&#8221;9127&#8243; img_size=&#8221;large&#8221; alignment=&#8221;center&#8221;][vc_empty_space][vc_column_text]\u0130rem Durmu\u015f[\/vc_column_text][vc_empty_space height=&#8221;16px&#8221;][vc_column_text]Mimar Kocaeli \u00dcniversitesi Bahar 2021 Dan\u0131\u015fman: Tuna Han Ko\u00e7 &#8211; Zeynep Alt\u0131nba\u015fl\u0131[\/vc_column_text][vc_empty_space][\/vc_column][vc_column width=&#8221;2\/3&#8243;][vc_column_text] Atlas S\u00f6zl\u00fck: Mekansal Etimoloji [\/vc_column_text][vc_column_text]Heidegger \u2018\u2018\u0130n\u015fa Etmek\u2019\u2019 kelimesinin etimolojik olarak k\u00f6kenini [&hellip;]<\/p>\n","protected":false},"author":7,"featured_media":0,"parent":0,"menu_order":0,"comment_status":"closed","ping_status":"closed","template":"","meta":{"_acf_changed":false,"_seopress_robots_primary_cat":"","_seopress_titles_title":"Atlas S\u00f6zl\u00fck: Mekansal Etimoloji, \u0130rem Durmu\u015f | %%sitetitle%%","_seopress_titles_desc":"Heidegger\u2019in d\u00fc\u015f\u00fcnce metodolojisinin farkl\u0131 bir dilde benzer sonu\u00e7lara ula\u015fmas\u0131 ihtimali \u00fczerine, T\u00fcrk\u00e7e\u2019de in\u015fa etmenin izini s\u00fcrebilece\u011fimiz kelimeler incelendi. Her iki dilde de incelenen benzer ve farkl\u0131 kelimeler arac\u0131l\u0131\u011f\u0131yla kar\u015f\u0131la\u015ft\u0131rmal\u0131 olarak bir in\u015fa etme prati\u011fi, insan, eylem birlikteli\u011finin nas\u0131l oldu\u011funa dair ipu\u00e7lar\u0131 a\u00e7\u0131\u011fa \u00e7\u0131kar\u0131lmaya \u00e7al\u0131\u015f\u0131ld\u0131.","_seopress_robots_index":"","_price":"","_stock":"","_tribe_ticket_header":"","_tribe_default_ticket_provider":"","_ticket_start_date":"","_ticket_end_date":"","_tribe_ticket_show_description":"","_tribe_ticket_show_not_going":false,"_tribe_ticket_use_global_stock":"","_tribe_ticket_global_stock_level":"","_global_stock_mode":"","_global_stock_cap":"","_tribe_rsvp_for_event":"","_tribe_ticket_going_count":"","_tribe_ticket_not_going_count":"","_tribe_tickets_list":"[]","_tribe_ticket_has_attendee_info_fields":false,"_EventAllDay":false,"_EventTimezone":"","_EventStartDate":"","_EventEndDate":"","_EventStartDateUTC":"","_EventEndDateUTC":"","_EventShowMap":false,"_EventShowMapLink":false,"_EventURL":"","_EventCost":"","_EventCostDescription":"","_EventCurrencySymbol":"","_EventCurrencyCode":"","_EventCurrencyPosition":"","_EventDateTimeSeparator":"","_EventTimeRangeSeparator":"","_EventOrganizerID":[],"_EventVenueID":[],"_OrganizerEmail":"","_OrganizerPhone":"","_OrganizerWebsite":"","_VenueAddress":"","_VenueCity":"","_VenueCountry":"","_VenueProvince":"","_VenueState":"","_VenueZip":"","_VenuePhone":"","_VenueURL":"","_VenueStateProvince":"","_VenueLat":"","_VenueLng":"","_VenueShowMap":false,"_VenueShowMapLink":false,"footnotes":"","_tec_slr_enabled":"","_tec_slr_layout":""},"class_list":["post-9117","page","type-page","status-publish","hentry"],"acf":[],"ticketed":false,"_links":{"self":[{"href":"https:\/\/staging.aura-istanbul.com\/index.php\/wp-json\/wp\/v2\/pages\/9117","targetHints":{"allow":["GET"]}}],"collection":[{"href":"https:\/\/staging.aura-istanbul.com\/index.php\/wp-json\/wp\/v2\/pages"}],"about":[{"href":"https:\/\/staging.aura-istanbul.com\/index.php\/wp-json\/wp\/v2\/types\/page"}],"author":[{"embeddable":true,"href":"https:\/\/staging.aura-istanbul.com\/index.php\/wp-json\/wp\/v2\/users\/7"}],"replies":[{"embeddable":true,"href":"https:\/\/staging.aura-istanbul.com\/index.php\/wp-json\/wp\/v2\/comments?post=9117"}],"version-history":[{"count":4,"href":"https:\/\/staging.aura-istanbul.com\/index.php\/wp-json\/wp\/v2\/pages\/9117\/revisions"}],"predecessor-version":[{"id":15130,"href":"https:\/\/staging.aura-istanbul.com\/index.php\/wp-json\/wp\/v2\/pages\/9117\/revisions\/15130"}],"wp:attachment":[{"href":"https:\/\/staging.aura-istanbul.com\/index.php\/wp-json\/wp\/v2\/media?parent=9117"}],"curies":[{"name":"wp","href":"https:\/\/api.w.org\/{rel}","templated":true}]}}