{"id":9079,"date":"2021-08-16T11:14:00","date_gmt":"2021-08-16T08:14:00","guid":{"rendered":"https:\/\/staging.aura-istanbul.com\/?page_id=9079"},"modified":"2025-09-23T20:19:52","modified_gmt":"2025-09-23T17:19:52","slug":"aura-alumni-esra-ergun","status":"publish","type":"page","link":"https:\/\/staging.aura-istanbul.com\/index.php\/aura-alumni-esra-ergun\/","title":{"rendered":"AURA Alumni: Esra Erg\u00fcn"},"content":{"rendered":"<div class=\"wpb-content-wrapper\"><p>[vc_section][vc_row][vc_column width=&#8221;1\/6&#8243;][vc_single_image image=&#8221;9080&#8243; img_size=&#8221;large&#8221; alignment=&#8221;center&#8221;][vc_empty_space][vc_column_text]<strong>Esra Erg\u00fcn<\/strong>[\/vc_column_text][vc_empty_space height=&#8221;16px&#8221;][vc_column_text]Mimar<br \/>\n\u0130stanbul Okan \u00dcniversitesi<\/p>\n<p>Bahar 2021<br \/>\nDan\u0131\u015fman: Tuna Han Ko\u00e7 &#8211; Zeynep Alt\u0131nba\u015fl\u0131[\/vc_column_text][vc_empty_space][\/vc_column][vc_column width=&#8221;2\/3&#8243;][vc_column_text]<\/p>\n<p style=\"text-align: left;\"><strong>Grafiklerin \u00dcretti\u011fi Mekansal Diyaloglar<\/strong><\/p>\n<p>[\/vc_column_text][vc_column_text]Kent, ileti\u015fim ve etkile\u015fim a\u011flar\u0131n\u0131 \u00fcreten sonsuz diyaloglar yaratan bir deney alan\u0131d\u0131r. Kendi g\u00f6rsel dilini \u00fcretti\u011fi gibi ayn\u0131 zamanda kendi i\u00e7inde s\u00fcrekli \u00fcretilen\/t\u00fcketilen bir mekanlar b\u00fct\u00fcn\u00fcn\u00fc temsil eder. Bu mekanlar b\u00fct\u00fcn\u00fc kapsam\u0131nda ger\u00e7eklik ve boyut kavramlar\u0131yla birlikte nas\u0131l diyaloglar yarat\u0131labilece\u011fi sorgulanm\u0131\u015f ve ger\u00e7ekli\u011fin oldu\u011fu gibi bir analizi de\u011fil, t\u00fcm par\u00e7alar\u0131n yaratt\u0131\u011f\u0131 bir sistem aray\u0131\u015f\u0131na neden olmu\u015ftur. G\u00fcnl\u00fck rutinler art\u0131k y\u00f6nlendirme, i\u015faret etme, mesaj verme ya da duygular\u0131 k\u0131\u015fk\u0131rtma gibi iletiler silsilesine maruz kal\u0131r ve bunlar\u0131n bir\u00e7o\u011fu g\u00f6rme eylemi \u00fcst\u00fcnden ger\u00e7ekle\u015fir. G\u00f6rme duyusu belle\u011fi kendili\u011finden uyar\u0131r. Fakat alg\u0131 boyutunun devreye girmesi ile beraber bu eylem \u00f6znelle\u015fir ve mekan deneyimleri \u00f6zellikle \u00f6zne insan oldu\u011funda hareketimizin h\u0131z\u0131na ba\u011fl\u0131 olarak s\u00fcrekli d\u00f6n\u00fc\u015f\u00fcm haline sokar. Bu y\u00fczden g\u00f6rsel alg\u0131m\u0131z\u0131 kolektif bi\u00e7ime d\u00f6n\u00fc\u015ft\u00fcrecek farkl\u0131 \u00f6l\u00e7eklerde mekan grafiklerine ihtiya\u00e7 duyar\u0131z. Bu ara\u015ft\u0131rmada kent D100 otoyol grafik rotas\u0131 farkl\u0131 \u00f6l\u00e7eklerde incelenmi\u015f, a\u00e7\u0131k hava medya ara\u00e7lar\u0131na odaklan\u0131lan bir h\u0131z d\u00fcnyas\u0131 olarak ele al\u0131nm\u0131\u015ft\u0131r. Elde edilen anl\u0131klarla beraber medya ara\u00e7lar\u0131n\u0131n temsil ve rasyonalitesinin alt\u0131 oyulup yaratt\u0131\u011f\u0131 simgesel evrenin yeniden \u00fcretimi ger\u00e7ekle\u015ftirilmi\u015ftir.[\/vc_column_text][vc_empty_space][vc_gallery interval=&#8221;10&#8243; images=&#8221;9082,9085,9083,9086,9087&#8243; img_size=&#8221;full&#8221;][\/vc_column][vc_column width=&#8221;1\/6&#8243;][vc_single_image image=&#8221;9081&#8243; img_size=&#8221;full&#8221; alignment=&#8221;center&#8221; style=&#8221;vc_box_border&#8221; onclick=&#8221;custom_link&#8221; img_link_target=&#8221;_blank&#8221;][vc_empty_space height=&#8221;16px&#8221;][vc_row_inner][vc_column_inner][\/vc_column_inner][\/vc_row_inner][vc_row_inner][vc_column_inner width=&#8221;2\/3&#8243;][\/vc_column_inner][vc_column_inner width=&#8221;1\/3&#8243;][\/vc_column_inner][\/vc_row_inner][\/vc_column][\/vc_row][\/vc_section]<\/p>\n<\/div>","protected":false},"excerpt":{"rendered":"<p>[vc_section][vc_row][vc_column width=&#8221;1\/6&#8243;][vc_single_image image=&#8221;9080&#8243; img_size=&#8221;large&#8221; alignment=&#8221;center&#8221;][vc_empty_space][vc_column_text]Esra Erg\u00fcn[\/vc_column_text][vc_empty_space height=&#8221;16px&#8221;][vc_column_text]Mimar \u0130stanbul Okan \u00dcniversitesi Bahar 2021 Dan\u0131\u015fman: Tuna Han Ko\u00e7 &#8211; Zeynep Alt\u0131nba\u015fl\u0131[\/vc_column_text][vc_empty_space][\/vc_column][vc_column width=&#8221;2\/3&#8243;][vc_column_text] Grafiklerin \u00dcretti\u011fi Mekansal Diyaloglar [\/vc_column_text][vc_column_text]Kent, ileti\u015fim ve etkile\u015fim a\u011flar\u0131n\u0131 \u00fcreten [&hellip;]<\/p>\n","protected":false},"author":7,"featured_media":0,"parent":0,"menu_order":0,"comment_status":"closed","ping_status":"closed","template":"","meta":{"_acf_changed":false,"_seopress_robots_primary_cat":"","_seopress_titles_title":"Grafiklerin \u00dcretti\u011fi Mekansal Diyaloglar, Esra Erg\u00fcn | %%sitetitle%%","_seopress_titles_desc":"Bu ara\u015ft\u0131rmada kent D100 otoyol grafik rotas\u0131 farkl\u0131 \u00f6l\u00e7eklerde incelenmi\u015f, a\u00e7\u0131k hava medya ara\u00e7lar\u0131na odaklan\u0131lan bir h\u0131z d\u00fcnyas\u0131 olarak ele al\u0131nm\u0131\u015ft\u0131r. Elde edilen anl\u0131klarla beraber medya ara\u00e7lar\u0131n\u0131n temsil ve rasyonalitesinin alt\u0131 oyulup yaratt\u0131\u011f\u0131 simgesel evrenin yeniden \u00fcretimi ger\u00e7ekle\u015ftirilmi\u015ftir.","_seopress_robots_index":"","_price":"","_stock":"","_tribe_ticket_header":"","_tribe_default_ticket_provider":"","_ticket_start_date":"","_ticket_end_date":"","_tribe_ticket_show_description":"","_tribe_ticket_show_not_going":false,"_tribe_ticket_use_global_stock":"","_tribe_ticket_global_stock_level":"","_global_stock_mode":"","_global_stock_cap":"","_tribe_rsvp_for_event":"","_tribe_ticket_going_count":"","_tribe_ticket_not_going_count":"","_tribe_tickets_list":"[]","_tribe_ticket_has_attendee_info_fields":false,"_EventAllDay":false,"_EventTimezone":"","_EventStartDate":"","_EventEndDate":"","_EventStartDateUTC":"","_EventEndDateUTC":"","_EventShowMap":false,"_EventShowMapLink":false,"_EventURL":"","_EventCost":"","_EventCostDescription":"","_EventCurrencySymbol":"","_EventCurrencyCode":"","_EventCurrencyPosition":"","_EventDateTimeSeparator":"","_EventTimeRangeSeparator":"","_EventOrganizerID":[],"_EventVenueID":[],"_OrganizerEmail":"","_OrganizerPhone":"","_OrganizerWebsite":"","_VenueAddress":"","_VenueCity":"","_VenueCountry":"","_VenueProvince":"","_VenueState":"","_VenueZip":"","_VenuePhone":"","_VenueURL":"","_VenueStateProvince":"","_VenueLat":"","_VenueLng":"","_VenueShowMap":false,"_VenueShowMapLink":false,"footnotes":"","_tec_slr_enabled":"","_tec_slr_layout":""},"class_list":["post-9079","page","type-page","status-publish","hentry"],"acf":[],"ticketed":false,"_links":{"self":[{"href":"https:\/\/staging.aura-istanbul.com\/index.php\/wp-json\/wp\/v2\/pages\/9079","targetHints":{"allow":["GET"]}}],"collection":[{"href":"https:\/\/staging.aura-istanbul.com\/index.php\/wp-json\/wp\/v2\/pages"}],"about":[{"href":"https:\/\/staging.aura-istanbul.com\/index.php\/wp-json\/wp\/v2\/types\/page"}],"author":[{"embeddable":true,"href":"https:\/\/staging.aura-istanbul.com\/index.php\/wp-json\/wp\/v2\/users\/7"}],"replies":[{"embeddable":true,"href":"https:\/\/staging.aura-istanbul.com\/index.php\/wp-json\/wp\/v2\/comments?post=9079"}],"version-history":[{"count":3,"href":"https:\/\/staging.aura-istanbul.com\/index.php\/wp-json\/wp\/v2\/pages\/9079\/revisions"}],"predecessor-version":[{"id":15135,"href":"https:\/\/staging.aura-istanbul.com\/index.php\/wp-json\/wp\/v2\/pages\/9079\/revisions\/15135"}],"wp:attachment":[{"href":"https:\/\/staging.aura-istanbul.com\/index.php\/wp-json\/wp\/v2\/media?parent=9079"}],"curies":[{"name":"wp","href":"https:\/\/api.w.org\/{rel}","templated":true}]}}