{"id":8724,"date":"2021-02-26T12:39:05","date_gmt":"2021-02-26T09:39:05","guid":{"rendered":"https:\/\/staging.aura-istanbul.com\/?page_id=8724"},"modified":"2021-03-04T11:54:06","modified_gmt":"2021-03-04T08:54:06","slug":"aura-alumni-ummiye-seyda-mutlu","status":"publish","type":"page","link":"https:\/\/staging.aura-istanbul.com\/index.php\/aura-alumni-ummiye-seyda-mutlu\/","title":{"rendered":"AURA Alumni: \u00dcmmiye \u015eeyda Mutlu"},"content":{"rendered":"<div class=\"wpb-content-wrapper\"><p>[vc_section][vc_row][vc_column width=&#8221;1\/6&#8243;][vc_single_image image=&#8221;8593&#8243; img_size=&#8221;large&#8221; alignment=&#8221;center&#8221;][vc_empty_space][vc_column_text]<strong>\u00dcmmiye \u015eeyda Mutlu<\/strong>[\/vc_column_text][vc_empty_space height=&#8221;16px&#8221;][vc_column_text]Mimar<br \/>\nTOBB ET\u00dc \/ ODT\u00dc<\/p>\n<p>G\u00fcz 2020<br \/>\nDan\u0131\u015fman: B\u00fc\u015fra Al &#8211; Sinan Logie[\/vc_column_text][vc_empty_space][vc_row_inner][vc_column_inner width=&#8221;1\/4&#8243;][vc_icon icon_fontawesome=&#8221;fa fa-envelope-o&#8221; color=&#8221;chino&#8221; size=&#8221;xs&#8221; link=&#8221;url:mailto%3Aseydacaglan%40gmail.com||target:%20_blank|&#8221;][\/vc_column_inner][vc_column_inner width=&#8221;1\/4&#8243;][\/vc_column_inner][vc_column_inner width=&#8221;1\/4&#8243;][\/vc_column_inner][\/vc_row_inner][\/vc_column][vc_column width=&#8221;2\/3&#8243;][vc_column_text]<strong>Apartman Bah\u00e7elerinde Bo\u015flu\u011fun \u00dcretimi: Bir Alternatif Tahayy\u00fcl\u00fc<\/strong>[\/vc_column_text][vc_column_text]Bu \u00e7al\u0131\u015fma, mekan\u0131n \u00fcretiminde etkili olan sistemik g\u00fc\u00e7ler \u00fczerinden yap\u0131lan bir okuma ile bo\u015flu\u011fun \u00fcretimini anlamaya \u00e7al\u0131\u015fmaktad\u0131r. Ard\u0131ndan, bo\u015flu\u011fu \u00fcreten egemen mekansal pratiklere kar\u015f\u0131 bir ba\u015fkald\u0131r\u0131 \u00fcretti\u011fi d\u00fc\u015f\u00fcn\u00fclen g\u00fcnl\u00fck pratiklerin temsilleri ile bir temsil mekan\u0131 \u00fcretilmi\u015ftir. Ya\u015fanan mekan olarak bo\u015flu\u011fun farkl\u0131 temsilleri ile alternatif olarak ortaya konan \u00fc\u00e7 sistemik g\u00fcc\u00fcn (farkl\u0131la\u015ft\u0131r\u0131c\u0131, g\u00fcven in\u015fa edici ve bulan\u0131kla\u015ft\u0131r\u0131c\u0131) \u00fcretti\u011fi yeni bir mekansal d\u00fcnya kurulmu\u015ftur.<\/p>\n<p>\u00c7al\u0131\u015fma alan\u0131 olan Mare\u015fal \u00c7akmak mahallesi, Sincan\u2019da konut yo\u011funluklu, kentle\u015fme s\u00fcrecine girmi\u015f ama hala k\u0131rsala ait pratikleri bar\u0131nd\u0131ran bir yerle\u015fim yeridir. Burada, s\u00fcreklili\u011fi olan ve g\u00fcnl\u00fck pratiklerin etkisi en \u00e7ok g\u00f6zlemlenen bo\u015fluk olan apartman bah\u00e7eleri incelenmi\u015ftir.<\/p>\n<p>Anahtar Kelimeler:\u00a0Mekan\u0131n \u00dcretimi, M\u00fc\u015fterek Mekan, \u00dcretim G\u00fc\u00e7leri, G\u00fcnl\u00fck Pratikler[\/vc_column_text][vc_empty_space][vc_gallery interval=&#8221;10&#8243; images=&#8221;8727,8728,8729,8730,8731&#8243; img_size=&#8221;full&#8221;][\/vc_column][vc_column width=&#8221;1\/6&#8243;][vc_single_image image=&#8221;8725&#8243; img_size=&#8221;full&#8221; alignment=&#8221;center&#8221; style=&#8221;vc_box_border&#8221; onclick=&#8221;custom_link&#8221; img_link_target=&#8221;_blank&#8221;][vc_empty_space height=&#8221;16px&#8221;][vc_row_inner][vc_column_inner][vc_column_text][\/vc_column_text][\/vc_column_inner][\/vc_row_inner][vc_row_inner][vc_column_inner width=&#8221;2\/3&#8243;][\/vc_column_inner][vc_column_inner width=&#8221;1\/3&#8243;][\/vc_column_inner][\/vc_row_inner][\/vc_column][\/vc_row][\/vc_section]<\/p>\n<\/div>","protected":false},"excerpt":{"rendered":"<p>[vc_section][vc_row][vc_column width=&#8221;1\/6&#8243;][vc_single_image image=&#8221;8593&#8243; img_size=&#8221;large&#8221; alignment=&#8221;center&#8221;][vc_empty_space][vc_column_text]\u00dcmmiye \u015eeyda Mutlu[\/vc_column_text][vc_empty_space height=&#8221;16px&#8221;][vc_column_text]Mimar TOBB ET\u00dc \/ ODT\u00dc G\u00fcz 2020 Dan\u0131\u015fman: B\u00fc\u015fra Al &#8211; Sinan Logie[\/vc_column_text][vc_empty_space][vc_row_inner][vc_column_inner width=&#8221;1\/4&#8243;][vc_icon icon_fontawesome=&#8221;fa fa-envelope-o&#8221; color=&#8221;chino&#8221; size=&#8221;xs&#8221; link=&#8221;url:mailto%3Aseydacaglan%40gmail.com||target:%20_blank|&#8221;][\/vc_column_inner][vc_column_inner width=&#8221;1\/4&#8243;][\/vc_column_inner][vc_column_inner width=&#8221;1\/4&#8243;][\/vc_column_inner][\/vc_row_inner][\/vc_column][vc_column width=&#8221;2\/3&#8243;][vc_column_text]Apartman Bah\u00e7elerinde [&hellip;]<\/p>\n","protected":false},"author":7,"featured_media":0,"parent":0,"menu_order":0,"comment_status":"closed","ping_status":"closed","template":"","meta":{"_acf_changed":false,"_seopress_robots_primary_cat":"","_seopress_titles_title":"\u00dcmmiye \u015eeyda Mutlu: Apartman Bah\u00e7elerinde Bo\u015flu\u011fun \u00dcretimi: Bir Alternatif Tahayy\u00fcl\u00fc | %%sitetitle%%","_seopress_titles_desc":"Bu \u00e7al\u0131\u015fma, mekan\u0131n \u00fcretiminde etkili olan sistemik g\u00fc\u00e7ler \u00fczerinden yap\u0131lan bir okuma ile bo\u015flu\u011fun \u00fcretimini anlamaya \u00e7al\u0131\u015fmaktad\u0131r. Ard\u0131ndan, bo\u015flu\u011fu \u00fcreten egemen mekansal pratiklere kar\u015f\u0131 bir ba\u015fkald\u0131r\u0131 \u00fcretti\u011fi d\u00fc\u015f\u00fcn\u00fclen g\u00fcnl\u00fck pratiklerin temsilleri ile bir temsil mekan\u0131 \u00fcretilmi\u015ftir.","_seopress_robots_index":"","_price":"","_stock":"","_tribe_ticket_header":"","_tribe_default_ticket_provider":"","_ticket_start_date":"","_ticket_end_date":"","_tribe_ticket_show_description":"","_tribe_ticket_show_not_going":false,"_tribe_ticket_use_global_stock":"","_tribe_ticket_global_stock_level":"","_global_stock_mode":"","_global_stock_cap":"","_tribe_rsvp_for_event":"","_tribe_ticket_going_count":"","_tribe_ticket_not_going_count":"","_tribe_tickets_list":"[]","_tribe_ticket_has_attendee_info_fields":false,"_EventAllDay":false,"_EventTimezone":"","_EventStartDate":"","_EventEndDate":"","_EventStartDateUTC":"","_EventEndDateUTC":"","_EventShowMap":false,"_EventShowMapLink":false,"_EventURL":"","_EventCost":"","_EventCostDescription":"","_EventCurrencySymbol":"","_EventCurrencyCode":"","_EventCurrencyPosition":"","_EventDateTimeSeparator":"","_EventTimeRangeSeparator":"","_EventOrganizerID":[],"_EventVenueID":[],"_OrganizerEmail":"","_OrganizerPhone":"","_OrganizerWebsite":"","_VenueAddress":"","_VenueCity":"","_VenueCountry":"","_VenueProvince":"","_VenueState":"","_VenueZip":"","_VenuePhone":"","_VenueURL":"","_VenueStateProvince":"","_VenueLat":"","_VenueLng":"","_VenueShowMap":false,"_VenueShowMapLink":false,"footnotes":"","_tec_slr_enabled":"","_tec_slr_layout":""},"class_list":["post-8724","page","type-page","status-publish","hentry"],"acf":[],"ticketed":false,"_links":{"self":[{"href":"https:\/\/staging.aura-istanbul.com\/index.php\/wp-json\/wp\/v2\/pages\/8724","targetHints":{"allow":["GET"]}}],"collection":[{"href":"https:\/\/staging.aura-istanbul.com\/index.php\/wp-json\/wp\/v2\/pages"}],"about":[{"href":"https:\/\/staging.aura-istanbul.com\/index.php\/wp-json\/wp\/v2\/types\/page"}],"author":[{"embeddable":true,"href":"https:\/\/staging.aura-istanbul.com\/index.php\/wp-json\/wp\/v2\/users\/7"}],"replies":[{"embeddable":true,"href":"https:\/\/staging.aura-istanbul.com\/index.php\/wp-json\/wp\/v2\/comments?post=8724"}],"version-history":[{"count":2,"href":"https:\/\/staging.aura-istanbul.com\/index.php\/wp-json\/wp\/v2\/pages\/8724\/revisions"}],"predecessor-version":[{"id":8770,"href":"https:\/\/staging.aura-istanbul.com\/index.php\/wp-json\/wp\/v2\/pages\/8724\/revisions\/8770"}],"wp:attachment":[{"href":"https:\/\/staging.aura-istanbul.com\/index.php\/wp-json\/wp\/v2\/media?parent=8724"}],"curies":[{"name":"wp","href":"https:\/\/api.w.org\/{rel}","templated":true}]}}