{"id":8708,"date":"2021-02-26T12:09:39","date_gmt":"2021-02-26T09:09:39","guid":{"rendered":"https:\/\/staging.aura-istanbul.com\/?page_id=8708"},"modified":"2021-02-26T12:09:39","modified_gmt":"2021-02-26T09:09:39","slug":"aura-alumni-sima-muhammetli","status":"publish","type":"page","link":"https:\/\/staging.aura-istanbul.com\/index.php\/aura-alumni-sima-muhammetli\/","title":{"rendered":"AURA Alumni: Sima Muhammetli"},"content":{"rendered":"<div class=\"wpb-content-wrapper\"><p>[vc_section][vc_row][vc_column width=&#8221;1\/6&#8243;][vc_single_image image=&#8221;8594&#8243; img_size=&#8221;large&#8221; alignment=&#8221;center&#8221;][vc_empty_space][vc_column_text]<strong>Sima Muhammetli<\/strong>[\/vc_column_text][vc_empty_space height=&#8221;16px&#8221;][vc_column_text]Mimar<br \/>\nUrban Planning And Policy Design (MA)<br \/>\n\u0130stanbul Bilgi \u00dcniversitesi \/\u00a0Politecnico Di Milano<\/p>\n<p>G\u00fcz 2020<br \/>\nDan\u0131\u015fman: B\u00fc\u015fra Al &#8211; Sinan Logie[\/vc_column_text][vc_empty_space][vc_row_inner][vc_column_inner width=&#8221;1\/4&#8243;][vc_icon icon_fontawesome=&#8221;fa fa-envelope-o&#8221; color=&#8221;chino&#8221; size=&#8221;xs&#8221; link=&#8221;url:mailto%3Asmuhammetli%40gmail.com||target:%20_blank|&#8221;][\/vc_column_inner][vc_column_inner width=&#8221;1\/4&#8243;][vc_icon icon_fontawesome=&#8221;fa fa-linkedin-square&#8221; color=&#8221;chino&#8221; size=&#8221;xs&#8221; link=&#8221;url:https%3A%2F%2Fwww.linkedin.com%2Fin%2Fsimamuhammetli%2F|||&#8221;][\/vc_column_inner][vc_column_inner width=&#8221;1\/4&#8243;][vc_icon icon_fontawesome=&#8221;fa fa-behance-square&#8221; color=&#8221;chino&#8221; size=&#8221;xs&#8221; link=&#8221;url:https%3A%2F%2Fwww.behance.net%2Fsimamuhammetli|||&#8221;][\/vc_column_inner][\/vc_row_inner][\/vc_column][vc_column width=&#8221;2\/3&#8243;][vc_column_text]<\/p>\n<p style=\"text-align: left;\"><strong>\u0130stanbul&#8217;un Kent \u00c7eperlerindeki Tarafs\u0131z B\u00f6lgelerde G\u00fc\u00e7 ve \u0130ktidar M\u00fccadelesi<\/strong><\/p>\n<p>[\/vc_column_text][vc_column_text]Post metropolitan kentin \u00e7eperleri, farkl\u0131 g\u00fc\u00e7 mekanizmalar\u0131n\u0131n kar\u015f\u0131la\u015ft\u0131\u011f\u0131 karma\u015f\u0131k, hibrit kullan\u0131mlar\u0131n ve informalli\u011fin \u00e7ok\u00e7a g\u00f6r\u00fcld\u00fc\u011f\u00fc, iktidar\u0131n ve yasall\u0131\u011f\u0131n bulan\u0131kla\u015ft\u0131\u011f\u0131, normalle\u015fmi\u015f istisnalar\u0131n bir kolaj\u0131 haline geliyor. Bu heterojen, yasal fakat informal \u015fehirle\u015fmeyi ve bu s\u00fcrecin yaratt\u0131\u011f\u0131 \u201cbo\u015fluklar\u0131\u201d, geleneksel kent merkezinin kodlar\u0131 ile okuyup anomali olarak tan\u0131mlamaktansa; yerel akt\u00f6rler, onlar\u0131n aras\u0131ndaki g\u00fc\u00e7 dinamikleri ve \u00e7at\u0131\u015fma bi\u00e7imleri ile inceleyip, periferinin kendi ger\u00e7ekli\u011fi i\u00e7erisinde g\u00f6zlemlenmelidir.<\/p>\n<p>Bu ara\u015ft\u0131rman\u0131n amac\u0131 periferinin \u201ctarafs\u0131z alanlar\u0131nda\u201d m\u00fccadelenin \u015feklini, s\u00fcrecini, mekaniklerini, mek\u00e2nsal izd\u00fc\u015f\u00fcm\u00fcn\u00fcn potansiyellerini inceleyip, periferinin yeni ortakl\u0131\u011f\u0131n\u0131n muhtemel bi\u00e7imini tan\u0131mlamaya \u00e7al\u0131\u015fmakt\u0131r. Bu \u00e7al\u0131\u015fma i\u00e7in; farkl\u0131 akt\u00f6rlerin bir araya gelmesi ve bu yerle\u015fimler aras\u0131nda kalan alanlarda, m\u00fclkiyetin ve yasal bulan\u0131kl\u0131\u011f\u0131n olu\u015fturdu\u011fu bo\u015flu\u011fun \u00e7e\u015fitlili\u011fi sebebiyle Ba\u015fak\u015fehir, \u00e7al\u0131\u015fma alan\u0131 olarak se\u00e7ilmi\u015ftir.<\/p>\n<p>Anahtar Kelimeler: G\u00fc\u00e7, iktidar, g\u00fcndelik direni\u015fler, politik ekonomi, periferi, gri alanlar, m\u00fc\u015fterek mekan, bottom-up planlama, m\u00fclkiyet[\/vc_column_text][vc_empty_space][vc_gallery interval=&#8221;10&#8243; images=&#8221;8709,8710,8711,8712,8713&#8243; img_size=&#8221;full&#8221;][\/vc_column][vc_column width=&#8221;1\/6&#8243;][vc_single_image image=&#8221;8714&#8243; img_size=&#8221;full&#8221; alignment=&#8221;center&#8221; style=&#8221;vc_box_border&#8221; onclick=&#8221;custom_link&#8221; img_link_target=&#8221;_blank&#8221;][vc_empty_space height=&#8221;16px&#8221;][vc_row_inner][vc_column_inner][vc_column_text][\/vc_column_text][\/vc_column_inner][\/vc_row_inner][vc_row_inner][vc_column_inner width=&#8221;2\/3&#8243;][\/vc_column_inner][vc_column_inner width=&#8221;1\/3&#8243;][\/vc_column_inner][\/vc_row_inner][\/vc_column][\/vc_row][\/vc_section]<\/p>\n<\/div>","protected":false},"excerpt":{"rendered":"<p>[vc_section][vc_row][vc_column width=&#8221;1\/6&#8243;][vc_single_image image=&#8221;8594&#8243; img_size=&#8221;large&#8221; alignment=&#8221;center&#8221;][vc_empty_space][vc_column_text]Sima Muhammetli[\/vc_column_text][vc_empty_space height=&#8221;16px&#8221;][vc_column_text]Mimar Urban Planning And Policy Design (MA) \u0130stanbul Bilgi \u00dcniversitesi \/\u00a0Politecnico Di Milano G\u00fcz 2020 Dan\u0131\u015fman: B\u00fc\u015fra Al &#8211; Sinan Logie[\/vc_column_text][vc_empty_space][vc_row_inner][vc_column_inner width=&#8221;1\/4&#8243;][vc_icon icon_fontawesome=&#8221;fa fa-envelope-o&#8221; [&hellip;]<\/p>\n","protected":false},"author":7,"featured_media":0,"parent":0,"menu_order":0,"comment_status":"closed","ping_status":"closed","template":"","meta":{"_acf_changed":false,"_seopress_robots_primary_cat":"","_seopress_titles_title":"Sima Muhammetli: \u0130stanbul'un Kent \u00c7eperlerindeki Tarafs\u0131z B\u00f6lgelerde G\u00fc\u00e7 ve \u0130ktidar M\u00fccadelesi | %%sitetitle%%","_seopress_titles_desc":"Bu ara\u015ft\u0131rman\u0131n amac\u0131 periferinin \u201ctarafs\u0131z alanlar\u0131nda\u201d m\u00fccadelenin \u015feklini, s\u00fcrecini, mekaniklerini, mek\u00e2nsal izd\u00fc\u015f\u00fcm\u00fcn\u00fcn potansiyellerini inceleyip, periferinin yeni ortakl\u0131\u011f\u0131n\u0131n muhtemel bi\u00e7imini tan\u0131mlamaya \u00e7al\u0131\u015fmakt\u0131r. Bu \u00e7al\u0131\u015fma i\u00e7in; farkl\u0131 akt\u00f6rlerin bir araya gelmesi ve bu yerle\u015fimler aras\u0131nda kalan alanlarda, m\u00fclkiyetin ve yasal bulan\u0131kl\u0131\u011f\u0131n olu\u015fturdu\u011fu bo\u015flu\u011fun \u00e7e\u015fitlili\u011fi sebebiyle Ba\u015fak\u015fehir, \u00e7al\u0131\u015fma alan\u0131 olarak se\u00e7ilmi\u015ftir.\u00a0","_seopress_robots_index":"","_price":"","_stock":"","_tribe_ticket_header":"","_tribe_default_ticket_provider":"","_ticket_start_date":"","_ticket_end_date":"","_tribe_ticket_show_description":"","_tribe_ticket_show_not_going":false,"_tribe_ticket_use_global_stock":"","_tribe_ticket_global_stock_level":"","_global_stock_mode":"","_global_stock_cap":"","_tribe_rsvp_for_event":"","_tribe_ticket_going_count":"","_tribe_ticket_not_going_count":"","_tribe_tickets_list":"[]","_tribe_ticket_has_attendee_info_fields":false,"_EventAllDay":false,"_EventTimezone":"","_EventStartDate":"","_EventEndDate":"","_EventStartDateUTC":"","_EventEndDateUTC":"","_EventShowMap":false,"_EventShowMapLink":false,"_EventURL":"","_EventCost":"","_EventCostDescription":"","_EventCurrencySymbol":"","_EventCurrencyCode":"","_EventCurrencyPosition":"","_EventDateTimeSeparator":"","_EventTimeRangeSeparator":"","_EventOrganizerID":[],"_EventVenueID":[],"_OrganizerEmail":"","_OrganizerPhone":"","_OrganizerWebsite":"","_VenueAddress":"","_VenueCity":"","_VenueCountry":"","_VenueProvince":"","_VenueState":"","_VenueZip":"","_VenuePhone":"","_VenueURL":"","_VenueStateProvince":"","_VenueLat":"","_VenueLng":"","_VenueShowMap":false,"_VenueShowMapLink":false,"footnotes":"","_tec_slr_enabled":"","_tec_slr_layout":""},"class_list":["post-8708","page","type-page","status-publish","hentry"],"acf":[],"ticketed":false,"_links":{"self":[{"href":"https:\/\/staging.aura-istanbul.com\/index.php\/wp-json\/wp\/v2\/pages\/8708","targetHints":{"allow":["GET"]}}],"collection":[{"href":"https:\/\/staging.aura-istanbul.com\/index.php\/wp-json\/wp\/v2\/pages"}],"about":[{"href":"https:\/\/staging.aura-istanbul.com\/index.php\/wp-json\/wp\/v2\/types\/page"}],"author":[{"embeddable":true,"href":"https:\/\/staging.aura-istanbul.com\/index.php\/wp-json\/wp\/v2\/users\/7"}],"replies":[{"embeddable":true,"href":"https:\/\/staging.aura-istanbul.com\/index.php\/wp-json\/wp\/v2\/comments?post=8708"}],"version-history":[{"count":1,"href":"https:\/\/staging.aura-istanbul.com\/index.php\/wp-json\/wp\/v2\/pages\/8708\/revisions"}],"predecessor-version":[{"id":8715,"href":"https:\/\/staging.aura-istanbul.com\/index.php\/wp-json\/wp\/v2\/pages\/8708\/revisions\/8715"}],"wp:attachment":[{"href":"https:\/\/staging.aura-istanbul.com\/index.php\/wp-json\/wp\/v2\/media?parent=8708"}],"curies":[{"name":"wp","href":"https:\/\/api.w.org\/{rel}","templated":true}]}}