{"id":8699,"date":"2021-02-25T16:59:57","date_gmt":"2021-02-25T13:59:57","guid":{"rendered":"https:\/\/staging.aura-istanbul.com\/?page_id=8699"},"modified":"2021-03-04T16:30:56","modified_gmt":"2021-03-04T13:30:56","slug":"aura-alumni-rizki-kurniawan","status":"publish","type":"page","link":"https:\/\/staging.aura-istanbul.com\/index.php\/aura-alumni-rizki-kurniawan\/","title":{"rendered":"AURA Alumni: Rizki Kurniawan"},"content":{"rendered":"<div class=\"wpb-content-wrapper\"><p>[vc_section][vc_row][vc_column width=&#8221;1\/6&#8243;][vc_single_image image=&#8221;8592&#8243; img_size=&#8221;large&#8221; alignment=&#8221;center&#8221;][vc_empty_space][vc_column_text]<strong>Rizki Kurniawan<\/strong>[\/vc_column_text][vc_empty_space height=&#8221;16px&#8221;][vc_column_text]Mimar<br \/>\nKocaeli \u00dcniversitesi<\/p>\n<p>G\u00fcz 2020<br \/>\nDan\u0131\u015fman: B\u00fc\u015fra Al &#8211; Sinan Logie[\/vc_column_text][vc_empty_space][vc_row_inner][vc_column_inner width=&#8221;1\/4&#8243;][vc_icon icon_fontawesome=&#8221;fa fa-envelope-o&#8221; color=&#8221;chino&#8221; size=&#8221;xs&#8221; link=&#8221;url:mailto%3Arizkikurniawan%40hotmail.co.uk|||&#8221;][\/vc_column_inner][vc_column_inner width=&#8221;1\/4&#8243;][vc_icon icon_fontawesome=&#8221;fa fa-linkedin-square&#8221; color=&#8221;chino&#8221; size=&#8221;xs&#8221; link=&#8221;url:https%3A%2F%2Fwww.linkedin.com%2Fin%2Frizki-kurniawan-a13451b7%2F||target:%20_blank|&#8221;][\/vc_column_inner][vc_column_inner width=&#8221;1\/4&#8243;][vc_icon icon_fontawesome=&#8221;fa fa-file-text&#8221; color=&#8221;chino&#8221; size=&#8221;xs&#8221; link=&#8221;url:https%3A%2F%2Fissuu.com%2Frizkidwiwahyuqinjunnot%3Fissuu_product%3Dheader%26issuu_subproduct%3Ddocument_page%26issuu_context%3Dlink%26issuu_cta%3Dprofile|||&#8221;][\/vc_column_inner][vc_column_inner width=&#8221;1\/4&#8243;][\/vc_column_inner][\/vc_row_inner][\/vc_column][vc_column width=&#8221;2\/3&#8243;][vc_column_text]<\/p>\n<div class=\"wpb_text_column wpb_content_element \">\n<div class=\"wpb_wrapper\">\n<p><strong>Baratan Permai \u2013 De\u011fi\u015fime U\u011fram\u0131\u015f K\u0131rsal Alan\u0131n \u0130yile\u015ftirilmesi<\/strong><\/p>\n<\/div>\n<\/div>\n<p>[\/vc_column_text][vc_column_text]Endonezya (Endonezce: Indonesia) ya da resm\u00ee ad\u0131yla Endonezya Cumhuriyeti (Endonezce: Republik Indonesia), G\u00fcneydo\u011fu Asya ve Okyanusya\u2019da yer alan bir \u00fclkedir. Tropikal iklime ve y\u00fcksek ya\u011f\u0131\u015f miktar\u0131na sahip bu \u00fclkenin halk\u0131 genellikle tar\u0131mla u\u011fra\u015f\u0131r. \u00c7al\u0131\u015fma alan\u0131, Endonezya\u2019n\u0131n Do\u011fu Java Adas\u0131nda, Jember \u015eehrinde \u2018Baratan Permai\u2019 adl\u0131 k\u00fc\u00e7\u00fck bir mahalledir. Bu mahalle, pirin\u00e7 tarlas\u0131 b\u00f6lgesinde bulunmas\u0131ndan dolay\u0131 k\u0131rsal bir kimli\u011fe sahiptir.<\/p>\n<p>\u00c7al\u0131\u015fman\u0131n amac\u0131, hem fiziksel hem de sosyo-k\u00fclt\u00fcrel anlamda yava\u015f yava\u015f de\u011fi\u015fime u\u011fram\u0131\u015f bu mahallenin mekansal bo\u015fluklar\u0131n\u0131 incelemektir. Birinci ve ikinci jenerasyonda ya\u015fayan mahalle sakinlerinin mekansal belle\u011finden faydalanarak de\u011fi\u015fimleri ortaya \u00e7\u0131karmakt\u0131r. \u0130nceleme sonras\u0131nda Finli mimar Profes\u00f6r Marco Casagrande taraf\u0131ndan geli\u015ftirilmi\u015f olan kentsel (k\u0131rsal) akupunktur kavram\u0131 \u00fczerinden mekansal ve sosyolojik m\u00fcdahale y\u00f6ntemleri geli\u015ftirilmi\u015ftir.<\/p>\n<p>Anahtar Kelimeler: k\u0131r, k\u0131rsal k\u00fclt\u00fcr, toprak, mahalle, de\u011fi\u015fim, mekansal bellek, kentsel akupunktur, mikro \u00f6l\u00e7ekli m\u00fcdahale, sosyal mekan, bo\u015fluk[\/vc_column_text][vc_empty_space][vc_gallery interval=&#8221;10&#8243; images=&#8221;8701,8702,8703,8704,8705&#8243; img_size=&#8221;full&#8221;][vc_empty_space][\/vc_column][vc_column width=&#8221;1\/6&#8243;][vc_single_image image=&#8221;8700&#8243; img_size=&#8221;full&#8221; alignment=&#8221;center&#8221; style=&#8221;vc_box_border&#8221; onclick=&#8221;custom_link&#8221; img_link_target=&#8221;_blank&#8221;][vc_empty_space height=&#8221;16px&#8221;][vc_row_inner][vc_column_inner][vc_column_text][\/vc_column_text][\/vc_column_inner][\/vc_row_inner][vc_row_inner][vc_column_inner width=&#8221;1\/3&#8243;][\/vc_column_inner][\/vc_row_inner][\/vc_column][\/vc_row][\/vc_section]<\/p>\n<\/div>","protected":false},"excerpt":{"rendered":"<p>[vc_section][vc_row][vc_column width=&#8221;1\/6&#8243;][vc_single_image image=&#8221;8592&#8243; img_size=&#8221;large&#8221; alignment=&#8221;center&#8221;][vc_empty_space][vc_column_text]Rizki Kurniawan[\/vc_column_text][vc_empty_space height=&#8221;16px&#8221;][vc_column_text]Mimar Kocaeli \u00dcniversitesi G\u00fcz 2020 Dan\u0131\u015fman: B\u00fc\u015fra Al &#8211; Sinan Logie[\/vc_column_text][vc_empty_space][vc_row_inner][vc_column_inner width=&#8221;1\/4&#8243;][vc_icon icon_fontawesome=&#8221;fa fa-envelope-o&#8221; color=&#8221;chino&#8221; size=&#8221;xs&#8221; link=&#8221;url:mailto%3Arizkikurniawan%40hotmail.co.uk|||&#8221;][\/vc_column_inner][vc_column_inner width=&#8221;1\/4&#8243;][vc_icon icon_fontawesome=&#8221;fa fa-linkedin-square&#8221; color=&#8221;chino&#8221; size=&#8221;xs&#8221; link=&#8221;url:https%3A%2F%2Fwww.linkedin.com%2Fin%2Frizki-kurniawan-a13451b7%2F||target:%20_blank|&#8221;][\/vc_column_inner][vc_column_inner width=&#8221;1\/4&#8243;][vc_icon [&hellip;]<\/p>\n","protected":false},"author":7,"featured_media":0,"parent":0,"menu_order":0,"comment_status":"closed","ping_status":"closed","template":"","meta":{"_acf_changed":false,"_seopress_robots_primary_cat":"","_seopress_titles_title":"Rizki Kurniawan: Baratan Permai \u2013 De\u011fi\u015fime U\u011fram\u0131\u015f K\u0131rsal Alan\u0131n \u0130yile\u015ftirilmesi | %%sitetitle%%","_seopress_titles_desc":"\u00c7al\u0131\u015fman\u0131n amac\u0131, hem fiziksel hem de sosyo-k\u00fclt\u00fcrel anlamda yava\u015f yava\u015f de\u011fi\u015fime u\u011fram\u0131\u015f Baratan Permai mahallesinin mekansal bo\u015fluklar\u0131n\u0131 incelemektir. Birinci ve ikinci jenerasyonda ya\u015fayan mahalle sakinlerinin mekansal belle\u011finden faydalanarak de\u011fi\u015fimleri ortaya \u00e7\u0131karmakt\u0131r.","_seopress_robots_index":"","_price":"","_stock":"","_tribe_ticket_header":"","_tribe_default_ticket_provider":"","_ticket_start_date":"","_ticket_end_date":"","_tribe_ticket_show_description":"","_tribe_ticket_show_not_going":false,"_tribe_ticket_use_global_stock":"","_tribe_ticket_global_stock_level":"","_global_stock_mode":"","_global_stock_cap":"","_tribe_rsvp_for_event":"","_tribe_ticket_going_count":"","_tribe_ticket_not_going_count":"","_tribe_tickets_list":"[]","_tribe_ticket_has_attendee_info_fields":false,"_EventAllDay":false,"_EventTimezone":"","_EventStartDate":"","_EventEndDate":"","_EventStartDateUTC":"","_EventEndDateUTC":"","_EventShowMap":false,"_EventShowMapLink":false,"_EventURL":"","_EventCost":"","_EventCostDescription":"","_EventCurrencySymbol":"","_EventCurrencyCode":"","_EventCurrencyPosition":"","_EventDateTimeSeparator":"","_EventTimeRangeSeparator":"","_EventOrganizerID":[],"_EventVenueID":[],"_OrganizerEmail":"","_OrganizerPhone":"","_OrganizerWebsite":"","_VenueAddress":"","_VenueCity":"","_VenueCountry":"","_VenueProvince":"","_VenueState":"","_VenueZip":"","_VenuePhone":"","_VenueURL":"","_VenueStateProvince":"","_VenueLat":"","_VenueLng":"","_VenueShowMap":false,"_VenueShowMapLink":false,"footnotes":"","_tec_slr_enabled":"","_tec_slr_layout":""},"class_list":["post-8699","page","type-page","status-publish","hentry"],"acf":[],"ticketed":false,"_links":{"self":[{"href":"https:\/\/staging.aura-istanbul.com\/index.php\/wp-json\/wp\/v2\/pages\/8699","targetHints":{"allow":["GET"]}}],"collection":[{"href":"https:\/\/staging.aura-istanbul.com\/index.php\/wp-json\/wp\/v2\/pages"}],"about":[{"href":"https:\/\/staging.aura-istanbul.com\/index.php\/wp-json\/wp\/v2\/types\/page"}],"author":[{"embeddable":true,"href":"https:\/\/staging.aura-istanbul.com\/index.php\/wp-json\/wp\/v2\/users\/7"}],"replies":[{"embeddable":true,"href":"https:\/\/staging.aura-istanbul.com\/index.php\/wp-json\/wp\/v2\/comments?post=8699"}],"version-history":[{"count":3,"href":"https:\/\/staging.aura-istanbul.com\/index.php\/wp-json\/wp\/v2\/pages\/8699\/revisions"}],"predecessor-version":[{"id":8771,"href":"https:\/\/staging.aura-istanbul.com\/index.php\/wp-json\/wp\/v2\/pages\/8699\/revisions\/8771"}],"wp:attachment":[{"href":"https:\/\/staging.aura-istanbul.com\/index.php\/wp-json\/wp\/v2\/media?parent=8699"}],"curies":[{"name":"wp","href":"https:\/\/api.w.org\/{rel}","templated":true}]}}