{"id":8639,"date":"2021-02-25T15:13:28","date_gmt":"2021-02-25T12:13:28","guid":{"rendered":"https:\/\/staging.aura-istanbul.com\/?page_id=8639"},"modified":"2021-02-25T15:13:28","modified_gmt":"2021-02-25T12:13:28","slug":"aura-alumni-cemre-turegun","status":"publish","type":"page","link":"https:\/\/staging.aura-istanbul.com\/index.php\/aura-alumni-cemre-turegun\/","title":{"rendered":"AURA Alumni: Cemre T\u00fcreg\u00fcn"},"content":{"rendered":"<div class=\"wpb-content-wrapper\"><p>[vc_section][vc_row][vc_column width=&#8221;1\/6&#8243;][vc_single_image image=&#8221;8587&#8243; img_size=&#8221;large&#8221; alignment=&#8221;center&#8221;][vc_empty_space][vc_column_text]<b>Cemre T\u00fcreg\u00fcn<\/b>[\/vc_column_text][vc_empty_space height=&#8221;16px&#8221;][vc_column_text]Mimar<br \/>\nMimar Sinan G\u00fczel Sanatlar \u00dcniversitesi<\/p>\n<p>G\u00fcz 2020<br \/>\nDan\u0131\u015fman: B\u00fc\u015fra Al &#8211; Sinan Logie[\/vc_column_text][vc_empty_space][vc_row_inner][vc_column_inner width=&#8221;1\/4&#8243;][vc_icon icon_fontawesome=&#8221;fa fa-envelope-o&#8221; color=&#8221;chino&#8221; size=&#8221;xs&#8221; link=&#8221;url:mailto%3Acemreturegun%40hotmail.com||target:%20_blank|&#8221;][\/vc_column_inner][vc_column_inner width=&#8221;1\/4&#8243;][vc_icon icon_fontawesome=&#8221;fa fa-linkedin-square&#8221; color=&#8221;chino&#8221; size=&#8221;xs&#8221; link=&#8221;url:https%3A%2F%2Fwww.linkedin.com%2Fin%2Fcemre-t%25C3%25BCreg%25C3%25BCn-752603161%2F|||&#8221;][\/vc_column_inner][vc_column_inner width=&#8221;1\/4&#8243;][vc_icon icon_fontawesome=&#8221;fa fa-behance-square&#8221; color=&#8221;chino&#8221; size=&#8221;xs&#8221; link=&#8221;url:https%3A%2F%2Fwww.behance.net%2Fcemretregn|||&#8221;][\/vc_column_inner][\/vc_row_inner][\/vc_column][vc_column width=&#8221;2\/3&#8243;][vc_column_text]<strong>Bursa\u2019da Zihinsel Eri\u015fimin \u00d6znel Bir S\u00f6zl\u00fck \u00dczerinden Okunmas\u0131:\u00a0<\/strong><strong>Yer\u2019in Kimli\u011fi<\/strong>[\/vc_column_text][vc_column_text]Toplumsal geli\u015fmeler ile mek\u00e2n aras\u0131ndaki kar\u015f\u0131l\u0131kl\u0131 olarak birbirini \u00fcreten bir ili\u015fki vard\u0131r. Bu kar\u015f\u0131l\u0131kl\u0131 ili\u015fkide kent, belle\u011fin mek\u00e2nsal olarak \u00fcretildi\u011fi fiziksel bir d\u00fczlem olarak kar\u015f\u0131m\u0131za \u00e7\u0131kar. Kentler bu anlamda, farkl\u0131 deneyimlerin farkl\u0131 bi\u00e7imde ifade edildi\u011fi yerlerdir (Ringas vd., 2011, s.326). Bu deneyimler ise bireylerin, ya\u015fad\u0131klar\u0131 kente ili\u015fkin bir genel g\u00f6r\u00fc\u015f geli\u015ftirmesi ve sonucunda bir idealle\u015ftirme yaparak kentin kimli\u011fini belirlemesini sa\u011flamaktad\u0131r (Tekeli, 1991, s.80). Bu \u00e7al\u0131\u015fmada bu diyalektik ili\u015fkinin etkileriyle fiziksel \u00e7evre alg\u0131s\u0131n\u0131n bellekteki temsillerinin aranm\u0131\u015ft\u0131r.<\/p>\n<p>Temsillerin tek bir mek\u00e2nsal \u00f6\u011fe ya da b\u00fct\u00fcn bir kentin g\u00f6r\u00fcnen somut varl\u0131\u011f\u0131n\u0131n \u00f6tesinde, bellekteki soyut kar\u015f\u0131l\u0131klar\u0131n\u0131 anlamak i\u00e7in alg\u0131ya ve \u00f6znelli\u011fe \u00f6ncelik verilmeye \u00e7al\u0131\u015f\u0131lm\u0131\u015ft\u0131r. Ara\u015ft\u0131rmada ger\u00e7ekli\u011fi yeniden ele al\u0131p, do\u011frunun ne oldu\u011fundan \u00e7ok onun \u201cnas\u0131l\u201d oldu\u011fu, \u201cnas\u0131l bir iz b\u0131rakt\u0131\u011f\u0131\u201d ve \u201cne anlama geldi\u011fi\u201d sorular\u0131n\u0131n sunaca\u011f\u0131 olanaklar \u00e7er\u00e7evesinde, kent par\u00e7alar\u0131n\u0131n kimliklerinin temsillerini olu\u015fturmak hedeflenmi\u015ftir.<\/p>\n<p>Anahtar Kelimeler: Yer, Kimlik, Mekan Alg\u0131s\u0131, Zamansal Kesit, Fragman[\/vc_column_text][vc_empty_space][vc_gallery interval=&#8221;10&#8243; images=&#8221;8647,8648,8649,8650,8652&#8243; img_size=&#8221;full&#8221;][\/vc_column][vc_column width=&#8221;1\/6&#8243;][vc_single_image image=&#8221;8646&#8243; img_size=&#8221;full&#8221; alignment=&#8221;center&#8221; style=&#8221;vc_box_border&#8221; onclick=&#8221;custom_link&#8221; img_link_target=&#8221;_blank&#8221;][vc_empty_space height=&#8221;16px&#8221;][vc_row_inner][vc_column_inner][vc_column_text][\/vc_column_text][\/vc_column_inner][\/vc_row_inner][vc_row_inner][vc_column_inner width=&#8221;2\/3&#8243;][\/vc_column_inner][vc_column_inner width=&#8221;1\/3&#8243;][\/vc_column_inner][\/vc_row_inner][\/vc_column][\/vc_row][\/vc_section]<\/p>\n<\/div>","protected":false},"excerpt":{"rendered":"<p>[vc_section][vc_row][vc_column width=&#8221;1\/6&#8243;][vc_single_image image=&#8221;8587&#8243; img_size=&#8221;large&#8221; alignment=&#8221;center&#8221;][vc_empty_space][vc_column_text]Cemre T\u00fcreg\u00fcn[\/vc_column_text][vc_empty_space height=&#8221;16px&#8221;][vc_column_text]Mimar Mimar Sinan G\u00fczel Sanatlar \u00dcniversitesi G\u00fcz 2020 Dan\u0131\u015fman: B\u00fc\u015fra Al &#8211; Sinan Logie[\/vc_column_text][vc_empty_space][vc_row_inner][vc_column_inner width=&#8221;1\/4&#8243;][vc_icon icon_fontawesome=&#8221;fa fa-envelope-o&#8221; color=&#8221;chino&#8221; size=&#8221;xs&#8221; link=&#8221;url:mailto%3Acemreturegun%40hotmail.com||target:%20_blank|&#8221;][\/vc_column_inner][vc_column_inner width=&#8221;1\/4&#8243;][vc_icon icon_fontawesome=&#8221;fa fa-linkedin-square&#8221; color=&#8221;chino&#8221; [&hellip;]<\/p>\n","protected":false},"author":7,"featured_media":0,"parent":0,"menu_order":0,"comment_status":"closed","ping_status":"closed","template":"","meta":{"_acf_changed":false,"_seopress_robots_primary_cat":"","_seopress_titles_title":"Cemre T\u00fcreg\u00fcn: Bursa\u2019da Zihinsel Eri\u015fimin \u00d6znel Bir S\u00f6zl\u00fck \u00dczerinden Okunmas\u0131: Yer\u2019in Kimli\u011fi | %%sitetitle%%","_seopress_titles_desc":"Toplumsal geli\u015fmeler ile mek\u00e2n aras\u0131ndaki kar\u015f\u0131l\u0131kl\u0131 olarak birbirini \u00fcreten bir ili\u015fki vard\u0131r. Bu kar\u015f\u0131l\u0131kl\u0131 ili\u015fkide kent, belle\u011fin mek\u00e2nsal olarak \u00fcretildi\u011fi fiziksel bir d\u00fczlem olarak kar\u015f\u0131m\u0131za \u00e7\u0131kar. Bu \u00e7al\u0131\u015fmada bu diyalektik ili\u015fkinin etkileriyle fiziksel \u00e7evre alg\u0131s\u0131n\u0131n bellekteki temsillerinin aranm\u0131\u015ft\u0131r.","_seopress_robots_index":"","_price":"","_stock":"","_tribe_ticket_header":"","_tribe_default_ticket_provider":"","_ticket_start_date":"","_ticket_end_date":"","_tribe_ticket_show_description":"","_tribe_ticket_show_not_going":false,"_tribe_ticket_use_global_stock":"","_tribe_ticket_global_stock_level":"","_global_stock_mode":"","_global_stock_cap":"","_tribe_rsvp_for_event":"","_tribe_ticket_going_count":"","_tribe_ticket_not_going_count":"","_tribe_tickets_list":"[]","_tribe_ticket_has_attendee_info_fields":false,"_EventAllDay":false,"_EventTimezone":"","_EventStartDate":"","_EventEndDate":"","_EventStartDateUTC":"","_EventEndDateUTC":"","_EventShowMap":false,"_EventShowMapLink":false,"_EventURL":"","_EventCost":"","_EventCostDescription":"","_EventCurrencySymbol":"","_EventCurrencyCode":"","_EventCurrencyPosition":"","_EventDateTimeSeparator":"","_EventTimeRangeSeparator":"","_EventOrganizerID":[],"_EventVenueID":[],"_OrganizerEmail":"","_OrganizerPhone":"","_OrganizerWebsite":"","_VenueAddress":"","_VenueCity":"","_VenueCountry":"","_VenueProvince":"","_VenueState":"","_VenueZip":"","_VenuePhone":"","_VenueURL":"","_VenueStateProvince":"","_VenueLat":"","_VenueLng":"","_VenueShowMap":false,"_VenueShowMapLink":false,"footnotes":"","_tec_slr_enabled":"","_tec_slr_layout":""},"class_list":["post-8639","page","type-page","status-publish","hentry"],"acf":[],"ticketed":false,"_links":{"self":[{"href":"https:\/\/staging.aura-istanbul.com\/index.php\/wp-json\/wp\/v2\/pages\/8639","targetHints":{"allow":["GET"]}}],"collection":[{"href":"https:\/\/staging.aura-istanbul.com\/index.php\/wp-json\/wp\/v2\/pages"}],"about":[{"href":"https:\/\/staging.aura-istanbul.com\/index.php\/wp-json\/wp\/v2\/types\/page"}],"author":[{"embeddable":true,"href":"https:\/\/staging.aura-istanbul.com\/index.php\/wp-json\/wp\/v2\/users\/7"}],"replies":[{"embeddable":true,"href":"https:\/\/staging.aura-istanbul.com\/index.php\/wp-json\/wp\/v2\/comments?post=8639"}],"version-history":[{"count":1,"href":"https:\/\/staging.aura-istanbul.com\/index.php\/wp-json\/wp\/v2\/pages\/8639\/revisions"}],"predecessor-version":[{"id":8654,"href":"https:\/\/staging.aura-istanbul.com\/index.php\/wp-json\/wp\/v2\/pages\/8639\/revisions\/8654"}],"wp:attachment":[{"href":"https:\/\/staging.aura-istanbul.com\/index.php\/wp-json\/wp\/v2\/media?parent=8639"}],"curies":[{"name":"wp","href":"https:\/\/api.w.org\/{rel}","templated":true}]}}