{"id":7814,"date":"2020-09-18T14:48:09","date_gmt":"2020-09-18T11:48:09","guid":{"rendered":"https:\/\/staging.aura-istanbul.com\/?page_id=7814"},"modified":"2020-10-02T14:24:22","modified_gmt":"2020-10-02T11:24:22","slug":"aura-alumni-kevser-ozdemir","status":"publish","type":"page","link":"https:\/\/staging.aura-istanbul.com\/index.php\/aura-alumni-kevser-ozdemir\/","title":{"rendered":"AURA Alumni: Kevser \u00d6zdemir"},"content":{"rendered":"<div class=\"wpb-content-wrapper\"><p>[vc_section][vc_row][vc_column width=&#8221;1\/6&#8243;][vc_single_image image=&#8221;7265&#8243; img_size=&#8221;large&#8221; alignment=&#8221;center&#8221;][vc_empty_space][vc_column_text]<strong>Kevser \u00d6zdemir<\/strong>[\/vc_column_text][vc_empty_space height=&#8221;16px&#8221;][vc_column_text]Mimar<br \/>\nMimar Sinan G\u00fczel Sanatlar \u00dcniversitesi<\/p>\n<p>Bahar 2020<br \/>\nDan\u0131\u015fman: Cem \u0130lhan &#8211; Devrim \u00c7imen[\/vc_column_text][vc_empty_space][vc_row_inner][vc_column_inner width=&#8221;1\/4&#8243;][vc_icon icon_fontawesome=&#8221;fa fa-envelope-o&#8221; color=&#8221;chino&#8221; size=&#8221;xs&#8221; link=&#8221;url:http%3A%2F%2Fkvsrozdemir98%40hotmail.com||target:%20_blank|&#8221;][\/vc_column_inner][vc_column_inner width=&#8221;1\/4&#8243;][\/vc_column_inner][vc_column_inner width=&#8221;1\/4&#8243;][\/vc_column_inner][vc_column_inner width=&#8221;1\/4&#8243;][\/vc_column_inner][\/vc_row_inner][\/vc_column][vc_column width=&#8221;2\/3&#8243;][vc_column_text]<\/p>\n<p style=\"text-align: left;\"><strong>Bir At\u0131ll\u0131k G\u00f6stergesi Olarak Kara Surlar\u0131 ve \u00c7evresi<\/strong><\/p>\n<p>[\/vc_column_text][vc_column_text]Kent b\u00fct\u00fcnl\u00fc\u011f\u00fc ve kentin mek\u00e2nsal s\u00fcreklili\u011finin sekteye u\u011framas\u0131, kimi zamanda da yaratt\u0131\u011f\u0131 olumsuz g\u00f6r\u00fcnt\u00fc ile at\u0131l kalm\u0131\u015f kentsel mek\u00e2nlar kentin sorunlu par\u00e7alar\u0131 olarak kentin i\u00e7erisinde yer edinmi\u015ftir.<\/p>\n<p>Bu \u00e7al\u0131\u015fma ile d\u00fcnya tarihinde \u00f6nemli bir yere sahip, ancak g\u00fcn\u00fcm\u00fczde harap ve bak\u0131ms\u0131z durumda olan Kara Surlar\u0131\u2019n\u0131n ve \u00e7evresinde yer alan at\u0131l mek\u00e2nlar\u0131n incelemesi yap\u0131larak, kent hayat\u0131na yeniden kazand\u0131r\u0131lmas\u0131, planc\u0131 ve tasar\u0131mc\u0131lara yarat\u0131c\u0131 yakla\u015f\u0131mlar getirmeleri a\u00e7\u0131s\u0131ndan bir kaynak olu\u015fturmas\u0131 ama\u00e7lanm\u0131\u015ft\u0131r.<\/p>\n<p>De\u011fi\u015fim ve d\u00f6n\u00fc\u015f\u00fcm s\u00fcre\u00e7leri i\u00e7indeki kent mek\u00e2n\u0131, bir\u00e7ok olumsuz sonuca sebep olarak at\u0131l alanlar\u0131n varl\u0131\u011f\u0131n\u0131 olu\u015fturmu\u015ftur. T\u00fcrk Dil Kurumu taraf\u0131ndan \u201cetkisiz, i\u015fe yaramaz\u201d olarak tan\u0131mlanan \u201cat\u0131l\u201d kelimesi, genel anlamda herhangi bir sebepten dolay\u0131 i\u015flevsiz kalm\u0131\u015f ya da \u00f6nemini yitirmi\u015f, par\u00e7alanm\u0131\u015f veya arada kalm\u0131\u015f, art\u0131k kullan\u0131lamayan, tekinsiz, bo\u015f, geli\u015fmemi\u015f ve tan\u0131ms\u0131z alanlar\u0131 ya da yap\u0131lar\u0131 ifade etmektedir. Ayr\u0131ca, bu kavram bir\u00e7ok ara\u015ft\u0131rmac\u0131 taraf\u0131ndan tan\u0131mlanm\u0131\u015f ve at\u0131l alanlarla ili\u015fkili alt kavramlarla desteklenmi\u015ftir.<\/p>\n<p>At\u0131l alan kavram\u0131 \u00fczerine 1950\u2019li y\u0131llardan g\u00fcn\u00fcm\u00fcze kadar farkl\u0131 yorumlamalar getirilmi\u015ftir. Bu kavrama dair tan\u0131mlamalar yakla\u015f\u0131k yetmi\u015f y\u0131ll\u0131k s\u00fcre\u00e7 i\u00e7erisinde farkl\u0131 kent ve geli\u015fmeler ekseninde yeniden ele al\u0131nm\u0131\u015ft\u0131r.<\/p>\n<p>Anahtar Kelimeler: at\u0131l alanlar, kay\u0131p alanlar, kentsel tan\u0131ms\u0131z mek\u00e2nlar, tarihi yap\u0131, \u0130stanbul Kara Surlar\u0131[\/vc_column_text][vc_empty_space][vc_gallery interval=&#8221;10&#8243; images=&#8221;7822,7823,7824,7825,7826&#8243; img_size=&#8221;full&#8221;][\/vc_column][vc_column width=&#8221;1\/6&#8243;][vc_single_image image=&#8221;7819&#8243; img_size=&#8221;full&#8221; onclick=&#8221;custom_link&#8221; img_link_target=&#8221;_blank&#8221; link=&#8221;https:\/\/issuu.com\/aura-istanbul\/docs\/kevser_ozdemir&#8221;][vc_empty_space height=&#8221;16px&#8221;][vc_row_inner][vc_column_inner][vc_column_text]<\/p>\n<ul>\n<li>Projeyi incelemek i\u00e7in<a href=\"https:\/\/issuu.com\/aura-istanbul\/docs\/kevser_ozdemir\"> t\u0131klay\u0131n.<\/a><\/li>\n<\/ul>\n<p>[\/vc_column_text][\/vc_column_inner][\/vc_row_inner][vc_empty_space height=&#8221;16px&#8221;][\/vc_column][\/vc_row][\/vc_section]<\/p>\n<\/div>","protected":false},"excerpt":{"rendered":"<p>[vc_section][vc_row][vc_column width=&#8221;1\/6&#8243;][vc_single_image image=&#8221;7265&#8243; img_size=&#8221;large&#8221; alignment=&#8221;center&#8221;][vc_empty_space][vc_column_text]Kevser \u00d6zdemir[\/vc_column_text][vc_empty_space height=&#8221;16px&#8221;][vc_column_text]Mimar Mimar Sinan G\u00fczel Sanatlar \u00dcniversitesi Bahar 2020 Dan\u0131\u015fman: Cem \u0130lhan &#8211; Devrim \u00c7imen[\/vc_column_text][vc_empty_space][vc_row_inner][vc_column_inner width=&#8221;1\/4&#8243;][vc_icon icon_fontawesome=&#8221;fa fa-envelope-o&#8221; color=&#8221;chino&#8221; size=&#8221;xs&#8221; link=&#8221;url:http%3A%2F%2Fkvsrozdemir98%40hotmail.com||target:%20_blank|&#8221;][\/vc_column_inner][vc_column_inner width=&#8221;1\/4&#8243;][\/vc_column_inner][vc_column_inner width=&#8221;1\/4&#8243;][\/vc_column_inner][vc_column_inner width=&#8221;1\/4&#8243;][\/vc_column_inner][\/vc_row_inner][\/vc_column][vc_column width=&#8221;2\/3&#8243;][vc_column_text] [&hellip;]<\/p>\n","protected":false},"author":7,"featured_media":0,"parent":0,"menu_order":0,"comment_status":"closed","ping_status":"closed","template":"","meta":{"_acf_changed":false,"_seopress_robots_primary_cat":"","_seopress_titles_title":"Bir At\u0131ll\u0131k G\u00f6stergesi Olarak Kara Surlar\u0131 ve \u00c7evresi, Kevser \u00d6zdemir | %%sitetitle%%","_seopress_titles_desc":"Bu \u00e7al\u0131\u015fma ile d\u00fcnya tarihinde \u00f6nemli bir yere sahip, ancak g\u00fcn\u00fcm\u00fczde harap ve bak\u0131ms\u0131z durumda olan Kara Surlar\u0131\u2019n\u0131n ve \u00e7evresinde yer alan at\u0131l mek\u00e2nlar\u0131n incelemesi yap\u0131larak, kent hayat\u0131na yeniden kazand\u0131r\u0131lmas\u0131, planc\u0131 ve tasar\u0131mc\u0131lara yarat\u0131c\u0131 yakla\u015f\u0131mlar getirmeleri a\u00e7\u0131s\u0131ndan bir kaynak olu\u015fturmas\u0131 ama\u00e7lanm\u0131\u015ft\u0131r.","_seopress_robots_index":"","_price":"","_stock":"","_tribe_ticket_header":"","_tribe_default_ticket_provider":"","_ticket_start_date":"","_ticket_end_date":"","_tribe_ticket_show_description":"","_tribe_ticket_show_not_going":false,"_tribe_ticket_use_global_stock":"","_tribe_ticket_global_stock_level":"","_global_stock_mode":"","_global_stock_cap":"","_tribe_rsvp_for_event":"","_tribe_ticket_going_count":"","_tribe_ticket_not_going_count":"","_tribe_tickets_list":"[]","_tribe_ticket_has_attendee_info_fields":false,"_EventAllDay":false,"_EventTimezone":"","_EventStartDate":"","_EventEndDate":"","_EventStartDateUTC":"","_EventEndDateUTC":"","_EventShowMap":false,"_EventShowMapLink":false,"_EventURL":"","_EventCost":"","_EventCostDescription":"","_EventCurrencySymbol":"","_EventCurrencyCode":"","_EventCurrencyPosition":"","_EventDateTimeSeparator":"","_EventTimeRangeSeparator":"","_EventOrganizerID":[],"_EventVenueID":[],"_OrganizerEmail":"","_OrganizerPhone":"","_OrganizerWebsite":"","_VenueAddress":"","_VenueCity":"","_VenueCountry":"","_VenueProvince":"","_VenueState":"","_VenueZip":"","_VenuePhone":"","_VenueURL":"","_VenueStateProvince":"","_VenueLat":"","_VenueLng":"","_VenueShowMap":false,"_VenueShowMapLink":false,"footnotes":"","_tec_slr_enabled":"","_tec_slr_layout":""},"class_list":["post-7814","page","type-page","status-publish","hentry"],"acf":[],"ticketed":false,"_links":{"self":[{"href":"https:\/\/staging.aura-istanbul.com\/index.php\/wp-json\/wp\/v2\/pages\/7814","targetHints":{"allow":["GET"]}}],"collection":[{"href":"https:\/\/staging.aura-istanbul.com\/index.php\/wp-json\/wp\/v2\/pages"}],"about":[{"href":"https:\/\/staging.aura-istanbul.com\/index.php\/wp-json\/wp\/v2\/types\/page"}],"author":[{"embeddable":true,"href":"https:\/\/staging.aura-istanbul.com\/index.php\/wp-json\/wp\/v2\/users\/7"}],"replies":[{"embeddable":true,"href":"https:\/\/staging.aura-istanbul.com\/index.php\/wp-json\/wp\/v2\/comments?post=7814"}],"version-history":[{"count":5,"href":"https:\/\/staging.aura-istanbul.com\/index.php\/wp-json\/wp\/v2\/pages\/7814\/revisions"}],"predecessor-version":[{"id":7847,"href":"https:\/\/staging.aura-istanbul.com\/index.php\/wp-json\/wp\/v2\/pages\/7814\/revisions\/7847"}],"wp:attachment":[{"href":"https:\/\/staging.aura-istanbul.com\/index.php\/wp-json\/wp\/v2\/media?parent=7814"}],"curies":[{"name":"wp","href":"https:\/\/api.w.org\/{rel}","templated":true}]}}