{"id":7604,"date":"2020-09-03T13:15:44","date_gmt":"2020-09-03T10:15:44","guid":{"rendered":"https:\/\/staging.aura-istanbul.com\/?page_id=7604"},"modified":"2020-10-06T17:55:01","modified_gmt":"2020-10-06T14:55:01","slug":"aura-alumni-selen-catal","status":"publish","type":"page","link":"https:\/\/staging.aura-istanbul.com\/index.php\/aura-alumni-selen-catal\/","title":{"rendered":"AURA Alumni: Selen \u00c7atal"},"content":{"rendered":"<div class=\"wpb-content-wrapper\"><p>[vc_section][vc_row][vc_column width=&#8221;1\/6&#8243;][vc_single_image image=&#8221;7739&#8243; img_size=&#8221;large&#8221; alignment=&#8221;center&#8221;][vc_empty_space][vc_column_text]<strong>Selen \u00c7atal<\/strong>[\/vc_column_text][vc_empty_space height=&#8221;16px&#8221;][vc_column_text]Mimar<br \/>\n\u0130stanbul Alt\u0131nba\u015f \u00dcniversitesi<\/p>\n<p>Bahar 2020<br \/>\nDan\u0131\u015fman: Cem \u0130lhan &#8211; Devrim \u00c7imen[\/vc_column_text][vc_empty_space][vc_row_inner][vc_column_inner width=&#8221;1\/4&#8243;][vc_icon icon_fontawesome=&#8221;fa fa-envelope-o&#8221; color=&#8221;chino&#8221; size=&#8221;xs&#8221; link=&#8221;url:http%3A%2F%2Fselenctl%40hotmail.com||target:%20_blank|&#8221;][\/vc_column_inner][vc_column_inner width=&#8221;1\/4&#8243;][vc_icon icon_fontawesome=&#8221;fa fa-linkedin&#8221; color=&#8221;chino&#8221; size=&#8221;xs&#8221; link=&#8221;url:https%3A%2F%2Fwww.linkedin.com%2Fin%2Fselen-%25C3%25A7atal-bb1593173%2F||target:%20_blank|&#8221;][\/vc_column_inner][vc_column_inner width=&#8221;1\/4&#8243;][\/vc_column_inner][vc_column_inner width=&#8221;1\/4&#8243;][\/vc_column_inner][\/vc_row_inner][\/vc_column][vc_column width=&#8221;2\/3&#8243;][vc_column_text]<\/p>\n<p style=\"text-align: left;\"><strong>D\u00fcn, Bug\u00fcn, Bug\u00fcnden Sonra: Taksim Meydan\u0131<\/strong><\/p>\n<p>[\/vc_column_text][vc_column_text]1928\u2019de Taksim Cumhuriyet An\u0131t\u0131\u2019n\u0131n yap\u0131m\u0131yla ba\u015flayan Taksim Meydan\u0131 tart\u0131\u015fmalar\u0131, d\u00f6n\u00fc\u015f\u00fcmleri g\u00fcn\u00fcm\u00fczde de b\u00fcy\u00fck bir ivmeyle artarak devam etmektedir. An\u0131t\u0131n konumlanmas\u0131yla tan\u0131mlanan Taksim Meydan\u0131, tarihi boyunca fiziksel ve kavramsal y\u0131k\u0131mlarla, en ba\u015f\u0131nda kent \u00f6l\u00e7e\u011finde planlanmadan\/tasarlanmadan \u201cin\u015fa\u201d edilmeye \u00e7al\u0131\u015f\u0131lm\u0131\u015ft\u0131r. Meydan olu\u015fumlar\u0131nda rastlanan, kent bo\u015fluklar\u0131n\u0131n kamusal kent mek\u00e2n\u0131na d\u00f6n\u00fc\u015f\u00fcm\u00fc, taksimde bellek mek\u00e2nlar\u0131 y\u0131k\u0131p bo\u015faltarak ger\u00e7ekle\u015ftirilmeye \u00e7al\u0131\u015f\u0131lm\u0131\u015ft\u0131r. Taksim Meydan\u0131 bu bo\u015falt\u0131m s\u00fcrecinde de hem \u201cmeydan\u0131\u201d besleyen, kamusall\u0131\u011fa hizmet eden bile\u015fenlerini yitirmi\u015f hem de s\u0131n\u0131rlar\u0131n\u0131 kaybedip tan\u0131ms\u0131zla\u015fm\u0131\u015ft\u0131r. 1800\u2019lerin sonundan beri otoritelerin kendi \u00f6zel hassasiyet ve \u00f6ncelikleri do\u011frultusunda; bireylerin, toplumun, meydan\u0131n as\u0131l kullan\u0131c\u0131lar\u0131n\u0131n ihtiya\u00e7lar\u0131 istekleri g\u00f6zetilmeden, \u00e7o\u011fu zaman kal\u0131c\u0131 ve geri d\u00f6n\u00fc\u015f\u00fc olmayan m\u00fcdahalelere maruz b\u0131rak\u0131lm\u0131\u015ft\u0131r. Bar\u0131nd\u0131rd\u0131\u011f\u0131 \u201ckent belle\u011fi\u201d zamanla \u201ckent bo\u015flu\u011funa\u201d d\u00f6n\u00fc\u015ft\u00fcr\u00fclm\u00fc\u015ft\u00fcr. Ge\u00e7mi\u015fte yap\u0131lm\u0131\u015f ufak m\u00fcdahaleler bile bug\u00fcn\u00fcn senaryolar\u0131n\u0131n habercisi olmu\u015ftur. Tarihsel s\u00fcre\u00e7te \u00fcst \u00fcste y\u0131\u011f\u0131lan katmanlar de\u011ferli olanlar\u0131 g\u00f6r\u00fcnmez k\u0131lm\u0131\u015ft\u0131r.<\/p>\n<p>Ara\u015ft\u0131rman\u0131n ilk a\u015famas\u0131nda Taksim Meydan\u0131\u2019na genel bir bak\u0131\u015f i\u00e7in meydan \u00fczerinde tart\u0131\u015f\u0131lmas\u0131 gereken konularla ilgili okumalara yer verilmi\u015ftir. \u201cKamusal alan\u201d, \u201cmeydan\u201d kapsam\u0131nda ara\u015ft\u0131rmalar ger\u00e7ekle\u015fip; kamusal alan ve kamusal kent mek\u00e2n\u0131 olan meydan\u0131n temel prensiplerini \u015fekillendiren ve ara\u015ft\u0131rma projesi konusunun da ba\u015flang\u0131\u00e7 noktalar\u0131ndan olan \u201cileti\u015fim ve etkile\u015fim\u201d kavramlar\u0131na odaklan\u0131lm\u0131\u015ft\u0131r.<\/p>\n<p>Anahtar Kelimeler: ba\u011flam, kamusal alan, meydan, ara y\u00fcz, etkile\u015fim, iktidar, tahayy\u00fcl, y\u0131k\u0131m[\/vc_column_text][vc_empty_space][vc_gallery interval=&#8221;10&#8243; images=&#8221;7833,7834,7835,7837,7839&#8243; img_size=&#8221;full&#8221;][\/vc_column][vc_column width=&#8221;1\/6&#8243;][vc_single_image image=&#8221;7856&#8243; img_size=&#8221;full&#8221; alignment=&#8221;center&#8221; style=&#8221;vc_box_border&#8221; onclick=&#8221;custom_link&#8221; img_link_target=&#8221;_blank&#8221; link=&#8221;https:\/\/issuu.com\/aura-istanbul\/docs\/selen_catal&#8221;][vc_empty_space height=&#8221;16px&#8221;][vc_row_inner][vc_column_inner][vc_column_text]<\/p>\n<ul>\n<li>Projeyi incelemek i\u00e7in <a href=\"https:\/\/issuu.com\/aura-istanbul\/docs\/selen_catal\">t\u0131klay\u0131n.<\/a><\/li>\n<\/ul>\n<p>[\/vc_column_text][\/vc_column_inner][\/vc_row_inner][vc_empty_space height=&#8221;16px&#8221;][\/vc_column][\/vc_row][\/vc_section]<\/p>\n<\/div>","protected":false},"excerpt":{"rendered":"<p>[vc_section][vc_row][vc_column width=&#8221;1\/6&#8243;][vc_single_image image=&#8221;7739&#8243; img_size=&#8221;large&#8221; alignment=&#8221;center&#8221;][vc_empty_space][vc_column_text]Selen \u00c7atal[\/vc_column_text][vc_empty_space height=&#8221;16px&#8221;][vc_column_text]Mimar \u0130stanbul Alt\u0131nba\u015f \u00dcniversitesi Bahar 2020 Dan\u0131\u015fman: Cem \u0130lhan &#8211; Devrim \u00c7imen[\/vc_column_text][vc_empty_space][vc_row_inner][vc_column_inner width=&#8221;1\/4&#8243;][vc_icon icon_fontawesome=&#8221;fa fa-envelope-o&#8221; color=&#8221;chino&#8221; size=&#8221;xs&#8221; link=&#8221;url:http%3A%2F%2Fselenctl%40hotmail.com||target:%20_blank|&#8221;][\/vc_column_inner][vc_column_inner width=&#8221;1\/4&#8243;][vc_icon icon_fontawesome=&#8221;fa fa-linkedin&#8221; color=&#8221;chino&#8221; size=&#8221;xs&#8221; link=&#8221;url:https%3A%2F%2Fwww.linkedin.com%2Fin%2Fselen-%25C3%25A7atal-bb1593173%2F||target:%20_blank|&#8221;][\/vc_column_inner][vc_column_inner [&hellip;]<\/p>\n","protected":false},"author":7,"featured_media":0,"parent":0,"menu_order":0,"comment_status":"closed","ping_status":"closed","template":"","meta":{"_acf_changed":false,"_seopress_robots_primary_cat":"","_seopress_titles_title":"D\u00fcn, Bug\u00fcn, Bug\u00fcnden Sonra: Taksim Meydan\u0131, Selen \u00c7atal | %%sitetitle%%","_seopress_titles_desc":"Ara\u015ft\u0131rman\u0131n ilk a\u015famas\u0131nda Taksim Meydan\u0131\u2019na genel bir bak\u0131\u015f i\u00e7in meydan \u00fczerinde tart\u0131\u015f\u0131lmas\u0131 gereken konularla ilgili okumalara yer verilmi\u015ftir. \u201cKamusal alan\u201d, \u201cmeydan\u201d kapsam\u0131nda ara\u015ft\u0131rmalar ger\u00e7ekle\u015fip; kamusal alan ve kamusal kent mek\u00e2n\u0131 olan meydan\u0131n temel prensiplerini \u015fekillendiren ve ara\u015ft\u0131rma projesi konusunun da ba\u015flang\u0131\u00e7 noktalar\u0131ndan olan \u201cileti\u015fim ve etkile\u015fim\u201d kavramlar\u0131na odaklan\u0131lm\u0131\u015ft\u0131r.","_seopress_robots_index":"","_price":"","_stock":"","_tribe_ticket_header":"","_tribe_default_ticket_provider":"","_ticket_start_date":"","_ticket_end_date":"","_tribe_ticket_show_description":"","_tribe_ticket_show_not_going":false,"_tribe_ticket_use_global_stock":"","_tribe_ticket_global_stock_level":"","_global_stock_mode":"","_global_stock_cap":"","_tribe_rsvp_for_event":"","_tribe_ticket_going_count":"","_tribe_ticket_not_going_count":"","_tribe_tickets_list":"[]","_tribe_ticket_has_attendee_info_fields":false,"_EventAllDay":false,"_EventTimezone":"","_EventStartDate":"","_EventEndDate":"","_EventStartDateUTC":"","_EventEndDateUTC":"","_EventShowMap":false,"_EventShowMapLink":false,"_EventURL":"","_EventCost":"","_EventCostDescription":"","_EventCurrencySymbol":"","_EventCurrencyCode":"","_EventCurrencyPosition":"","_EventDateTimeSeparator":"","_EventTimeRangeSeparator":"","_EventOrganizerID":[],"_EventVenueID":[],"_OrganizerEmail":"","_OrganizerPhone":"","_OrganizerWebsite":"","_VenueAddress":"","_VenueCity":"","_VenueCountry":"","_VenueProvince":"","_VenueState":"","_VenueZip":"","_VenuePhone":"","_VenueURL":"","_VenueStateProvince":"","_VenueLat":"","_VenueLng":"","_VenueShowMap":false,"_VenueShowMapLink":false,"footnotes":"","_tec_slr_enabled":"","_tec_slr_layout":""},"class_list":["post-7604","page","type-page","status-publish","hentry"],"acf":[],"ticketed":false,"_links":{"self":[{"href":"https:\/\/staging.aura-istanbul.com\/index.php\/wp-json\/wp\/v2\/pages\/7604","targetHints":{"allow":["GET"]}}],"collection":[{"href":"https:\/\/staging.aura-istanbul.com\/index.php\/wp-json\/wp\/v2\/pages"}],"about":[{"href":"https:\/\/staging.aura-istanbul.com\/index.php\/wp-json\/wp\/v2\/types\/page"}],"author":[{"embeddable":true,"href":"https:\/\/staging.aura-istanbul.com\/index.php\/wp-json\/wp\/v2\/users\/7"}],"replies":[{"embeddable":true,"href":"https:\/\/staging.aura-istanbul.com\/index.php\/wp-json\/wp\/v2\/comments?post=7604"}],"version-history":[{"count":16,"href":"https:\/\/staging.aura-istanbul.com\/index.php\/wp-json\/wp\/v2\/pages\/7604\/revisions"}],"predecessor-version":[{"id":7861,"href":"https:\/\/staging.aura-istanbul.com\/index.php\/wp-json\/wp\/v2\/pages\/7604\/revisions\/7861"}],"wp:attachment":[{"href":"https:\/\/staging.aura-istanbul.com\/index.php\/wp-json\/wp\/v2\/media?parent=7604"}],"curies":[{"name":"wp","href":"https:\/\/api.w.org\/{rel}","templated":true}]}}