{"id":7586,"date":"2020-09-03T13:15:39","date_gmt":"2020-09-03T10:15:39","guid":{"rendered":"https:\/\/staging.aura-istanbul.com\/?page_id=7586"},"modified":"2020-09-20T16:20:59","modified_gmt":"2020-09-20T13:20:59","slug":"aura-alumni-rengin-aytan","status":"publish","type":"page","link":"https:\/\/staging.aura-istanbul.com\/index.php\/aura-alumni-rengin-aytan\/","title":{"rendered":"AURA Alumni: Rengin Aytan"},"content":{"rendered":"<div class=\"wpb-content-wrapper\"><p>[vc_section][vc_row][vc_column width=&#8221;1\/6&#8243;][vc_single_image image=&#8221;7268&#8243; img_size=&#8221;large&#8221; alignment=&#8221;center&#8221;][vc_empty_space][vc_column_text]<strong>Rengin Aytan<\/strong>[\/vc_column_text][vc_empty_space height=&#8221;16px&#8221;][vc_column_text]Mimar<br \/>\nY\u0131ld\u0131z Teknik \u00dcniversitesi<\/p>\n<p>Bahar 2020<br \/>\nDan\u0131\u015fman: Cem \u0130lhan &#8211; Devrim \u00c7imen[\/vc_column_text][vc_empty_space][vc_row_inner][vc_column_inner width=&#8221;1\/4&#8243;][vc_icon icon_fontawesome=&#8221;fa fa-envelope-o&#8221; color=&#8221;chino&#8221; size=&#8221;xs&#8221; link=&#8221;url:http%3A%2F%2Frenginaytan%40gmail.com||target:%20_blank|&#8221;][\/vc_column_inner][vc_column_inner width=&#8221;1\/4&#8243;][vc_icon icon_fontawesome=&#8221;fa fa-linkedin&#8221; color=&#8221;chino&#8221; size=&#8221;xs&#8221; link=&#8221;url:http%3A%2F%2Flinkedin.com%2Fin%2Frengin-aytan-196202199||target:%20_blank|&#8221;][\/vc_column_inner][vc_column_inner width=&#8221;1\/4&#8243;][\/vc_column_inner][vc_column_inner width=&#8221;1\/4&#8243;][\/vc_column_inner][\/vc_row_inner][\/vc_column][vc_column width=&#8221;2\/3&#8243;][vc_column_text]<\/p>\n<p style=\"text-align: left;\"><strong>\u0130stanbul\u2019da Mimar Olmak: Merkezka\u00e7 Tahayy\u00fcller<\/strong><\/p>\n<p>[\/vc_column_text][vc_column_text]Kentsel mek\u00e2n \u00fcretim s\u00fcreci akt\u00f6rlerinden biri olan mimar\u0131n etkinlik alanlar\u0131n\u0131 ara\u015ft\u0131ran \u00e7al\u0131\u015fma, y\u00f6ntemsel olarak \u0130stanbul\u2019un son y\u00fcz y\u0131l\u0131 ile s\u0131n\u0131rland\u0131r\u0131ld\u0131. Gelecek tahayy\u00fclleri i\u00e7in ge\u00e7mi\u015fi do\u011fru kavramak gerekti\u011fi d\u00fc\u015f\u00fcncesiyle, \u0130stanbul\u2019un ge\u00e7irdi\u011fi son y\u00fcz y\u0131ldaki (1920-2020) ekonomi politik s\u00fcre\u00e7ler ve yap\u0131la\u015fma dinamikleri, t\u00fcm d\u00fcnyadaki siyasi, ekonomik, mimari geli\u015fmelerle ve yeni ak\u0131mlarla paralel bir \u015fekilde incelendi. Son y\u00fcz y\u0131la dair incelenen projelerdeki anonim mimarlardan star mimarlara farkl\u0131 mimar rolleri ve bu projeler \u00fczerindeki etkinlik alanlar\u0131 \u00fczerine okumalar ve yorumlamalar yap\u0131ld\u0131.<\/p>\n<p>Metropolle\u015fmenin ya\u015fand\u0131\u011f\u0131 son yirmi senede ger\u00e7ekle\u015fen, farkl\u0131 sermaye gruplar\u0131 ve farkl\u0131 mimar rollerini bar\u0131nd\u0131ran \u00fc\u00e7 projeye detayl\u0131 olarak yer verildi. Mimarlar\u0131n etkinlik alanlar\u0131 \u00e7ok u\u00e7lu grafiklerle ifade edilirken, \u015fu sorulara cevap arand\u0131:<\/p>\n<p>\u2022 Metropolle\u015fen d\u00fcnyada hangi mimar rolleri ortaya \u00e7\u0131kmaktad\u0131r? Mimar rolleri, mimarlar\u0131n etkinlik alan\u0131na nas\u0131l etki eder?<\/p>\n<p>\u2022 Farkl\u0131 akt\u00f6rlerin ya da sermaye gruplar\u0131n\u0131n \u00f6nc\u00fcl\u00fc\u011f\u00fcnde mimar\u0131n hareket edebilme kapasitesi\/etkinlik alan\u0131 nas\u0131l de\u011fi\u015fir?<\/p>\n<p>\u2022 \u0130stanbul mimarl\u0131k ortam\u0131n\u0131n gelece\u011finde, \u2018merkezka\u00e7 e\u011filimler\u2019 tahayy\u00fcl edilebilir mi?<\/p>\n<p>Anahtar Kelimeler: mimarl\u0131k, metropol, ekonomipolitik, mimarl\u0131\u011f\u0131n akt\u00f6rleri, mimar rolleri[\/vc_column_text][vc_empty_space][vc_gallery interval=&#8221;10&#8243; images=&#8221;7587,7588,7589,7590,7380&#8243; img_size=&#8221;full&#8221;][\/vc_column][vc_column width=&#8221;1\/6&#8243;][vc_single_image image=&#8221;7592&#8243; img_size=&#8221;full&#8221; alignment=&#8221;center&#8221; style=&#8221;vc_box_border&#8221; onclick=&#8221;custom_link&#8221; img_link_target=&#8221;_blank&#8221; link=&#8221;https:\/\/issuu.com\/aura-istanbul\/docs\/rengin_aytan&#8221;][vc_empty_space height=&#8221;16px&#8221;][vc_row_inner][vc_column_inner][vc_column_text]<\/p>\n<ul>\n<li>Projeyi incelemek i\u00e7in<a href=\"https:\/\/issuu.com\/aura-istanbul\/docs\/rengin_aytan\"> t\u0131klay\u0131n.<\/a><\/li>\n<\/ul>\n<p>[\/vc_column_text][\/vc_column_inner][\/vc_row_inner][vc_empty_space height=&#8221;16px&#8221;][\/vc_column][\/vc_row][\/vc_section]<\/p>\n<\/div>","protected":false},"excerpt":{"rendered":"<p>[vc_section][vc_row][vc_column width=&#8221;1\/6&#8243;][vc_single_image image=&#8221;7268&#8243; img_size=&#8221;large&#8221; alignment=&#8221;center&#8221;][vc_empty_space][vc_column_text]Rengin Aytan[\/vc_column_text][vc_empty_space height=&#8221;16px&#8221;][vc_column_text]Mimar Y\u0131ld\u0131z Teknik \u00dcniversitesi Bahar 2020 Dan\u0131\u015fman: Cem \u0130lhan &#8211; Devrim \u00c7imen[\/vc_column_text][vc_empty_space][vc_row_inner][vc_column_inner width=&#8221;1\/4&#8243;][vc_icon icon_fontawesome=&#8221;fa fa-envelope-o&#8221; color=&#8221;chino&#8221; size=&#8221;xs&#8221; link=&#8221;url:http%3A%2F%2Frenginaytan%40gmail.com||target:%20_blank|&#8221;][\/vc_column_inner][vc_column_inner width=&#8221;1\/4&#8243;][vc_icon icon_fontawesome=&#8221;fa fa-linkedin&#8221; color=&#8221;chino&#8221; size=&#8221;xs&#8221; link=&#8221;url:http%3A%2F%2Flinkedin.com%2Fin%2Frengin-aytan-196202199||target:%20_blank|&#8221;][\/vc_column_inner][vc_column_inner [&hellip;]<\/p>\n","protected":false},"author":7,"featured_media":0,"parent":0,"menu_order":0,"comment_status":"closed","ping_status":"closed","template":"","meta":{"_acf_changed":false,"_seopress_robots_primary_cat":"","_seopress_titles_title":"\u0130stanbul\u2019da Mimar Olmak: Merkezka\u00e7 Tahayy\u00fcller, Rengin Aytan | %%sitetitle%%","_seopress_titles_desc":"Kentsel mek\u00e2n \u00fcretim s\u00fcreci akt\u00f6rlerinden biri olan mimar\u0131n etkinlik alanlar\u0131n\u0131 ara\u015ft\u0131ran \u00e7al\u0131\u015fma, y\u00f6ntemsel olarak \u0130stanbul\u2019un son y\u00fcz y\u0131l\u0131 ile s\u0131n\u0131rland\u0131r\u0131ld\u0131. Gelecek tahayy\u00fclleri i\u00e7in ge\u00e7mi\u015fi do\u011fru kavramak gerekti\u011fi d\u00fc\u015f\u00fcncesiyle, \u0130stanbul\u2019un ge\u00e7irdi\u011fi son y\u00fcz y\u0131ldaki (1920-2020) ekonomi politik s\u00fcre\u00e7ler ve yap\u0131la\u015fma dinamikleri, t\u00fcm d\u00fcnyadaki siyasi, ekonomik, mimari geli\u015fmelerle ve yeni ak\u0131mlarla paralel bir \u015fekilde incelendi.","_seopress_robots_index":"","_price":"","_stock":"","_tribe_ticket_header":"","_tribe_default_ticket_provider":"","_ticket_start_date":"","_ticket_end_date":"","_tribe_ticket_show_description":"","_tribe_ticket_show_not_going":false,"_tribe_ticket_use_global_stock":"","_tribe_ticket_global_stock_level":"","_global_stock_mode":"","_global_stock_cap":"","_tribe_rsvp_for_event":"","_tribe_ticket_going_count":"","_tribe_ticket_not_going_count":"","_tribe_tickets_list":"[]","_tribe_ticket_has_attendee_info_fields":false,"_EventAllDay":false,"_EventTimezone":"","_EventStartDate":"","_EventEndDate":"","_EventStartDateUTC":"","_EventEndDateUTC":"","_EventShowMap":false,"_EventShowMapLink":false,"_EventURL":"","_EventCost":"","_EventCostDescription":"","_EventCurrencySymbol":"","_EventCurrencyCode":"","_EventCurrencyPosition":"","_EventDateTimeSeparator":"","_EventTimeRangeSeparator":"","_EventOrganizerID":[],"_EventVenueID":[],"_OrganizerEmail":"","_OrganizerPhone":"","_OrganizerWebsite":"","_VenueAddress":"","_VenueCity":"","_VenueCountry":"","_VenueProvince":"","_VenueState":"","_VenueZip":"","_VenuePhone":"","_VenueURL":"","_VenueStateProvince":"","_VenueLat":"","_VenueLng":"","_VenueShowMap":false,"_VenueShowMapLink":false,"footnotes":"","_tec_slr_enabled":"","_tec_slr_layout":""},"class_list":["post-7586","page","type-page","status-publish","hentry"],"acf":[],"ticketed":false,"_links":{"self":[{"href":"https:\/\/staging.aura-istanbul.com\/index.php\/wp-json\/wp\/v2\/pages\/7586","targetHints":{"allow":["GET"]}}],"collection":[{"href":"https:\/\/staging.aura-istanbul.com\/index.php\/wp-json\/wp\/v2\/pages"}],"about":[{"href":"https:\/\/staging.aura-istanbul.com\/index.php\/wp-json\/wp\/v2\/types\/page"}],"author":[{"embeddable":true,"href":"https:\/\/staging.aura-istanbul.com\/index.php\/wp-json\/wp\/v2\/users\/7"}],"replies":[{"embeddable":true,"href":"https:\/\/staging.aura-istanbul.com\/index.php\/wp-json\/wp\/v2\/comments?post=7586"}],"version-history":[{"count":5,"href":"https:\/\/staging.aura-istanbul.com\/index.php\/wp-json\/wp\/v2\/pages\/7586\/revisions"}],"predecessor-version":[{"id":7830,"href":"https:\/\/staging.aura-istanbul.com\/index.php\/wp-json\/wp\/v2\/pages\/7586\/revisions\/7830"}],"wp:attachment":[{"href":"https:\/\/staging.aura-istanbul.com\/index.php\/wp-json\/wp\/v2\/media?parent=7586"}],"curies":[{"name":"wp","href":"https:\/\/api.w.org\/{rel}","templated":true}]}}