{"id":7553,"date":"2020-09-01T23:03:09","date_gmt":"2020-09-01T20:03:09","guid":{"rendered":"https:\/\/staging.aura-istanbul.com\/?page_id=7553"},"modified":"2020-10-08T17:25:12","modified_gmt":"2020-10-08T14:25:12","slug":"aura-alumni-mustafa-enes-cetin","status":"publish","type":"page","link":"https:\/\/staging.aura-istanbul.com\/index.php\/aura-alumni-mustafa-enes-cetin\/","title":{"rendered":"AURA Alumni: Mustafa Enes \u00c7etin"},"content":{"rendered":"<div class=\"wpb-content-wrapper\"><p>[vc_section][vc_row][vc_column width=&#8221;1\/6&#8243;][vc_single_image image=&#8221;7737&#8243; img_size=&#8221;large&#8221; alignment=&#8221;center&#8221;][vc_empty_space][vc_column_text]<strong>Mustafa Enes \u00c7etin<\/strong>[\/vc_column_text][vc_empty_space height=&#8221;16px&#8221;][vc_column_text]Mimar<br \/>\nMimar Sinan G\u00fczel Sanatlar \u00dcniversitesi<\/p>\n<p>Bahar 2020<br \/>\nDan\u0131\u015fman: Cem \u0130lhan &#8211; Devrim \u00c7imen[\/vc_column_text][vc_empty_space][vc_row_inner][vc_column_inner width=&#8221;1\/4&#8243;][vc_icon icon_fontawesome=&#8221;fa fa-envelope-o&#8221; color=&#8221;chino&#8221; size=&#8221;xs&#8221; link=&#8221;url:http%3A%2F%2Fmenescetin35%40gmail.com||target:%20_blank|&#8221;][\/vc_column_inner][vc_column_inner width=&#8221;1\/4&#8243;][vc_icon icon_fontawesome=&#8221;fa fa-linkedin&#8221; color=&#8221;chino&#8221; size=&#8221;xs&#8221; link=&#8221;url:http%3A%2F%2Flinkedin.com%2Fin%2Fmustafa-enes-%C3%A7etin-362750194|||&#8221;][\/vc_column_inner][vc_column_inner width=&#8221;1\/4&#8243;][\/vc_column_inner][vc_column_inner width=&#8221;1\/4&#8243;][\/vc_column_inner][\/vc_row_inner][\/vc_column][vc_column width=&#8221;2\/3&#8243;][vc_column_text]<\/p>\n<p style=\"text-align: left;\"><strong>Payla\u015f\u0131m\u0131n Mimarisi: Konut Mek\u00e2nlar\u0131 \u00dczerinden Ortak Ya\u015fam Okumas\u0131<\/strong><\/p>\n<p>[\/vc_column_text][vc_column_text]M\u00fc\u015fterek mek\u00e2nlar ve bu pratikler, insanlar aras\u0131nda yeni ili\u015fkiler \u00fcretir, ortak ya\u015fam\u0131n v\u00fccuda gelmesini m\u00fcmk\u00fcn k\u0131lar, kar\u015f\u0131la\u015fmalara ve m\u00fczakerelere te\u015fvik eder. Ara\u015ft\u0131rma s\u00fcrecinde ge\u00e7mi\u015ften g\u00fcn\u00fcm\u00fcze \u00f6zellikle son as\u0131rda yap\u0131lm\u0131\u015f olan projelerden se\u00e7ilmi\u015f \u00f6rnekler mercek alt\u0131na al\u0131nm\u0131\u015ft\u0131r. Bu \u00f6rnekler \u00fczerinden ortak mek\u00e2nlar\u0131n sosyal ili\u015fkiler \u00fczerindeki etkisi, tarihsel s\u00fcre\u00e7teki de\u011fi\u015fimleri, plan ve kesit d\u00fczlemindeki tipolojileri incelenmi\u015ftir ve ortak mekan kavram\u0131 tart\u0131\u015f\u0131lm\u0131\u015ft\u0131r. Ya\u015fanan de\u011fi\u015fimlerin, d\u00f6nemin \u015fartlar\u0131n\u0131n ve ideolojisinin, mimarlar\u0131n tasar\u0131mlar\u0131n\u0131n m\u00fc\u015fterek mek\u00e2nlar \u00fczerinde do\u011frudan veya dolayl\u0131 bi\u00e7imde etkili oldu\u011fu g\u00f6zlemlenmi\u015ftir.<\/p>\n<p>Bu kapsamda bunun tarihsel s\u00fcre\u00e7 i\u00e7erisindeki okumas\u0131 da \u00e7al\u0131\u015fman\u0131n ana omurgas\u0131n\u0131 olu\u015fturmaktad\u0131r. Payla\u015f\u0131m mek\u00e2nlar\u0131n\u0131n konut yap\u0131lar\u0131ndaki varl\u0131\u011f\u0131n\u0131n \u00f6neminin vurgulanmas\u0131 ve mek\u00e2nsal organizasyonlar\u0131n\u0131n g\u00f6r\u00fcn\u00fcr k\u0131l\u0131nmas\u0131 ama\u00e7lanm\u0131\u015ft\u0131r.<\/p>\n<p>Kapak G\u00f6rseli: Le Corbusier&#8217;in Unite d\u2019Habitation yap\u0131s\u0131na ili\u015fkin Connor McCarron taraf\u0131ndan \u00fcretilen g\u00f6rsel, payla\u015f\u0131m\u0131n mimarisi ba\u011flam\u0131nda yeniden yorumlanm\u0131\u015ft\u0131r.<\/p>\n<p>Anahtar Kelimeler: m\u00fc\u015fterek mekan ,payla\u015f\u0131m, mek\u00e2nsal kurgu, ortakla\u015fal\u0131k, sosyal ili\u015fkiler[\/vc_column_text][vc_empty_space][vc_gallery interval=&#8221;10&#8243; images=&#8221;7571,7572,7573,7574,7575&#8243; img_size=&#8221;full&#8221;][\/vc_column][vc_column width=&#8221;1\/6&#8243;][vc_single_image image=&#8221;7570&#8243; img_size=&#8221;full&#8221; alignment=&#8221;center&#8221; style=&#8221;vc_box_border&#8221; onclick=&#8221;custom_link&#8221; img_link_target=&#8221;_blank&#8221; link=&#8221;https:\/\/issuu.com\/aura-istanbul\/docs\/mustafa_enes_cetin&#8221;][vc_empty_space height=&#8221;16px&#8221;][vc_row_inner][vc_column_inner][vc_column_text]<\/p>\n<ul>\n<li>Projeyi incelemek i\u00e7in<a href=\"https:\/\/issuu.com\/aura-istanbul\/docs\/mustafa_enes_cetin\"> t\u0131klay\u0131n.<\/a><\/li>\n<\/ul>\n<p>[\/vc_column_text][\/vc_column_inner][\/vc_row_inner][vc_empty_space height=&#8221;16px&#8221;][\/vc_column][\/vc_row][\/vc_section]<\/p>\n<\/div>","protected":false},"excerpt":{"rendered":"<p>[vc_section][vc_row][vc_column width=&#8221;1\/6&#8243;][vc_single_image image=&#8221;7737&#8243; img_size=&#8221;large&#8221; alignment=&#8221;center&#8221;][vc_empty_space][vc_column_text]Mustafa Enes \u00c7etin[\/vc_column_text][vc_empty_space height=&#8221;16px&#8221;][vc_column_text]Mimar Mimar Sinan G\u00fczel Sanatlar \u00dcniversitesi Bahar 2020 Dan\u0131\u015fman: Cem \u0130lhan &#8211; Devrim \u00c7imen[\/vc_column_text][vc_empty_space][vc_row_inner][vc_column_inner width=&#8221;1\/4&#8243;][vc_icon icon_fontawesome=&#8221;fa fa-envelope-o&#8221; color=&#8221;chino&#8221; size=&#8221;xs&#8221; link=&#8221;url:http%3A%2F%2Fmenescetin35%40gmail.com||target:%20_blank|&#8221;][\/vc_column_inner][vc_column_inner width=&#8221;1\/4&#8243;][vc_icon icon_fontawesome=&#8221;fa fa-linkedin&#8221; [&hellip;]<\/p>\n","protected":false},"author":7,"featured_media":0,"parent":0,"menu_order":0,"comment_status":"closed","ping_status":"closed","template":"","meta":{"_acf_changed":false,"_seopress_robots_primary_cat":"","_seopress_titles_title":"Payla\u015f\u0131m\u0131n Mimarisi: Konut Mek\u00e2nlar\u0131 \u00dczerinden Ortak Ya\u015fam Okumas\u0131, Mustafa Enes \u00c7etin | %%sitetitle%%","_seopress_titles_desc":"M\u00fc\u015fterek mek\u00e2nlar ve bu pratikler, insanlar aras\u0131nda yeni ili\u015fkiler \u00fcretir, ortak ya\u015fam\u0131n v\u00fccuda gelmesini m\u00fcmk\u00fcn k\u0131lar, kar\u015f\u0131la\u015fmalara ve m\u00fczakerelere te\u015fvik eder. Ara\u015ft\u0131rma s\u00fcrecinde ge\u00e7mi\u015ften g\u00fcn\u00fcm\u00fcze \u00f6zellikle son as\u0131rda yap\u0131lm\u0131\u015f olan projelerden se\u00e7ilmi\u015f \u00f6rnekler mercek alt\u0131na al\u0131nm\u0131\u015ft\u0131r.","_seopress_robots_index":"","_price":"","_stock":"","_tribe_ticket_header":"","_tribe_default_ticket_provider":"","_ticket_start_date":"","_ticket_end_date":"","_tribe_ticket_show_description":"","_tribe_ticket_show_not_going":false,"_tribe_ticket_use_global_stock":"","_tribe_ticket_global_stock_level":"","_global_stock_mode":"","_global_stock_cap":"","_tribe_rsvp_for_event":"","_tribe_ticket_going_count":"","_tribe_ticket_not_going_count":"","_tribe_tickets_list":"[]","_tribe_ticket_has_attendee_info_fields":false,"_EventAllDay":false,"_EventTimezone":"","_EventStartDate":"","_EventEndDate":"","_EventStartDateUTC":"","_EventEndDateUTC":"","_EventShowMap":false,"_EventShowMapLink":false,"_EventURL":"","_EventCost":"","_EventCostDescription":"","_EventCurrencySymbol":"","_EventCurrencyCode":"","_EventCurrencyPosition":"","_EventDateTimeSeparator":"","_EventTimeRangeSeparator":"","_EventOrganizerID":[],"_EventVenueID":[],"_OrganizerEmail":"","_OrganizerPhone":"","_OrganizerWebsite":"","_VenueAddress":"","_VenueCity":"","_VenueCountry":"","_VenueProvince":"","_VenueState":"","_VenueZip":"","_VenuePhone":"","_VenueURL":"","_VenueStateProvince":"","_VenueLat":"","_VenueLng":"","_VenueShowMap":false,"_VenueShowMapLink":false,"footnotes":"","_tec_slr_enabled":"","_tec_slr_layout":""},"class_list":["post-7553","page","type-page","status-publish","hentry"],"acf":[],"ticketed":false,"_links":{"self":[{"href":"https:\/\/staging.aura-istanbul.com\/index.php\/wp-json\/wp\/v2\/pages\/7553","targetHints":{"allow":["GET"]}}],"collection":[{"href":"https:\/\/staging.aura-istanbul.com\/index.php\/wp-json\/wp\/v2\/pages"}],"about":[{"href":"https:\/\/staging.aura-istanbul.com\/index.php\/wp-json\/wp\/v2\/types\/page"}],"author":[{"embeddable":true,"href":"https:\/\/staging.aura-istanbul.com\/index.php\/wp-json\/wp\/v2\/users\/7"}],"replies":[{"embeddable":true,"href":"https:\/\/staging.aura-istanbul.com\/index.php\/wp-json\/wp\/v2\/comments?post=7553"}],"version-history":[{"count":11,"href":"https:\/\/staging.aura-istanbul.com\/index.php\/wp-json\/wp\/v2\/pages\/7553\/revisions"}],"predecessor-version":[{"id":7863,"href":"https:\/\/staging.aura-istanbul.com\/index.php\/wp-json\/wp\/v2\/pages\/7553\/revisions\/7863"}],"wp:attachment":[{"href":"https:\/\/staging.aura-istanbul.com\/index.php\/wp-json\/wp\/v2\/media?parent=7553"}],"curies":[{"name":"wp","href":"https:\/\/api.w.org\/{rel}","templated":true}]}}