{"id":7533,"date":"2020-09-01T22:40:46","date_gmt":"2020-09-01T19:40:46","guid":{"rendered":"https:\/\/staging.aura-istanbul.com\/?page_id=7533"},"modified":"2020-10-05T18:36:46","modified_gmt":"2020-10-05T15:36:46","slug":"aura-alumni-elif-ruzgar","status":"publish","type":"page","link":"https:\/\/staging.aura-istanbul.com\/index.php\/aura-alumni-elif-ruzgar\/","title":{"rendered":"AURA Alumni: Elif R\u00fczgar"},"content":{"rendered":"<div class=\"wpb-content-wrapper\"><p>[vc_section][vc_row][vc_column width=&#8221;1\/6&#8243;][vc_single_image image=&#8221;7261&#8243; img_size=&#8221;large&#8221; alignment=&#8221;center&#8221;][vc_empty_space][vc_column_text]<strong>Elif R\u00fczgar<\/strong>[\/vc_column_text][vc_empty_space height=&#8221;16px&#8221;][vc_column_text]Mimar<br \/>\nOndokuz May\u0131s \u00dcniversitesi<\/p>\n<p>Bahar 2020<br \/>\nDan\u0131\u015fman: Cem \u0130lhan &#8211; Devrim \u00c7imen[\/vc_column_text][vc_empty_space][vc_row_inner][vc_column_inner width=&#8221;1\/4&#8243;][vc_icon icon_fontawesome=&#8221;fa fa-envelope-o&#8221; color=&#8221;chino&#8221; size=&#8221;xs&#8221; link=&#8221;url:http%3A%2F%2Felifruzgar.mim%40gmail.com||target:%20_blank|&#8221;][\/vc_column_inner][vc_column_inner width=&#8221;1\/4&#8243;][vc_icon icon_fontawesome=&#8221;fa fa-linkedin&#8221; color=&#8221;chino&#8221; size=&#8221;xs&#8221; link=&#8221;url:https%3A%2F%2Fwww.linkedin.com%2Fin%2Felif-r%25C3%25BCzgar-8b589a17b%2F||target:%20_blank|&#8221;][\/vc_column_inner][vc_column_inner width=&#8221;1\/4&#8243;][\/vc_column_inner][\/vc_row_inner][\/vc_column][vc_column width=&#8221;2\/3&#8243;][vc_column_text]<\/p>\n<p style=\"text-align: left;\"><strong>\u015eimdinin Heterotopyas\u0131\u2019ndan Yeni \u00dctopya\u2019ya: \u0130stanbul Heterotopyalar\u0131<\/strong><\/p>\n<p>[\/vc_column_text][vc_column_text]\u0130stanbul metropol\u00fc ge\u00e7irdi\u011fi t\u00fcm s\u00fcre\u00e7leri fiziksel yap\u0131lanmas\u0131na ta\u015f\u0131yarak d\u00f6n\u00fc\u015f\u00fcrken i\u00e7inde katmanla\u015fan hikayeler olu\u015fturan bir kenttir. Farkl\u0131l\u0131\u011f\u0131n mekan\u0131n\u0131, \u00f6tekile\u015fen, kar\u015f\u0131tla\u015fan, d\u00f6n\u00fc\u015fen mekanlar \u00fczerinden okuturken, Foucault\u2019nun heterotopya kavram\u0131n\u0131n mekansalla\u015ft\u0131\u011f\u0131 kesitler sunar. Heterotopya kelimesi \u201cdi\u011fer yer\u201d, \u201c\u00f6teki yer\u201d ya da \u201cfarkl\u0131 yer\u201d olarak T\u00fcrk\u00e7e\u2019ye \u00e7evrilmektedir.<\/p>\n<p>Heterotopyalar, normal d\u00fczen sistemati\u011fini reddeden ve kendi d\u00fczen sistemati\u011fini yeniden olu\u015fturan bir olu\u015fum olarak tan\u0131mlanabilmektedir. G\u00fcndelik ya\u015famda bedenin \u201cbezgin tutum\u201d i\u00e7inde y\u00fczeysel olarak kar\u015f\u0131la\u015ft\u0131\u011f\u0131 kentsel odaklar, heterotopyan\u0131n kendi i\u00e7inde d\u00f6n\u00fc\u015f\u00fcm\u00fcn\u00fc olu\u015fturan mekanlar\u0131 olu\u015fturur. Bu \u00e7al\u0131\u015fmada kentsel olarak heterotopyan\u0131n yans\u0131d\u0131\u011f\u0131 zemin, \u0130stanbul \u00fczerinden heterotopyay\u0131 kavramak, irdelemek, s\u00f6k\u00fcme u\u011fratarak gelecek kentlerinde heterotopyan\u0131n g\u00f6r\u00fcn\u00fcrl\u00fc\u011f\u00fcn\u00fcn bize ne s\u00f6yleyebilece\u011fini tart\u0131\u015fmak ama\u00e7lanm\u0131\u015ft\u0131r.<\/p>\n<p>Anahtar Kelimeler: heterotopya, \u00f6teki mekan, metropol, ill\u00fczyon, alma\u015f\u0131k[\/vc_column_text][vc_empty_space][vc_gallery interval=&#8221;10&#8243; images=&#8221;7539,7535,7537,7536,7538&#8243; img_size=&#8221;full&#8221;][\/vc_column][vc_column width=&#8221;1\/6&#8243;][vc_single_image image=&#8221;7540&#8243; img_size=&#8221;full&#8221; alignment=&#8221;center&#8221; style=&#8221;vc_box_border&#8221; onclick=&#8221;custom_link&#8221; img_link_target=&#8221;_blank&#8221; link=&#8221;https:\/\/issuu.com\/aura-istanbul\/docs\/elif_ruzgar&#8221;][vc_empty_space height=&#8221;16px&#8221;][vc_row_inner][vc_column_inner][vc_column_text]<\/p>\n<ul>\n<li>Projeyi incelemek i\u00e7in <a href=\"https:\/\/issuu.com\/aura-istanbul\/docs\/elif_ruzgar\">t\u0131klay\u0131n.<\/a><\/li>\n<\/ul>\n<p>[\/vc_column_text][\/vc_column_inner][\/vc_row_inner][vc_empty_space height=&#8221;16px&#8221;][\/vc_column][\/vc_row][\/vc_section]<\/p>\n<\/div>","protected":false},"excerpt":{"rendered":"<p>[vc_section][vc_row][vc_column width=&#8221;1\/6&#8243;][vc_single_image image=&#8221;7261&#8243; img_size=&#8221;large&#8221; alignment=&#8221;center&#8221;][vc_empty_space][vc_column_text]Elif R\u00fczgar[\/vc_column_text][vc_empty_space height=&#8221;16px&#8221;][vc_column_text]Mimar Ondokuz May\u0131s \u00dcniversitesi Bahar 2020 Dan\u0131\u015fman: Cem \u0130lhan &#8211; Devrim \u00c7imen[\/vc_column_text][vc_empty_space][vc_row_inner][vc_column_inner width=&#8221;1\/4&#8243;][vc_icon icon_fontawesome=&#8221;fa fa-envelope-o&#8221; color=&#8221;chino&#8221; size=&#8221;xs&#8221; link=&#8221;url:http%3A%2F%2Felifruzgar.mim%40gmail.com||target:%20_blank|&#8221;][\/vc_column_inner][vc_column_inner width=&#8221;1\/4&#8243;][vc_icon icon_fontawesome=&#8221;fa fa-linkedin&#8221; color=&#8221;chino&#8221; size=&#8221;xs&#8221; link=&#8221;url:https%3A%2F%2Fwww.linkedin.com%2Fin%2Felif-r%25C3%25BCzgar-8b589a17b%2F||target:%20_blank|&#8221;][\/vc_column_inner][vc_column_inner [&hellip;]<\/p>\n","protected":false},"author":7,"featured_media":0,"parent":0,"menu_order":0,"comment_status":"closed","ping_status":"closed","template":"","meta":{"_acf_changed":false,"_seopress_robots_primary_cat":"","_seopress_titles_title":"\u015eimdinin Heterotopyas\u0131\u2019ndan Yeni \u00dctopya\u2019ya: \u0130stanbul Heterotopyalar\u0131, Elif R\u00fczgar | %%sitetitle%%","_seopress_titles_desc":"G\u00fcndelik ya\u015famda bedenin \u201cbezgin tutum\u201d i\u00e7inde y\u00fczeysel olarak kar\u015f\u0131la\u015ft\u0131\u011f\u0131 kentsel odaklar, heterotopyan\u0131n kendi i\u00e7inde d\u00f6n\u00fc\u015f\u00fcm\u00fcn\u00fc olu\u015fturan mekanlar\u0131 olu\u015fturur. Bu \u00e7al\u0131\u015fmada kentsel olarak heterotopyan\u0131n yans\u0131d\u0131\u011f\u0131 zemin, \u0130stanbul \u00fczerinden heterotopyay\u0131 kavramak, irdelemek, s\u00f6k\u00fcme u\u011fratarak gelecek kentlerinde heterotopyan\u0131n g\u00f6r\u00fcn\u00fcrl\u00fc\u011f\u00fcn\u00fcn bize ne s\u00f6yleyebilece\u011fini tart\u0131\u015fmak ama\u00e7lanm\u0131\u015ft\u0131r.","_seopress_robots_index":"","_price":"","_stock":"","_tribe_ticket_header":"","_tribe_default_ticket_provider":"","_ticket_start_date":"","_ticket_end_date":"","_tribe_ticket_show_description":"","_tribe_ticket_show_not_going":false,"_tribe_ticket_use_global_stock":"","_tribe_ticket_global_stock_level":"","_global_stock_mode":"","_global_stock_cap":"","_tribe_rsvp_for_event":"","_tribe_ticket_going_count":"","_tribe_ticket_not_going_count":"","_tribe_tickets_list":"[]","_tribe_ticket_has_attendee_info_fields":false,"_EventAllDay":false,"_EventTimezone":"","_EventStartDate":"","_EventEndDate":"","_EventStartDateUTC":"","_EventEndDateUTC":"","_EventShowMap":false,"_EventShowMapLink":false,"_EventURL":"","_EventCost":"","_EventCostDescription":"","_EventCurrencySymbol":"","_EventCurrencyCode":"","_EventCurrencyPosition":"","_EventDateTimeSeparator":"","_EventTimeRangeSeparator":"","_EventOrganizerID":[],"_EventVenueID":[],"_OrganizerEmail":"","_OrganizerPhone":"","_OrganizerWebsite":"","_VenueAddress":"","_VenueCity":"","_VenueCountry":"","_VenueProvince":"","_VenueState":"","_VenueZip":"","_VenuePhone":"","_VenueURL":"","_VenueStateProvince":"","_VenueLat":"","_VenueLng":"","_VenueShowMap":false,"_VenueShowMapLink":false,"footnotes":"","_tec_slr_enabled":"","_tec_slr_layout":""},"class_list":["post-7533","page","type-page","status-publish","hentry"],"acf":[],"ticketed":false,"_links":{"self":[{"href":"https:\/\/staging.aura-istanbul.com\/index.php\/wp-json\/wp\/v2\/pages\/7533","targetHints":{"allow":["GET"]}}],"collection":[{"href":"https:\/\/staging.aura-istanbul.com\/index.php\/wp-json\/wp\/v2\/pages"}],"about":[{"href":"https:\/\/staging.aura-istanbul.com\/index.php\/wp-json\/wp\/v2\/types\/page"}],"author":[{"embeddable":true,"href":"https:\/\/staging.aura-istanbul.com\/index.php\/wp-json\/wp\/v2\/users\/7"}],"replies":[{"embeddable":true,"href":"https:\/\/staging.aura-istanbul.com\/index.php\/wp-json\/wp\/v2\/comments?post=7533"}],"version-history":[{"count":6,"href":"https:\/\/staging.aura-istanbul.com\/index.php\/wp-json\/wp\/v2\/pages\/7533\/revisions"}],"predecessor-version":[{"id":7850,"href":"https:\/\/staging.aura-istanbul.com\/index.php\/wp-json\/wp\/v2\/pages\/7533\/revisions\/7850"}],"wp:attachment":[{"href":"https:\/\/staging.aura-istanbul.com\/index.php\/wp-json\/wp\/v2\/media?parent=7533"}],"curies":[{"name":"wp","href":"https:\/\/api.w.org\/{rel}","templated":true}]}}