{"id":7529,"date":"2020-09-03T13:15:04","date_gmt":"2020-09-03T10:15:04","guid":{"rendered":"https:\/\/staging.aura-istanbul.com\/?page_id=7529"},"modified":"2020-09-18T14:44:38","modified_gmt":"2020-09-18T11:44:38","slug":"aura-alumni-elif-akman","status":"publish","type":"page","link":"https:\/\/staging.aura-istanbul.com\/index.php\/aura-alumni-elif-akman\/","title":{"rendered":"AURA Alumni: Elif Akman"},"content":{"rendered":"<div class=\"wpb-content-wrapper\"><p>[vc_section][vc_row][vc_column width=&#8221;1\/6&#8243;][vc_single_image image=&#8221;7260&#8243; img_size=&#8221;large&#8221; alignment=&#8221;center&#8221;][vc_empty_space][vc_column_text]<strong>Elif Akman<\/strong>[\/vc_column_text][vc_empty_space height=&#8221;16px&#8221;][vc_column_text]Mimar<br \/>\nMimar Sinan G\u00fczel Sanatlar \u00dcniversitesi<\/p>\n<p>Bahar 2020<br \/>\nDan\u0131\u015fman: Cem \u0130lhan &#8211; Devrim \u00c7imen[\/vc_column_text][vc_empty_space][vc_row_inner][vc_column_inner width=&#8221;1\/4&#8243;][vc_icon icon_fontawesome=&#8221;fa fa-envelope-o&#8221; color=&#8221;chino&#8221; size=&#8221;xs&#8221; link=&#8221;url:http%3A%2F%2Fakmanelif%40hotmail.com||target:%20_blank|&#8221;][\/vc_column_inner][vc_column_inner width=&#8221;1\/4&#8243;][vc_icon icon_fontawesome=&#8221;fa fa-linkedin&#8221; color=&#8221;chino&#8221; size=&#8221;xs&#8221; link=&#8221;url:https%3A%2F%2Fwww.linkedin.com%2Fin%2Felifakman%2F||target:%20_blank|&#8221;][\/vc_column_inner][vc_column_inner width=&#8221;1\/4&#8243;][\/vc_column_inner][\/vc_row_inner][\/vc_column][vc_column width=&#8221;2\/3&#8243;][vc_column_text]<\/p>\n<p style=\"text-align: left;\"><strong>Apartman ve Sokak Kesiti \u00dczerinden Ya\u015fam\u0131 Anlamak: Kad\u0131k\u00f6y \u00d6rne\u011fi<\/strong><\/p>\n<p>[\/vc_column_text][vc_column_text]Bu ara\u015ft\u0131rma \u00e7al\u0131\u015fmas\u0131nda, metropol\u00fcn en temel birimi olan \u00e7ok katl\u0131 konutlar\u0131n, bu konutlardaki kullan\u0131c\u0131 profili ve ya\u015fam alanlar\u0131 \u00fczerinden kentin temel kamusal yap\u0131 ta\u015f\u0131 olan sokaklarla ili\u015fkisini irdelemek hedeflenmi\u015ftir.<\/p>\n<p>Ara\u015ft\u0131rma tarihsel bir okuma ile ba\u015flam\u0131\u015ft\u0131r. \u00dc\u00e7 temel ortografik \u00e7izim y\u00f6nteminden biri olan kesitin neden projede temsil y\u00f6ntemi olarak se\u00e7ildi\u011finin anla\u015f\u0131lmas\u0131 i\u00e7in kesitin tarihsel s\u00fcre\u00e7 boyunca ne zaman kullan\u0131ld\u0131\u011f\u0131, nas\u0131l anlamlar ta\u015f\u0131d\u0131\u011f\u0131 gibi noktalara de\u011finilmi\u015ftir. Kesit, g\u00f6r\u00fclenin ard\u0131nda g\u00f6r\u00fclmeyeni de ifade etmek ve anlamak \u00fczerine kullan\u0131l\u0131r. Metropol ya\u015fam\u0131n\u0131 anlamak i\u00e7in hem fiziksel hem de kavramsal olarak g\u00f6r\u00fclmeyen etkileri de g\u00f6r\u00fcn\u00fcr k\u0131lmam\u0131z gerekti\u011fi i\u00e7in kesit temsil y\u00f6ntemi olarak tercih edilmi\u015ftir.<\/p>\n<p>Anahtar Kelimeler: apartmanla\u015fma, kesit, mevzuat\/mekan ili\u015fkisi, ya\u015fam, hiyerar\u015fi, y\u0131k\u0131m, jenerikle\u015fme, aidiyet[\/vc_column_text][vc_empty_space][vc_gallery interval=&#8221;10&#8243; images=&#8221;7555,7556,7557,7558,7559&#8243; img_size=&#8221;full&#8221;][\/vc_column][vc_column width=&#8221;1\/6&#8243;][vc_single_image image=&#8221;7531&#8243; img_size=&#8221;full&#8221; alignment=&#8221;center&#8221; style=&#8221;vc_box_border&#8221; onclick=&#8221;custom_link&#8221; img_link_target=&#8221;_blank&#8221; link=&#8221;https:\/\/issuu.com\/aura-istanbul\/docs\/elif_akman&#8221;][vc_empty_space height=&#8221;16px&#8221;][vc_row_inner][vc_column_inner][vc_column_text]<\/p>\n<ul>\n<li>Projeyi incelemek i\u00e7in <a href=\"https:\/\/issuu.com\/aura-istanbul\/docs\/elif_akman\">t\u0131klay\u0131n.<\/a><\/li>\n<\/ul>\n<p>&nbsp;<\/p>\n<p>[\/vc_column_text][\/vc_column_inner][\/vc_row_inner][vc_empty_space height=&#8221;16px&#8221;][\/vc_column][\/vc_row][\/vc_section]<\/p>\n<\/div>","protected":false},"excerpt":{"rendered":"<p>[vc_section][vc_row][vc_column width=&#8221;1\/6&#8243;][vc_single_image image=&#8221;7260&#8243; img_size=&#8221;large&#8221; alignment=&#8221;center&#8221;][vc_empty_space][vc_column_text]Elif Akman[\/vc_column_text][vc_empty_space height=&#8221;16px&#8221;][vc_column_text]Mimar Mimar Sinan G\u00fczel Sanatlar \u00dcniversitesi Bahar 2020 Dan\u0131\u015fman: Cem \u0130lhan &#8211; Devrim \u00c7imen[\/vc_column_text][vc_empty_space][vc_row_inner][vc_column_inner width=&#8221;1\/4&#8243;][vc_icon icon_fontawesome=&#8221;fa fa-envelope-o&#8221; color=&#8221;chino&#8221; size=&#8221;xs&#8221; link=&#8221;url:http%3A%2F%2Fakmanelif%40hotmail.com||target:%20_blank|&#8221;][\/vc_column_inner][vc_column_inner width=&#8221;1\/4&#8243;][vc_icon icon_fontawesome=&#8221;fa fa-linkedin&#8221; color=&#8221;chino&#8221; [&hellip;]<\/p>\n","protected":false},"author":7,"featured_media":0,"parent":0,"menu_order":0,"comment_status":"closed","ping_status":"closed","template":"","meta":{"_acf_changed":false,"_seopress_robots_primary_cat":"","_seopress_titles_title":"Apartman ve Sokak Kesiti \u00dczerinden Ya\u015fam\u0131 Anlamak: Kad\u0131k\u00f6y \u00d6rne\u011fi, Elif Akman | %%sitetitle%%","_seopress_titles_desc":"Bu ara\u015ft\u0131rma \u00e7al\u0131\u015fmas\u0131nda, metropol\u00fcn en temel birimi olan \u00e7ok katl\u0131 konutlar\u0131n, bu konutlardaki kullan\u0131c\u0131 profili ve ya\u015fam alanlar\u0131 \u00fczerinden kentin temel kamusal yap\u0131 ta\u015f\u0131 olan sokaklarla ili\u015fkisini irdelemek hedeflenmi\u015ftir.","_seopress_robots_index":"","_price":"","_stock":"","_tribe_ticket_header":"","_tribe_default_ticket_provider":"","_ticket_start_date":"","_ticket_end_date":"","_tribe_ticket_show_description":"","_tribe_ticket_show_not_going":false,"_tribe_ticket_use_global_stock":"","_tribe_ticket_global_stock_level":"","_global_stock_mode":"","_global_stock_cap":"","_tribe_rsvp_for_event":"","_tribe_ticket_going_count":"","_tribe_ticket_not_going_count":"","_tribe_tickets_list":"[]","_tribe_ticket_has_attendee_info_fields":false,"_EventAllDay":false,"_EventTimezone":"","_EventStartDate":"","_EventEndDate":"","_EventStartDateUTC":"","_EventEndDateUTC":"","_EventShowMap":false,"_EventShowMapLink":false,"_EventURL":"","_EventCost":"","_EventCostDescription":"","_EventCurrencySymbol":"","_EventCurrencyCode":"","_EventCurrencyPosition":"","_EventDateTimeSeparator":"","_EventTimeRangeSeparator":"","_EventOrganizerID":[],"_EventVenueID":[],"_OrganizerEmail":"","_OrganizerPhone":"","_OrganizerWebsite":"","_VenueAddress":"","_VenueCity":"","_VenueCountry":"","_VenueProvince":"","_VenueState":"","_VenueZip":"","_VenuePhone":"","_VenueURL":"","_VenueStateProvince":"","_VenueLat":"","_VenueLng":"","_VenueShowMap":false,"_VenueShowMapLink":false,"footnotes":"","_tec_slr_enabled":"","_tec_slr_layout":""},"class_list":["post-7529","page","type-page","status-publish","hentry"],"acf":[],"ticketed":false,"_links":{"self":[{"href":"https:\/\/staging.aura-istanbul.com\/index.php\/wp-json\/wp\/v2\/pages\/7529","targetHints":{"allow":["GET"]}}],"collection":[{"href":"https:\/\/staging.aura-istanbul.com\/index.php\/wp-json\/wp\/v2\/pages"}],"about":[{"href":"https:\/\/staging.aura-istanbul.com\/index.php\/wp-json\/wp\/v2\/types\/page"}],"author":[{"embeddable":true,"href":"https:\/\/staging.aura-istanbul.com\/index.php\/wp-json\/wp\/v2\/users\/7"}],"replies":[{"embeddable":true,"href":"https:\/\/staging.aura-istanbul.com\/index.php\/wp-json\/wp\/v2\/comments?post=7529"}],"version-history":[{"count":5,"href":"https:\/\/staging.aura-istanbul.com\/index.php\/wp-json\/wp\/v2\/pages\/7529\/revisions"}],"predecessor-version":[{"id":7806,"href":"https:\/\/staging.aura-istanbul.com\/index.php\/wp-json\/wp\/v2\/pages\/7529\/revisions\/7806"}],"wp:attachment":[{"href":"https:\/\/staging.aura-istanbul.com\/index.php\/wp-json\/wp\/v2\/media?parent=7529"}],"curies":[{"name":"wp","href":"https:\/\/api.w.org\/{rel}","templated":true}]}}