{"id":7521,"date":"2020-09-03T13:15:01","date_gmt":"2020-09-03T10:15:01","guid":{"rendered":"https:\/\/staging.aura-istanbul.com\/?page_id=7521"},"modified":"2020-09-18T14:43:48","modified_gmt":"2020-09-18T11:43:48","slug":"aura-alumni-dilara-girgin","status":"publish","type":"page","link":"https:\/\/staging.aura-istanbul.com\/index.php\/aura-alumni-dilara-girgin\/","title":{"rendered":"AURA Alumni: Dilara Girgin"},"content":{"rendered":"<div class=\"wpb-content-wrapper\"><p>[vc_section][vc_row][vc_column width=&#8221;1\/6&#8243;][vc_single_image image=&#8221;7748&#8243; img_size=&#8221;large&#8221; alignment=&#8221;center&#8221;][vc_empty_space][vc_column_text]<strong>Dilara Girgin<\/strong>[\/vc_column_text][vc_empty_space height=&#8221;16px&#8221;][vc_column_text]Mimar<br \/>\n\u00d6zye\u011fin \u00dcniversitesi<\/p>\n<p>Bahar 2020<br \/>\nDan\u0131\u015fman: Cem \u0130lhan &#8211; Devrim \u00c7imen[\/vc_column_text][vc_empty_space][vc_row_inner][vc_column_inner width=&#8221;1\/4&#8243;][vc_icon icon_fontawesome=&#8221;fa fa-envelope-o&#8221; color=&#8221;chino&#8221; size=&#8221;xs&#8221; link=&#8221;url:http%3A%2F%2Fdilara.girgin%40gmail.com||target:%20_blank|&#8221;][\/vc_column_inner][vc_column_inner width=&#8221;1\/4&#8243;][vc_icon icon_fontawesome=&#8221;fa fa-linkedin&#8221; color=&#8221;chino&#8221; size=&#8221;xs&#8221; link=&#8221;url:https%3A%2F%2Fwww.linkedin.com%2Fin%2Fcanco%25C5%259Far%2Flinkedin.com%2Fin%2Fdilara-girgin||target:%20_blank|&#8221;][\/vc_column_inner][vc_column_inner width=&#8221;1\/4&#8243;][vc_icon icon_fontawesome=&#8221;fa fa-globe&#8221; color=&#8221;chino&#8221; size=&#8221;xs&#8221; link=&#8221;url:http%3A%2F%2Fdilara-girgin.blogspot.com||target:%20_blank|&#8221;][\/vc_column_inner][\/vc_row_inner][\/vc_column][vc_column width=&#8221;2\/3&#8243;][vc_column_text]<\/p>\n<p style=\"text-align: left;\"><strong>Kentsel Tar\u0131m\u0131n \u0130stanbul\u2019da Uygulanabilirli\u011fi<\/strong><\/p>\n<p>[\/vc_column_text][vc_column_text]Kentsel tar\u0131m, kent i\u00e7erisinde kentin kaynaklar\u0131 ile insanlar\u0131n g\u0131da ihtiya\u00e7lar\u0131n\u0131 kar\u015f\u0131lamak i\u00e7in alternatif bir \u00fcretim sistemidir. Kentin i\u015fleyi\u015fi ile b\u00fct\u00fcnle\u015ferek; g\u0131da ve sosyo-ekonomik ihtiya\u00e7lar\u0131n yan\u0131 s\u0131ra ekolojik a\u00e7\u0131dan da kentin k\u0131rsal ya\u015fam ile entegrasyonunu sa\u011flayarak b\u00fct\u00fcnle\u015fik bir ya\u015fam \u00f6nerisi sunar. G\u0131da \u00fcretiminin yan\u0131nda fiziksel, sosyal ve ekonomik bulgular\u0131 da i\u00e7eren \u00e7ok y\u00f6nl\u00fc s\u00fcrd\u00fcr\u00fclebilir bir sistemdir.<\/p>\n<p>Anahtar Kelimeler: kentsel tar\u0131m, k\u0131r-kent, dikey tar\u0131m, s\u00fcrd\u00fcr\u00fclebilirlik, sosyo-ekonomik, tipoloji[\/vc_column_text][vc_empty_space][vc_gallery interval=&#8221;10&#8243; images=&#8221;7526,7522,7527,7523,7525&#8243; img_size=&#8221;full&#8221;][\/vc_column][vc_column width=&#8221;1\/6&#8243;][vc_single_image image=&#8221;7528&#8243; img_size=&#8221;full&#8221; alignment=&#8221;center&#8221; style=&#8221;vc_box_border&#8221;][vc_empty_space height=&#8221;16px&#8221;][vc_row_inner][vc_column_inner][vc_column_text]<\/p>\n<ul>\n<li>Projeyi incelemek i\u00e7in t\u0131klay\u0131n.<\/li>\n<\/ul>\n<p>[\/vc_column_text][\/vc_column_inner][\/vc_row_inner][vc_empty_space height=&#8221;16px&#8221;][\/vc_column][\/vc_row][\/vc_section]<\/p>\n<\/div>","protected":false},"excerpt":{"rendered":"<p>[vc_section][vc_row][vc_column width=&#8221;1\/6&#8243;][vc_single_image image=&#8221;7748&#8243; img_size=&#8221;large&#8221; alignment=&#8221;center&#8221;][vc_empty_space][vc_column_text]Dilara Girgin[\/vc_column_text][vc_empty_space height=&#8221;16px&#8221;][vc_column_text]Mimar \u00d6zye\u011fin \u00dcniversitesi Bahar 2020 Dan\u0131\u015fman: Cem \u0130lhan &#8211; Devrim \u00c7imen[\/vc_column_text][vc_empty_space][vc_row_inner][vc_column_inner width=&#8221;1\/4&#8243;][vc_icon icon_fontawesome=&#8221;fa fa-envelope-o&#8221; color=&#8221;chino&#8221; size=&#8221;xs&#8221; link=&#8221;url:http%3A%2F%2Fdilara.girgin%40gmail.com||target:%20_blank|&#8221;][\/vc_column_inner][vc_column_inner width=&#8221;1\/4&#8243;][vc_icon icon_fontawesome=&#8221;fa fa-linkedin&#8221; color=&#8221;chino&#8221; size=&#8221;xs&#8221; link=&#8221;url:https%3A%2F%2Fwww.linkedin.com%2Fin%2Fcanco%25C5%259Far%2Flinkedin.com%2Fin%2Fdilara-girgin||target:%20_blank|&#8221;][\/vc_column_inner][vc_column_inner width=&#8221;1\/4&#8243;][vc_icon [&hellip;]<\/p>\n","protected":false},"author":7,"featured_media":0,"parent":0,"menu_order":0,"comment_status":"closed","ping_status":"closed","template":"","meta":{"_acf_changed":false,"_seopress_robots_primary_cat":"","_seopress_titles_title":"Kentsel Tar\u0131m\u0131n \u0130stanbul\u2019da Uygulanabilirli\u011fi, Dilara Girgin | %%sitetitle%%","_seopress_titles_desc":"Kentsel tar\u0131m, kent i\u00e7erisinde kentin kaynaklar\u0131 ile insanlar\u0131n g\u0131da ihtiya\u00e7lar\u0131n\u0131 kar\u015f\u0131lamak i\u00e7in alternatif bir \u00fcretim sistemidir. Kentin i\u015fleyi\u015fi ile b\u00fct\u00fcnle\u015ferek; g\u0131da ve sosyo-ekonomik ihtiya\u00e7lar\u0131n yan\u0131 s\u0131ra ekolojik a\u00e7\u0131dan da kentin k\u0131rsal ya\u015fam ile entegrasyonunu sa\u011flayarak b\u00fct\u00fcnle\u015fik bir ya\u015fam \u00f6nerisi sunar. G\u0131da \u00fcretiminin yan\u0131nda fiziksel, sosyal ve ekonomik bulgular\u0131 da i\u00e7eren \u00e7ok y\u00f6nl\u00fc s\u00fcrd\u00fcr\u00fclebilir bir sistemdir.","_seopress_robots_index":"","_price":"","_stock":"","_tribe_ticket_header":"","_tribe_default_ticket_provider":"","_ticket_start_date":"","_ticket_end_date":"","_tribe_ticket_show_description":"","_tribe_ticket_show_not_going":false,"_tribe_ticket_use_global_stock":"","_tribe_ticket_global_stock_level":"","_global_stock_mode":"","_global_stock_cap":"","_tribe_rsvp_for_event":"","_tribe_ticket_going_count":"","_tribe_ticket_not_going_count":"","_tribe_tickets_list":"[]","_tribe_ticket_has_attendee_info_fields":false,"_EventAllDay":false,"_EventTimezone":"","_EventStartDate":"","_EventEndDate":"","_EventStartDateUTC":"","_EventEndDateUTC":"","_EventShowMap":false,"_EventShowMapLink":false,"_EventURL":"","_EventCost":"","_EventCostDescription":"","_EventCurrencySymbol":"","_EventCurrencyCode":"","_EventCurrencyPosition":"","_EventDateTimeSeparator":"","_EventTimeRangeSeparator":"","_EventOrganizerID":[],"_EventVenueID":[],"_OrganizerEmail":"","_OrganizerPhone":"","_OrganizerWebsite":"","_VenueAddress":"","_VenueCity":"","_VenueCountry":"","_VenueProvince":"","_VenueState":"","_VenueZip":"","_VenuePhone":"","_VenueURL":"","_VenueStateProvince":"","_VenueLat":"","_VenueLng":"","_VenueShowMap":false,"_VenueShowMapLink":false,"footnotes":"","_tec_slr_enabled":"","_tec_slr_layout":""},"class_list":["post-7521","page","type-page","status-publish","hentry"],"acf":[],"ticketed":false,"_links":{"self":[{"href":"https:\/\/staging.aura-istanbul.com\/index.php\/wp-json\/wp\/v2\/pages\/7521","targetHints":{"allow":["GET"]}}],"collection":[{"href":"https:\/\/staging.aura-istanbul.com\/index.php\/wp-json\/wp\/v2\/pages"}],"about":[{"href":"https:\/\/staging.aura-istanbul.com\/index.php\/wp-json\/wp\/v2\/types\/page"}],"author":[{"embeddable":true,"href":"https:\/\/staging.aura-istanbul.com\/index.php\/wp-json\/wp\/v2\/users\/7"}],"replies":[{"embeddable":true,"href":"https:\/\/staging.aura-istanbul.com\/index.php\/wp-json\/wp\/v2\/comments?post=7521"}],"version-history":[{"count":5,"href":"https:\/\/staging.aura-istanbul.com\/index.php\/wp-json\/wp\/v2\/pages\/7521\/revisions"}],"predecessor-version":[{"id":7805,"href":"https:\/\/staging.aura-istanbul.com\/index.php\/wp-json\/wp\/v2\/pages\/7521\/revisions\/7805"}],"wp:attachment":[{"href":"https:\/\/staging.aura-istanbul.com\/index.php\/wp-json\/wp\/v2\/media?parent=7521"}],"curies":[{"name":"wp","href":"https:\/\/api.w.org\/{rel}","templated":true}]}}