{"id":75,"date":"2016-03-20T16:49:01","date_gmt":"2016-03-20T14:49:01","guid":{"rendered":"http:\/\/prestazilla.org\/wordpress\/oscend\/?page_id=75"},"modified":"2025-08-28T17:46:31","modified_gmt":"2025-08-28T14:46:31","slug":"ana-sayfa-2","status":"publish","type":"page","link":"https:\/\/staging.aura-istanbul.com\/","title":{"rendered":"Ana Sayfa"},"content":{"rendered":"<div class=\"wpb-content-wrapper\"><p>[vc_row full_width=&#8221;stretch_row_content_no_spaces&#8221;][vc_column][vc_column_text css=&#8221;&#8221;]<!-- slick slide start :promo --><div class=\"slick-slide-cover slick-home-main home-promo-slide full-slide\" data-respsetting=\"1|1|1|1|1|1\" data-center=\"false\" data-loop=\"true\" data-autoplay=\"7000\" data-dots=\"true\" data-arrows=\"true\" data-fade=\"true\"><div class=\"slick-use\"><article style=\"background-color:#ffffff;\">\n            <picture>\n                <source media=\"(max-width: 769px)\" srcset=\"https:\/\/mlnera8i4hp8.i.optimole.com\/cb:xZdS.56c5c\/w:auto\/h:auto\/q:mauto\/g:sm\/https:\/\/staging.aura-istanbul.com\/wp-content\/uploads\/2017\/05\/zemin_1-1.jpg\"> \n                <source media=\"(min-width: 770px)\" srcset=\"https:\/\/mlnera8i4hp8.i.optimole.com\/cb:xZdS.56c5c\/w:auto\/h:auto\/q:mauto\/g:sm\/https:\/\/staging.aura-istanbul.com\/wp-content\/uploads\/2017\/05\/zemin_1-1.jpg\">\n                <img data-opt-id=2047702553  fetchpriority=\"high\" decoding=\"async\" src=\"https:\/\/mlnera8i4hp8.i.optimole.com\/cb:xZdS.56c5c\/w:auto\/h:auto\/q:mauto\/g:sm\/https:\/\/staging.aura-istanbul.com\/wp-content\/uploads\/2017\/05\/zemin_1-1.jpg\" alt=\"\">\n            <\/picture>\n            <div class=\"text\">\n                <div class=\"inner\">\n                    <h2 style=\"color:#ffffff;\"><\/h2>\n                    <div class=\"desc\" style=\"color:#ffffff;\">\n                    <!-- wp:paragraph -->\n<p><\/p>\n<!-- \/wp:paragraph -->\n\n<!-- wp:heading {\"level\":3} -->\n<h3 class=\"wp-block-heading\"><\/h3>\n<!-- \/wp:heading -->\n\n<!-- wp:paragraph -->\n<p><\/p>\n<!-- \/wp:paragraph -->\n                    <\/div>\n                <\/div>\n            <\/div>\n            <a href=\"https:\/\/staging.aura-istanbul.com\/index.php\/basvuru\/\" class=\"stick\">Explore<\/a>\n            <\/article><\/div><\/div><!-- slick slide end -->[\/vc_column_text][\/vc_column][\/vc_row][vc_row full_width=&#8221;stretch_row&#8221; css=&#8221;.vc_custom_1469052428865{padding-top: 50px !important;padding-bottom: 60px !important;background-color: #f6f6f5 !important;background-position: center !important;background-repeat: no-repeat !important;background-size: cover !important;}&#8221;][vc_column width=&#8221;1\/3&#8243;][box_feature title=&#8221;Sertifika Program\u0131&#8221; type=&#8221;pixfontawesome&#8221; icon_pixfontawesome=&#8221;fa fa-certificate&#8221; css_animation=&#8221;slideInUp&#8221;]Sertifika Program\u0131, ilgi alanlar\u0131 ve deneyimleri farkl\u0131 olan kat\u0131l\u0131mc\u0131lar\u0131n ki\u015fisel beklentilerine cevap verecek \u015fekilde geni\u015f kapsaml\u0131 olarak olu\u015fturulmu\u015ftur.[\/box_feature][vc_btn title=&#8221;Detaylar&#8221; color=&#8221;pink&#8221; size=&#8221;xs&#8221; align=&#8221;center&#8221; css_animation=&#8221;slideInUp&#8221; link=&#8221;url:https%3A%2F%2Fstaging.aura-istanbul.com%2Findex.php%2Fprogram%2F|||&#8221;][\/vc_column][vc_column width=&#8221;1\/3&#8243;][box_feature title=&#8221;Program Mod\u00fclleri&#8221; type=&#8221;pixfontawesome&#8221; css_animation=&#8221;slideInUp&#8221;]Program B\u00f6l\u00fcmleri olu\u015fturulurken \u00e7al\u0131\u015fma s\u00fcrecinde tarihsel ve kuramsal konular ile tasar\u0131m eylemi ve pratik aras\u0131ndaki ili\u015fkinin; mimarl\u0131k, planlama ve peyzaj mimarl\u0131\u011f\u0131 disiplinleri ile \u00f6zellikle sosyal bilimler aras\u0131ndaki ili\u015fkinin geli\u015ftirilmesi hedeflenmi\u015ftir.[\/box_feature][vc_btn title=&#8221;Detaylar&#8221; color=&#8221;pink&#8221; size=&#8221;xs&#8221; align=&#8221;center&#8221; css_animation=&#8221;slideInUp&#8221; link=&#8221;url:https%3A%2F%2Fstaging.aura-istanbul.com%2Findex.php%2Fprogram-modulleri%2F|||&#8221;][\/vc_column][vc_column width=&#8221;1\/3&#8243;][box_feature title=&#8221;Ba\u015fvuru&#8221; type=&#8221;pixfontawesome&#8221; icon_pixfontawesome=&#8221;fa fa-th-list&#8221; css_animation=&#8221;slideInUp&#8221;]Program, mimarl\u0131k ve \u015fehircilik konular\u0131nda lisans\u00fcst\u00fc e\u011fitim almay\u0131 ya da profesyonel kariyer yapmay\u0131 planlayan mimarl\u0131k ve \u015fehircilik b\u00f6l\u00fcmlerinin lisans veya lisans\u00fcst\u00fc programlar\u0131ndan mezun t\u00fcm gen\u00e7 meslek insanlar\u0131na a\u00e7\u0131kt\u0131r.[\/box_feature][vc_btn title=&#8221;Detaylar&#8221; color=&#8221;pink&#8221; size=&#8221;xs&#8221; align=&#8221;center&#8221; css_animation=&#8221;slideInUp&#8221; link=&#8221;url:https%3A%2F%2Fstaging.aura-istanbul.com%2Findex.php%2Fbasvuru%2F|||&#8221;][\/vc_column][\/vc_row][vc_row panchor=&#8221;anchor-disabled&#8221; icon_pixstrokegap=&#8221;icon icon-Umbrella&#8221; css=&#8221;.vc_custom_1469052460446{margin-top: 100px !important;margin-bottom: 100px !important;}&#8221;][vc_column][box_title titlepos=&#8221;text-left&#8221; css_animation=&#8221;slideInLeft&#8221; title=&#8221;Amac\u0131m\u0131z&#8221;]<\/p>\n<p class=\"p1\"><strong><span class=\"s1\">\u0130stanbul Mimarl\u0131k ve \u015eehircilik Ara\u015ft\u0131rmalar\u0131 Akademisi<\/span><\/strong><span class=\"s2\">,<br \/>\nd\u00fcnya kentlerinde ve \u00f6zellikle \u0130stanbul \u00fczerinde \u00e7a\u011f\u0131n getirdi\u011fi \u00e7e\u015fitli k\u00fcresel ve karma\u015f\u0131k sorunlar\u0131n a\u011f\u0131r bask\u0131 yapt\u0131\u011f\u0131n\u0131 g\u00f6zlemektedir.<span class=\"Apple-converted-space\">\u00a0 <\/span>AURA-\u0130stanbul, bu \u00e7a\u011fda\u015f sorunlar\u0131 anlamak ve ba\u015fa \u00e7\u0131kabilmek i\u00e7in \u00e7e\u015fitli uzmanl\u0131k alanlar\u0131n\u0131n birlikte \u00e7\u00f6z\u00fcm \u00fcretmeleri gerekti\u011fine inan\u0131r. AURA-\u0130stanbul, bu i\u015fbirli\u011fini sa\u011flayabilmek amac\u0131yla uluslararas\u0131 d\u00fczeyde faaliyet g\u00f6stermek \u00fczere yap\u0131lanm\u0131\u015f k\u00e2r amac\u0131 g\u00fctmeyen bir kurulu\u015ftur. En \u00f6nemli iki hedefinden ilki, sertifika program\u0131 arac\u0131l\u0131\u011f\u0131yla ilgili alanlar\u0131n mezunlar\u0131n\u0131 akademik ve profesyonel hayata haz\u0131rlayacak ara\u015ft\u0131rma ve e\u011fitim ortam\u0131n\u0131 sa\u011flamakt\u0131r. Di\u011fer hedefi ise, burada \u00fcretilecek ara\u015ft\u0131rma ve tasar\u0131m projeleri ile bir \u0130stanbul veri taban\u0131 olu\u015fturulmas\u0131na katk\u0131 sa\u011flamakt\u0131r. <\/span>[\/box_title][vc_empty_space height=&#8221;24px&#8221;][vc_video link=&#8221;https:\/\/www.youtube.com\/watch?v=lpsxm5_TdZA&amp;t=1s&#8221; src=&#8221;&#8220;https:\/\/www.youtube.com\/embed\/lpsxm5_TdZA&#8220;&#8221; width=&#8221;&#8220;560&#8220;&#8221; height=&#8221;&#8220;315&#8220;&#8221; frameborder=&#8221;&#8220;0&#8220;&#8221;][\/vc_column][\/vc_row][vc_section full_width=&#8221;stretch_row&#8221; css=&#8221;.vc_custom_1493981288699{background-color: #303030 !important;}&#8221;][vc_row][vc_column][vc_column_text]<\/p>\n<p style=\"text-align: center;\"><span style=\"text-align: center;\"><a style=\"color: #ffffff; padding-right: 10px;\" href=\"https:\/\/staging.aura-istanbul.com\/index.php\/hakkimizda\/kurumsal\/\">AURA Hakk\u0131nda<\/a><a style=\"color: #ffffff; padding-right: 10px;\" href=\"https:\/\/staging.aura-istanbul.com\/index.php\/program\/\">Sertifika Program\u0131<\/a><a style=\"color: #ffffff; padding-right: 10px;\" href=\"https:\/\/staging.aura-istanbul.com\/index.php\/basvuru-4\/\">Ba\u015fvuru<\/a>\u00a0<a style=\"color: #ffffff; padding-right: 10px;\" href=\"https:\/\/staging.aura-istanbul.com\/index.php\/iletisim\/\">\u0130leti\u015fim<\/a><\/span><\/p>\n<p>[\/vc_column_text][vc_separator color=&#8221;chino&#8221; el_width=&#8221;40&#8243; css=&#8221;.vc_custom_1536560172539{padding-top: 15px !important;padding-bottom: 15px !important;}&#8221;][vc_column_text]<\/p>\n<p style=\"text-align: center;\"><span style=\"color: #ffffff;\">Hasf\u0131r\u0131n Caddesi, Sinanpa\u015fa \u0130\u015f Merkezi Kat.4, Be\u015fikta\u015f, 34349, \u0130stanbul\u00a0<\/span><\/p>\n<p style=\"text-align: center; margin-top: -20px!important;\"><span style=\"color: #ffffff;\">0212 261 41 00\u00a0 <a style=\"color: white;\" href=\"mailto\">info@staging.aura-istanbul.com<\/a><\/span><\/p>\n<p>[\/vc_column_text][section_socicons title=&#8221;&#8221;][section_socicon type=&#8221;pixfontawesome&#8221; icon_pixfontawesome=&#8221;fa fa-facebook-square&#8221; link=&#8221;url:https%3A%2F%2Fwww.facebook.com%2Fauraistanbulakademi||target:%20_blank|&#8221;][section_socicon type=&#8221;pixfontawesome&#8221; icon_pixfontawesome=&#8221;fa fa-instagram&#8221; link=&#8221;url:https%3A%2F%2Fwww.instagram.com%2Fauraistanbul%2F||target:%20_blank|&#8221;][section_socicon type=&#8221;pixfontawesome&#8221; icon_pixfontawesome=&#8221;fa fa-linkedin-square&#8221; link=&#8221;url:https%3A%2F%2Fwww.linkedin.com%2Fcompany%2Faura-istanbul%2F||target:%20_blank|&#8221;][section_socicon type=&#8221;pixfontawesome&#8221; icon_pixfontawesome=&#8221;fa fa-pinterest&#8221; link=&#8221;url:https%3A%2F%2Ftr.pinterest.com%2Fauraistanbul%2F||target:%20_blank|&#8221;][section_socicon type=&#8221;pixfontawesome&#8221; icon_pixfontawesome=&#8221;fa fa-youtube&#8221; link=&#8221;url:https%3A%2F%2Fwww.youtube.com%2Fchannel%2FUCpResB5jh5CUXt8Z4FRWGUQ||target:%20_blank|&#8221;][\/section_socicons][\/vc_column][\/vc_row][\/vc_section]<\/p>\n<\/div>","protected":false},"excerpt":{"rendered":"<p>[vc_row full_width=&#8221;stretch_row_content_no_spaces&#8221;][vc_column][vc_column_text css=&#8221;&#8221;][\/vc_column_text][\/vc_column][\/vc_row][vc_row full_width=&#8221;stretch_row&#8221; css=&#8221;.vc_custom_1469052428865{padding-top: 50px !important;padding-bottom: 60px !important;background-color: #f6f6f5 !important;background-position: center !important;background-repeat: no-repeat !important;background-size: cover !important;}&#8221;][vc_column width=&#8221;1\/3&#8243;][box_feature title=&#8221;Sertifika Program\u0131&#8221; type=&#8221;pixfontawesome&#8221; icon_pixfontawesome=&#8221;fa fa-certificate&#8221; css_animation=&#8221;slideInUp&#8221;]Sertifika Program\u0131, ilgi alanlar\u0131 ve deneyimleri farkl\u0131 [&hellip;]<\/p>\n","protected":false},"author":1,"featured_media":0,"parent":0,"menu_order":0,"comment_status":"closed","ping_status":"closed","template":"home-template.php","meta":{"_acf_changed":false,"_seopress_robots_primary_cat":"","_seopress_titles_title":"AURA-\u0130stanbul Mimarl\u0131k ve \u015eehircilik Ara\u015ft\u0131rmalar\u0131 Akademisi","_seopress_titles_desc":"\u0130stanbul'un k\u00fclt\u00fcr miras\u0131n\u0131n y\u00f6netilmesi i\u00e7in yeni pratiklere ihtiya\u00e7 var: Aura \u0130stanbul, \u0130stanbul\u2019a sahip \u00e7\u0131kacak \u00e7evrelerin say\u0131s\u0131n\u0131 art\u0131rmay\u0131 hedefliyor.","_seopress_robots_index":"","_price":"","_stock":"","_tribe_ticket_header":"","_tribe_default_ticket_provider":"","_ticket_start_date":"","_ticket_end_date":"","_tribe_ticket_show_description":"","_tribe_ticket_show_not_going":false,"_tribe_ticket_use_global_stock":"","_tribe_ticket_global_stock_level":"","_global_stock_mode":"","_global_stock_cap":"","_tribe_rsvp_for_event":"","_tribe_ticket_going_count":"","_tribe_ticket_not_going_count":"","_tribe_tickets_list":"[]","_tribe_ticket_has_attendee_info_fields":false,"_EventAllDay":false,"_EventTimezone":"","_EventStartDate":"","_EventEndDate":"","_EventStartDateUTC":"","_EventEndDateUTC":"","_EventShowMap":false,"_EventShowMapLink":false,"_EventURL":"","_EventCost":"","_EventCostDescription":"","_EventCurrencySymbol":"","_EventCurrencyCode":"","_EventCurrencyPosition":"","_EventDateTimeSeparator":"","_EventTimeRangeSeparator":"","_EventOrganizerID":[],"_EventVenueID":[],"_OrganizerEmail":"","_OrganizerPhone":"","_OrganizerWebsite":"","_VenueAddress":"","_VenueCity":"","_VenueCountry":"","_VenueProvince":"","_VenueState":"","_VenueZip":"","_VenuePhone":"","_VenueURL":"","_VenueStateProvince":"","_VenueLat":"","_VenueLng":"","_VenueShowMap":false,"_VenueShowMapLink":false,"footnotes":"","_tec_slr_enabled":"","_tec_slr_layout":""},"class_list":["post-75","page","type-page","status-publish","hentry"],"acf":[],"ticketed":false,"_links":{"self":[{"href":"https:\/\/staging.aura-istanbul.com\/index.php\/wp-json\/wp\/v2\/pages\/75","targetHints":{"allow":["GET"]}}],"collection":[{"href":"https:\/\/staging.aura-istanbul.com\/index.php\/wp-json\/wp\/v2\/pages"}],"about":[{"href":"https:\/\/staging.aura-istanbul.com\/index.php\/wp-json\/wp\/v2\/types\/page"}],"author":[{"embeddable":true,"href":"https:\/\/staging.aura-istanbul.com\/index.php\/wp-json\/wp\/v2\/users\/1"}],"replies":[{"embeddable":true,"href":"https:\/\/staging.aura-istanbul.com\/index.php\/wp-json\/wp\/v2\/comments?post=75"}],"version-history":[{"count":112,"href":"https:\/\/staging.aura-istanbul.com\/index.php\/wp-json\/wp\/v2\/pages\/75\/revisions"}],"predecessor-version":[{"id":14588,"href":"https:\/\/staging.aura-istanbul.com\/index.php\/wp-json\/wp\/v2\/pages\/75\/revisions\/14588"}],"wp:attachment":[{"href":"https:\/\/staging.aura-istanbul.com\/index.php\/wp-json\/wp\/v2\/media?parent=75"}],"curies":[{"name":"wp","href":"https:\/\/api.w.org\/{rel}","templated":true}]}}