{"id":7474,"date":"2020-09-03T13:05:04","date_gmt":"2020-09-03T10:05:04","guid":{"rendered":"https:\/\/staging.aura-istanbul.com\/?page_id=7474"},"modified":"2020-09-18T14:41:15","modified_gmt":"2020-09-18T11:41:15","slug":"aura-alumni-ahmed-furkan-badur","status":"publish","type":"page","link":"https:\/\/staging.aura-istanbul.com\/index.php\/aura-alumni-ahmed-furkan-badur\/","title":{"rendered":"AURA Alumni: Ahmed Furkan Badur"},"content":{"rendered":"<div class=\"wpb-content-wrapper\"><p>[vc_section][vc_row][vc_column width=&#8221;1\/6&#8243;][vc_single_image image=&#8221;7253&#8243; img_size=&#8221;large&#8221; alignment=&#8221;center&#8221;][vc_empty_space][vc_column_text]<strong>Ahmed Furkan Badur<\/strong>[\/vc_column_text][vc_empty_space height=&#8221;16px&#8221;][vc_column_text]Mimar<br \/>\nSakarya \u00dcniversitesi<\/p>\n<p>Bahar 2020<br \/>\nDan\u0131\u015fman: Cem \u0130lhan &#8211; Devrim \u00c7imen[\/vc_column_text][vc_empty_space][vc_row_inner][vc_column_inner width=&#8221;1\/4&#8243;][vc_icon icon_fontawesome=&#8221;fa fa-envelope-o&#8221; color=&#8221;chino&#8221; size=&#8221;xs&#8221; link=&#8221;url:http%3A%2F%2Fmimarbadur%40gmail.com|||&#8221;][\/vc_column_inner][vc_column_inner width=&#8221;1\/4&#8243;][vc_icon icon_fontawesome=&#8221;fa fa-linkedin&#8221; color=&#8221;chino&#8221; size=&#8221;xs&#8221; link=&#8221;url:https%3A%2F%2Fwww.linkedin.com%2Fin%2Fahmed-badur%2F|||&#8221;][\/vc_column_inner][vc_column_inner width=&#8221;1\/4&#8243;][vc_icon icon_fontawesome=&#8221;fa fa-behance&#8221; color=&#8221;chino&#8221; size=&#8221;xs&#8221; link=&#8221;url:https%3A%2F%2Fwww.behance.net%2Fahmedbadur|||&#8221;][\/vc_column_inner][\/vc_row_inner][\/vc_column][vc_column width=&#8221;2\/3&#8243;][vc_column_text]<\/p>\n<p style=\"text-align: left;\"><strong>Esnaflar \u0130\u00e7in Alternatif Ya\u015fam Tahayy\u00fcl\u00fc: Karak\u00f6y\/Per\u015fembe Pazar\u0131<\/strong><\/p>\n<p>[\/vc_column_text][vc_column_text]K\u00fcreselle\u015fen d\u00fcnyada kentler aras\u0131nda kurulan ili\u015fkiler artm\u0131\u015f ve sermayenin k\u00fcresel \u00f6l\u00e7ekte kentlere entegre olmaya \u00e7al\u0131\u015fmas\u0131 kentleri birbirinden ay\u0131ran \u00f6zellikleri olan k\u00fclt\u00fcrel de\u011ferleri tahrip ederek kendi kimliklerinden uzakla\u015ft\u0131rmaya ba\u015flam\u0131\u015ft\u0131r.<\/p>\n<p>Bu \u00e7al\u0131\u015fmada at\u0131l bir durumda olan Per\u015fembe Pazar\u0131\u2019n\u0131n g\u00fcn\u00fcm\u00fcz \u015fartlar\u0131nda kuraca\u011f\u0131 ili\u015fkiler nas\u0131l programlanabilir, yeniden kullan\u0131m-adaptasyon kavramlar\u0131 ile hangi model bi\u00e7imleri entegre edilerek b\u00f6lgenin aktifli\u011fi yeniden kurulabilir sorular\u0131n\u0131n cevab\u0131 tahayy\u00fcl \u00e7al\u0131\u015fmalar\u0131 ile anlat\u0131lmaya \u00e7al\u0131\u015f\u0131lm\u0131\u015ft\u0131r.<\/p>\n<p>Anahtar Kelimeler: liman, pazar, ticaret, h\u0131rdavat, esnaf, zanaat, sanat, \u00fcretim, kentsel kimlik, k\u00fclt\u00fcrel miras, koruma, yenileme, yeniden kullan\u0131m, adaptasyon[\/vc_column_text][vc_empty_space][vc_gallery interval=&#8221;10&#8243; images=&#8221;7481,7482,7478,7483,7477&#8243; img_size=&#8221;full&#8221;][\/vc_column][vc_column width=&#8221;1\/6&#8243;][vc_single_image image=&#8221;7484&#8243; img_size=&#8221;full&#8221; alignment=&#8221;center&#8221; style=&#8221;vc_box_border&#8221; onclick=&#8221;custom_link&#8221; img_link_target=&#8221;_blank&#8221; link=&#8221;https:\/\/issuu.com\/aura-istanbul\/docs\/ahmed_badur&#8221;][vc_empty_space height=&#8221;16px&#8221;][vc_row_inner][vc_column_inner][vc_column_text]<\/p>\n<ul>\n<li>Projeyi incelemek i\u00e7in <a href=\"https:\/\/issuu.com\/aura-istanbul\/docs\/ahmed_badur\">t\u0131klay\u0131n.<\/a><\/li>\n<\/ul>\n<p>[\/vc_column_text][\/vc_column_inner][\/vc_row_inner][vc_empty_space height=&#8221;16px&#8221;][vc_row_inner][vc_column_inner width=&#8221;2\/3&#8243;][\/vc_column_inner][vc_column_inner width=&#8221;1\/3&#8243;][\/vc_column_inner][\/vc_row_inner][\/vc_column][\/vc_row][\/vc_section]<\/p>\n<\/div>","protected":false},"excerpt":{"rendered":"<p>[vc_section][vc_row][vc_column width=&#8221;1\/6&#8243;][vc_single_image image=&#8221;7253&#8243; img_size=&#8221;large&#8221; alignment=&#8221;center&#8221;][vc_empty_space][vc_column_text]Ahmed Furkan Badur[\/vc_column_text][vc_empty_space height=&#8221;16px&#8221;][vc_column_text]Mimar Sakarya \u00dcniversitesi Bahar 2020 Dan\u0131\u015fman: Cem \u0130lhan &#8211; Devrim \u00c7imen[\/vc_column_text][vc_empty_space][vc_row_inner][vc_column_inner width=&#8221;1\/4&#8243;][vc_icon icon_fontawesome=&#8221;fa fa-envelope-o&#8221; color=&#8221;chino&#8221; size=&#8221;xs&#8221; link=&#8221;url:http%3A%2F%2Fmimarbadur%40gmail.com|||&#8221;][\/vc_column_inner][vc_column_inner width=&#8221;1\/4&#8243;][vc_icon icon_fontawesome=&#8221;fa fa-linkedin&#8221; color=&#8221;chino&#8221; size=&#8221;xs&#8221; link=&#8221;url:https%3A%2F%2Fwww.linkedin.com%2Fin%2Fahmed-badur%2F|||&#8221;][\/vc_column_inner][vc_column_inner [&hellip;]<\/p>\n","protected":false},"author":7,"featured_media":0,"parent":0,"menu_order":0,"comment_status":"closed","ping_status":"closed","template":"","meta":{"_acf_changed":false,"_seopress_robots_primary_cat":"","_seopress_titles_title":"Ahmed Furkan Badur: Esnaflar \u0130\u00e7in Alternatif  Ya\u015fam Tahayy\u00fcl\u00fc: Karak\u00f6y\/Per\u015fembe Pazar\u0131 | %%sitetitle%%","_seopress_titles_desc":"K\u00fcreselle\u015fen d\u00fcnyada kentler aras\u0131nda kurulan ili\u015fkiler artm\u0131\u015f ve sermayenin k\u00fcresel \u00f6l\u00e7ekte kentlere entegre olmaya \u00e7al\u0131\u015fmas\u0131 kentleri birbirinden ay\u0131ran \u00f6zellikleri olan k\u00fclt\u00fcrel de\u011ferleri tahrip ederek kendi kimliklerinden uzakla\u015ft\u0131rmaya ba\u015flam\u0131\u015ft\u0131r.\r\n\r\nBu \u00e7al\u0131\u015fmada at\u0131l bir durumda olan Per\u015fembe Pazar\u0131\u2019n\u0131n g\u00fcn\u00fcm\u00fcz \u015fartlar\u0131nda kuraca\u011f\u0131 ili\u015fkiler nas\u0131l programlanabilir, yeniden kullan\u0131m-adaptasyon kavramlar\u0131 ile hangi model bi\u00e7imleri entegre edilerek b\u00f6lgenin aktifli\u011fi yeniden kurulabilir sorular\u0131n\u0131n cevab\u0131 tahayy\u00fcl \u00e7al\u0131\u015fmalar\u0131 ile anlat\u0131lmaya \u00e7al\u0131\u015f\u0131lm\u0131\u015ft\u0131r.","_seopress_robots_index":"","_price":"","_stock":"","_tribe_ticket_header":"","_tribe_default_ticket_provider":"","_ticket_start_date":"","_ticket_end_date":"","_tribe_ticket_show_description":"","_tribe_ticket_show_not_going":false,"_tribe_ticket_use_global_stock":"","_tribe_ticket_global_stock_level":"","_global_stock_mode":"","_global_stock_cap":"","_tribe_rsvp_for_event":"","_tribe_ticket_going_count":"","_tribe_ticket_not_going_count":"","_tribe_tickets_list":"[]","_tribe_ticket_has_attendee_info_fields":false,"_EventAllDay":false,"_EventTimezone":"","_EventStartDate":"","_EventEndDate":"","_EventStartDateUTC":"","_EventEndDateUTC":"","_EventShowMap":false,"_EventShowMapLink":false,"_EventURL":"","_EventCost":"","_EventCostDescription":"","_EventCurrencySymbol":"","_EventCurrencyCode":"","_EventCurrencyPosition":"","_EventDateTimeSeparator":"","_EventTimeRangeSeparator":"","_EventOrganizerID":[],"_EventVenueID":[],"_OrganizerEmail":"","_OrganizerPhone":"","_OrganizerWebsite":"","_VenueAddress":"","_VenueCity":"","_VenueCountry":"","_VenueProvince":"","_VenueState":"","_VenueZip":"","_VenuePhone":"","_VenueURL":"","_VenueStateProvince":"","_VenueLat":"","_VenueLng":"","_VenueShowMap":false,"_VenueShowMapLink":false,"footnotes":"","_tec_slr_enabled":"","_tec_slr_layout":""},"class_list":["post-7474","page","type-page","status-publish","hentry"],"acf":[],"ticketed":false,"_links":{"self":[{"href":"https:\/\/staging.aura-istanbul.com\/index.php\/wp-json\/wp\/v2\/pages\/7474","targetHints":{"allow":["GET"]}}],"collection":[{"href":"https:\/\/staging.aura-istanbul.com\/index.php\/wp-json\/wp\/v2\/pages"}],"about":[{"href":"https:\/\/staging.aura-istanbul.com\/index.php\/wp-json\/wp\/v2\/types\/page"}],"author":[{"embeddable":true,"href":"https:\/\/staging.aura-istanbul.com\/index.php\/wp-json\/wp\/v2\/users\/7"}],"replies":[{"embeddable":true,"href":"https:\/\/staging.aura-istanbul.com\/index.php\/wp-json\/wp\/v2\/comments?post=7474"}],"version-history":[{"count":6,"href":"https:\/\/staging.aura-istanbul.com\/index.php\/wp-json\/wp\/v2\/pages\/7474\/revisions"}],"predecessor-version":[{"id":7800,"href":"https:\/\/staging.aura-istanbul.com\/index.php\/wp-json\/wp\/v2\/pages\/7474\/revisions\/7800"}],"wp:attachment":[{"href":"https:\/\/staging.aura-istanbul.com\/index.php\/wp-json\/wp\/v2\/media?parent=7474"}],"curies":[{"name":"wp","href":"https:\/\/api.w.org\/{rel}","templated":true}]}}