{"id":6115,"date":"2020-01-10T14:44:18","date_gmt":"2020-01-10T11:44:18","guid":{"rendered":"https:\/\/staging.aura-istanbul.com\/?page_id=6115"},"modified":"2025-09-18T10:44:35","modified_gmt":"2025-09-18T07:44:35","slug":"sikcasorulansorular","status":"publish","type":"page","link":"https:\/\/staging.aura-istanbul.com\/index.php\/sikcasorulansorular\/","title":{"rendered":"S\u0131k\u00e7a Sorulan Sorular"},"content":{"rendered":"<div class=\"wpb-content-wrapper\"><p>[vc_row equal_height=&#8221;yes&#8221;][vc_column width=&#8221;1\/2&#8243;][vc_row_inner 0=&#8221;&#8221;][vc_column_inner 0=&#8221;&#8221;][vc_column_text 0=&#8221;&#8221;]<\/p>\n<h3 style=\"text-align: center;\">Sertifika Program\u0131<\/h3>\n<hr \/>\n<p>[\/vc_column_text][vc_empty_space 0=&#8221;&#8221;][\/vc_column_inner][\/vc_row_inner][vc_tta_accordion active_section=&#8221;non-existing number&#8221;][vc_tta_section title=&#8221;AURA \u0130stanbul, herhangi bir enstit\u00fc ya da y\u00fcksek \u00f6\u011frenim kurulu\u015funa ba\u011fl\u0131 m\u0131d\u0131r?&#8221; tab_id=&#8221;1563537844781-199ebda8-0b44&#8243;][vc_column_text 0=&#8221;&#8221;]AURA \u0130stanbul <strong>kar amac\u0131 g\u00fctmeyen ba\u011f\u0131ms\u0131z bir kurulu\u015ftur.<\/strong> Hi\u00e7bir y\u00fcksek \u00f6\u011fretim kurulu\u015funa ya da enstit\u00fcye ba\u011fl\u0131 de\u011fildir.[\/vc_column_text][\/vc_tta_section][vc_tta_section title=&#8221;Sertifika Program\u0131 kat\u0131l\u0131mc\u0131lar\u0131ndan \u00fccret talep ediliyor mu?&#8221; tab_id=&#8221;1563537844812-04d5de74-268c&#8221;][vc_column_text 0=&#8221;&#8221;]Ba\u015fvuranlardan ve kat\u0131l\u0131mc\u0131lardan herhangi bir <strong>\u00fccret talep edilmez<\/strong>. Kat\u0131l\u0131mc\u0131 olmak i\u00e7in ba\u015fvuru s\u00fcreci sonucunda se\u00e7ilmi\u015f olmak yeterlidir. Kat\u0131l\u0131mc\u0131lar\u0131n program masraflar\u0131 ise sponsorlardan elde edilen gelirlerle kar\u015f\u0131lanmaktad\u0131r.[\/vc_column_text][\/vc_tta_section][vc_tta_section title=&#8221;Sertifika Program\u0131&#8217;na kimler ba\u015fvurabilir? Program, yaln\u0131zca mimarl\u0131k ve \u015fehircilik \u00fczerine lisans formasyonu olan ki\u015filere mi a\u00e7\u0131kt\u0131r?&#8221; tab_id=&#8221;1563538009952-22339162-036e&#8221;][vc_column_text 0=&#8221;&#8221;]\u0130stanbul Mimarl\u0131k ve \u015eehircilik Ara\u015ft\u0131rmalar\u0131 Akademisi, \u015fehir ve mimarl\u0131k \u00fczerine sorgusu olan herkese a\u00e7\u0131kt\u0131r. <strong>Mimari, i\u00e7 mimari ve kentsel \u00f6l\u00e7ekte<\/strong> ara\u015ft\u0131rma ve proje \u00fcretmek isteyen, <strong>t\u00fcm disiplinlerin lisans mezunlar\u0131<\/strong> ba\u015fvuruda bulunabilir.<\/p>\n<p>Sertifika Program\u0131na ba\u015fvurmak i\u00e7in gerekli olan lisans derecesi; mimarl\u0131k, \u015fehir ve b\u00f6lge planlama, i\u00e7 mimarl\u0131k, peyzaj mimarl\u0131\u011f\u0131, end\u00fcstri \u00fcr\u00fcnleri tasar\u0131m\u0131, plastik sanatlar gibi <strong>mimarl\u0131k<\/strong>, <strong>tasar\u0131m ve m\u00fchendislik fak\u00fcltelerinden<\/strong> olabilece\u011fi gibi, sosyoloji, antropoloji, edebiyat, ekonomi gibi <strong>sosyal bilimler<\/strong> b\u00f6l\u00fcmlerinden mezun olmu\u015f ve mimarl\u0131k\/\u015fehircilik \u00fczerine \u00e7al\u0131\u015fmak isteyen herkese a\u00e7\u0131kt\u0131r.[\/vc_column_text][\/vc_tta_section][vc_tta_section title=&#8221;Sertifika Program\u0131 y\u0131lda ka\u00e7 kez d\u00fczenlenir?&#8221; tab_id=&#8221;1563538183839-b4d8804a-339e&#8221;][vc_column_text 0=&#8221;&#8221;]Sertifika Program\u0131, her bahar ve g\u00fcz d\u00f6nemi olmak \u00fczere, <strong>y\u0131lda 2 kez<\/strong> d\u00fczenlenir.[\/vc_column_text][\/vc_tta_section][vc_tta_section title=&#8221;Program\u0131n s\u00fcresi nedir?&#8221; tab_id=&#8221;1563538217963-30cedf03-4814&#8243;][vc_column_text 0=&#8221;&#8221; css=&#8221;&#8221;]2025 y\u0131l\u0131 G\u00fcz D\u00f6nemi i\u00e7in ba\u015flang\u0131\u00e7 ve biti\u015f tarihleri:<br \/>\nProgram Ba\u015flang\u0131c\u0131: <strong>29 Eyl\u00fcl 2025<\/strong><br \/>\nProgram Sonu: <b>25 Ocak 2026<\/b>[\/vc_column_text][\/vc_tta_section][vc_tta_section title=&#8221;Tam zamanl\u0131 kat\u0131l\u0131m, hafta i\u00e7i hangi g\u00fcn ve saat aral\u0131\u011f\u0131n\u0131 kapsamaktad\u0131r?&#8221; tab_id=&#8221;1563540453013-e7385800-1031&#8243;][vc_column_text 0=&#8221;&#8221; css=&#8221;&#8221;]Tam zamanl\u0131 kat\u0131l\u0131m ba\u015fvuru i\u00e7in \u00f6n ko\u015fuldur. Kat\u0131l\u0131mc\u0131lar\u0131n <strong>hafta i\u00e7i her g\u00fcn 10:00 \u2013 18:00<\/strong> saatleri aras\u0131nda aktif olarak ara\u015ft\u0131rma tabanl\u0131 tasar\u0131m projelerini geli\u015ftirmeleri ve <strong>Cumartesi Auras\u0131<\/strong> konferanslar\u0131na, <strong>AURA Forum<\/strong> tasar\u0131m bulu\u015fmalar\u0131na, <strong>Exlibris AURA <\/strong>kitap s\u00f6yle\u015filerine\u00a0ve\u00a0<strong>AURA Suare<\/strong> etkinliklerine kat\u0131lmalar\u0131 gereklidir.[\/vc_column_text][\/vc_tta_section][vc_tta_section title=&#8221;Program s\u00fcresince, yar\u0131 zamanl\u0131 bir i\u015fe ya da herhangi bir \u00f6\u011frenim kurumuna devam m\u00fcmk\u00fcn m\u00fcd\u00fcr?&#8221; tab_id=&#8221;1563540518144-014dcce7-ad02&#8243;][vc_column_text 0=&#8221;&#8221;]M\u00fcmk\u00fcn de\u011fildir. \u00c7al\u0131\u015fanlar ve e\u011fitimine devam edenler i\u00e7in uygun bir program de\u011fildir.[\/vc_column_text][\/vc_tta_section][vc_tta_section title=&#8221;Program s\u00fcresince \u0130stanbul\u2019da ikamet etmek gerekli midir?&#8221; tab_id=&#8221;1563540557103-b31b348e-e64d&#8221;][vc_column_text 0=&#8221;&#8221;]D\u00f6nem boyunca; st\u00fcdyo g\u00f6r\u00fc\u015fmeleri, t\u00fcm seminer, konferans, etkinlikler, AURA \u0130stanbul&#8217;un Be\u015fikta\u015f&#8217;taki ofisinde y\u00fcz y\u00fcze ger\u00e7ekle\u015fecektir.<\/p>\n<p>Kat\u0131l\u0131mc\u0131lar\u0131n program kapsam\u0131nda d\u00fczenlenen fiziksel etkinliklerin dinamik yap\u0131s\u0131na uyum sa\u011flamalar\u0131 ve d\u00f6nem boyunca\u00a0<strong>tam zamanl\u0131\u00a0<\/strong>olarak programda yer almalar\u0131 beklenmektedir.[\/vc_column_text][\/vc_tta_section][vc_tta_section title=&#8221;Sertifika Program\u0131\u2019nda bir d\u00f6nemde ka\u00e7 kat\u0131l\u0131mc\u0131 yer alabilir?&#8221; tab_id=&#8221;1563540590002-5c3f335b-fdef&#8221;][vc_column_text 0=&#8221;&#8221;]Sertifika Program\u0131\u2019nda bir d\u00f6nem i\u00e7erisinde yakla\u015f\u0131k olarak\u00a0<strong>18 kat\u0131l\u0131mc\u0131<\/strong> yer alabilir.<br \/>\nBu say\u0131 her kat\u0131l\u0131mc\u0131n\u0131n konforlu bir ortamda \u00e7al\u0131\u015fabilmesi ad\u0131na, mekansal ko\u015fullar gere\u011fi belirlenmi\u015ftir. Se\u00e7ici Kurul\u2019un tercihine ba\u011fl\u0131 olarak programda daha az veya fazla say\u0131da kat\u0131l\u0131mc\u0131ya da yer verilebilir.[\/vc_column_text][\/vc_tta_section][vc_tta_section title=&#8221;Sertifika Program\u0131 kat\u0131l\u0131mc\u0131s\u0131 olmadan, seminerlere ve at\u00f6lye \u00e7al\u0131\u015fmalar\u0131na kat\u0131lmak m\u00fcmk\u00fcn m\u00fcd\u00fcr?&#8221; tab_id=&#8221;1563540610437-308e2869-c6f0&#8243;][vc_column_text 0=&#8221;&#8221;]AURA \u0130stanbul yaln\u0131zca sertifika program\u0131ndan olu\u015fan bir akademi de\u011fildir. Akademi kapsam\u0131ndaki ger\u00e7ekle\u015fen seminer dizileri, st\u00fcdyo \u00e7al\u0131\u015fmalar\u0131, at\u00f6lyeler ve geziler yaln\u0131zca program kat\u0131l\u0131mc\u0131lar\u0131na a\u00e7\u0131kt\u0131r. Ancak, AURA \u0130stanbul ev sahipli\u011finde herkese a\u00e7\u0131k olarak ger\u00e7ekle\u015fen Cumartesi Auras\u0131 seminerlerine, AURA Forum kapsam\u0131nda ger\u00e7ekle\u015fen bulu\u015fma serilerine ve di\u011fer etkinliklere d\u0131\u015far\u0131dan da kat\u0131l\u0131m m\u00fcmk\u00fcnd\u00fcr.<\/p>\n<p>Herkese a\u00e7\u0131k olarak d\u00fczenlenen etkinliklere Blog sayfas\u0131n\u0131 takip ederek, e-posta listemize \u00fcye olarak ya da t\u00fcm sosyal medya hesaplar\u0131m\u0131zdan ula\u015fabilirsiniz.[\/vc_column_text][\/vc_tta_section][vc_tta_section title=&#8221;Sertifika Program\u0131 sonucunda kat\u0131l\u0131mc\u0131lara bir belge veriliyor mu?&#8221; tab_id=&#8221;1563540663127-aa03c613-1162&#8243;][vc_column_text 0=&#8221;&#8221;]Program\u0131, tam zamanl\u0131 kat\u0131l\u0131m sa\u011flayarak, e\u011fitim komisyonu ve y\u00fcr\u00fct\u00fcc\u00fclerin onay\u0131 ile, ba\u015far\u0131yla bitiren kat\u0131l\u0131mc\u0131lara, AURA \u0130stanbul Sertifika Program\u0131 &#8211; <strong>Kat\u0131l\u0131m Sertifikas\u0131<\/strong> verilmektedir.[\/vc_column_text][\/vc_tta_section][vc_tta_section title=&#8221;Sertifika Program\u0131 sonucunda verilen kat\u0131l\u0131m sertifikas\u0131n\u0131n herhangi bir \u00f6\u011frenim kurumu i\u00e7in ge\u00e7erlili\u011fi var m\u0131d\u0131r?&#8221; tab_id=&#8221;1563540721282-edc42229-c5e8&#8243;][vc_column_text 0=&#8221;&#8221;]Program herhangi bir akademik derece vermemektedir. AURA-\u0130stanbul kat\u0131l\u0131m sertifikas\u0131 lisans, y\u00fcksek lisans, yahut Y\u00d6K\u2019e ba\u011fl\u0131 herhangi bir bitirme belgesi ya da sertifika yerine ge\u00e7memektedir.[\/vc_column_text][\/vc_tta_section][\/vc_tta_accordion][\/vc_column][vc_column width=&#8221;1\/2&#8243;][vc_row_inner 0=&#8221;&#8221;][vc_column_inner 0=&#8221;&#8221;][vc_column_text 0=&#8221;&#8221;]<\/p>\n<h3 style=\"text-align: center;\">Ba\u015fvuru S\u00fcreci<\/h3>\n<hr \/>\n<p>[\/vc_column_text][vc_empty_space 0=&#8221;&#8221;][\/vc_column_inner][\/vc_row_inner][vc_tta_accordion active_section=&#8221;non-existing number&#8221;][vc_tta_section title=&#8221;Son Ba\u015fvuru Tarihi nedir?&#8221; tab_id=&#8221;1563540922841-589d2a38-3fc4&#8243;][vc_column_text 0=&#8221;&#8221; css=&#8221;&#8221;]Ba\u015fvurular<b> 21 Eyl\u00fcl Pazar g\u00fcn\u00fc saat 23.59&#8217;da <\/b>sonlanacakt\u0131r.[\/vc_column_text][\/vc_tta_section][vc_tta_section title=&#8221;Ba\u015fvuru i\u00e7in gerekli belgeler nelerdir?&#8221; tab_id=&#8221;1563540922890-748818eb-186c&#8221;][vc_column_text 0=&#8221;&#8221; css=&#8221;&#8221;]Ba\u015fvuru sayfas\u0131nda yer ald\u0131\u011f\u0131 \u00fczere, ba\u015fvuru i\u00e7in gerekli belgeler:<\/p>\n<ol>\n<li><strong>Niyet Mektubu:<\/strong><br \/>\n&#8211; Kat\u0131l\u0131mc\u0131 aday\u0131n\u0131n programa kat\u0131lma amac\u0131 ve hedeflerini\u00a0kaleme ald\u0131\u011f\u0131 metin (En fazla 200 kelime)<br \/>\n&#8211; Kat\u0131l\u0131mc\u0131 aday\u0131n\u0131n bireysel ilgi alanlar\u0131 do\u011frultusunda program kapsam\u0131nda geli\u015ftirmeyi planlad\u0131\u011f\u0131, \u0130stanbul ile ilgili ara\u015ft\u0131rma\/tasar\u0131m projesini ve\u00a0st\u00fcdyonun ana temas\u0131 ile ili\u015fkisini kaleme ald\u0131\u011f\u0131 a\u00e7\u0131klay\u0131c\u0131 metin (En fazla 300 kelime)<\/li>\n<li><strong>G\u00fcncel \u00d6zge\u00e7mi\u015f<\/strong>\u00a0(CV)<\/li>\n<li><strong>\u00c7al\u0131\u015fmalar\u0131 \u0130\u00e7eren Dosya<\/strong>\u00a0(Portfolyo)<\/li>\n<li><strong>\u0130ngilizce Yeterlili\u011fi G\u00f6steren S\u0131nav Sonu\u00e7 Belgesi\u00a0<\/strong>(Program ba\u015fvurular\u0131nda \u00f6n\u00a0ko\u015ful de\u011fil, tercih nedenidir.)<\/li>\n<\/ol>\n<p>Dosya teslim formatlar\u0131 ve dosya boyutu \u015fartlar\u0131\u00a0ba\u015fvuru formunda yer almaktad\u0131r.[\/vc_column_text][\/vc_tta_section][vc_tta_section title=&#8221;\u0130ngilizce Yeterlilik Belgesi olmadan ba\u015fvuru yap\u0131labilir mi? Taban puanlar nedir?&#8221; tab_id=&#8221;1563541307633-5acf9c10-4bb5&#8243;][vc_column_text 0=&#8221;&#8221;]\u0130ngilizce yeterlilik belgesi, program ba\u015fvurular\u0131nda <strong>\u00f6n\u00a0ko\u015ful de\u011fil<\/strong>, tercih nedenidir. Adaylar\u0131n, \u0130ngilizce \u00e7al\u0131\u015fmalar\u0131 okumak, tart\u0131\u015fmak, ara\u015ft\u0131rmak ve sunmak i\u00e7in yeterli bilgiye sahip olmalar\u0131, ba\u015fvuru de\u011ferlendirme s\u00fcrecinde bir tercih nedenidir.<\/p>\n<p>Ana dili \u0130ngilizce olmayan t\u00fcm yabanc\u0131 uyruklu adaylar\u0131n ba\u015fvuru i\u00e7in YDS (en az 65), TOEFL IBT (en az 70) veya IELTS (en az 6.0) puana sahip olmalar\u0131 gerekmektedir.<\/p>\n<p>T\u00fcm kat\u0131l\u0131mc\u0131 adaylar\u0131 i\u00e7in, Covid-19 pandemisi boyunca, \u00fcniversitelerden veya dil okullar\u0131ndan edinilen s\u0131nav sonu\u00e7 belgeleri veya sertifikalar da kabul edilecektir.[\/vc_column_text][\/vc_tta_section][vc_tta_section title=&#8221;Nas\u0131l ba\u015fvuruda bulunabilirim?&#8221; tab_id=&#8221;1563540986388-ab6d6920-b0be&#8221;][vc_column_text 0=&#8221;&#8221; css=&#8221;&#8221;]Program kapsam\u0131nda geli\u015ftirmek \/ \u00fcretmek istenilen, ara\u015ft\u0131rma \/ tasar\u0131m projesine karar verildikten sonra, m\u00fcracaat d\u00f6nemi i\u00e7erisinde ba\u015fvuru i\u00e7in gerekli belgeler ile\u00a0<a href=\"https:\/\/forms.gle\/NUEmx2tgahXn3AoaA\"><strong>online form<\/strong><\/a> \u00fczerinden ba\u015fvuru yap\u0131labilir.[\/vc_column_text][\/vc_tta_section][vc_tta_section title=&#8221;Ba\u015fvuru belgeleri \u0130ngilizce olabilir mi?&#8221; tab_id=&#8221;1563541239525-a85bfcd8-8526&#8243;][vc_column_text 0=&#8221;&#8221;]CV:<\/p>\n<p>TC uyruklu adaylar\u0131n \u00f6zge\u00e7mi\u015flerini T\u00fcrk\u00e7e iletmeleri \u00f6nerilir ve tercih sebebidir.<br \/>\nYabanc\u0131 uyruklu adaylar ise \u0130ngilizce \u00f6zge\u00e7mi\u015f ile ba\u015fvuruda bulunmal\u0131d\u0131r.<\/p>\n<p>Niyet Mektubu:<\/p>\n<p>TC uyruklu adaylar\u0131n niyet mektuplar\u0131n\u0131 T\u00fcrk\u00e7e iletmeleri \u00f6nerilir ve tercih sebebidir.<br \/>\nYabanc\u0131 uyruklu adaylar ise \u0130ngilizce niyet mektubu ile ba\u015fvuruda bulunmal\u0131d\u0131r.<\/p>\n<p>Portfolyo:<\/p>\n<p>Portfolyo, T\u00fcrk\u00e7e ve \u0130ngilizce dillerinde haz\u0131rlanabilir.[\/vc_column_text][\/vc_tta_section][vc_tta_section title=&#8221;Niyet Mektubunda yer verilecek ara\u015ft\u0131rma\/tasar\u0131m \u00f6nerisi, \u00fczerinde daha \u00f6nce \u00e7al\u0131\u015f\u0131lan bir konu mu olmal\u0131d\u0131r?&#8221; tab_id=&#8221;1563541332752-653c7790-7084&#8243;][vc_column_text 0=&#8221;&#8221;]\u201c<a href=\"https:\/\/staging.aura-istanbul.com\/index.php\/tasarim-studyosu\/\">Ara\u015ft\u0131rma Tabanl\u0131 Tasar\u0131m St\u00fcdyosu<\/a>\u201d kapsam\u0131nda \u00fcretilecek projeler,\u00a0y\u00fcr\u00fct\u00fcc\u00fclerin dan\u0131\u015fmanl\u0131\u011f\u0131nda\u00a0\u015fekillenecektir.<\/p>\n<p>Daha \u00f6nce \u00e7al\u0131\u015f\u0131lm\u0131\u015f bir konu olabilece\u011fi gibi, hen\u00fcz sadece d\u00fc\u015f\u00fcnme a\u015famas\u0131nda olunan bir konu ba\u015fl\u0131\u011f\u0131 da olabilir. Ba\u015fvuru belgeleri i\u00e7eri\u011finde beklenilen ara\u015ft\u0131rma \/ tasar\u0131m konusu yaz\u0131m\u0131, <strong>\u00f6znel bir fikirsel yakla\u015f\u0131m\u0131n\u0131n aktar\u0131lmas\u0131n\u0131<\/strong> i\u00e7ermelidir. Daha \u00f6nceden kat\u0131l\u0131mc\u0131 aday\u0131n\u0131n \u00fczerinde \u00e7al\u0131\u015ft\u0131\u011f\u0131 bir konu ise ve e\u011fer \u00fczerinde \u00fcretimleri varsa; ba\u015fvuru s\u00fcrecinde iletilebilir.[\/vc_column_text][\/vc_tta_section][vc_tta_section title=&#8221;Proje ve ara\u015ft\u0131rma konusunun \u0130stanbul\u2019dan se\u00e7ilme amac\u0131 nedir? Bu s\u0131n\u0131rlaman\u0131n d\u0131\u015f\u0131na \u00e7\u0131k\u0131labilir mi?&#8221; tab_id=&#8221;1563541407952-6198d932-9ab4&#8243;][vc_column_text 0=&#8221;&#8221;]Proje ve ara\u015ft\u0131rma konular\u0131n\u0131n \u0130stanbul\u2019dan se\u00e7ilmesinin amac\u0131, i\u00e7inde ya\u015fad\u0131\u011f\u0131m\u0131z bu karma\u015f\u0131k, bir o kadar da dinamik kentle ve onun ko\u015fullar\u0131yla daha yak\u0131ndan ili\u015fki kurmak i\u00e7in gerekli ortam\u0131 yaratmakt\u0131r.<\/p>\n<p><a href=\"https:\/\/staging.aura-istanbul.com\/index.php\/program\/\">Program<\/a> ve <a href=\"https:\/\/staging.aura-istanbul.com\/index.php\/tasarim-studyosu\/\">Tasar\u0131m St\u00fcdyosu<\/a>&#8216;nda belirtilen teorik arkaplan ile uyu\u015ftu\u011fu s\u00fcrece, bu s\u0131n\u0131rlaman\u0131n d\u0131\u015f\u0131na \u00e7\u0131k\u0131lmas\u0131 da m\u00fcmk\u00fcnd\u00fcr.[\/vc_column_text][\/vc_tta_section][vc_tta_section title=&#8221;Ba\u015fvurular\u0131 de\u011ferlendiren Se\u00e7ici Kurul\u2019da kimler yer al\u0131r?&#8221; tab_id=&#8221;1563541545592-19e51ef7-df05&#8243;][vc_column_text 0=&#8221;&#8221;]Ba\u015fvurular, AURA \u0130stanbul Y\u00f6netim Kurulu \u00fcyelerinin yer ald\u0131\u011f\u0131 <strong>E\u011fitim Komisyonu<\/strong> ve Ara\u015ft\u0131rma Tabanl\u0131 Tasar\u0131m St\u00fcdyosu <strong>y\u00fcr\u00fct\u00fcc\u00fcleri<\/strong> taraf\u0131ndan de\u011ferlendirilir.[\/vc_column_text][\/vc_tta_section][vc_tta_section title=&#8221;\u00d6n De\u011ferlendirme sonu\u00e7lar\u0131 ne zaman, nas\u0131l bildirilir?&#8221; tab_id=&#8221;1563541574610-2a405f32-62dc&#8221;][vc_column_text 0=&#8221;&#8221; css=&#8221;&#8221;]<strong>24 Eyl\u00fcl \u00c7ar\u015famba<\/strong>\u00a0g\u00fcn\u00fc \u00f6n de\u011ferlendirme sonu\u00e7lar\u0131 (olumlu veya olumsuz)\u00a0<strong>e-posta<\/strong> ile adaylara bildirilir.[\/vc_column_text][\/vc_tta_section][vc_tta_section title=&#8221;\u00d6n de\u011ferlendirmeyi ge\u00e7ip, m\u00fclakata kat\u0131lmaya hak kazananlar ile ne zaman, nas\u0131l ileti\u015fime ge\u00e7ilir?&#8221; tab_id=&#8221;1563541597464-89cbc1cf-3de7&#8243;][vc_column_text 0=&#8221;&#8221; css=&#8221;&#8221;]\u00d6n de\u011ferlendirmeyi ba\u015far\u0131yla ge\u00e7en adaylar, <strong>24 Eyl\u00fcl \u00c7ar\u015famba<\/strong>\u00a0g\u00fcn\u00fc\u00a0<strong>e-posta<\/strong> ile bilgilendirilir. <strong>Telefon<\/strong> numaralar\u0131 \u00fczerinden de ula\u015f\u0131p, m\u00fclakat i\u00e7in randevu verilir.[\/vc_column_text][\/vc_tta_section][vc_tta_section title=&#8221;M\u00fclakat tarihi nedir?&#8221; tab_id=&#8221;1563541640914-e74fdc1f-92e0&#8243;][vc_column_text 0=&#8221;&#8221; css=&#8221;&#8221;]M\u00fclakatlar<strong> 25 Eyl\u00fcl Per\u015fembe<\/strong> g\u00fcn\u00fc AURA \u0130stanbul\u2019un Be\u015fikta\u015f\u2019taki ofisinde y\u00fcz y\u00fcze olarak ger\u00e7ekle\u015fecektir.[\/vc_column_text][\/vc_tta_section][vc_tta_section title=&#8221;M\u00fclakat s\u00fcreci nas\u0131l y\u00f6netilir?&#8221; tab_id=&#8221;1563541668111-3c28e7e9-6d6f&#8221;][vc_column_text 0=&#8221;&#8221; css=&#8221;&#8221;]M\u00fclakatlar, adaylar ile payla\u015f\u0131lan randevu g\u00fcn ve saatinde (25 Eyl\u00fcl Per\u015fembe), 15\u2019er dakikal\u0131k s\u00fcrede, AURA \u0130stanbul&#8217;un Be\u015fikta\u015f&#8217;taki ofisinde ger\u00e7ekle\u015fecektir. Adaylar\u0131n yanlar\u0131nda bir dok\u00fcman bulundurmalar\u0131 gerekli de\u011fildir.[\/vc_column_text][\/vc_tta_section][vc_tta_section title=&#8221;M\u00fclakat i\u00e7in \u0130stanbul\u2019da bulunmak \u015fart m\u0131d\u0131r? Online m\u00fclakat yap\u0131lacak m\u0131?&#8221; tab_id=&#8221;1567606499067-512fb326-c3a3&#8243;][vc_column_text]M\u00fclakatlar, AURA \u0130stanbul&#8217;un Be\u015fikta\u015f&#8217;taki ofisinde fiziksel olarak ger\u00e7ekle\u015fecektir. \u0130stanbul&#8217;da bulunamayan adaylar ile m\u00fclakatlar\u00a0<strong>Zoom<\/strong> \u00fczerinden g\u00f6r\u00fcnt\u00fcl\u00fc ve sesli ileti\u015fim ile sa\u011flanmak \u00fczere belirli say\u0131da bir kontenjan ayr\u0131lm\u0131\u015ft\u0131r.[\/vc_column_text][\/vc_tta_section][vc_tta_section title=&#8221;De\u011ferlendirme sonu\u00e7lar\u0131 ne zaman a\u00e7\u0131klan\u0131r?&#8221; tab_id=&#8221;1563541696304-cf5b6e9e-68be&#8221;][vc_column_text 0=&#8221;&#8221; css=&#8221;&#8221;]M\u00fclakat sonras\u0131nda tekrar de\u011ferlendirme yap\u0131lacak. De\u011ferlendirme sonucunuzu,\u00a0<strong>26 Eyl\u00fcl Cuma g\u00fcn\u00fc <\/strong>e-posta ile size bildirece\u011fiz.<\/p>\n<p>T\u00fcm adaylar ile <strong>e-posta yoluyla<\/strong> ileti\u015fime ge\u00e7ilir ve sonu\u00e7lar payla\u015f\u0131l\u0131r. Program\u0131 kat\u0131lmaya hak kazanan ki\u015filerden kat\u0131l\u0131mlar\u0131 konusunda <strong>teyit maili<\/strong> beklenir.[\/vc_column_text][\/vc_tta_section][vc_tta_section title=&#8221;Yedek kat\u0131l\u0131mc\u0131 listesi belirlenir mi?&#8221; tab_id=&#8221;1563541718416-6511e916-9545&#8243;][vc_column_text 0=&#8221;&#8221;]Her d\u00f6nem uygulanaca\u011f\u0131 kesin olmamakla birlikte, ba\u015fvuru ve m\u00fclakat s\u00fcrecine ba\u011fl\u0131 olarak, bir yedek listesi belirlenebilir. Yedek listesinin olu\u015fturuldu\u011fu durumda, bu listede yer alan adaylara e-posta yolu ile bildirim yap\u0131l\u0131r.[\/vc_column_text][\/vc_tta_section][\/vc_tta_accordion][\/vc_column][\/vc_row]<\/p>\n<\/div>","protected":false},"excerpt":{"rendered":"<p>[vc_row equal_height=&#8221;yes&#8221;][vc_column width=&#8221;1\/2&#8243;][vc_row_inner 0=&#8221;&#8221;][vc_column_inner 0=&#8221;&#8221;][vc_column_text 0=&#8221;&#8221;] Sertifika Program\u0131 [\/vc_column_text][vc_empty_space 0=&#8221;&#8221;][\/vc_column_inner][\/vc_row_inner][vc_tta_accordion active_section=&#8221;non-existing number&#8221;][vc_tta_section title=&#8221;AURA \u0130stanbul, herhangi bir enstit\u00fc ya da y\u00fcksek \u00f6\u011frenim kurulu\u015funa ba\u011fl\u0131 m\u0131d\u0131r?&#8221; tab_id=&#8221;1563537844781-199ebda8-0b44&#8243;][vc_column_text 0=&#8221;&#8221;]AURA \u0130stanbul kar amac\u0131 g\u00fctmeyen [&hellip;]<\/p>\n","protected":false},"author":2,"featured_media":2299,"parent":0,"menu_order":0,"comment_status":"closed","ping_status":"closed","template":"","meta":{"_acf_changed":false,"_seopress_robots_primary_cat":"","_seopress_titles_title":"S\u0131k\u00e7a Sorulan Sorular | %%sitetitle%%","_seopress_titles_desc":"AURA \u0130stanbul Sertifika Program\u0131 ve ba\u015fvuru s\u00fcreci hakk\u0131nda s\u0131k\u00e7a sorulan sorular","_seopress_robots_index":"","_price":"","_stock":"","_tribe_ticket_header":"","_tribe_default_ticket_provider":"","_ticket_start_date":"","_ticket_end_date":"","_tribe_ticket_show_description":"","_tribe_ticket_show_not_going":false,"_tribe_ticket_use_global_stock":"","_tribe_ticket_global_stock_level":"","_global_stock_mode":"","_global_stock_cap":"","_tribe_rsvp_for_event":"","_tribe_ticket_going_count":"","_tribe_ticket_not_going_count":"","_tribe_tickets_list":"[]","_tribe_ticket_has_attendee_info_fields":false,"_EventAllDay":false,"_EventTimezone":"","_EventStartDate":"","_EventEndDate":"","_EventStartDateUTC":"","_EventEndDateUTC":"","_EventShowMap":false,"_EventShowMapLink":false,"_EventURL":"","_EventCost":"","_EventCostDescription":"","_EventCurrencySymbol":"","_EventCurrencyCode":"","_EventCurrencyPosition":"","_EventDateTimeSeparator":"","_EventTimeRangeSeparator":"","_EventOrganizerID":[],"_EventVenueID":[],"_OrganizerEmail":"","_OrganizerPhone":"","_OrganizerWebsite":"","_VenueAddress":"","_VenueCity":"","_VenueCountry":"","_VenueProvince":"","_VenueState":"","_VenueZip":"","_VenuePhone":"","_VenueURL":"","_VenueStateProvince":"","_VenueLat":"","_VenueLng":"","_VenueShowMap":false,"_VenueShowMapLink":false,"footnotes":"","_tec_slr_enabled":"","_tec_slr_layout":""},"class_list":["post-6115","page","type-page","status-publish","has-post-thumbnail","hentry"],"acf":[],"ticketed":false,"_links":{"self":[{"href":"https:\/\/staging.aura-istanbul.com\/index.php\/wp-json\/wp\/v2\/pages\/6115","targetHints":{"allow":["GET"]}}],"collection":[{"href":"https:\/\/staging.aura-istanbul.com\/index.php\/wp-json\/wp\/v2\/pages"}],"about":[{"href":"https:\/\/staging.aura-istanbul.com\/index.php\/wp-json\/wp\/v2\/types\/page"}],"author":[{"embeddable":true,"href":"https:\/\/staging.aura-istanbul.com\/index.php\/wp-json\/wp\/v2\/users\/2"}],"replies":[{"embeddable":true,"href":"https:\/\/staging.aura-istanbul.com\/index.php\/wp-json\/wp\/v2\/comments?post=6115"}],"version-history":[{"count":63,"href":"https:\/\/staging.aura-istanbul.com\/index.php\/wp-json\/wp\/v2\/pages\/6115\/revisions"}],"predecessor-version":[{"id":15114,"href":"https:\/\/staging.aura-istanbul.com\/index.php\/wp-json\/wp\/v2\/pages\/6115\/revisions\/15114"}],"wp:featuredmedia":[{"embeddable":true,"href":"https:\/\/staging.aura-istanbul.com\/index.php\/wp-json\/wp\/v2\/media\/2299"}],"wp:attachment":[{"href":"https:\/\/staging.aura-istanbul.com\/index.php\/wp-json\/wp\/v2\/media?parent=6115"}],"curies":[{"name":"wp","href":"https:\/\/api.w.org\/{rel}","templated":true}]}}