{"id":5357,"date":"2019-05-13T12:25:49","date_gmt":"2019-05-13T09:25:49","guid":{"rendered":"https:\/\/staging.aura-istanbul.com\/?page_id=5357"},"modified":"2019-10-31T16:06:58","modified_gmt":"2019-10-31T13:06:58","slug":"mehmet-bayrak","status":"publish","type":"page","link":"https:\/\/staging.aura-istanbul.com\/index.php\/about\/management\/mehmet-bayrak\/","title":{"rendered":"Mehmet Bayrak"},"content":{"rendered":"<div class=\"wpb-content-wrapper\"><p>[vc_section][vc_row][vc_column width=&#8221;1\/3&#8243;][vc_single_image image=&#8221;2270&#8243; img_size=&#8221;full&#8221;][\/vc_column][vc_column width=&#8221;2\/3&#8243;][vc_column_text css_animation=&#8221;slideInRight&#8221;]<\/p>\n<h5><strong>Mehmet\u00a0Bayrak \/<em>\u00a0<\/em><\/strong><em><strong>Bus\u0131nessman &#8211; Found\u0131ng Member<\/strong><\/em><\/h5>\n<p>After finishing \u0130stanbul Saint Joseph High School, he graduated from Marmara University Department of Business Administration.<\/p>\n<p>After receiving his Bachelor\u2019s degree, he completed his MBA in Poitiers France Dess Schools in Paris.\u00a0 After receiving \u00a0New York, Series 7 Exam (General Securities Representative Exam) authorization in 1990, he worked in the Banking and Finance sector for many years and formed his own company, Stone Line, in 1997.[\/vc_column_text][\/vc_column][\/vc_row][\/vc_section]<\/p>\n<\/div>","protected":false},"excerpt":{"rendered":"<p>[vc_section][vc_row][vc_column width=&#8221;1\/3&#8243;][vc_single_image image=&#8221;2270&#8243; img_size=&#8221;full&#8221;][\/vc_column][vc_column width=&#8221;2\/3&#8243;][vc_column_text css_animation=&#8221;slideInRight&#8221;] Mehmet\u00a0Bayrak \/\u00a0Bus\u0131nessman &#8211; Found\u0131ng Member After finishing \u0130stanbul Saint Joseph High School, he graduated from Marmara University Department of Business Administration. After receiving his [&hellip;]<\/p>\n","protected":false},"author":5,"featured_media":0,"parent":5336,"menu_order":0,"comment_status":"closed","ping_status":"closed","template":"","meta":{"_acf_changed":false,"_seopress_robots_primary_cat":"","_seopress_titles_title":"Mehmet Bayrak | %%sitetitle%%","_seopress_titles_desc":"","_seopress_robots_index":"","_price":"","_stock":"","_tribe_ticket_header":"","_tribe_default_ticket_provider":"","_ticket_start_date":"","_ticket_end_date":"","_tribe_ticket_show_description":"","_tribe_ticket_show_not_going":false,"_tribe_ticket_use_global_stock":"","_tribe_ticket_global_stock_level":"","_global_stock_mode":"","_global_stock_cap":"","_tribe_rsvp_for_event":"","_tribe_ticket_going_count":"","_tribe_ticket_not_going_count":"","_tribe_tickets_list":"[]","_tribe_ticket_has_attendee_info_fields":false,"_EventAllDay":false,"_EventTimezone":"","_EventStartDate":"","_EventEndDate":"","_EventStartDateUTC":"","_EventEndDateUTC":"","_EventShowMap":false,"_EventShowMapLink":false,"_EventURL":"","_EventCost":"","_EventCostDescription":"","_EventCurrencySymbol":"","_EventCurrencyCode":"","_EventCurrencyPosition":"","_EventDateTimeSeparator":"","_EventTimeRangeSeparator":"","_EventOrganizerID":[],"_EventVenueID":[],"_OrganizerEmail":"","_OrganizerPhone":"","_OrganizerWebsite":"","_VenueAddress":"","_VenueCity":"","_VenueCountry":"","_VenueProvince":"","_VenueState":"","_VenueZip":"","_VenuePhone":"","_VenueURL":"","_VenueStateProvince":"","_VenueLat":"","_VenueLng":"","_VenueShowMap":false,"_VenueShowMapLink":false,"footnotes":"","_tec_slr_enabled":"","_tec_slr_layout":""},"class_list":["post-5357","page","type-page","status-publish","hentry"],"acf":[],"ticketed":false,"_links":{"self":[{"href":"https:\/\/staging.aura-istanbul.com\/index.php\/wp-json\/wp\/v2\/pages\/5357","targetHints":{"allow":["GET"]}}],"collection":[{"href":"https:\/\/staging.aura-istanbul.com\/index.php\/wp-json\/wp\/v2\/pages"}],"about":[{"href":"https:\/\/staging.aura-istanbul.com\/index.php\/wp-json\/wp\/v2\/types\/page"}],"author":[{"embeddable":true,"href":"https:\/\/staging.aura-istanbul.com\/index.php\/wp-json\/wp\/v2\/users\/5"}],"replies":[{"embeddable":true,"href":"https:\/\/staging.aura-istanbul.com\/index.php\/wp-json\/wp\/v2\/comments?post=5357"}],"version-history":[{"count":4,"href":"https:\/\/staging.aura-istanbul.com\/index.php\/wp-json\/wp\/v2\/pages\/5357\/revisions"}],"predecessor-version":[{"id":6012,"href":"https:\/\/staging.aura-istanbul.com\/index.php\/wp-json\/wp\/v2\/pages\/5357\/revisions\/6012"}],"up":[{"embeddable":true,"href":"https:\/\/staging.aura-istanbul.com\/index.php\/wp-json\/wp\/v2\/pages\/5336"}],"wp:attachment":[{"href":"https:\/\/staging.aura-istanbul.com\/index.php\/wp-json\/wp\/v2\/media?parent=5357"}],"curies":[{"name":"wp","href":"https:\/\/api.w.org\/{rel}","templated":true}]}}