{"id":5336,"date":"2019-05-13T12:39:32","date_gmt":"2019-05-13T09:39:32","guid":{"rendered":"https:\/\/staging.aura-istanbul.com\/?page_id=5336"},"modified":"2023-11-22T18:03:04","modified_gmt":"2023-11-22T15:03:04","slug":"management","status":"publish","type":"page","link":"https:\/\/staging.aura-istanbul.com\/index.php\/about\/management\/","title":{"rendered":"Management"},"content":{"rendered":"<div class=\"wpb-content-wrapper\"><p>[vc_row][vc_column][vc_column_text]<\/p>\n<h3 style=\"text-align: center;\"><b>EXECUTIVE BOARD<\/b><\/h3>\n<p>[\/vc_column_text][vc_empty_space height=&#8221;48px&#8221;][\/vc_column][\/vc_row][vc_row 0=&#8221;&#8221;][vc_column width=&#8221;1\/4&#8243;][vc_single_image image=&#8221;2244&#8243; img_size=&#8221;medium&#8221; onclick=&#8221;custom_link&#8221; link=&#8221;https:\/\/staging.aura-istanbul.com\/index.php\/about\/management\/kurtul-erkmen\/&#8221; css=&#8221;.vc_custom_1559226641269{margin-bottom: -10px !important;}&#8221;][vc_column_text]<\/p>\n<h4 style=\"text-align: center;\">Kurtul Erkmen<\/h4>\n<p>[\/vc_column_text][vc_column_text css=&#8221;.vc_custom_1594128402807{margin-top: -2px !important;margin-bottom: 5px !important;}&#8221;]<\/p>\n<p style=\"text-align: center;\">\u00a0Founding Member \/ Chairperson of the Board<\/p>\n<p style=\"text-align: center;\">Erkmen, born in 1961 in \u0130stanbul, graduated from \u0130stanbul All-Male High School in 1978. The same year, he started his studies in \u0130stanbul State Academy of Fine Arts, Department of Architecture, known as Mimar Sinan University since 1982&#8230;<\/p>\n<p>[\/vc_column_text][vc_btn title=&#8221;See More&#8221; size=&#8221;xs&#8221; align=&#8221;center&#8221; link=&#8221;url:https%3A%2F%2Fstaging.aura-istanbul.com%2Findex.php%2Fabout%2Fmanagement%2Fkurtul-erkmen%2F||target:%20_blank|&#8221;][\/vc_column][vc_column width=&#8221;1\/4&#8243;][vc_single_image image=&#8221;2236&#8243; img_size=&#8221;medium&#8221; onclick=&#8221;custom_link&#8221; link=&#8221;https:\/\/staging.aura-istanbul.com\/index.php\/about\/management\/yilmaz-deger\/&#8221; css=&#8221;.vc_custom_1559226713345{margin-bottom: -10px !important;}&#8221;][vc_column_text]<\/p>\n<h4 style=\"text-align: center;\">Y\u0131lmaz\u00a0De\u011fer<\/h4>\n<p>[\/vc_column_text][vc_column_text css=&#8221;.vc_custom_1594128392813{margin-top: -2px !important;margin-bottom: 5px !important;}&#8221;]<\/p>\n<p style=\"text-align: center;\">Founding Member \/ Vice Chairperson<\/p>\n<p style=\"text-align: center;\">Born in Istanbul in 1956, he finished Kabata\u015f All-Male High School in 1973. In 1981, he graduated from \u0130stanbul State Fine Arts Academy as a master architect. Between 1981-1987, while continuing his education abroad&#8230;<\/p>\n<p>[\/vc_column_text][vc_btn title=&#8221;See More&#8221; size=&#8221;xs&#8221; align=&#8221;center&#8221; link=&#8221;url:https%3A%2F%2Fstaging.aura-istanbul.com%2Findex.php%2Fabout%2Fmanagement%2Fyilmaz-deger%2F||target:%20_blank|&#8221;][\/vc_column][vc_column width=&#8221;1\/4&#8243;][vc_single_image image=&#8221;3321&#8243; img_size=&#8221;medium&#8221; onclick=&#8221;custom_link&#8221; link=&#8221;https:\/\/staging.aura-istanbul.com\/index.php\/about\/management\/sinan-izgi\/&#8221; css=&#8221;.vc_custom_1559226769360{margin-bottom: -10px !important;}&#8221;][vc_column_text]<\/p>\n<h4 style=\"text-align: center;\">Sinan\u00a0\u0130zgi<\/h4>\n<p>[\/vc_column_text][vc_column_text css=&#8221;.vc_custom_1557740359577{margin-top: -2px !important;margin-bottom: 5px !important;}&#8221;]<\/p>\n<p style=\"text-align: center;\">Founding Member<\/p>\n<p style=\"text-align: center;\">After finishing his studies in Istanbul Sankt Georg Austrian High School, he graduated from \u00a0Mimar Sinan University, School of Architecture, as Master Architect in 1983. While he was still an undergraduate, he won an award in the Aga Khan&#8230;<\/p>\n<p>[\/vc_column_text][vc_btn title=&#8221;See More&#8221; size=&#8221;xs&#8221; align=&#8221;center&#8221; link=&#8221;url:https%3A%2F%2Fstaging.aura-istanbul.com%2Findex.php%2Fabout%2Fmanagement%2Fsinan-izgi%2F||target:%20_blank|&#8221;][\/vc_column][vc_column width=&#8221;1\/4&#8243;][vc_single_image image=&#8221;2245&#8243; img_size=&#8221;medium&#8221; onclick=&#8221;custom_link&#8221; link=&#8221;https:\/\/staging.aura-istanbul.com\/index.php\/about\/management\/jale-kulin\/&#8221; css=&#8221;.vc_custom_1559226814992{margin-bottom: -10px !important;}&#8221;][vc_column_text]<\/p>\n<h4 style=\"text-align: center;\">Jale\u00a0Kulin<\/h4>\n<p>[\/vc_column_text][vc_column_text css=&#8221;.vc_custom_1557736593127{margin-top: -2px !important;margin-bottom: 5px !important;}&#8221;]<\/p>\n<p style=\"text-align: center;\">Founding Member<\/p>\n<p style=\"text-align: center;\">After a near nomadic childhood spent in Greece, Switzerland, Belgium, Oman, England and Nigeria, following a multi national and multi school education, Jale Kulin completed her interior design degree in The Inchbald School Of Design London&#8230;<\/p>\n<p>[\/vc_column_text][vc_btn title=&#8221;See More&#8221; size=&#8221;xs&#8221; align=&#8221;center&#8221; link=&#8221;url:https%3A%2F%2Fstaging.aura-istanbul.com%2Findex.php%2Fabout%2Fmanagement%2Fjale-kulin%2F||target:%20_blank|&#8221;][\/vc_column][\/vc_row][vc_row 0=&#8221;&#8221;][vc_column width=&#8221;1\/4&#8243;][vc_single_image image=&#8221;11167&#8243; img_size=&#8221;medium&#8221; onclick=&#8221;custom_link&#8221; link=&#8221;https:\/\/staging.aura-istanbul.com\/index.php\/about\/management\/erhan-isozen\/&#8221; css=&#8221;.vc_custom_1689083773366{margin-bottom: -10px !important;}&#8221;][vc_column_text]<\/p>\n<h4 style=\"text-align: center;\">Erhan\u00a0\u0130\u015f\u00f6zen<\/h4>\n<p>[\/vc_column_text][vc_column_text css=&#8221;.vc_custom_1557736637857{margin-top: -2px !important;margin-bottom: 5px !important;}&#8221;]<\/p>\n<p style=\"text-align: center;\">Founding Member<\/p>\n<p style=\"text-align: center;\">\u0130\u015f\u00f6zen graduated from Istanbul Fine Arts Academy in 1979-1980. During and after his studies, he has worked with the leading architects of the country. He worked as a lecturer at the Istanbul State Academy of Fine Arts and Y\u0131ld\u0131z Technical University&#8230;<\/p>\n<p>[\/vc_column_text][vc_btn title=&#8221;See More&#8221; size=&#8221;xs&#8221; align=&#8221;center&#8221; link=&#8221;url:https%3A%2F%2Fstaging.aura-istanbul.com%2Findex.php%2Fabout%2Fmanagement%2Ferhan-isozen%2F||target:%20_blank|&#8221;][\/vc_column][vc_column width=&#8221;1\/4&#8243;][vc_single_image image=&#8221;2240&#8243; img_size=&#8221;medium&#8221; onclick=&#8221;custom_link&#8221; link=&#8221;https:\/\/staging.aura-istanbul.com\/index.php\/about\/management\/mehmet-bayrak\/&#8221; css=&#8221;.vc_custom_1594142085671{margin-bottom: -10px !important;}&#8221;][vc_column_text]<\/p>\n<h4 style=\"text-align: center;\">Mehmet\u00a0Bayrak<\/h4>\n<p>[\/vc_column_text][vc_column_text css=&#8221;.vc_custom_1557736677507{margin-top: -2px !important;margin-bottom: 5px !important;}&#8221;]<\/p>\n<p style=\"text-align: center;\">Founding Member<\/p>\n<p style=\"text-align: center;\">After finishing \u0130stanbul Saint Joseph High School, he graduated from Marmara University Department of Business Administration&#8230;<\/p>\n<p>[\/vc_column_text][vc_btn title=&#8221;See More&#8221; size=&#8221;xs&#8221; align=&#8221;center&#8221; link=&#8221;url:https%3A%2F%2Fstaging.aura-istanbul.com%2Findex.php%2Fabout%2Fmanagement%2Fmehmet-bayrak%2F||target:%20_blank|&#8221;][\/vc_column][vc_column width=&#8221;1\/4&#8243;][vc_single_image image=&#8221;2243&#8243; img_size=&#8221;medium&#8221; onclick=&#8221;custom_link&#8221; link=&#8221;https:\/\/staging.aura-istanbul.com\/index.php\/about\/management\/orcun-horozoglu\/&#8221; css=&#8221;.vc_custom_1559226981921{margin-bottom: -10px !important;}&#8221;][vc_column_text]<\/p>\n<h4 style=\"text-align: center;\">Or\u00e7un\u00a0Horozo\u011flu<\/h4>\n<p>[\/vc_column_text][vc_column_text css=&#8221;.vc_custom_1557736720359{margin-top: -2px !important;margin-bottom: 5px !important;}&#8221;]<\/p>\n<p style=\"text-align: center;\">Founding Member<\/p>\n<p style=\"text-align: center;\">Born in 1984, Or\u00e7un Horozo\u011flu, completed middle and high school \u00a0at what was formerly known as the Kad\u0131k\u00f6y Maarif College, presently named Kad\u0131k\u00f6y Anatolian High School. After his graduation from \u0130stanbul University Law School&#8230;<\/p>\n<p>[\/vc_column_text][vc_btn title=&#8221;See More&#8221; size=&#8221;xs&#8221; align=&#8221;center&#8221; link=&#8221;url:https%3A%2F%2Fstaging.aura-istanbul.com%2Findex.php%2Fabout%2Fmanagement%2Forcun-horozoglu%2F||target:%20_blank|&#8221;][\/vc_column][vc_column width=&#8221;1\/4&#8243;][vc_single_image image=&#8221;2294&#8243; img_size=&#8221;medium&#8221; onclick=&#8221;custom_link&#8221; link=&#8221;https:\/\/staging.aura-istanbul.com\/index.php\/about\/management\/cem-gunubek\/&#8221;][vc_column_text]<\/p>\n<h4 style=\"text-align: center;\">Cem G\u00fcn\u00fcbek<\/h4>\n<p>[\/vc_column_text][vc_column_text css=&#8221;.vc_custom_1560156168303{margin-top: -2px !important;margin-bottom: 5px !important;}&#8221;]<\/p>\n<p style=\"text-align: center;\">Creative Advisor<\/p>\n<p style=\"text-align: center;\">G\u00fcn\u00fcbek graduated from \u0130stanbul State Academy of Fine Arts, Department of Graphic Design, known as Mimar Sinan University today. Between 1988-1998, he worked as a creative director in his self-founded creative agencies&#8230;<\/p>\n<p>[\/vc_column_text][vc_btn title=&#8221;See More&#8221; size=&#8221;xs&#8221; align=&#8221;center&#8221; link=&#8221;url:https%3A%2F%2Fstaging.aura-istanbul.com%2Findex.php%2Fabout%2Fmanagement%2Fcem-gunubek%2F||target:%20_blank|&#8221;][\/vc_column][\/vc_row][vc_row][vc_column][vc_empty_space height=&#8221;48px&#8221;][vc_separator][vc_empty_space height=&#8221;48px&#8221;][vc_column_text]<\/p>\n<h3 style=\"text-align: center;\"><b>ADVISORY BOARD<\/b><\/h3>\n<p>[\/vc_column_text][vc_row_inner][vc_column_inner width=&#8221;1\/4&#8243;][vc_single_image image=&#8221;5268&#8243; img_size=&#8221;medium&#8221; alignment=&#8221;center&#8221;][vc_column_text]<\/p>\n<h4 style=\"text-align: center;\">\u00d6zg\u00fcr Bing\u00f6l<\/h4>\n<p>[\/vc_column_text][\/vc_column_inner][vc_column_inner width=&#8221;1\/4&#8243;][vc_single_image image=&#8221;2292&#8243; img_size=&#8221;medium&#8221; alignment=&#8221;center&#8221;][vc_column_text]<\/p>\n<h4 style=\"text-align: center;\">Ufuk Do\u011frus\u00f6z<\/h4>\n<p>[\/vc_column_text][\/vc_column_inner][vc_column_inner width=&#8221;1\/4&#8243;][vc_single_image image=&#8221;2395&#8243; img_size=&#8221;medium&#8221; alignment=&#8221;center&#8221;][vc_column_text]<\/p>\n<h4 style=\"text-align: center;\">\u0130pek \u0130lter<\/h4>\n<p>[\/vc_column_text][\/vc_column_inner][vc_column_inner width=&#8221;1\/4&#8243;][vc_single_image image=&#8221;3253&#8243; img_size=&#8221;medium&#8221; alignment=&#8221;center&#8221;][vc_column_text]<\/p>\n<h4 style=\"text-align: center;\">G\u00fcl\u00e7in \u0130pek<\/h4>\n<p>[\/vc_column_text][\/vc_column_inner][\/vc_row_inner][\/vc_column][\/vc_row][vc_row][vc_column][vc_row_inner][vc_column_inner width=&#8221;1\/4&#8243;][vc_single_image image=&#8221;2721&#8243; img_size=&#8221;medium&#8221; alignment=&#8221;center&#8221;][vc_column_text]<\/p>\n<h4 style=\"text-align: center;\">Melda Bayraktaro\u011flu<\/h4>\n<p>[\/vc_column_text][\/vc_column_inner][vc_column_inner width=&#8221;1\/4&#8243;][vc_single_image image=&#8221;6198&#8243; img_size=&#8221;medium&#8221; alignment=&#8221;center&#8221;][vc_column_text]<\/p>\n<h4 style=\"text-align: center;\">Meltem Okvuran<\/h4>\n<p>[\/vc_column_text][\/vc_column_inner][vc_column_inner width=&#8221;1\/4&#8243;][vc_single_image image=&#8221;2614&#8243; img_size=&#8221;medium&#8221; alignment=&#8221;center&#8221;][vc_column_text]<\/p>\n<h4 style=\"text-align: center;\">Pelin \u00d6zgen Piker<\/h4>\n<p>[\/vc_column_text][\/vc_column_inner][vc_column_inner width=&#8221;1\/4&#8243;][vc_single_image image=&#8221;8143&#8243; img_size=&#8221;medium&#8221;][vc_column_text]<\/p>\n<h4 style=\"text-align: center;\">Ece Ceylan Baba<\/h4>\n<p>[\/vc_column_text][\/vc_column_inner][\/vc_row_inner][vc_row_inner][vc_column_inner width=&#8221;1\/4&#8243;][vc_single_image image=&#8221;8195&#8243; img_size=&#8221;medium&#8221; alignment=&#8221;center&#8221;][vc_column_text]<\/p>\n<h4 style=\"text-align: center;\">Deniz Karabacak<\/h4>\n<p>[\/vc_column_text][\/vc_column_inner][vc_column_inner width=&#8221;1\/4&#8243;][\/vc_column_inner][vc_column_inner width=&#8221;1\/4&#8243;][\/vc_column_inner][vc_column_inner width=&#8221;1\/4&#8243;][\/vc_column_inner][\/vc_row_inner][vc_empty_space height=&#8221;64px&#8221;][vc_separator][vc_empty_space height=&#8221;64px&#8221;][vc_column_text]<\/p>\n<h3 style=\"text-align: center;\"><b>Management<\/b><\/h3>\n<p>[\/vc_column_text][vc_row_inner][vc_column_inner width=&#8221;1\/4&#8243;][\/vc_column_inner][vc_column_inner width=&#8221;1\/4&#8243;][vc_single_image image=&#8221;2396&#8243; img_size=&#8221;medium&#8221; alignment=&#8221;center&#8221;][vc_column_text]<\/p>\n<h4 style=\"text-align: center;\">Seda\u00a0Altan<\/h4>\n<p style=\"text-align: center;\">Director (Urban Planner)<\/p>\n<p>[\/vc_column_text][\/vc_column_inner][vc_column_inner width=&#8221;1\/4&#8243;][vc_single_image image=&#8221;11751&#8243; img_size=&#8221;medium&#8221; alignment=&#8221;center&#8221;][vc_column_text]<\/p>\n<h4 style=\"text-align: center;\">Ba\u015fak Bul<\/h4>\n<p style=\"text-align: center;\">Assistant (Architect)<\/p>\n<p>[\/vc_column_text][\/vc_column_inner][vc_column_inner width=&#8221;1\/4&#8243;][\/vc_column_inner][\/vc_row_inner][vc_empty_space height=&#8221;48px&#8221;][vc_separator][vc_empty_space height=&#8221;64px&#8221;][vc_column_text]<\/p>\n<h3 style=\"text-align: center;\"><b>INTERNATIONAL REPRESENTATIVES<\/b><\/h3>\n<p>[\/vc_column_text][vc_row_inner][vc_column_inner width=&#8221;1\/4&#8243;][vc_single_image image=&#8221;4137&#8243; img_size=&#8221;medium&#8221; alignment=&#8221;center&#8221;][vc_column_text]<\/p>\n<h4 style=\"text-align: center;\">Asl\u0131 Emek<\/h4>\n<p style=\"text-align: center;\">Paris Representative<\/p>\n<p>[\/vc_column_text][\/vc_column_inner][vc_column_inner width=&#8221;1\/4&#8243;][vc_single_image image=&#8221;2607&#8243; img_size=&#8221;medium&#8221; alignment=&#8221;center&#8221;][vc_column_text]<\/p>\n<h4 style=\"text-align: center;\">Ay\u00e7a Vural-Cutts<\/h4>\n<p style=\"text-align: center;\">London Representative<\/p>\n<p>[\/vc_column_text][\/vc_column_inner][vc_column_inner width=&#8221;1\/4&#8243;][vc_single_image image=&#8221;4138&#8243; img_size=&#8221;medium&#8221; alignment=&#8221;center&#8221;][vc_column_text]<\/p>\n<h4 style=\"text-align: center;\">Cansu Uzun<\/h4>\n<p style=\"text-align: center;\">New York Representative<\/p>\n<p>[\/vc_column_text][\/vc_column_inner][vc_column_inner width=&#8221;1\/4&#8243;][vc_single_image image=&#8221;4139&#8243; img_size=&#8221;medium&#8221; alignment=&#8221;center&#8221;][vc_column_text]<\/p>\n<h4 style=\"text-align: center;\">Elias Deger<\/h4>\n<p style=\"text-align: center;\">Zurich Representative<\/p>\n<p>[\/vc_column_text][\/vc_column_inner][\/vc_row_inner][vc_row_inner][vc_column_inner width=&#8221;1\/4&#8243;][vc_single_image image=&#8221;4595&#8243; img_size=&#8221;full&#8221; alignment=&#8221;center&#8221;][vc_column_text]<\/p>\n<h4 style=\"text-align: center;\">Feyza Sayman<\/h4>\n<p style=\"text-align: center;\">Berlin Representative<\/p>\n<p>[\/vc_column_text][\/vc_column_inner][vc_column_inner width=&#8221;1\/4&#8243;][vc_single_image image=&#8221;4140&#8243; img_size=&#8221;full&#8221;][vc_column_text]<\/p>\n<h4 style=\"text-align: center;\">Irmak Taner<\/h4>\n<p style=\"text-align: center;\">Montreal Representative<\/p>\n<p>[\/vc_column_text][\/vc_column_inner][vc_column_inner width=&#8221;1\/4&#8243;][vc_single_image image=&#8221;2611&#8243; img_size=&#8221;medium&#8221; alignment=&#8221;center&#8221;][vc_column_text]<\/p>\n<h4 style=\"text-align: center;\">Meri\u00e7 Selzer<\/h4>\n<p style=\"text-align: center;\">Stuttgart Representative<\/p>\n<p>[\/vc_column_text][\/vc_column_inner][vc_column_inner width=&#8221;1\/4&#8243;][vc_single_image image=&#8221;4141&#8243; img_size=&#8221;medium&#8221; alignment=&#8221;center&#8221;][vc_column_text]<\/p>\n<h4 style=\"text-align: center;\">Taha Alkan<\/h4>\n<p style=\"text-align: center;\">Hamburg Representative<\/p>\n<p>[\/vc_column_text][\/vc_column_inner][\/vc_row_inner][\/vc_column][\/vc_row][vc_row][vc_column][vc_empty_space height=&#8221;64px&#8221;][\/vc_column][\/vc_row]<\/p>\n<\/div>","protected":false},"excerpt":{"rendered":"<p>[vc_row][vc_column][vc_column_text] EXECUTIVE BOARD [\/vc_column_text][vc_empty_space height=&#8221;48px&#8221;][\/vc_column][\/vc_row][vc_row 0=&#8221;&#8221;][vc_column width=&#8221;1\/4&#8243;][vc_single_image image=&#8221;2244&#8243; img_size=&#8221;medium&#8221; onclick=&#8221;custom_link&#8221; link=&#8221;https:\/\/staging.aura-istanbul.com\/index.php\/about\/management\/kurtul-erkmen\/&#8221; css=&#8221;.vc_custom_1559226641269{margin-bottom: -10px !important;}&#8221;][vc_column_text] Kurtul Erkmen [\/vc_column_text][vc_column_text css=&#8221;.vc_custom_1594128402807{margin-top: -2px !important;margin-bottom: 5px !important;}&#8221;] \u00a0Founding Member \/ Chairperson of the Board Erkmen, [&hellip;]<\/p>\n","protected":false},"author":5,"featured_media":0,"parent":2474,"menu_order":0,"comment_status":"closed","ping_status":"closed","template":"","meta":{"_acf_changed":false,"_seopress_robots_primary_cat":"","_seopress_titles_title":"AURA-\u0130stanbul Management | %%sitetitle%%","_seopress_titles_desc":"","_seopress_robots_index":"","_price":"","_stock":"","_tribe_ticket_header":"","_tribe_default_ticket_provider":"","_ticket_start_date":"","_ticket_end_date":"","_tribe_ticket_show_description":"","_tribe_ticket_show_not_going":false,"_tribe_ticket_use_global_stock":"","_tribe_ticket_global_stock_level":"","_global_stock_mode":"","_global_stock_cap":"","_tribe_rsvp_for_event":"","_tribe_ticket_going_count":"","_tribe_ticket_not_going_count":"","_tribe_tickets_list":"[]","_tribe_ticket_has_attendee_info_fields":false,"_EventAllDay":false,"_EventTimezone":"","_EventStartDate":"","_EventEndDate":"","_EventStartDateUTC":"","_EventEndDateUTC":"","_EventShowMap":false,"_EventShowMapLink":false,"_EventURL":"","_EventCost":"","_EventCostDescription":"","_EventCurrencySymbol":"","_EventCurrencyCode":"","_EventCurrencyPosition":"","_EventDateTimeSeparator":"","_EventTimeRangeSeparator":"","_EventOrganizerID":[],"_EventVenueID":[],"_OrganizerEmail":"","_OrganizerPhone":"","_OrganizerWebsite":"","_VenueAddress":"","_VenueCity":"","_VenueCountry":"","_VenueProvince":"","_VenueState":"","_VenueZip":"","_VenuePhone":"","_VenueURL":"","_VenueStateProvince":"","_VenueLat":"","_VenueLng":"","_VenueShowMap":false,"_VenueShowMapLink":false,"footnotes":"","_tec_slr_enabled":"","_tec_slr_layout":""},"class_list":["post-5336","page","type-page","status-publish","hentry"],"acf":[],"ticketed":false,"_links":{"self":[{"href":"https:\/\/staging.aura-istanbul.com\/index.php\/wp-json\/wp\/v2\/pages\/5336","targetHints":{"allow":["GET"]}}],"collection":[{"href":"https:\/\/staging.aura-istanbul.com\/index.php\/wp-json\/wp\/v2\/pages"}],"about":[{"href":"https:\/\/staging.aura-istanbul.com\/index.php\/wp-json\/wp\/v2\/types\/page"}],"author":[{"embeddable":true,"href":"https:\/\/staging.aura-istanbul.com\/index.php\/wp-json\/wp\/v2\/users\/5"}],"replies":[{"embeddable":true,"href":"https:\/\/staging.aura-istanbul.com\/index.php\/wp-json\/wp\/v2\/comments?post=5336"}],"version-history":[{"count":42,"href":"https:\/\/staging.aura-istanbul.com\/index.php\/wp-json\/wp\/v2\/pages\/5336\/revisions"}],"predecessor-version":[{"id":11873,"href":"https:\/\/staging.aura-istanbul.com\/index.php\/wp-json\/wp\/v2\/pages\/5336\/revisions\/11873"}],"up":[{"embeddable":true,"href":"https:\/\/staging.aura-istanbul.com\/index.php\/wp-json\/wp\/v2\/pages\/2474"}],"wp:attachment":[{"href":"https:\/\/staging.aura-istanbul.com\/index.php\/wp-json\/wp\/v2\/media?parent=5336"}],"curies":[{"name":"wp","href":"https:\/\/api.w.org\/{rel}","templated":true}]}}