{"id":385,"date":"2016-03-26T11:04:15","date_gmt":"2016-03-26T11:04:15","guid":{"rendered":"http:\/\/prestazilla.org\/wordpress\/oscend\/?page_id=385"},"modified":"2018-06-26T17:29:43","modified_gmt":"2018-06-26T14:29:43","slug":"iletisim","status":"publish","type":"page","link":"https:\/\/staging.aura-istanbul.com\/index.php\/iletisim\/","title":{"rendered":"\u0130leti\u015fim"},"content":{"rendered":"<div class=\"wpb-content-wrapper\"><p>[vc_row css=&#8221;.vc_custom_1458994427936{padding-bottom: 60px !important;}&#8221;][vc_column width=&#8221;4\/12&#8243;][vc_column_text css=&#8221;.vc_custom_1494494151403{margin-top: -10px !important;}&#8221;]<\/p>\n<h3>Aura-\u0130stanbul<\/h3>\n<p>\u0130stanbul Mimarl\u0131k ve \u015eehircilik Ara\u015ft\u0131rmalar\u0131 Akademisi[\/vc_column_text][vc_row_inner css=&#8221;.vc_custom_1458993910777{padding-top: 30px !important;}&#8221;][vc_column_inner 0=&#8221;&#8221;][box_icon_info title=&#8221;Adres&#8221; typebox=&#8221;2&#8243; icon_pixstrokegap=&#8221;icon icon-House&#8221; info=&#8221;Hasf\u0131r\u0131n Caddesi, Sinanpa\u015fa \u0130\u015f Merkezi Kat.4, Be\u015fikta\u015f, 34349, \u0130stanbul&#8221;][box_icon_info title=&#8221;Telefon&#8221; typebox=&#8221;2&#8243; icon_pixstrokegap=&#8221;icon icon-Phone2&#8243; info=&#8221;0212 261 41 00&#8243;][box_icon_info title=&#8221;E-posta&#8221; typebox=&#8221;2&#8243; icon_pixstrokegap=&#8221;icon icon-Mail&#8221; info=&#8221;info@staging.aura-istanbul.com&#8221;][\/vc_column_inner][\/vc_row_inner][\/vc_column][vc_column width=&#8221;1\/12&#8243;][\/vc_column][\/vc_row]<\/p>\n<\/div>","protected":false},"excerpt":{"rendered":"<p>[vc_row css=&#8221;.vc_custom_1458994427936{padding-bottom: 60px !important;}&#8221;][vc_column width=&#8221;4\/12&#8243;][vc_column_text css=&#8221;.vc_custom_1494494151403{margin-top: -10px !important;}&#8221;] Aura-\u0130stanbul \u0130stanbul Mimarl\u0131k ve \u015eehircilik Ara\u015ft\u0131rmalar\u0131 Akademisi[\/vc_column_text][vc_row_inner css=&#8221;.vc_custom_1458993910777{padding-top: 30px !important;}&#8221;][vc_column_inner 0=&#8221;&#8221;][box_icon_info title=&#8221;Adres&#8221; typebox=&#8221;2&#8243; icon_pixstrokegap=&#8221;icon icon-House&#8221; info=&#8221;Hasf\u0131r\u0131n Caddesi, Sinanpa\u015fa \u0130\u015f Merkezi Kat.4, Be\u015fikta\u015f, [&hellip;]<\/p>\n","protected":false},"author":1,"featured_media":2398,"parent":0,"menu_order":0,"comment_status":"closed","ping_status":"closed","template":"","meta":{"_acf_changed":false,"_seopress_robots_primary_cat":"","_seopress_titles_title":"","_seopress_titles_desc":"","_seopress_robots_index":"","_price":"","_stock":"","_tribe_ticket_header":"","_tribe_default_ticket_provider":"","_ticket_start_date":"","_ticket_end_date":"","_tribe_ticket_show_description":"","_tribe_ticket_show_not_going":false,"_tribe_ticket_use_global_stock":"","_tribe_ticket_global_stock_level":"","_global_stock_mode":"","_global_stock_cap":"","_tribe_rsvp_for_event":"","_tribe_ticket_going_count":"","_tribe_ticket_not_going_count":"","_tribe_tickets_list":"[]","_tribe_ticket_has_attendee_info_fields":false,"_EventAllDay":false,"_EventTimezone":"","_EventStartDate":"","_EventEndDate":"","_EventStartDateUTC":"","_EventEndDateUTC":"","_EventShowMap":false,"_EventShowMapLink":false,"_EventURL":"","_EventCost":"","_EventCostDescription":"","_EventCurrencySymbol":"","_EventCurrencyCode":"","_EventCurrencyPosition":"","_EventDateTimeSeparator":"","_EventTimeRangeSeparator":"","_EventOrganizerID":[],"_EventVenueID":[],"_OrganizerEmail":"","_OrganizerPhone":"","_OrganizerWebsite":"","_VenueAddress":"","_VenueCity":"","_VenueCountry":"","_VenueProvince":"","_VenueState":"","_VenueZip":"","_VenuePhone":"","_VenueURL":"","_VenueStateProvince":"","_VenueLat":"","_VenueLng":"","_VenueShowMap":false,"_VenueShowMapLink":false,"footnotes":"","_tec_slr_enabled":"","_tec_slr_layout":""},"class_list":["post-385","page","type-page","status-publish","has-post-thumbnail","hentry"],"acf":[],"ticketed":false,"_links":{"self":[{"href":"https:\/\/staging.aura-istanbul.com\/index.php\/wp-json\/wp\/v2\/pages\/385","targetHints":{"allow":["GET"]}}],"collection":[{"href":"https:\/\/staging.aura-istanbul.com\/index.php\/wp-json\/wp\/v2\/pages"}],"about":[{"href":"https:\/\/staging.aura-istanbul.com\/index.php\/wp-json\/wp\/v2\/types\/page"}],"author":[{"embeddable":true,"href":"https:\/\/staging.aura-istanbul.com\/index.php\/wp-json\/wp\/v2\/users\/1"}],"replies":[{"embeddable":true,"href":"https:\/\/staging.aura-istanbul.com\/index.php\/wp-json\/wp\/v2\/comments?post=385"}],"version-history":[{"count":7,"href":"https:\/\/staging.aura-istanbul.com\/index.php\/wp-json\/wp\/v2\/pages\/385\/revisions"}],"predecessor-version":[{"id":3192,"href":"https:\/\/staging.aura-istanbul.com\/index.php\/wp-json\/wp\/v2\/pages\/385\/revisions\/3192"}],"wp:featuredmedia":[{"embeddable":true,"href":"https:\/\/staging.aura-istanbul.com\/index.php\/wp-json\/wp\/v2\/media\/2398"}],"wp:attachment":[{"href":"https:\/\/staging.aura-istanbul.com\/index.php\/wp-json\/wp\/v2\/media?parent=385"}],"curies":[{"name":"wp","href":"https:\/\/api.w.org\/{rel}","templated":true}]}}