{"id":2265,"date":"2017-05-05T19:16:24","date_gmt":"2017-05-05T16:16:24","guid":{"rendered":"http:\/\/79.137.12.64\/~auraista\/?page_id=2265"},"modified":"2017-12-23T18:15:48","modified_gmt":"2017-12-23T15:15:48","slug":"yilmaz-deger-2","status":"publish","type":"page","link":"https:\/\/staging.aura-istanbul.com\/index.php\/yonetim-kurulu\/yilmaz-deger-2\/","title":{"rendered":"Y\u0131lmaz De\u011fer"},"content":{"rendered":"<div class=\"wpb-content-wrapper\"><p>[vc_section][vc_row][vc_column width=&#8221;1\/3&#8243;][vc_single_image image=&#8221;2266&#8243; img_size=&#8221;full&#8221;][\/vc_column][vc_column width=&#8221;2\/3&#8243;][vc_column_text css_animation=&#8221;slideInRight&#8221;]<\/p>\n<h5><strong>Y\u0131lmaz\u00a0De\u011fer\u00a0<\/strong><em>Y.Mimar &#8211; Kurucu \u00dcye<\/em><\/h5>\n<p class=\"p1\">1956 y\u0131l\u0131nda \u0130stanbul\u2019da do\u011fdu. 1973 y\u0131l\u0131nda Kabata\u015f Erkek Lisesi\u2019ni bitirdi. 1981 y\u0131l\u0131nda \u0130stanbul Devlet G\u00fczel Sanatlar Akademisi\u2019nden Y\u00fcksek Mimar olarak mezun oldu. 1981-1987 y\u0131llar\u0131 aras\u0131nda, yurt d\u0131\u015f\u0131nda, e\u011fitimin yan\u0131 s\u0131ra Z\u00fcrich ve Paris\u2019te \u00e7e\u015fitli mimari b\u00fcrolarda \u00e7al\u0131\u015ft\u0131. 1987 y\u0131l\u0131nda \u0130stanbul\u2019da kurucu ortak olarak <span class=\"s1\">Lotus Mimarl\u0131k \u015eirketi<\/span>\u2019ni kurdu. 2014 y\u0131l\u0131na kadar ofis binalar\u0131, konut, otel, al\u0131\u015fveri\u015f ve e\u011flence merkezleri, restorasyon konular\u0131nda mimari ve i\u00e7 mimari mesleki \u00e7al\u0131\u015fmalar\u0131n\u0131 kesintisiz olarak bu firmada s\u00fcrd\u00fcrd\u00fc.<\/p>\n<p class=\"p1\">2015 y\u0131l\u0131ndan itibaren, kurucusu oldu\u011fu <span class=\"s1\">De\u011fer Mimarl\u0131k Tasar\u0131m <\/span>\u015firketinde mesleki \u00e7al\u0131\u015fmalar\u0131n\u0131 s\u00fcrd\u00fcrmektedir.<\/p>\n<p class=\"p1\">1997 y\u0131l\u0131ndan bu yana \u0130svi\u00e7re\u2019de de kurucu orta\u011f\u0131 oldu\u011fu <span class=\"s1\">Deger Design Architektur GmbH<\/span> \u015firketinde, T\u00fcrkiye\u2019nin yan\u0131 s\u0131ra, mimari proje \u00e7al\u0131\u015fmalar\u0131na devam etmektedir.<\/p>\n<p class=\"p1\">2009 y\u0131l\u0131nda Y\u0131ld\u0131z Teknik \u00dcniversitesi\u2019nde, Mimari Proje Tasar\u0131m\u0131 konusunda \u00d6\u011fretim G\u00f6revlisi olarak ba\u015flad\u0131\u011f\u0131 e\u011fitmenlik \u00e7al\u0131\u015fmalar\u0131n\u0131 2013 y\u0131l\u0131ndan itibaren Mimar Sinan G\u00fczel Sanatlar \u00dcniversitesinde s\u00fcrd\u00fcrmektedir.<\/p>\n<p class=\"p1\">1983 y\u0131l\u0131nda Aga Khan vakf\u0131 taraf\u0131ndan mimarl\u0131k \u00f6\u011frencileri i\u00e7in d\u00fczenlenen fikir projesi yar\u0131\u015fmas\u0131nda, Mimarlar Odas\u0131 ve Juri \u00d6zel \u00f6d\u00fcllerini kazanm\u0131\u015ft\u0131r. 2012 y\u0131l\u0131nda THBB ve TMMOB taraf\u0131ndan d\u00fczenlenen, y\u0131l\u0131n mimarl\u0131k \u00f6d\u00fclleri yar\u0131\u015fmas\u0131nda, Sabiha G\u00f6k\u00e7en Havaliman\u0131 My Technic MRO projesi ile \u2018E\u015fde\u011fer Birincilik\u2019 \u00f6d\u00fcl\u00fcn\u00fc kazanm\u0131\u015ft\u0131r.<\/p>\n<p class=\"p1\">Meral De\u011fer ile evlidir.<br \/>\nAlmanca ve \u0130ngilizce bilmektedir.<\/p>\n<p>[\/vc_column_text][\/vc_column][\/vc_row][\/vc_section]<\/p>\n<\/div>","protected":false},"excerpt":{"rendered":"<p>[vc_section][vc_row][vc_column width=&#8221;1\/3&#8243;][vc_single_image image=&#8221;2266&#8243; img_size=&#8221;full&#8221;][\/vc_column][vc_column width=&#8221;2\/3&#8243;][vc_column_text css_animation=&#8221;slideInRight&#8221;] Y\u0131lmaz\u00a0De\u011fer\u00a0Y.Mimar &#8211; Kurucu \u00dcye 1956 y\u0131l\u0131nda \u0130stanbul\u2019da do\u011fdu. 1973 y\u0131l\u0131nda Kabata\u015f Erkek Lisesi\u2019ni bitirdi. 1981 y\u0131l\u0131nda \u0130stanbul Devlet G\u00fczel Sanatlar Akademisi\u2019nden Y\u00fcksek Mimar olarak [&hellip;]<\/p>\n","protected":false},"author":1,"featured_media":0,"parent":2175,"menu_order":0,"comment_status":"closed","ping_status":"closed","template":"","meta":{"_acf_changed":false,"_seopress_robots_primary_cat":"","_seopress_titles_title":"","_seopress_titles_desc":"","_seopress_robots_index":"","_price":"","_stock":"","_tribe_ticket_header":"","_tribe_default_ticket_provider":"","_ticket_start_date":"","_ticket_end_date":"","_tribe_ticket_show_description":"","_tribe_ticket_show_not_going":false,"_tribe_ticket_use_global_stock":"","_tribe_ticket_global_stock_level":"","_global_stock_mode":"","_global_stock_cap":"","_tribe_rsvp_for_event":"","_tribe_ticket_going_count":"","_tribe_ticket_not_going_count":"","_tribe_tickets_list":"[]","_tribe_ticket_has_attendee_info_fields":false,"_EventAllDay":false,"_EventTimezone":"","_EventStartDate":"","_EventEndDate":"","_EventStartDateUTC":"","_EventEndDateUTC":"","_EventShowMap":false,"_EventShowMapLink":false,"_EventURL":"","_EventCost":"","_EventCostDescription":"","_EventCurrencySymbol":"","_EventCurrencyCode":"","_EventCurrencyPosition":"","_EventDateTimeSeparator":"","_EventTimeRangeSeparator":"","_EventOrganizerID":[],"_EventVenueID":[],"_OrganizerEmail":"","_OrganizerPhone":"","_OrganizerWebsite":"","_VenueAddress":"","_VenueCity":"","_VenueCountry":"","_VenueProvince":"","_VenueState":"","_VenueZip":"","_VenuePhone":"","_VenueURL":"","_VenueStateProvince":"","_VenueLat":"","_VenueLng":"","_VenueShowMap":false,"_VenueShowMapLink":false,"footnotes":"","_tec_slr_enabled":"","_tec_slr_layout":""},"class_list":["post-2265","page","type-page","status-publish","hentry"],"acf":[],"ticketed":false,"_links":{"self":[{"href":"https:\/\/staging.aura-istanbul.com\/index.php\/wp-json\/wp\/v2\/pages\/2265","targetHints":{"allow":["GET"]}}],"collection":[{"href":"https:\/\/staging.aura-istanbul.com\/index.php\/wp-json\/wp\/v2\/pages"}],"about":[{"href":"https:\/\/staging.aura-istanbul.com\/index.php\/wp-json\/wp\/v2\/types\/page"}],"author":[{"embeddable":true,"href":"https:\/\/staging.aura-istanbul.com\/index.php\/wp-json\/wp\/v2\/users\/1"}],"replies":[{"embeddable":true,"href":"https:\/\/staging.aura-istanbul.com\/index.php\/wp-json\/wp\/v2\/comments?post=2265"}],"version-history":[{"count":3,"href":"https:\/\/staging.aura-istanbul.com\/index.php\/wp-json\/wp\/v2\/pages\/2265\/revisions"}],"predecessor-version":[{"id":2893,"href":"https:\/\/staging.aura-istanbul.com\/index.php\/wp-json\/wp\/v2\/pages\/2265\/revisions\/2893"}],"up":[{"embeddable":true,"href":"https:\/\/staging.aura-istanbul.com\/index.php\/wp-json\/wp\/v2\/pages\/2175"}],"wp:attachment":[{"href":"https:\/\/staging.aura-istanbul.com\/index.php\/wp-json\/wp\/v2\/media?parent=2265"}],"curies":[{"name":"wp","href":"https:\/\/api.w.org\/{rel}","templated":true}]}}