{"id":2248,"date":"2017-05-05T19:09:47","date_gmt":"2017-05-05T16:09:47","guid":{"rendered":"http:\/\/79.137.12.64\/~auraista\/?page_id=2248"},"modified":"2019-05-30T17:08:14","modified_gmt":"2019-05-30T14:08:14","slug":"kurtul-erkmen-2","status":"publish","type":"page","link":"https:\/\/staging.aura-istanbul.com\/index.php\/yonetim-kurulu\/kurtul-erkmen-2\/","title":{"rendered":"Kurtul Erkmen"},"content":{"rendered":"<div class=\"wpb-content-wrapper\"><p>[vc_section][vc_row][vc_column width=&#8221;1\/3&#8243;][vc_single_image image=&#8221;2251&#8243; img_size=&#8221;full&#8221;][\/vc_column][vc_column width=&#8221;2\/3&#8243;][vc_column_text css_animation=&#8221;slideInRight&#8221;]<\/p>\n<h5><strong>Kurtul Erkmen \/\u00a0<\/strong><em>Y.Mimar &#8211; Kurucu \u00dcye<\/em><\/h5>\n<p>1961\u2019de \u0130stanbul\u2019da do\u011fdu. \u0130stanbul Erkek Lisesi\u2019ndeki orta \u00f6\u011freniminin ard\u0131ndan 1978\u2019de \u0130stanbul G\u00fczel Sanatlar Akademisi Mimarl\u0131k B\u00f6l\u00fcm\u00fc\u2019ne girdi. Mimar Sinan \u00dcniversitesi olarak ad\u0131 de\u011fi\u015fen kurumdan 1983\u2019te Y\u00fcksek Mimar olarak mezun oldu. 1980\u2019de Y. Mimar Lemi Erkmen ve Y. Mimar \u015eemi Erkmen ile kurduklar\u0131 TE \u0130n\u015faat Limited \u015eirketi\u2019nde \u00e7al\u0131\u015fmalar\u0131na ba\u015flad\u0131. Halen 1990\u2019da kurucu orta\u011f\u0131 oldu\u011fu KG Mimarl\u0131k&#8217;\u0131n \u0130stanbul Bebek\u2019teki ofisinde tasar\u0131m faaliyetlerini s\u00fcrd\u00fcrmektedir. Ayn\u0131 zamanda 1999\u2019dan itibaren KGROM ad\u0131yla Romanya ve 2007\u2019den itibaren de ErmasKG ad\u0131yla Kazakistan\u2019da faaliyetlerini s\u00fcrd\u00fcren iki yurt d\u0131\u015f\u0131 \u015firketin de kurucu ortakl\u0131\u011f\u0131, Yen-Tur Anonim \u015eirketi&#8217;ndeki y\u00f6netim kurulu \u00fcyeli\u011fi ile \u0130stanbul Gelecek K\u00fclt\u00fcr\u00fc ve Sanat\u0131 Vakf\u0131 Y\u00f6netim Kurulu \u00dcyeli\u011fi g\u00f6revlerinde bulunmu\u015ftur.<\/p>\n<p>Kat\u0131ld\u0131\u011f\u0131 mimari proje yar\u0131\u015fmalar\u0131ndan \u00e7e\u015fitli \u00f6d\u00fclleri ve sergilenmi\u015f \u00e7al\u0131\u015fmalar\u0131 bulunan Erkmen, ba\u015fta mimari proje yar\u0131\u015fmalar\u0131ndaki j\u00fcri \u00fcyelikleri olmak \u00fczere panel ve konferanslar gibi \u00e7e\u015fitli etkinliklere konu\u015fmac\u0131 olarak kat\u0131lmaktad\u0131r. Kurtul Erkmen, mimari \u00e7al\u0131\u015fmalar\u0131n\u0131n yan\u0131 s\u0131ra Mimar Sinan G\u00fczel Sanatlar \u00dcniversitesi Mimarl\u0131k B\u00f6l\u00fcm\u00fc\u2019nde bir d\u00f6nem Mimari Proje derslerinde \u00f6\u011fretim g\u00f6revlisi olarak yer alm\u0131\u015f ve halen ayn\u0131 \u00dcniversitenin Mimarl\u0131k B\u00f6l\u00fcm\u00fcnde Mesleki Temel E\u011fitim dersi hocas\u0131 olarak \u00e7al\u0131\u015fmaktad\u0131r.[\/vc_column_text][\/vc_column][\/vc_row][\/vc_section]<\/p>\n<\/div>","protected":false},"excerpt":{"rendered":"<p>[vc_section][vc_row][vc_column width=&#8221;1\/3&#8243;][vc_single_image image=&#8221;2251&#8243; img_size=&#8221;full&#8221;][\/vc_column][vc_column width=&#8221;2\/3&#8243;][vc_column_text css_animation=&#8221;slideInRight&#8221;] Kurtul Erkmen \/\u00a0Y.Mimar &#8211; Kurucu \u00dcye 1961\u2019de \u0130stanbul\u2019da do\u011fdu. \u0130stanbul Erkek Lisesi\u2019ndeki orta \u00f6\u011freniminin ard\u0131ndan 1978\u2019de \u0130stanbul G\u00fczel Sanatlar Akademisi Mimarl\u0131k B\u00f6l\u00fcm\u00fc\u2019ne girdi. Mimar [&hellip;]<\/p>\n","protected":false},"author":1,"featured_media":0,"parent":2175,"menu_order":0,"comment_status":"closed","ping_status":"closed","template":"","meta":{"_acf_changed":false,"_seopress_robots_primary_cat":"","_seopress_titles_title":"","_seopress_titles_desc":"","_seopress_robots_index":"","_price":"","_stock":"","_tribe_ticket_header":"","_tribe_default_ticket_provider":"","_ticket_start_date":"","_ticket_end_date":"","_tribe_ticket_show_description":"","_tribe_ticket_show_not_going":false,"_tribe_ticket_use_global_stock":"","_tribe_ticket_global_stock_level":"","_global_stock_mode":"","_global_stock_cap":"","_tribe_rsvp_for_event":"","_tribe_ticket_going_count":"","_tribe_ticket_not_going_count":"","_tribe_tickets_list":"[]","_tribe_ticket_has_attendee_info_fields":false,"_EventAllDay":false,"_EventTimezone":"","_EventStartDate":"","_EventEndDate":"","_EventStartDateUTC":"","_EventEndDateUTC":"","_EventShowMap":false,"_EventShowMapLink":false,"_EventURL":"","_EventCost":"","_EventCostDescription":"","_EventCurrencySymbol":"","_EventCurrencyCode":"","_EventCurrencyPosition":"","_EventDateTimeSeparator":"","_EventTimeRangeSeparator":"","_EventOrganizerID":[],"_EventVenueID":[],"_OrganizerEmail":"","_OrganizerPhone":"","_OrganizerWebsite":"","_VenueAddress":"","_VenueCity":"","_VenueCountry":"","_VenueProvince":"","_VenueState":"","_VenueZip":"","_VenuePhone":"","_VenueURL":"","_VenueStateProvince":"","_VenueLat":"","_VenueLng":"","_VenueShowMap":false,"_VenueShowMapLink":false,"footnotes":"","_tec_slr_enabled":"","_tec_slr_layout":""},"class_list":["post-2248","page","type-page","status-publish","hentry"],"acf":[],"ticketed":false,"_links":{"self":[{"href":"https:\/\/staging.aura-istanbul.com\/index.php\/wp-json\/wp\/v2\/pages\/2248","targetHints":{"allow":["GET"]}}],"collection":[{"href":"https:\/\/staging.aura-istanbul.com\/index.php\/wp-json\/wp\/v2\/pages"}],"about":[{"href":"https:\/\/staging.aura-istanbul.com\/index.php\/wp-json\/wp\/v2\/types\/page"}],"author":[{"embeddable":true,"href":"https:\/\/staging.aura-istanbul.com\/index.php\/wp-json\/wp\/v2\/users\/1"}],"replies":[{"embeddable":true,"href":"https:\/\/staging.aura-istanbul.com\/index.php\/wp-json\/wp\/v2\/comments?post=2248"}],"version-history":[{"count":17,"href":"https:\/\/staging.aura-istanbul.com\/index.php\/wp-json\/wp\/v2\/pages\/2248\/revisions"}],"predecessor-version":[{"id":5413,"href":"https:\/\/staging.aura-istanbul.com\/index.php\/wp-json\/wp\/v2\/pages\/2248\/revisions\/5413"}],"up":[{"embeddable":true,"href":"https:\/\/staging.aura-istanbul.com\/index.php\/wp-json\/wp\/v2\/pages\/2175"}],"wp:attachment":[{"href":"https:\/\/staging.aura-istanbul.com\/index.php\/wp-json\/wp\/v2\/media?parent=2248"}],"curies":[{"name":"wp","href":"https:\/\/api.w.org\/{rel}","templated":true}]}}