{"id":2206,"date":"2017-05-05T15:04:54","date_gmt":"2017-05-05T12:04:54","guid":{"rendered":"http:\/\/79.137.12.64\/~auraista\/?page_id=2206"},"modified":"2018-11-05T11:22:48","modified_gmt":"2018-11-05T08:22:48","slug":"aura-yaz-akademisi-2017","status":"publish","type":"page","link":"https:\/\/staging.aura-istanbul.com\/index.php\/aura-yaz-akademisi-2017\/","title":{"rendered":"AURA Yaz Akademisi 2017"},"content":{"rendered":"<div class=\"wpb-content-wrapper\"><p>[vc_section][vc_row][vc_column width=&#8221;1\/2&#8243;][vc_single_image image=&#8221;2303&#8243; img_size=&#8221;full&#8221;][\/vc_column][vc_column width=&#8221;1\/2&#8243;][vc_column_text]<\/p>\n<h3>Aura Yaz Akademisi 2017 \/\u00a0D-K\u00f6y<\/h3>\n<p><em style=\"font-size: 18px;\">Akl\u0131n ve ruhun birle\u015fti\u011fi Ege\u2019de Mikale da\u011f\u0131n\u0131n eteklerinde, \u00f6nemli filozoflar\u0131n yeti\u015fti\u011fi bu co\u011frafyada Thales&#8217;in, Ayasofya\u2019n\u0131n mimar\u0131 Isodorus&#8217;un ve Hippodamos\u2019un Priene&#8217;si ve Miletos\u2019u, d\u00fcnyan\u0131n ilk planl\u0131 \u015fehirlerini tan\u0131mak ve yeni fikirler \u00fcretmek ister misiniz?<\/em><\/p>\n<p>Ege\u2019de, benzersiz bereketli topraklar \u00fcst\u00fcnde ve tarihle i\u00e7i\u00e7e, D-K\u00f6y ev sahipli\u011finde, lisans son s\u0131n\u0131f, mezun ve y\u00fcksek lisans Mimarl\u0131k ve \u015eehir Planlamas\u0131 \u00f6\u011frencileri i\u00e7in unutulmayacak bir yaz etkinli\u011fi ve staj f\u0131rsat\u0131.<\/p>\n<p>AURA Yaz Akademisi, hem Ege\u2019yi, hem tarihi ya\u015fayabilece\u011finiz, hem de mimarl\u0131k, \u015fehir planlamac\u0131l\u0131\u011f\u0131, arkeoloji, tarih gibi konularla ya\u015fayarak bilgilerinizi art\u0131raca\u011f\u0131n\u0131z bir yaz \u00f6neriyor.<\/p>\n<p>Konusunun de\u011ferli uzmanlar\u0131, konu\u015fmac\u0131lar, farkl\u0131 disiplinlerden gelenlerin katk\u0131lar\u0131, kaz\u0131 alan\u0131ndaki arkeologlar ve yerel y\u00f6netimlerin i\u015fbirli\u011finde AURA-Yaz Akademisi ile birlikte unutulmaz bir deneyim imkan\u0131.<\/p>\n<p>Tarihin katmanlar\u0131, binalar\u0131n rekonstr\u00fcksiyonu, b\u00fct\u00fcnc\u00fcl d\u00fc\u015f\u00fcnce sistemi ile yakla\u015faca\u011f\u0131n\u0131z bu e\u015fsiz \u00e7evreye katk\u0131da bulunacak, \u00fcrettiklerinizi hocalarla g\u00f6zden ge\u00e7irmek, geri bildirim almak \u00a0ve sergilemek imkan\u0131 bulacaks\u0131n\u0131z.[\/vc_column_text][vc_column_text css=&#8221;.vc_custom_1496826219691{margin-top: 20px !important;}&#8221;]<\/p>\n<p><strong><span style=\"color: #ff6600;\">Ba\u015fvuru kay\u0131tlar\u0131 tamamlanm\u0131\u015ft\u0131r. \u0130lginiz i\u00e7in te\u015fekk\u00fcrler.<\/span><\/strong>[\/vc_column_text][\/vc_column][\/vc_row][vc_row][vc_column][vc_empty_space height=&#8221;24px&#8221;][\/vc_column][\/vc_row][\/vc_section][vc_section][vc_row][vc_column width=&#8221;1\/2&#8243;][vc_column_text]<\/p>\n<h3>D-K\u00f6y<\/h3>\n<p>D-K\u00f6y uygarl\u0131klara, k\u00fclt\u00fcr miras\u0131m\u0131za, \u00fclkemizin tar\u0131m topraklar\u0131na sahip \u00e7\u0131kan bir sanat ve k\u00fclt\u00fcr projesidir. D-k\u00f6y projesi; do\u011fal \u00e7evrenin tarihle kayna\u015ft\u0131\u011f\u0131 Do\u011fanbey k\u00f6y\u00fcn\u00fcn ve \u00e7evresinin k\u00fclt\u00fcrel varl\u0131klar\u0131n\u0131, mimari dokusunu, sanat ve arkeolojik de\u011ferlerini, do\u011fal floras\u0131n\u0131 korumay\u0131; bu co\u011frafyan\u0131n e\u015fsiz k\u00fclt\u00fcr\u00fcn\u00fc yeni ku\u015faklara aktarmay\u0131 ama\u00e7lamaktad\u0131r. D-K\u00f6y projesi akademisyenler, mimarlar, k\u00fclt\u00fcr insanlar\u0131n\u0131n olu\u015fturdu\u011fu bir birlikteliktir.<\/p>\n<p>\u0130lgin\u00e7 bir tarihe sahip olan D-K\u00f6y, T\u00fcrkiye ve Yunanistan aras\u0131nda 30 Ocak 1923 tarihinde imzalanan protokolle, Selanik\u2019ten g\u00f6\u00e7en m\u00fcbadillerin yerle\u015ftirildi\u011fi eski bir Rum k\u00f6y\u00fcn\u00fcn i\u00e7inde yer al\u0131yor. K\u00f6y; Ayd\u0131n-S\u00f6ke il\u00e7esindeki Priene\/Milet yolu \u00fczerinde bulunmakta. K\u00f6yde \u00e7e\u015fitli k\u00fclt\u00fcr ve sanat etkinlikleri d\u00fczenlenmekte. Ayr\u0131ca k\u00f6y b\u00fcnyesinde yer alan m\u00fczesi de her y\u0131l y\u00fcksek say\u0131da ziyaret\u00e7i \u00e7ekmekte.[\/vc_column_text][\/vc_column][vc_column width=&#8221;1\/2&#8243;][vc_single_image image=&#8221;2312&#8243; img_size=&#8221;full&#8221;][\/vc_column][\/vc_row][vc_row][vc_column][vc_empty_space height=&#8221;24px&#8221;][\/vc_column][\/vc_row][\/vc_section][vc_section][vc_row][vc_column width=&#8221;1\/2&#8243;][vc_single_image image=&#8221;2413&#8243; img_size=&#8221;full&#8221;][\/vc_column][vc_column width=&#8221;1\/2&#8243;][vc_column_text]<\/p>\n<h3>AURA Yaz Akademisi Ama\u00e7lar\u0131<\/h3>\n<p>Yaz Akademisi\u2019ne se\u00e7ilecek kat\u0131l\u0131mc\u0131lar\u0131n, b\u00fcy\u00fck kent ortam\u0131ndan uzakla\u015farak sorunlar\u0131 daha k\u00fc\u00e7\u00fck \u00f6l\u00e7ekte ancak, kendi \u00f6zg\u00fcn k\u00fclt\u00fcrel, sosyolojik ve tarihi perspektifinden g\u00f6zleyebilmeleri, analiz etmeleri ve sonu\u00e7 \u00e7\u0131kartmalar\u0131 ama\u00e7lanmaktad\u0131r. Kat\u0131l\u0131mc\u0131lar Akademinin multi-disipliner yakla\u015f\u0131m\u0131n\u0131 yans\u0131tacak ve peki\u015ftirecek bir dizi tart\u0131\u015fma, panel, toplant\u0131 ve gezi\u00a0 imkanlar\u0131ndan yararlanabileceklerdir.<\/p>\n<p>K\u00fc\u00e7\u00fck gruplar halinde 12\u00a0lisans son s\u0131n\u0131f, mezun ve y\u00fcksek lisans \u00f6\u011frencisi, \u00fc\u00e7 hafta boyunca;<\/p>\n<ul>\n<li>Arkeolojinin tarihi alanlardaki \u00f6nemini yerinde g\u00f6rerek deneyim edinecekler.<\/li>\n<li>Yap\u0131l\u0131 \u00e7evre ve kent kamusal \u00e7evresi \u00fczerinde yo\u011fun pratik yapma olana\u011f\u0131 bulacaklar.<\/li>\n<li>At\u00f6lye ve saha \u00e7al\u0131\u015fmalar\u0131nda mimari becerilerini ve bilgilerini geli\u015ftirecekler.<\/li>\n<li>Tarihi \u00e7evre ile k\u00fclt\u00fcrel imgelerden ayr\u0131lm\u0131\u015f eski ve yeni k\u00f6y aras\u0131nda kamusal mekanlarla yeni bir ba\u011f kuracak, b\u00f6lgenin yerel y\u00f6neticileriyle payla\u015facaklar.<\/li>\n<li>G\u00fcn bitiminde fikirlerini, sunumlar\u0131n\u0131 D-K\u00f6y at\u00f6lyesinde ve a\u00e7\u0131k hava sohbetlerinde hocalarla payla\u015fma olana\u011f\u0131 bulacaklar.<\/li>\n<li>Program sonunda sergi a\u00e7ma imkan\u0131 bulacaklar.<\/li>\n<li>Bulgular\u0131n\u0131 sosyo-k\u00fclt\u00fcrel a\u00e7\u0131dan de\u011ferlendirecekler.<\/li>\n<li>At\u00f6lye ve saha gezilerinde becerilerini geli\u015ftirecekler.<\/li>\n<li>Arkeolojik kaz\u0131 deneyimi ya\u015fayacaklar.<\/li>\n<li>Geceleri \u201cAy\u0131\u015f\u0131\u011f\u0131 Tart\u0131\u015fmalar\u0131\u201dnda fikirlerini payla\u015fabilecek, \u00e7e\u015fitli toplant\u0131lara, m\u00fcze gezilerine, konferans ve panellere kat\u0131labilecekler.<\/li>\n<li>Kat\u0131l\u0131m belgesi alacaklar.<\/li>\n<li>D\u00f6n\u00fc\u015fle birlikte bulgular\u0131n\u0131 bir sergi ile payla\u015fabilecekler.<\/li>\n<\/ul>\n<p>[\/vc_column_text][\/vc_column][\/vc_row][vc_row][vc_column][vc_empty_space height=&#8221;24px&#8221;][\/vc_column][\/vc_row][vc_row][vc_column width=&#8221;1\/2&#8243;][vc_column_text]<\/p>\n<h4>Etkinlikler<\/h4>\n<p>Y\u00f6rede bulunan mekanlara geziler d\u00fczenlenecek, zeytinlikte g\u00fcnl\u00fck kahvalt\u0131 yap\u0131lmas\u0131 sa\u011flanacak ve bir gece y\u00f6resel bir mekanda yemek yenecek.<\/p>\n<h4>Kal\u0131nacak mekan<\/h4>\n<p>\u00d6\u011frenciler k\u00f6y\u00fcn restorasyonu yap\u0131lm\u0131\u015f yap\u0131lar\u0131nda 4\u2019er ki\u015filik gruplar halinde kalacaklar. \u00d6\u011fle ve ak\u015fam yemekleri, \u00f6\u011fleyin sandvi\u00e7, ak\u015famlar\u0131 ise birlikte yenecek bir yemek olarak yaz okulu taraf\u0131ndan kar\u015f\u0131lanacak. Ayr\u0131ca di\u011fer ihtiya\u00e7lar i\u00e7in k\u00f6y meydan\u0131nda bulunan k\u00f6y kahvesi de kullan\u0131labilir.<\/p>\n<h4>Ula\u015f\u0131m<\/h4>\n<p>Ula\u015f\u0131m ile ilgili bilgiler daha sonra yay\u0131nlanacakt\u0131r.[\/vc_column_text][\/vc_column][vc_column width=&#8221;1\/2&#8243;][vc_single_image image=&#8221;2409&#8243; img_size=&#8221;full&#8221;][\/vc_column][\/vc_row][vc_row][vc_column][vc_empty_space height=&#8221;24px&#8221;][\/vc_column][\/vc_row][vc_row][vc_column width=&#8221;1\/2&#8243;][vc_single_image image=&#8221;2321&#8243; img_size=&#8221;full&#8221; css=&#8221;.vc_custom_1494264651749{margin-bottom: 10px !important;}&#8221;][vc_single_image image=&#8221;2322&#8243; img_size=&#8221;full&#8221; css=&#8221;.vc_custom_1494264659487{margin-bottom: 10px !important;}&#8221;][vc_single_image image=&#8221;2323&#8243; img_size=&#8221;full&#8221; css=&#8221;.vc_custom_1494264667173{margin-bottom: 10px !important;}&#8221;][vc_single_image image=&#8221;2325&#8243; img_size=&#8221;full&#8221; css=&#8221;.vc_custom_1494264677418{margin-bottom: 10px !important;}&#8221;][\/vc_column][vc_column width=&#8221;1\/2&#8243;][vc_column_text]<\/p>\n<h4>Program Detaylar\u0131<\/h4>\n<ul>\n<li><strong>11\u00a0Temmuz AURA Be\u015fikta\u015f ofisi oryantasyon<\/strong><\/li>\n<li><strong>16 Temmuz \u2013 6 A\u011fustos AURA Yaz Akademisi<\/strong><\/li>\n<li><strong>16 Temmuz Pazar &#8211; S\u00f6ke\u2019de bulu\u015fma<\/strong><\/li>\n<\/ul>\n<h5><strong>1 Hafta (17 &#8211; 23 Temmuz)<\/strong><\/h5>\n<ul>\n<li>Mimar Cengiz Kabao\u011flu y\u00f6netiminde r\u00f6l\u00f6ve, restorasyon, arkeoloji seminerleri<\/li>\n<li>Priene kaz\u0131 sitesinde arkeoloji kaz\u0131 \u00e7al\u0131\u015fmalar\u0131n\u0131n izlenmesi<\/li>\n<li>Bir restorasyon \u00f6rne\u011fi olarak Cengiz Kabao\u011flu e\u015fli\u011finde \u0130lyas Bey Camii incelemesi<\/li>\n<li>At\u00f6lyede tarih ve arkeoloji konu\u015fmalar\u0131<\/li>\n<li>Belgesel g\u00f6sterimi<\/li>\n<li>Sanat Tarih\u00e7isi Ay\u015feg\u00fcl G\u00fcng\u00f6ren e\u015fli\u011finde, S\u00f6ke ve Do\u011fanbey K\u00f6y\u00fc tarihi incelemesi<\/li>\n<li>Karina\u2019da ak\u015fam yeme\u011fi ve tart\u0131\u015fma<\/li>\n<\/ul>\n<h5><strong>2. Hafta (24 &#8211; 30 Temmuz)<\/strong><\/h5>\n<ul>\n<li>Mimar Kaya Din\u00e7er y\u00f6netiminde, eski ve yeni Do\u011fanbey k\u00f6ylerinin yap\u0131sal, kentsel, sosyolojik ve k\u00fclt\u00fcrel a\u00e7\u0131lardan kar\u015f\u0131la\u015ft\u0131r\u0131lmas\u0131<\/li>\n<li>D-K\u00f6y Osmanl\u0131 Giysileri M\u00fczesi gezisi<\/li>\n<li>Mimar B\u00fc\u015fra Yeltekin ile Mimari Foto\u011fraf At\u00f6lyesi<\/li>\n<li>Belgesel g\u00f6sterimi<\/li>\n<li>G\u00fcll\u00fcbah\u00e7e\u2019de ak\u015fam yeme\u011fi ve tart\u0131\u015fma<\/li>\n<\/ul>\n<h5><strong>3. Hafta (31 Temmuz &#8211; 6 A\u011fustos)<\/strong><\/h5>\n<ul>\n<li>Nezih Ba\u015fgelen y\u00f6netiminde:\n<ul>\n<li>Priene ve Miletos Gezisi<\/li>\n<li>Dydima ve Heraklia Gezisi<\/li>\n<li>Afrodisias Gezisi<\/li>\n<\/ul>\n<\/li>\n<li>Antik \u00c7a\u011f Felsefesi konu\u015fmalar\u0131<\/li>\n<li>Necmi Karul ile Tarih \u00d6ncesi Mimarl\u0131k incelemesi<\/li>\n<li>Ak\u015fam tart\u0131\u015fmalar\u0131<\/li>\n<\/ul>\n<p>&nbsp;<\/p>\n<ul>\n<li><strong>5\u00a0A\u011fustos Cumartesi\u00a0<\/strong>AURA-\u0130stanbul ve D-K\u00f6y y\u00f6neticilerinin de kat\u0131l\u0131m\u0131yla gala yeme\u011fi<\/li>\n<li><strong>6\u00a0A\u011fustos Pazar \u0130stanbul&#8217;a d\u00f6n\u00fc\u015f<\/strong><\/li>\n<li><strong>7 A\u011fustos ile ba\u015flayan hafta, sergi haz\u0131rl\u0131klar\u0131n\u0131n tamamlanmas\u0131<\/strong><\/li>\n<li><strong>2\u00a0Ekim AURA Yaz Akademisi Sergisi (Sergi bir ay boyunca s\u00fcrecek)<\/strong><\/li>\n<\/ul>\n<p>&nbsp;<\/p>\n<h5><strong>Kat\u0131l\u0131mc\u0131lar\u0131n yanlar\u0131nda getirmeleri gerekenler<\/strong><\/h5>\n<ul>\n<li>Foto\u011fraf makinesi<\/li>\n<li>M\u00fczeKart<\/li>\n<li>Eskiz kalemleri<\/li>\n<li>Lastik ayakkab\u0131<\/li>\n<li>\u0130nce penyeden uzun kollu t-shirt<\/li>\n<li>\u0130nce kuma\u015ftan uzun pantolon<\/li>\n<li>Blue Jean<\/li>\n<li>Ak\u015fam i\u00e7in h\u0131rka<\/li>\n<li>G\u00fcne\u015f kremleri<\/li>\n<li>Allerjisi olanlar\u00a0i\u00e7in\u00a0allerji\u00a0ila\u00e7 ve kremleri<\/li>\n<li>Sivrisinek kovucu<\/li>\n<li>Termos<\/li>\n<li>Mayo<\/li>\n<li>G\u00fcne\u015f g\u00f6zl\u00fc\u011f\u00fc<\/li>\n<\/ul>\n<p>[\/vc_column_text][vc_column_text css=&#8221;.vc_custom_1496826230546{margin-top: 20px !important;}&#8221;]<\/p>\n<p><strong><span style=\"color: #ff6600;\">Ba\u015fvuru kay\u0131tlar\u0131 tamamlanm\u0131\u015ft\u0131r. \u0130lginiz i\u00e7in te\u015fekk\u00fcrler.<\/span><\/strong>[\/vc_column_text][\/vc_column][\/vc_row][vc_row][vc_column][vc_empty_space height=&#8221;24px&#8221;][\/vc_column][\/vc_row][\/vc_section][vc_row][vc_column][vc_gallery type=&#8221;nivo&#8221; interval=&#8221;3&#8243; images=&#8221;2411,2409,2414,2415,2416,2417,2418,2419,2420&#8243; img_size=&#8221;large&#8221; onclick=&#8221;custom_link&#8221; custom_links_target=&#8221;_blank&#8221; title=&#8221;D-K\u00f6y Galeri&#8221; custom_links=&#8221;#E-8_aHR0cHMlM0ElMkYlMkZ3d3cuZGtveS5jb20udHIlMkYlMjA=&#8221;][\/vc_column][\/vc_row]<\/p>\n<\/div>","protected":false},"excerpt":{"rendered":"<p>[vc_section][vc_row][vc_column width=&#8221;1\/2&#8243;][vc_single_image image=&#8221;2303&#8243; img_size=&#8221;full&#8221;][\/vc_column][vc_column width=&#8221;1\/2&#8243;][vc_column_text] Aura Yaz Akademisi 2017 \/\u00a0D-K\u00f6y Akl\u0131n ve ruhun birle\u015fti\u011fi Ege\u2019de Mikale da\u011f\u0131n\u0131n eteklerinde, \u00f6nemli filozoflar\u0131n yeti\u015fti\u011fi bu co\u011frafyada Thales&#8217;in, Ayasofya\u2019n\u0131n mimar\u0131 Isodorus&#8217;un ve Hippodamos\u2019un Priene&#8217;si [&hellip;]<\/p>\n","protected":false},"author":1,"featured_media":2301,"parent":0,"menu_order":0,"comment_status":"closed","ping_status":"closed","template":"","meta":{"_acf_changed":false,"_seopress_robots_primary_cat":"","_seopress_titles_title":"AURA Yaz Akademisi 2017 | %%sitetitle%%","_seopress_titles_desc":"","_seopress_robots_index":"","_price":"","_stock":"","_tribe_ticket_header":"","_tribe_default_ticket_provider":"","_ticket_start_date":"","_ticket_end_date":"","_tribe_ticket_show_description":"","_tribe_ticket_show_not_going":false,"_tribe_ticket_use_global_stock":"","_tribe_ticket_global_stock_level":"","_global_stock_mode":"","_global_stock_cap":"","_tribe_rsvp_for_event":"","_tribe_ticket_going_count":"","_tribe_ticket_not_going_count":"","_tribe_tickets_list":"[]","_tribe_ticket_has_attendee_info_fields":false,"_EventAllDay":false,"_EventTimezone":"","_EventStartDate":"","_EventEndDate":"","_EventStartDateUTC":"","_EventEndDateUTC":"","_EventShowMap":false,"_EventShowMapLink":false,"_EventURL":"","_EventCost":"","_EventCostDescription":"","_EventCurrencySymbol":"","_EventCurrencyCode":"","_EventCurrencyPosition":"","_EventDateTimeSeparator":"","_EventTimeRangeSeparator":"","_EventOrganizerID":[],"_EventVenueID":[],"_OrganizerEmail":"","_OrganizerPhone":"","_OrganizerWebsite":"","_VenueAddress":"","_VenueCity":"","_VenueCountry":"","_VenueProvince":"","_VenueState":"","_VenueZip":"","_VenuePhone":"","_VenueURL":"","_VenueStateProvince":"","_VenueLat":"","_VenueLng":"","_VenueShowMap":false,"_VenueShowMapLink":false,"footnotes":"","_tec_slr_enabled":"","_tec_slr_layout":""},"class_list":["post-2206","page","type-page","status-publish","has-post-thumbnail","hentry"],"acf":[],"ticketed":false,"_links":{"self":[{"href":"https:\/\/staging.aura-istanbul.com\/index.php\/wp-json\/wp\/v2\/pages\/2206","targetHints":{"allow":["GET"]}}],"collection":[{"href":"https:\/\/staging.aura-istanbul.com\/index.php\/wp-json\/wp\/v2\/pages"}],"about":[{"href":"https:\/\/staging.aura-istanbul.com\/index.php\/wp-json\/wp\/v2\/types\/page"}],"author":[{"embeddable":true,"href":"https:\/\/staging.aura-istanbul.com\/index.php\/wp-json\/wp\/v2\/users\/1"}],"replies":[{"embeddable":true,"href":"https:\/\/staging.aura-istanbul.com\/index.php\/wp-json\/wp\/v2\/comments?post=2206"}],"version-history":[{"count":37,"href":"https:\/\/staging.aura-istanbul.com\/index.php\/wp-json\/wp\/v2\/pages\/2206\/revisions"}],"predecessor-version":[{"id":4216,"href":"https:\/\/staging.aura-istanbul.com\/index.php\/wp-json\/wp\/v2\/pages\/2206\/revisions\/4216"}],"wp:featuredmedia":[{"embeddable":true,"href":"https:\/\/staging.aura-istanbul.com\/index.php\/wp-json\/wp\/v2\/media\/2301"}],"wp:attachment":[{"href":"https:\/\/staging.aura-istanbul.com\/index.php\/wp-json\/wp\/v2\/media?parent=2206"}],"curies":[{"name":"wp","href":"https:\/\/api.w.org\/{rel}","templated":true}]}}