{"id":2160,"date":"2017-05-05T14:25:49","date_gmt":"2017-05-05T11:25:49","guid":{"rendered":"http:\/\/79.137.12.64\/~auraista\/?page_id=2160"},"modified":"2022-02-06T21:16:44","modified_gmt":"2022-02-06T18:16:44","slug":"program","status":"publish","type":"page","link":"https:\/\/staging.aura-istanbul.com\/index.php\/program\/","title":{"rendered":"Sertifika Program\u0131"},"content":{"rendered":"<div class=\"wpb-content-wrapper\"><p>[vc_section][vc_row][vc_column][vc_column_text]<\/p>\n<h2>Program<\/h2>\n<p>[\/vc_column_text][\/vc_column][\/vc_row][vc_row][vc_column width=&#8221;1\/2&#8243;][vc_empty_space][vc_column_text]Akademi\u2019nin ara\u015ft\u0131rma program\u0131, ilgi alanlar\u0131 ve deneyimleri farkl\u0131 olan kat\u0131l\u0131mc\u0131lar\u0131n ki\u015fisel beklentilerine yan\u0131t verecek \u015fekilde geni\u015f kapsaml\u0131 olarak olu\u015fturulmu\u015ftur. Ara\u015ft\u0131rma s\u00fcrecinde mimarl\u0131k ve kentsel tasar\u0131m alanlar\u0131nda, tarihsel-kuramsal arka plana ve \u00e7\u00f6z\u00fcmlemeci boyuta odaklan\u0131lacak, mimarl\u0131\u011f\u0131 k\u00fclt\u00fcrel bir \u00fcretim bi\u00e7imi olarak kavrayacak \u00e7al\u0131\u015fmalar s\u00fcrd\u00fcr\u00fclecektir.<\/p>\n<p>Program\u0131n genel amac\u0131, kat\u0131l\u0131mc\u0131lar\u0131n yap\u0131l\u0131 \u00e7evre \u00fczerinden hem sosyal, hem politik, hem de ekolojik ba\u011flamlar\u0131 anlamalar\u0131na, e\u015f zamanl\u0131 olarak da tasar\u0131m, temsil ve uygulama teknolojileri konular\u0131nda kavramsal ve teknik yeterlilik d\u00fczeylerini geli\u015ftirmelerine yard\u0131mc\u0131 olmakt\u0131r.<\/p>\n<p>Akademi\u2019nin tek yar\u0131y\u0131ll\u0131k ara\u015ft\u0131rma program\u0131 iki temel a\u015famadan olu\u015fmaktad\u0131r:<\/p>\n<p>1. \u00c7\u00f6z\u00fcmleme<br \/>\n2. Tasar\u0131m<\/p>\n<p>\u0130lk a\u015famada kat\u0131l\u0131mc\u0131lar, \u0130stanbul\u2019a dair bir yap\u0131, alan veya kavram \u00fczerinde ara\u015ft\u0131rma yaparak, bireysel ara\u015ft\u0131rma konular\u0131n\u0131 belirleyecek ve farkl\u0131 temsil ara\u00e7lar\u0131n\u0131 kullanarak \u00e7\u00f6z\u00fcmlemeci \u00e7al\u0131\u015fmalar\u0131n\u0131 ger\u00e7ekle\u015ftireceklerdir.[\/vc_column_text][\/vc_column][vc_column width=&#8221;1\/2&#8243;][vc_empty_space][vc_column_text]\u0130kinci a\u015famada ise kat\u0131l\u0131mc\u0131lar, \u00e7al\u0131\u015fma alanlar\u0131yla ilgili kavramsal yakla\u015f\u0131mlar\u0131n\u0131 ve somut \u00f6nerilerini geli\u015ftireceklerdir. Her kat\u0131l\u0131mc\u0131n\u0131n proje konusu ve ara\u015ft\u0131rma alan\u0131 kendine \u00f6zel olacakt\u0131r. Proje alan\u0131 ve ara\u015ft\u0131rma konusu kat\u0131l\u0131mc\u0131n\u0131n ilgi alan\u0131 ve deneyimleri do\u011frultusunda program\u0131 y\u00fcr\u00fctenlerle birlikte se\u00e7ilecektir.<\/p>\n<p>Proje ve ara\u015ft\u0131rma konular\u0131n\u0131n \u0130stanbul\u2019dan se\u00e7ilmesinin amac\u0131, i\u00e7inde ya\u015fad\u0131\u011f\u0131m\u0131z bu karma\u015f\u0131k, bir o kadar da dinamik kentle ve onun ko\u015fullar\u0131yla daha yak\u0131ndan ili\u015fki kurmak i\u00e7in gerekli ortam\u0131 yaratmakt\u0131r.<\/p>\n<p>\u00c7al\u0131\u015fma s\u00fcrecinde farkl\u0131 \u00e7\u00f6z\u00fcmleme, tasar\u0131m ve sunum ara\u00e7lar\u0131n\u0131 ve y\u00f6ntemlerini kullanmak, s\u00fcrekli de\u011fi\u015fim i\u00e7erisinde olan bu dinamik kentin daha iyi yorumlanmas\u0131na katk\u0131da bulunacakt\u0131r.<\/p>\n<p>Program herhangi bir akademik derece vermemektedir. Kat\u0131l\u0131mc\u0131lara \u00e7al\u0131\u015fmalar\u0131 tamamland\u0131\u011f\u0131nda sertifika verilecektir.<\/p>\n<p>Her d\u00f6nem tamamlanan tasar\u0131m bazl\u0131 ara\u015ft\u0131rma projeleri, T\u00fcrk\u00e7e ve \u0130ngilizce dillerinde kitap olarak bas\u0131lacakt\u0131r. Ayr\u0131ca \u00e7al\u0131\u015fmalar\u0131n \u00f6zet versiyonlar\u0131 genel bir de\u011ferlendirme e\u015fli\u011finde bir s\u00fcreli yay\u0131nla kamuoyu ile payla\u015f\u0131lacakt\u0131r.[\/vc_column_text][\/vc_column][\/vc_row][vc_row][vc_column][vc_empty_space height=&#8221;64px&#8221;][\/vc_column][\/vc_row][\/vc_section]<\/p>\n<\/div>","protected":false},"excerpt":{"rendered":"<p>[vc_section][vc_row][vc_column][vc_column_text] Program [\/vc_column_text][\/vc_column][\/vc_row][vc_row][vc_column width=&#8221;1\/2&#8243;][vc_empty_space][vc_column_text]Akademi\u2019nin ara\u015ft\u0131rma program\u0131, ilgi alanlar\u0131 ve deneyimleri farkl\u0131 olan kat\u0131l\u0131mc\u0131lar\u0131n ki\u015fisel beklentilerine yan\u0131t verecek \u015fekilde geni\u015f kapsaml\u0131 olarak olu\u015fturulmu\u015ftur. Ara\u015ft\u0131rma s\u00fcrecinde mimarl\u0131k ve kentsel tasar\u0131m alanlar\u0131nda, tarihsel-kuramsal [&hellip;]<\/p>\n","protected":false},"author":1,"featured_media":2405,"parent":0,"menu_order":0,"comment_status":"closed","ping_status":"closed","template":"","meta":{"_acf_changed":false,"_seopress_robots_primary_cat":"","_seopress_titles_title":"","_seopress_titles_desc":"","_seopress_robots_index":"","_price":"","_stock":"","_tribe_ticket_header":"","_tribe_default_ticket_provider":"","_ticket_start_date":"","_ticket_end_date":"","_tribe_ticket_show_description":"","_tribe_ticket_show_not_going":false,"_tribe_ticket_use_global_stock":"","_tribe_ticket_global_stock_level":"","_global_stock_mode":"","_global_stock_cap":"","_tribe_rsvp_for_event":"","_tribe_ticket_going_count":"","_tribe_ticket_not_going_count":"","_tribe_tickets_list":"[]","_tribe_ticket_has_attendee_info_fields":false,"_EventAllDay":false,"_EventTimezone":"","_EventStartDate":"","_EventEndDate":"","_EventStartDateUTC":"","_EventEndDateUTC":"","_EventShowMap":false,"_EventShowMapLink":false,"_EventURL":"","_EventCost":"","_EventCostDescription":"","_EventCurrencySymbol":"","_EventCurrencyCode":"","_EventCurrencyPosition":"","_EventDateTimeSeparator":"","_EventTimeRangeSeparator":"","_EventOrganizerID":[],"_EventVenueID":[],"_OrganizerEmail":"","_OrganizerPhone":"","_OrganizerWebsite":"","_VenueAddress":"","_VenueCity":"","_VenueCountry":"","_VenueProvince":"","_VenueState":"","_VenueZip":"","_VenuePhone":"","_VenueURL":"","_VenueStateProvince":"","_VenueLat":"","_VenueLng":"","_VenueShowMap":false,"_VenueShowMapLink":false,"footnotes":"","_tec_slr_enabled":"","_tec_slr_layout":""},"class_list":["post-2160","page","type-page","status-publish","has-post-thumbnail","hentry"],"acf":[],"ticketed":false,"_links":{"self":[{"href":"https:\/\/staging.aura-istanbul.com\/index.php\/wp-json\/wp\/v2\/pages\/2160","targetHints":{"allow":["GET"]}}],"collection":[{"href":"https:\/\/staging.aura-istanbul.com\/index.php\/wp-json\/wp\/v2\/pages"}],"about":[{"href":"https:\/\/staging.aura-istanbul.com\/index.php\/wp-json\/wp\/v2\/types\/page"}],"author":[{"embeddable":true,"href":"https:\/\/staging.aura-istanbul.com\/index.php\/wp-json\/wp\/v2\/users\/1"}],"replies":[{"embeddable":true,"href":"https:\/\/staging.aura-istanbul.com\/index.php\/wp-json\/wp\/v2\/comments?post=2160"}],"version-history":[{"count":11,"href":"https:\/\/staging.aura-istanbul.com\/index.php\/wp-json\/wp\/v2\/pages\/2160\/revisions"}],"predecessor-version":[{"id":9751,"href":"https:\/\/staging.aura-istanbul.com\/index.php\/wp-json\/wp\/v2\/pages\/2160\/revisions\/9751"}],"wp:featuredmedia":[{"embeddable":true,"href":"https:\/\/staging.aura-istanbul.com\/index.php\/wp-json\/wp\/v2\/media\/2405"}],"wp:attachment":[{"href":"https:\/\/staging.aura-istanbul.com\/index.php\/wp-json\/wp\/v2\/media?parent=2160"}],"curies":[{"name":"wp","href":"https:\/\/api.w.org\/{rel}","templated":true}]}}