{"id":2157,"date":"2017-05-05T14:49:02","date_gmt":"2017-05-05T11:49:02","guid":{"rendered":"http:\/\/79.137.12.64\/~auraista\/?page_id=2157"},"modified":"2024-05-27T16:02:38","modified_gmt":"2024-05-27T13:02:38","slug":"danisma-kurulu","status":"publish","type":"page","link":"https:\/\/staging.aura-istanbul.com\/index.php\/danisma-kurulu\/","title":{"rendered":"Dan\u0131\u015fma Kurulu"},"content":{"rendered":"<div class=\"wpb-content-wrapper\"><p>[vc_section 0=&#8221;&#8221;][vc_row 0=&#8221;&#8221;][vc_column width=&#8221;1\/4&#8243;][vc_single_image image=&#8221;2292&#8243; img_size=&#8221;medium&#8221; alignment=&#8221;center&#8221; css=&#8221;.vc_custom_1494670316543{margin-bottom: -5px !important;}&#8221;][vc_column_text 0=&#8221;&#8221;]<\/p>\n<h4 style=\"text-align: center;\">Ufuk\u00a0Do\u011frus\u00f6z<\/h4>\n<p style=\"text-align: center;\">E\u011fitim Dan\u0131\u015fman\u0131<\/p>\n<p>[\/vc_column_text][\/vc_column][vc_column width=&#8221;1\/4&#8243;][vc_single_image image=&#8221;8143&#8243; img_size=&#8221;medium&#8221; alignment=&#8221;center&#8221;][vc_column_text]<\/p>\n<h4 style=\"text-align: center;\"><strong>Ece Ceylan Baba<\/strong><\/h4>\n<p style=\"text-align: center;\">E\u011fitim Dan\u0131\u015fman\u0131<\/p>\n<p>[\/vc_column_text][\/vc_column][vc_column width=&#8221;1\/4&#8243;][vc_single_image image=&#8221;2395&#8243; img_size=&#8221;medium&#8221; alignment=&#8221;center&#8221; css=&#8221;.vc_custom_1716814827267{margin-bottom: -5px !important;}&#8221;][vc_column_text 0=&#8221;&#8221;]<\/p>\n<h4 style=\"text-align: center;\">\u0130pek \u0130lter<\/h4>\n<p style=\"text-align: center;\">Y\u00f6netim Dan\u0131\u015fman\u0131<\/p>\n<p>[\/vc_column_text][\/vc_column][vc_column width=&#8221;1\/4&#8243;][vc_single_image image=&#8221;8195&#8243; img_size=&#8221;medium&#8221; alignment=&#8221;center&#8221; css=&#8221;.vc_custom_1716814928413{margin-bottom: -5px !important;}&#8221;][vc_column_text 0=&#8221;&#8221;]<\/p>\n<h4 style=\"text-align: center;\">Deniz Karabacak<\/h4>\n<p style=\"text-align: center;\">Dijital \u0130leti\u015fim Dan\u0131\u015fman\u0131<\/p>\n<p>[\/vc_column_text][\/vc_column][\/vc_row][vc_row][vc_column width=&#8221;1\/4&#8243;][vc_single_image image=&#8221;3251&#8243; img_size=&#8221;medium&#8221; alignment=&#8221;center&#8221; css=&#8221;.vc_custom_1532002282784{margin-bottom: -5px !important;}&#8221;][vc_column_text 0=&#8221;&#8221;]<\/p>\n<h4 style=\"text-align: center;\">G\u00fcl\u00e7in \u0130pek<\/h4>\n<p style=\"text-align: center;\">Y\u00f6netim Dan\u0131\u015fman\u0131<\/p>\n<p>[\/vc_column_text][\/vc_column][vc_column width=&#8221;1\/4&#8243;][vc_single_image image=&#8221;2721&#8243; img_size=&#8221;medium&#8221; alignment=&#8221;center&#8221; css=&#8221;.vc_custom_1500451842416{margin-bottom: -5px !important;}&#8221;][vc_column_text 0=&#8221;&#8221;]<\/p>\n<h4 style=\"text-align: center;\">Melda Bayraktaro\u011flu<\/h4>\n<p style=\"text-align: center;\">Kurumsal \u0130leti\u015fim Dan\u0131\u015fman\u0131<\/p>\n<p>[\/vc_column_text][\/vc_column][vc_column width=&#8221;1\/4&#8243;][vc_single_image image=&#8221;6198&#8243; img_size=&#8221;medium&#8221; alignment=&#8221;center&#8221; css=&#8221;.vc_custom_1578660159109{margin-bottom: -5px !important;}&#8221;][vc_column_text 0=&#8221;&#8221;]<\/p>\n<h4 style=\"text-align: center;\">Meltem Okvuran<\/h4>\n<p style=\"text-align: center;\">Uluslararas\u0131 \u0130leti\u015fim Dan\u0131\u015fman\u0131<\/p>\n<p>[\/vc_column_text][\/vc_column][vc_column width=&#8221;1\/4&#8243;][vc_single_image image=&#8221;2614&#8243; img_size=&#8221;medium&#8221; alignment=&#8221;center&#8221; css=&#8221;.vc_custom_1499417230052{margin-bottom: -5px !important;}&#8221;][vc_column_text 0=&#8221;&#8221;]<\/p>\n<h4 style=\"text-align: center;\">Pelin \u00d6zgen Piker<\/h4>\n<p style=\"text-align: center;\">Kurumsal \u0130leti\u015fim Dan\u0131\u015fman\u0131<\/p>\n<p>[\/vc_column_text][\/vc_column][\/vc_row][\/vc_section][vc_row][vc_column width=&#8221;1\/4&#8243;][\/vc_column][vc_column width=&#8221;1\/4&#8243;][\/vc_column][vc_column width=&#8221;1\/4&#8243;][\/vc_column][vc_column width=&#8221;1\/4&#8243;][\/vc_column][\/vc_row]<\/p>\n<\/div>","protected":false},"excerpt":{"rendered":"<p>[vc_section 0=&#8221;&#8221;][vc_row 0=&#8221;&#8221;][vc_column width=&#8221;1\/4&#8243;][vc_single_image image=&#8221;2292&#8243; img_size=&#8221;medium&#8221; alignment=&#8221;center&#8221; css=&#8221;.vc_custom_1494670316543{margin-bottom: -5px !important;}&#8221;][vc_column_text 0=&#8221;&#8221;] Ufuk\u00a0Do\u011frus\u00f6z E\u011fitim Dan\u0131\u015fman\u0131 [\/vc_column_text][\/vc_column][vc_column width=&#8221;1\/4&#8243;][vc_single_image image=&#8221;8143&#8243; img_size=&#8221;medium&#8221; alignment=&#8221;center&#8221;][vc_column_text] Ece Ceylan Baba E\u011fitim Dan\u0131\u015fman\u0131 [\/vc_column_text][\/vc_column][vc_column width=&#8221;1\/4&#8243;][vc_single_image image=&#8221;2395&#8243; img_size=&#8221;medium&#8221; alignment=&#8221;center&#8221; css=&#8221;.vc_custom_1716814827267{margin-bottom: [&hellip;]<\/p>\n","protected":false},"author":1,"featured_media":2299,"parent":0,"menu_order":0,"comment_status":"closed","ping_status":"closed","template":"","meta":{"_acf_changed":false,"_seopress_robots_primary_cat":"","_seopress_titles_title":"Dan\u0131\u015fma Kurulu | %%sitetitle%%","_seopress_titles_desc":"","_seopress_robots_index":"","_price":"","_stock":"","_tribe_ticket_header":"","_tribe_default_ticket_provider":"","_ticket_start_date":"","_ticket_end_date":"","_tribe_ticket_show_description":"","_tribe_ticket_show_not_going":false,"_tribe_ticket_use_global_stock":"","_tribe_ticket_global_stock_level":"","_global_stock_mode":"","_global_stock_cap":"","_tribe_rsvp_for_event":"","_tribe_ticket_going_count":"","_tribe_ticket_not_going_count":"","_tribe_tickets_list":"[]","_tribe_ticket_has_attendee_info_fields":false,"_EventAllDay":false,"_EventTimezone":"","_EventStartDate":"","_EventEndDate":"","_EventStartDateUTC":"","_EventEndDateUTC":"","_EventShowMap":false,"_EventShowMapLink":false,"_EventURL":"","_EventCost":"","_EventCostDescription":"","_EventCurrencySymbol":"","_EventCurrencyCode":"","_EventCurrencyPosition":"","_EventDateTimeSeparator":"","_EventTimeRangeSeparator":"","_EventOrganizerID":[],"_EventVenueID":[],"_OrganizerEmail":"","_OrganizerPhone":"","_OrganizerWebsite":"","_VenueAddress":"","_VenueCity":"","_VenueCountry":"","_VenueProvince":"","_VenueState":"","_VenueZip":"","_VenuePhone":"","_VenueURL":"","_VenueStateProvince":"","_VenueLat":"","_VenueLng":"","_VenueShowMap":false,"_VenueShowMapLink":false,"footnotes":"","_tec_slr_enabled":"","_tec_slr_layout":""},"class_list":["post-2157","page","type-page","status-publish","has-post-thumbnail","hentry"],"acf":[],"ticketed":false,"_links":{"self":[{"href":"https:\/\/staging.aura-istanbul.com\/index.php\/wp-json\/wp\/v2\/pages\/2157","targetHints":{"allow":["GET"]}}],"collection":[{"href":"https:\/\/staging.aura-istanbul.com\/index.php\/wp-json\/wp\/v2\/pages"}],"about":[{"href":"https:\/\/staging.aura-istanbul.com\/index.php\/wp-json\/wp\/v2\/types\/page"}],"author":[{"embeddable":true,"href":"https:\/\/staging.aura-istanbul.com\/index.php\/wp-json\/wp\/v2\/users\/1"}],"replies":[{"embeddable":true,"href":"https:\/\/staging.aura-istanbul.com\/index.php\/wp-json\/wp\/v2\/comments?post=2157"}],"version-history":[{"count":19,"href":"https:\/\/staging.aura-istanbul.com\/index.php\/wp-json\/wp\/v2\/pages\/2157\/revisions"}],"predecessor-version":[{"id":12470,"href":"https:\/\/staging.aura-istanbul.com\/index.php\/wp-json\/wp\/v2\/pages\/2157\/revisions\/12470"}],"wp:featuredmedia":[{"embeddable":true,"href":"https:\/\/staging.aura-istanbul.com\/index.php\/wp-json\/wp\/v2\/media\/2299"}],"wp:attachment":[{"href":"https:\/\/staging.aura-istanbul.com\/index.php\/wp-json\/wp\/v2\/media?parent=2157"}],"curies":[{"name":"wp","href":"https:\/\/api.w.org\/{rel}","templated":true}]}}