{"id":15020,"date":"2025-09-12T16:16:26","date_gmt":"2025-09-12T13:16:26","guid":{"rendered":"https:\/\/staging.aura-istanbul.com\/?page_id=15020"},"modified":"2025-09-12T16:16:26","modified_gmt":"2025-09-12T13:16:26","slug":"aura-alumni-zeynep-esin-temtek","status":"publish","type":"page","link":"https:\/\/staging.aura-istanbul.com\/index.php\/aura-alumni-zeynep-esin-temtek\/","title":{"rendered":"AURA Alumni: Zeynep Esin Temtek"},"content":{"rendered":"<div class=\"wpb-content-wrapper\"><p>[vc_section][vc_row][vc_column width=&#8221;1\/6&#8243;][vc_single_image image=&#8221;14727&#8243; img_size=&#8221;large&#8221; alignment=&#8221;center&#8221; css=&#8221;&#8221;][vc_empty_space][vc_column_text css=&#8221;&#8221;]<strong>Zeynep Esin Temtek<\/strong>[\/vc_column_text][vc_empty_space height=&#8221;16px&#8221;][vc_column_text css=&#8221;&#8221;]Mimarl\u0131k<br \/>\nMEF \u00dcniversitesi<\/p>\n<p><span data-sheets-root=\"1\">\u00a0<\/span><\/p>\n<p>Bahar 2025<br \/>\nDan\u0131\u015fman: Deniz Aslan &#8211; Elif \u00c7elik[\/vc_column_text][vc_empty_space][vc_row_inner][vc_column_inner width=&#8221;1\/4&#8243;][\/vc_column_inner][vc_column_inner width=&#8221;1\/4&#8243;][vc_icon icon_fontawesome=&#8221;fa fa-brands fa-linkedin&#8221; color=&#8221;chino&#8221; size=&#8221;xs&#8221; css=&#8221;&#8221; link=&#8221;url:https%3A%2F%2Fwww.linkedin.com%2Fin%2Fzeynep-esin-temtek-72a301332%2F&#8221;][\/vc_column_inner][vc_column_inner width=&#8221;1\/4&#8243;][\/vc_column_inner][vc_column_inner width=&#8221;1\/4&#8243;][\/vc_column_inner][\/vc_row_inner][\/vc_column][vc_column width=&#8221;2\/3&#8243;][vc_empty_space][vc_column_text css=&#8221;&#8221;]<\/p>\n<p style=\"text-align: left;\"><strong>Beyo\u011flu Labirenti: Yang\u0131n Merdivenleri<\/strong><\/p>\n<p>[\/vc_column_text][vc_empty_space][vc_column_text css=&#8221;&#8221;]Kent mek\u00e2n\u0131 yaln\u0131zca fiziksel yap\u0131larla de\u011fil, toplumsal ili\u015fkiler ve tarihsel s\u00fcre\u00e7lerle de \u015fekillenir. Bu yap\u0131lar aras\u0131nda zamanla g\u00f6r\u00fcnmezle\u015fen, i\u015flevsel ama g\u00f6z ard\u0131 edilen unsurlar da vard\u0131r. Yang\u0131n merdivenleri, bu \u201cg\u00f6r\u00fcnmeyen\u201d mimari \u00f6gelerden biridir. Bu proje, \u0130stanbul Beyo\u011flu\u2019ndaki yang\u0131n merdivenlerini Michel Foucault\u2019nun heterotopya kavram\u0131 \u00e7er\u00e7evesinde ele alarak, onlar\u0131 yaln\u0131zca g\u00fcvenlik ama\u00e7l\u0131 de\u011fil, alternatif zaman, deneyim ve \u00fcretkenlik alanlar\u0131 olarak yeniden d\u00fc\u015f\u00fcnmeyi hedeflemektedir.<\/p>\n<p>Foucault\u2019nun heterotopya kavram\u0131, g\u00fcndelik ya\u015fam\u0131n d\u0131\u015f\u0131nda ama onunla i\u00e7 i\u00e7e ge\u00e7mi\u015f kar\u015f\u0131-mek\u00e2nlar\u0131 tan\u0131mlar. Yang\u0131n merdivenleri, kamusal ile \u00f6zel aras\u0131nda kalan, hem i\u00e7eride hem d\u0131\u015far\u0131da olan bu e\u015fik mek\u00e2nlar olarak de\u011ferlendirilebilir. Victor Turner\u2019\u0131n liminalite kavram\u0131 da bu yap\u0131lar\u0131, d\u00f6n\u00fc\u015f\u00fcm ve ge\u00e7i\u015fin ya\u015fand\u0131\u011f\u0131 sembolik alanlar olarak anlamland\u0131r\u0131r.<\/p>\n<p>Yang\u0131n merdivenleri 19. y\u00fczy\u0131ldan itibaren \u00f6zellikle yang\u0131n riskine kar\u015f\u0131 \u00e7\u00f6z\u00fcm olarak binalara eklenmi\u015f yap\u0131lard\u0131r. Zamanla estetikten uzakla\u015ft\u0131klar\u0131 i\u00e7in mimari k\u00fclt\u00fcrde geri planda kalm\u0131\u015flard\u0131r. Ancak sinema ve edebiyatta \u201cka\u00e7\u0131\u015f\u201d, \u201cg\u00f6zlem\u201d ve \u201ckar\u015f\u0131la\u015fma\u201d alanlar\u0131 olarak i\u015flenmi\u015flerdir. G\u00fcn\u00fcm\u00fczde \u00e7o\u011fu at\u0131l durumdad\u0131r, bu da onlar\u0131 potansiyel alternatif \u00fcretim ve sosyalle\u015fme alanlar\u0131na d\u00f6n\u00fc\u015ft\u00fcrebilir.<\/p>\n<p>Beyo\u011flu\u2019nun \u00e7ok katmanl\u0131, \u00e7ok k\u00fclt\u00fcrl\u00fc yap\u0131s\u0131 yang\u0131n merdivenlerine \u00f6zg\u00fcn anlamlar kazand\u0131r\u0131r. Bu merdivenler, yap\u0131lar aras\u0131 ge\u00e7i\u015f sa\u011flayan dikey ba\u011flant\u0131lar, sessiz bo\u015fluklar ve bireyler i\u00e7in ka\u00e7\u0131\u015f alanlar\u0131 olarak i\u015flev g\u00f6rebilir.[\/vc_column_text][vc_empty_space][vc_gallery interval=&#8221;10&#8243; images=&#8221;15021,15022,15023,15024,15025&#8243; img_size=&#8221;full&#8221; css=&#8221;&#8221;][vc_empty_space][\/vc_column][vc_column width=&#8221;1\/6&#8243;][vc_single_image image=&#8221;14849&#8243; img_size=&#8221;FULL&#8221; alignment=&#8221;center&#8221; style=&#8221;vc_box_border&#8221; css=&#8221;&#8221;][vc_empty_space height=&#8221;16px&#8221;][vc_row_inner][vc_column_inner][vc_column_text][\/vc_column_text][vc_column_text][\/vc_column_text][\/vc_column_inner][\/vc_row_inner][vc_row_inner][vc_column_inner width=&#8221;2\/3&#8243;][\/vc_column_inner][vc_column_inner width=&#8221;1\/3&#8243;][\/vc_column_inner][\/vc_row_inner][\/vc_column][\/vc_row][\/vc_section]<\/p>\n<\/div>","protected":false},"excerpt":{"rendered":"<p>[vc_section][vc_row][vc_column width=&#8221;1\/6&#8243;][vc_single_image image=&#8221;14727&#8243; img_size=&#8221;large&#8221; alignment=&#8221;center&#8221; css=&#8221;&#8221;][vc_empty_space][vc_column_text css=&#8221;&#8221;]Zeynep Esin Temtek[\/vc_column_text][vc_empty_space height=&#8221;16px&#8221;][vc_column_text css=&#8221;&#8221;]Mimarl\u0131k MEF \u00dcniversitesi \u00a0 Bahar 2025 Dan\u0131\u015fman: Deniz Aslan &#8211; Elif \u00c7elik[\/vc_column_text][vc_empty_space][vc_row_inner][vc_column_inner width=&#8221;1\/4&#8243;][\/vc_column_inner][vc_column_inner width=&#8221;1\/4&#8243;][vc_icon icon_fontawesome=&#8221;fa fa-brands fa-linkedin&#8221; color=&#8221;chino&#8221; size=&#8221;xs&#8221; css=&#8221;&#8221; [&hellip;]<\/p>\n","protected":false},"author":11,"featured_media":0,"parent":0,"menu_order":0,"comment_status":"closed","ping_status":"closed","template":"","meta":{"_acf_changed":false,"_seopress_robots_primary_cat":"","_seopress_titles_title":"AURA Alumni: Zeynep Esin Temtek","_seopress_titles_desc":"2025 Bahar Do\u0308nemi\u2019nde \u201cAras\u0327t\u0131rma Tabanl\u0131 Tasar\u0131m Stu\u0308dyosu\u201dnda, kat\u0131l\u0131mc\u0131lar\u0131m\u0131z, Deniz Aslan ve Elif \u00c7elik y\u00fcr\u00fct\u00fcc\u00fcl\u00fc\u011f\u00fcndeki st\u00fcdyoda Heterotopya: Bir Kentin Hikayesi temas\u0131na odakland\u0131.","_seopress_robots_index":"","_price":"","_stock":"","_tribe_ticket_header":"","_tribe_default_ticket_provider":"","_ticket_start_date":"","_ticket_end_date":"","_tribe_ticket_show_description":"","_tribe_ticket_show_not_going":false,"_tribe_ticket_use_global_stock":"","_tribe_ticket_global_stock_level":"","_global_stock_mode":"","_global_stock_cap":"","_tribe_rsvp_for_event":"","_tribe_ticket_going_count":"","_tribe_ticket_not_going_count":"","_tribe_tickets_list":"[]","_tribe_ticket_has_attendee_info_fields":false,"_EventAllDay":false,"_EventTimezone":"","_EventStartDate":"","_EventEndDate":"","_EventStartDateUTC":"","_EventEndDateUTC":"","_EventShowMap":false,"_EventShowMapLink":false,"_EventURL":"","_EventCost":"","_EventCostDescription":"","_EventCurrencySymbol":"","_EventCurrencyCode":"","_EventCurrencyPosition":"","_EventDateTimeSeparator":"","_EventTimeRangeSeparator":"","_EventOrganizerID":[],"_EventVenueID":[],"_OrganizerEmail":"","_OrganizerPhone":"","_OrganizerWebsite":"","_VenueAddress":"","_VenueCity":"","_VenueCountry":"","_VenueProvince":"","_VenueState":"","_VenueZip":"","_VenuePhone":"","_VenueURL":"","_VenueStateProvince":"","_VenueLat":"","_VenueLng":"","_VenueShowMap":false,"_VenueShowMapLink":false,"footnotes":"","_tec_slr_enabled":"","_tec_slr_layout":""},"class_list":["post-15020","page","type-page","status-publish","hentry"],"acf":[],"ticketed":false,"_links":{"self":[{"href":"https:\/\/staging.aura-istanbul.com\/index.php\/wp-json\/wp\/v2\/pages\/15020","targetHints":{"allow":["GET"]}}],"collection":[{"href":"https:\/\/staging.aura-istanbul.com\/index.php\/wp-json\/wp\/v2\/pages"}],"about":[{"href":"https:\/\/staging.aura-istanbul.com\/index.php\/wp-json\/wp\/v2\/types\/page"}],"author":[{"embeddable":true,"href":"https:\/\/staging.aura-istanbul.com\/index.php\/wp-json\/wp\/v2\/users\/11"}],"replies":[{"embeddable":true,"href":"https:\/\/staging.aura-istanbul.com\/index.php\/wp-json\/wp\/v2\/comments?post=15020"}],"version-history":[{"count":1,"href":"https:\/\/staging.aura-istanbul.com\/index.php\/wp-json\/wp\/v2\/pages\/15020\/revisions"}],"predecessor-version":[{"id":15026,"href":"https:\/\/staging.aura-istanbul.com\/index.php\/wp-json\/wp\/v2\/pages\/15020\/revisions\/15026"}],"wp:attachment":[{"href":"https:\/\/staging.aura-istanbul.com\/index.php\/wp-json\/wp\/v2\/media?parent=15020"}],"curies":[{"name":"wp","href":"https:\/\/api.w.org\/{rel}","templated":true}]}}