{"id":14968,"date":"2025-09-10T16:29:40","date_gmt":"2025-09-10T13:29:40","guid":{"rendered":"https:\/\/staging.aura-istanbul.com\/?page_id=14968"},"modified":"2025-09-10T16:29:40","modified_gmt":"2025-09-10T13:29:40","slug":"aura-alumni-mehmet-ali-yigit","status":"publish","type":"page","link":"https:\/\/staging.aura-istanbul.com\/index.php\/aura-alumni-mehmet-ali-yigit\/","title":{"rendered":"AURA Alumni: Mehmet Ali Yi\u011fit"},"content":{"rendered":"<div class=\"wpb-content-wrapper\"><p>[vc_section][vc_row][vc_column width=&#8221;1\/6&#8243;][vc_single_image image=&#8221;14721&#8243; img_size=&#8221;large&#8221; alignment=&#8221;center&#8221; css=&#8221;&#8221;][vc_empty_space][vc_column_text css=&#8221;&#8221;]<strong>Mehmet Ali Yi\u011fit<\/strong>[\/vc_column_text][vc_empty_space height=&#8221;16px&#8221;][vc_column_text css=&#8221;&#8221;]Mimarl\u0131k<br \/>\nMimar Sinan G\u00fczel Sanatlar \u00dcniversitesi<\/p>\n<p><span data-sheets-root=\"1\">\u00a0<\/span><\/p>\n<p>Bahar 2025<br \/>\nDan\u0131\u015fman: Deniz Aslan &#8211; Elif \u00c7elik[\/vc_column_text][vc_empty_space][vc_row_inner][vc_column_inner width=&#8221;1\/4&#8243;][\/vc_column_inner][vc_column_inner width=&#8221;1\/4&#8243;][vc_icon icon_fontawesome=&#8221;fa fa-brands fa-linkedin&#8221; color=&#8221;chino&#8221; size=&#8221;xs&#8221; css=&#8221;&#8221; link=&#8221;url:https%3A%2F%2Fwww.linkedin.com%2Fin%2Fmehmet-ali-yi%25C4%259Fit-2016911b1%2F&#8221;][\/vc_column_inner][vc_column_inner width=&#8221;1\/4&#8243;][\/vc_column_inner][vc_column_inner width=&#8221;1\/4&#8243;][\/vc_column_inner][\/vc_row_inner][\/vc_column][vc_column width=&#8221;2\/3&#8243;][vc_empty_space][vc_column_text css=&#8221;&#8221;]<strong>Kamusal Bir Deneyim: <\/strong><strong>Haydarpa\u015fa Silolar\u0131nda <\/strong><strong>Heterotopik Dirili\u015f<\/strong>[\/vc_column_text][vc_empty_space][vc_column_text css=&#8221;&#8221;]Mek\u00e2nlar yaln\u0131zca fiziksel s\u0131n\u0131rlardan ibaret de\u011fildir; toplumsal normlar, haf\u0131za ve zamanla da \u015fekillenir. Michel Foucault\u2019nun 1967\u2019de ortaya att\u0131\u011f\u0131 \u201cheterotopya\u201d kavram\u0131, bu \u00e7ok katmanl\u0131 yap\u0131y\u0131 anlamak i\u00e7in g\u00fc\u00e7l\u00fc bir kuramsal ara\u00e7 sunar. Heterotopyalar, birden fazla ger\u00e7ekli\u011fi bar\u0131nd\u0131ran; toplumdan ayr\u0131 duran, i\u015flevsel ve simgesel s\u0131n\u0131rlar\u0131 belirsiz mek\u00e2nlard\u0131r.<\/p>\n<p>Foucault, \u201cDi\u011fer Mek\u00e2nlar\u201d adl\u0131 metninde heterotopyalar\u0131 toplumun hem d\u0131\u015flad\u0131\u011f\u0131 hem de belirli i\u015flevlerle tan\u0131mlad\u0131\u011f\u0131 \u00f6zel alanlar olarak a\u00e7\u0131klar. Mezarl\u0131klar, hapishaneler, m\u00fczeler, tren istasyonlar\u0131 gibi alanlar, farkl\u0131 zaman ve i\u015flevler \u00f6nerdikleri i\u00e7in heterotopik \u00f6zellikler ta\u015f\u0131r.<\/p>\n<p>\u0130stanbul, tarih boyunca farkl\u0131 k\u00fclt\u00fcrlerin, ideolojilerin ve \u00fcretim bi\u00e7imlerinin i\u00e7 i\u00e7e ge\u00e7ti\u011fi, \u00e7ok katmanl\u0131 bir kent yap\u0131s\u0131 sergilemi\u015ftir. Bu katmanl\u0131l\u0131k<br \/>\nyaln\u0131zca tarihi yap\u0131larda de\u011fil, g\u00fcn\u00fcm\u00fcz kent dokusundaki \u201cbo\u015fluk\u201d alanlarda da izlenebilir. Terk edilmi\u015f yap\u0131lar, ge\u00e7ici kullan\u0131mlar veya i\u015flevsizle\u015fmi\u015f b\u00f6lgeler, Michel Foucault\u2019nun \u201cheterotopya\u201d kavram\u0131yla ili\u015fkilendirilebilecek mek\u00e2nlard\u0131r.<\/p>\n<p>Bu t\u00fcr alanlar \u00f6zellikle ula\u015f\u0131m altyap\u0131lar\u0131, sanayi miras\u0131 yap\u0131lar\u0131 ve ge\u00e7i\u015f zonlar\u0131nda (limanlar, tren hatlar\u0131, t\u00fcneller) yo\u011funla\u015f\u0131r. Haydarpa\u015fa Silolar\u0131, tarihsel ve mek\u00e2nsal \u00f6zellikleriyle bu ba\u011flamda \u00f6ne \u00e7\u0131kar. 20. y\u00fczy\u0131l ba\u015f\u0131nda end\u00fcstriyel i\u015flevle in\u015fa edilen silolar, g\u00fcn\u00fcm\u00fczde kullan\u0131m d\u0131\u015f\u0131 kalsa da str\u00fckt\u00fcrel b\u00fct\u00fcnl\u00fc\u011f\u00fcn\u00fc korur. Marmara Denizi\u2019ne a\u00e7\u0131lan bir e\u015fik ve Anadolu\u2019dan gelen \u00fcr\u00fcnlerin depoland\u0131\u011f\u0131 bir ara y\u00fcz olarak kolektif bellekte \u00e7ok katmanl\u0131 bir anlam ta\u015f\u0131r.[\/vc_column_text][vc_empty_space][vc_gallery interval=&#8221;10&#8243; images=&#8221;14969,14970,14971,14972,14973&#8243; img_size=&#8221;full&#8221; css=&#8221;&#8221;][vc_empty_space][\/vc_column][vc_column width=&#8221;1\/6&#8243;][vc_single_image image=&#8221;14823&#8243; img_size=&#8221;FULL&#8221; alignment=&#8221;center&#8221; style=&#8221;vc_box_border&#8221; css=&#8221;&#8221;][vc_empty_space height=&#8221;16px&#8221;][vc_row_inner][vc_column_inner][vc_column_text][\/vc_column_text][vc_column_text][\/vc_column_text][\/vc_column_inner][\/vc_row_inner][vc_row_inner][vc_column_inner width=&#8221;2\/3&#8243;][\/vc_column_inner][vc_column_inner width=&#8221;1\/3&#8243;][\/vc_column_inner][\/vc_row_inner][\/vc_column][\/vc_row][\/vc_section]<\/p>\n<\/div>","protected":false},"excerpt":{"rendered":"<p>[vc_section][vc_row][vc_column width=&#8221;1\/6&#8243;][vc_single_image image=&#8221;14721&#8243; img_size=&#8221;large&#8221; alignment=&#8221;center&#8221; css=&#8221;&#8221;][vc_empty_space][vc_column_text css=&#8221;&#8221;]Mehmet Ali Yi\u011fit[\/vc_column_text][vc_empty_space height=&#8221;16px&#8221;][vc_column_text css=&#8221;&#8221;]Mimarl\u0131k Mimar Sinan G\u00fczel Sanatlar \u00dcniversitesi \u00a0 Bahar 2025 Dan\u0131\u015fman: Deniz Aslan &#8211; Elif \u00c7elik[\/vc_column_text][vc_empty_space][vc_row_inner][vc_column_inner width=&#8221;1\/4&#8243;][\/vc_column_inner][vc_column_inner width=&#8221;1\/4&#8243;][vc_icon icon_fontawesome=&#8221;fa fa-brands fa-linkedin&#8221; [&hellip;]<\/p>\n","protected":false},"author":11,"featured_media":0,"parent":0,"menu_order":0,"comment_status":"closed","ping_status":"closed","template":"","meta":{"_acf_changed":false,"_seopress_robots_primary_cat":"","_seopress_titles_title":"AURA Alumni: Mehmet Ali Yi\u011fit","_seopress_titles_desc":"2025 Bahar Do\u0308nemi\u2019nde \u201cAras\u0327t\u0131rma Tabanl\u0131 Tasar\u0131m Stu\u0308dyosu\u201dnda, kat\u0131l\u0131mc\u0131lar\u0131m\u0131z, Deniz Aslan ve Elif \u00c7elik y\u00fcr\u00fct\u00fcc\u00fcl\u00fc\u011f\u00fcndeki st\u00fcdyoda Heterotopya: Bir Kentin Hikayesi temas\u0131na odakland\u0131.","_seopress_robots_index":"","_price":"","_stock":"","_tribe_ticket_header":"","_tribe_default_ticket_provider":"","_ticket_start_date":"","_ticket_end_date":"","_tribe_ticket_show_description":"","_tribe_ticket_show_not_going":false,"_tribe_ticket_use_global_stock":"","_tribe_ticket_global_stock_level":"","_global_stock_mode":"","_global_stock_cap":"","_tribe_rsvp_for_event":"","_tribe_ticket_going_count":"","_tribe_ticket_not_going_count":"","_tribe_tickets_list":"[]","_tribe_ticket_has_attendee_info_fields":false,"_EventAllDay":false,"_EventTimezone":"","_EventStartDate":"","_EventEndDate":"","_EventStartDateUTC":"","_EventEndDateUTC":"","_EventShowMap":false,"_EventShowMapLink":false,"_EventURL":"","_EventCost":"","_EventCostDescription":"","_EventCurrencySymbol":"","_EventCurrencyCode":"","_EventCurrencyPosition":"","_EventDateTimeSeparator":"","_EventTimeRangeSeparator":"","_EventOrganizerID":[],"_EventVenueID":[],"_OrganizerEmail":"","_OrganizerPhone":"","_OrganizerWebsite":"","_VenueAddress":"","_VenueCity":"","_VenueCountry":"","_VenueProvince":"","_VenueState":"","_VenueZip":"","_VenuePhone":"","_VenueURL":"","_VenueStateProvince":"","_VenueLat":"","_VenueLng":"","_VenueShowMap":false,"_VenueShowMapLink":false,"footnotes":"","_tec_slr_enabled":"","_tec_slr_layout":""},"class_list":["post-14968","page","type-page","status-publish","hentry"],"acf":[],"ticketed":false,"_links":{"self":[{"href":"https:\/\/staging.aura-istanbul.com\/index.php\/wp-json\/wp\/v2\/pages\/14968","targetHints":{"allow":["GET"]}}],"collection":[{"href":"https:\/\/staging.aura-istanbul.com\/index.php\/wp-json\/wp\/v2\/pages"}],"about":[{"href":"https:\/\/staging.aura-istanbul.com\/index.php\/wp-json\/wp\/v2\/types\/page"}],"author":[{"embeddable":true,"href":"https:\/\/staging.aura-istanbul.com\/index.php\/wp-json\/wp\/v2\/users\/11"}],"replies":[{"embeddable":true,"href":"https:\/\/staging.aura-istanbul.com\/index.php\/wp-json\/wp\/v2\/comments?post=14968"}],"version-history":[{"count":1,"href":"https:\/\/staging.aura-istanbul.com\/index.php\/wp-json\/wp\/v2\/pages\/14968\/revisions"}],"predecessor-version":[{"id":14974,"href":"https:\/\/staging.aura-istanbul.com\/index.php\/wp-json\/wp\/v2\/pages\/14968\/revisions\/14974"}],"wp:attachment":[{"href":"https:\/\/staging.aura-istanbul.com\/index.php\/wp-json\/wp\/v2\/media?parent=14968"}],"curies":[{"name":"wp","href":"https:\/\/api.w.org\/{rel}","templated":true}]}}