{"id":14263,"date":"2025-08-29T12:41:57","date_gmt":"2025-08-29T09:41:57","guid":{"rendered":"https:\/\/staging.aura-istanbul.com\/?page_id=14263"},"modified":"2025-09-02T10:25:32","modified_gmt":"2025-09-02T07:25:32","slug":"aura-alumni-seyma-nur-isildak","status":"publish","type":"page","link":"https:\/\/staging.aura-istanbul.com\/index.php\/aura-alumni-seyma-nur-isildak\/","title":{"rendered":"AURA Alumni: \u015eeyma Nur I\u015f\u0131ldak"},"content":{"rendered":"<div class=\"wpb-content-wrapper\"><p>[vc_section][vc_row][vc_column width=&#8221;1\/6&#8243;][vc_single_image image=&#8221;13646&#8243; img_size=&#8221;large&#8221; alignment=&#8221;center&#8221; css=&#8221;&#8221;][vc_empty_space][vc_column_text css=&#8221;&#8221;]<b>\u015eeyma Nur I\u015f\u0131ldak<\/b>[\/vc_column_text][vc_empty_space height=&#8221;16px&#8221;][vc_column_text css=&#8221;&#8221;]Mimar<br \/>\nY\u0131ld\u0131z Teknik \u00dcniversitesi<\/p>\n<p>G\u00fcz 2024<br \/>\nDan\u0131\u015fman: Asl\u0131han Demirta\u015f &#8211; Bilge Bal[\/vc_column_text][vc_empty_space][vc_row_inner][vc_column_inner width=&#8221;1\/4&#8243;][\/vc_column_inner][vc_column_inner width=&#8221;1\/4&#8243;][\/vc_column_inner][vc_column_inner width=&#8221;1\/4&#8243;][\/vc_column_inner][vc_column_inner width=&#8221;1\/4&#8243;][\/vc_column_inner][\/vc_row_inner][vc_icon icon_fontawesome=&#8221;fa fa-brands fa-linkedin&#8221; color=&#8221;chino&#8221; size=&#8221;xs&#8221; css=&#8221;&#8221; link=&#8221;url:https%3A%2F%2Fwww.linkedin.com%2Fin%2F%25C5%259Feyma-nur-i%25C5%259F%25C4%25B1ldak-56139a20b%2F&#8221;][\/vc_column][vc_column width=&#8221;2\/3&#8243;][vc_empty_space][vc_column_text css=&#8221;&#8221;]<\/p>\n<p style=\"text-align: left;\"><b>D\u00fcnya Yanarken; D\u00f6ng\u00fcsel Yamalar, Be\u015fikta\u015f Meydan<\/b><\/p>\n<p>[\/vc_column_text][vc_empty_space][vc_column_text css=&#8221;&#8221;]<span style=\"font-weight: 400;\">Bu ara\u015ft\u0131rma, insan\u0131n do\u011faya adapte olma yerine do\u011fay\u0131 kendi ihtiya\u00e7lar\u0131na g\u00f6re adapte etme sorununa odaklan\u0131yor. \u0130klim de\u011fi\u015fikli\u011fine dikkat \u00e7ekilerek do\u011fa hakk\u0131n\u0131n &#8220;gasbedilmesi&#8221; ve evrenin hakk\u0131 sorgulan\u0131yor. Be\u015fikta\u015f Meydan\u0131, proje alan\u0131 olarak se\u00e7ilmi\u015f ve burada karbon, nitrojen ve su d\u00f6ng\u00fcleri ile ye\u015fil-k\u0131y\u0131 dokular\u0131 incelenmi\u015ftir. Ara\u015ft\u0131rma, beton zeminlerin do\u011faya olan tahribat\u0131n\u0131 ele alarak, d\u00f6ng\u00fcsel yamalar\u0131n ve do\u011fa dostu malzemelerin kullan\u0131m\u0131n\u0131 tart\u0131\u015f\u0131yor.<\/span><\/p>\n<p><span style=\"font-weight: 400;\">Meydan \u00f6rne\u011fiyle, betonla\u015fm\u0131\u015f alanlarda do\u011fan\u0131n k\u0131r\u0131lan d\u00f6ng\u00fclerini yeniden yaratman\u0131n yollar\u0131 ara\u015ft\u0131r\u0131lmaktad\u0131r. Bu s\u00fcre\u00e7te, do\u011fa ve oyun aras\u0131ndaki ili\u015fki de ele al\u0131narak \u00e7ocuklar\u0131n hayal g\u00fcc\u00fcyle yarat\u0131lan oyunlar\u0131n, do\u011fa ile ba\u011flar\u0131n\u0131 g\u00fc\u00e7lendirece\u011fi vurgulan\u0131yor. \u00c7ocuk stratejileri ve s\u00fcrd\u00fcr\u00fclebilirlik gibi kavramlar \u00fczerinden kentlerin &#8220;oynanabilir&#8221; hale getirilmesi tart\u0131\u015f\u0131lmaktad\u0131r.<\/span><\/p>\n<p><span style=\"font-weight: 400;\">\u00c7e\u015fitli malzeme denemeleriyle beton zemin alternatifleri \u00f6nerilmi\u015ftir: Yonga Yaprak Zemin (\u00e7\u0131nar yapraklar\u0131 ve keten tohumu), \u00c7am Dikenli Zemin (\u00e7am dikenleri ve yumurta ak\u0131), Ge\u00e7irimli Beton (su filtreleyen beton), ve Modern Kerpi\u00e7 (toprak, kire\u00e7, al\u00e7\u0131 ve at\u0131k malzemeler). Bu yenilik\u00e7i yakla\u015f\u0131mlar, do\u011fan\u0131n d\u00f6ng\u00fcleriyle uyumlu kent zeminleri tasarlamay\u0131 hedeflemektedir.<\/span>[\/vc_column_text][vc_empty_space][vc_gallery interval=&#8221;10&#8243; images=&#8221;14596,14597,14598,14599,14600&#8243; img_size=&#8221;full&#8221; css=&#8221;&#8221;][vc_empty_space][\/vc_column][vc_column width=&#8221;1\/6&#8243;][vc_single_image image=&#8221;14602&#8243; img_size=&#8221;FULL&#8221; alignment=&#8221;center&#8221; style=&#8221;vc_box_border&#8221; css=&#8221;&#8221;][vc_empty_space height=&#8221;16px&#8221;][vc_row_inner][vc_column_inner][vc_column_text][\/vc_column_text][vc_column_text][\/vc_column_text][\/vc_column_inner][\/vc_row_inner][vc_row_inner][vc_column_inner width=&#8221;2\/3&#8243;][\/vc_column_inner][vc_column_inner width=&#8221;1\/3&#8243;][\/vc_column_inner][\/vc_row_inner][\/vc_column][\/vc_row][\/vc_section]<\/p>\n<\/div>","protected":false},"excerpt":{"rendered":"<p>[vc_section][vc_row][vc_column width=&#8221;1\/6&#8243;][vc_single_image image=&#8221;13646&#8243; img_size=&#8221;large&#8221; alignment=&#8221;center&#8221; css=&#8221;&#8221;][vc_empty_space][vc_column_text css=&#8221;&#8221;]\u015eeyma Nur I\u015f\u0131ldak[\/vc_column_text][vc_empty_space height=&#8221;16px&#8221;][vc_column_text css=&#8221;&#8221;]Mimar Y\u0131ld\u0131z Teknik \u00dcniversitesi G\u00fcz 2024 Dan\u0131\u015fman: Asl\u0131han Demirta\u015f &#8211; Bilge Bal[\/vc_column_text][vc_empty_space][vc_row_inner][vc_column_inner width=&#8221;1\/4&#8243;][\/vc_column_inner][vc_column_inner width=&#8221;1\/4&#8243;][\/vc_column_inner][vc_column_inner width=&#8221;1\/4&#8243;][\/vc_column_inner][vc_column_inner width=&#8221;1\/4&#8243;][\/vc_column_inner][\/vc_row_inner][vc_icon icon_fontawesome=&#8221;fa fa-brands fa-linkedin&#8221; color=&#8221;chino&#8221; [&hellip;]<\/p>\n","protected":false},"author":11,"featured_media":0,"parent":0,"menu_order":0,"comment_status":"closed","ping_status":"closed","template":"","meta":{"_acf_changed":false,"_seopress_robots_primary_cat":"","_seopress_titles_title":"AURA Alumni: \u015eeyma Nur I\u015f\u0131ldak","_seopress_titles_desc":"2024 G\u00fcz Do\u0308nemi\u2019nde Aras\u0327t\u0131rma Tabanl\u0131 Tasar\u0131m Stu\u0308dyosunda, kat\u0131l\u0131mc\u0131lar\u0131m\u0131z, Asl\u0131han Demirta\u015f ve Bilge Bal y\u00fcr\u00fct\u00fcc\u00fcl\u00fc\u011f\u00fcndeki st\u00fcdyoda D\u00fcnya yanarken temas\u0131na odakland\u0131.","_seopress_robots_index":"","_price":"","_stock":"","_tribe_ticket_header":"","_tribe_default_ticket_provider":"","_ticket_start_date":"","_ticket_end_date":"","_tribe_ticket_show_description":"","_tribe_ticket_show_not_going":false,"_tribe_ticket_use_global_stock":"","_tribe_ticket_global_stock_level":"","_global_stock_mode":"","_global_stock_cap":"","_tribe_rsvp_for_event":"","_tribe_ticket_going_count":"","_tribe_ticket_not_going_count":"","_tribe_tickets_list":"[]","_tribe_ticket_has_attendee_info_fields":false,"_EventAllDay":false,"_EventTimezone":"","_EventStartDate":"","_EventEndDate":"","_EventStartDateUTC":"","_EventEndDateUTC":"","_EventShowMap":false,"_EventShowMapLink":false,"_EventURL":"","_EventCost":"","_EventCostDescription":"","_EventCurrencySymbol":"","_EventCurrencyCode":"","_EventCurrencyPosition":"","_EventDateTimeSeparator":"","_EventTimeRangeSeparator":"","_EventOrganizerID":[],"_EventVenueID":[],"_OrganizerEmail":"","_OrganizerPhone":"","_OrganizerWebsite":"","_VenueAddress":"","_VenueCity":"","_VenueCountry":"","_VenueProvince":"","_VenueState":"","_VenueZip":"","_VenuePhone":"","_VenueURL":"","_VenueStateProvince":"","_VenueLat":"","_VenueLng":"","_VenueShowMap":false,"_VenueShowMapLink":false,"footnotes":"","_tec_slr_enabled":"","_tec_slr_layout":""},"class_list":["post-14263","page","type-page","status-publish","hentry"],"acf":[],"ticketed":false,"_links":{"self":[{"href":"https:\/\/staging.aura-istanbul.com\/index.php\/wp-json\/wp\/v2\/pages\/14263","targetHints":{"allow":["GET"]}}],"collection":[{"href":"https:\/\/staging.aura-istanbul.com\/index.php\/wp-json\/wp\/v2\/pages"}],"about":[{"href":"https:\/\/staging.aura-istanbul.com\/index.php\/wp-json\/wp\/v2\/types\/page"}],"author":[{"embeddable":true,"href":"https:\/\/staging.aura-istanbul.com\/index.php\/wp-json\/wp\/v2\/users\/11"}],"replies":[{"embeddable":true,"href":"https:\/\/staging.aura-istanbul.com\/index.php\/wp-json\/wp\/v2\/comments?post=14263"}],"version-history":[{"count":9,"href":"https:\/\/staging.aura-istanbul.com\/index.php\/wp-json\/wp\/v2\/pages\/14263\/revisions"}],"predecessor-version":[{"id":14754,"href":"https:\/\/staging.aura-istanbul.com\/index.php\/wp-json\/wp\/v2\/pages\/14263\/revisions\/14754"}],"wp:attachment":[{"href":"https:\/\/staging.aura-istanbul.com\/index.php\/wp-json\/wp\/v2\/media?parent=14263"}],"curies":[{"name":"wp","href":"https:\/\/api.w.org\/{rel}","templated":true}]}}