{"id":14105,"date":"2025-07-02T11:20:28","date_gmt":"2025-07-02T08:20:28","guid":{"rendered":"https:\/\/staging.aura-istanbul.com\/?page_id=14105"},"modified":"2025-09-02T10:26:31","modified_gmt":"2025-09-02T07:26:31","slug":"aura-alumni-serra-odabas","status":"publish","type":"page","link":"https:\/\/staging.aura-istanbul.com\/index.php\/aura-alumni-serra-odabas\/","title":{"rendered":"AURA Alumni: Serra Odaba\u015f"},"content":{"rendered":"<div class=\"wpb-content-wrapper\"><p>[vc_section][vc_row][vc_column width=&#8221;1\/6&#8243;][vc_single_image image=&#8221;13643&#8243; img_size=&#8221;large&#8221; alignment=&#8221;center&#8221; css=&#8221;&#8221;][vc_empty_space][vc_column_text css=&#8221;&#8221;]<strong>Serra Odaba\u015f<\/strong>[\/vc_column_text][vc_empty_space height=&#8221;16px&#8221;][vc_column_text css=&#8221;&#8221;]<span data-sheets-root=\"1\">Mimarl\u0131k<\/span><br \/>\n<span data-sheets-root=\"1\">Bah\u00e7e\u015fehir \u00dcniversitesi<\/span><\/p>\n<p>G\u00fcz 2024<br \/>\nDan\u0131\u015fman: Asl\u0131han Demirta\u015f &#8211; Bilge Bal[\/vc_column_text][vc_empty_space][vc_row_inner][vc_column_inner width=&#8221;1\/4&#8243;][\/vc_column_inner][vc_column_inner width=&#8221;1\/4&#8243;][\/vc_column_inner][vc_column_inner width=&#8221;1\/4&#8243;][\/vc_column_inner][vc_column_inner width=&#8221;1\/4&#8243;][\/vc_column_inner][\/vc_row_inner][vc_icon icon_fontawesome=&#8221;fa fa-brands fa-linkedin&#8221; color=&#8221;chino&#8221; size=&#8221;xs&#8221; css=&#8221;&#8221; link=&#8221;url:https%3A%2F%2Fwww.linkedin.com%2Fin%2Fm%25C3%25BCbeccel-kaya-3aa38a209%2F&#8221;][\/vc_column][vc_column width=&#8221;2\/3&#8243;][vc_empty_space][vc_column_text css=&#8221;&#8221;]<\/p>\n<p data-pm-slice=\"1 1 []\"><b>Y\u00fckselen Sular, Y\u00fckselen Mekanlar<\/b><\/p>\n<p>[\/vc_column_text][vc_empty_space][vc_column_text css=&#8221;&#8221;]<span style=\"font-weight: 400;\">Bu proje, k\u0131y\u0131 b\u00f6lgelerindeki su bask\u0131nlar\u0131 ve tsunami risklerine kar\u015f\u0131 diren\u00e7li, s\u00fcrd\u00fcr\u00fclebilir ve adaptif bir ya\u015fam modeli sunmay\u0131 ama\u00e7lamaktad\u0131r. \u0130stanbul\u2019un Bak\u0131rk\u00f6y k\u0131y\u0131lar\u0131nda, suyla uyumlu yap\u0131lar\u0131n tasarlanmas\u0131 gerekti\u011fi vurgulanarak, do\u011fal afetlere kar\u015f\u0131 dayan\u0131kl\u0131 yap\u0131lar ve su y\u00f6netimi stratejileri geli\u015ftirilmi\u015ftir. Bak\u0131rk\u00f6y, y\u00fcksek risk ta\u015f\u0131yan bir b\u00f6lge olarak se\u00e7ilmi\u015f, burada geli\u015ftirilmi\u015f prototipler, \u0130stanbul\u2019daki di\u011fer k\u0131y\u0131 alanlar\u0131 i\u00e7in de \u00f6rnek te\u015fkil etmektedir.<\/span><\/p>\n<p><span style=\"font-weight: 400;\">Prototip tasar\u0131m\u0131, geleneksel bina tipolojilerinden farkl\u0131 olarak, suyu d\u0131\u015flamak yerine onunla birlikte var olmay\u0131 hedefler. Yap\u0131lar, su bask\u0131nlar\u0131ndan korunmak i\u00e7in kolonlar \u00fczerinde y\u00fckseltilmi\u015f, bu sayede suyun ge\u00e7i\u015fine olanak sa\u011flanm\u0131\u015ft\u0131r. \u00c7at\u0131 yap\u0131lar\u0131, ya\u011fmur suyunu toplayarak i\u00e7 mekanlarda estetik ve i\u015flevsel bir su hareketi yarat\u0131r. Ye\u015fil alanlar, fazla suyu emerek ekosistemle uyumlu bir tampon b\u00f6lge olu\u015fturur ve ta\u015fk\u0131n riskini azalt\u0131r.<\/span><\/p>\n<p><span style=\"font-weight: 400;\">Proje, esnek bir mekan d\u00fczeni ile farkl\u0131 sosyal yap\u0131lar\u0131 bir arada tutmay\u0131 ama\u00e7lar. Ortak kullan\u0131m alanlar\u0131 ve mod\u00fcler bile\u015fenler, projeyi \u00f6l\u00e7eklenebilir k\u0131larak \u00e7e\u015fitli k\u0131y\u0131 yap\u0131lar\u0131nda uygulanabilir hale getirir. Sonu\u00e7 olarak, proje suyun bir tehdit de\u011fil, tasar\u0131m\u0131n temel bile\u015feni olarak kabul edildi\u011fi bir ya\u015fam formu \u00f6nerir, k\u0131y\u0131 kentlerinde suyla uyumlu yeni bir ya\u015fam anlay\u0131\u015f\u0131n\u0131 te\u015fvik eder.<\/span>[\/vc_column_text][vc_empty_space][vc_gallery interval=&#8221;10&#8243; images=&#8221;14112,14113,14114,14115,14116&#8243; img_size=&#8221;full&#8221; css=&#8221;&#8221;][vc_empty_space][\/vc_column][vc_column width=&#8221;1\/6&#8243;][vc_single_image image=&#8221;14111&#8243; img_size=&#8221;FULL&#8221; alignment=&#8221;center&#8221; style=&#8221;vc_box_border&#8221; css=&#8221;&#8221;][vc_empty_space height=&#8221;16px&#8221;][vc_row_inner][vc_column_inner][vc_column_text][\/vc_column_text][vc_column_text][\/vc_column_text][\/vc_column_inner][\/vc_row_inner][vc_row_inner][vc_column_inner width=&#8221;2\/3&#8243;][\/vc_column_inner][vc_column_inner width=&#8221;1\/3&#8243;][\/vc_column_inner][\/vc_row_inner][\/vc_column][\/vc_row][\/vc_section]<\/p>\n<\/div>","protected":false},"excerpt":{"rendered":"<p>[vc_section][vc_row][vc_column width=&#8221;1\/6&#8243;][vc_single_image image=&#8221;13643&#8243; img_size=&#8221;large&#8221; alignment=&#8221;center&#8221; css=&#8221;&#8221;][vc_empty_space][vc_column_text css=&#8221;&#8221;]Serra Odaba\u015f[\/vc_column_text][vc_empty_space height=&#8221;16px&#8221;][vc_column_text css=&#8221;&#8221;]Mimarl\u0131k Bah\u00e7e\u015fehir \u00dcniversitesi G\u00fcz 2024 Dan\u0131\u015fman: Asl\u0131han Demirta\u015f &#8211; Bilge Bal[\/vc_column_text][vc_empty_space][vc_row_inner][vc_column_inner width=&#8221;1\/4&#8243;][\/vc_column_inner][vc_column_inner width=&#8221;1\/4&#8243;][\/vc_column_inner][vc_column_inner width=&#8221;1\/4&#8243;][\/vc_column_inner][vc_column_inner width=&#8221;1\/4&#8243;][\/vc_column_inner][\/vc_row_inner][vc_icon icon_fontawesome=&#8221;fa fa-brands fa-linkedin&#8221; color=&#8221;chino&#8221; size=&#8221;xs&#8221; css=&#8221;&#8221; [&hellip;]<\/p>\n","protected":false},"author":10,"featured_media":0,"parent":0,"menu_order":0,"comment_status":"closed","ping_status":"closed","template":"","meta":{"_acf_changed":false,"_seopress_robots_primary_cat":"","_seopress_titles_title":"AURA Alumni: Serra Odaba\u015f","_seopress_titles_desc":"2024 G\u00fcz Do\u0308nemi\u2019nde \u201cAras\u0327t\u0131rma Tabanl\u0131 Tasar\u0131m Stu\u0308dyosu\u201dnda, kat\u0131l\u0131mc\u0131lar\u0131m\u0131z, Asl\u0131han Demirta\u015f ve Bilge Bal y\u00fcr\u00fct\u00fcc\u00fcl\u00fc\u011f\u00fcndeki st\u00fcdyoda D\u00fcnya yanarken temas\u0131na odakland\u0131.","_seopress_robots_index":"","_price":"","_stock":"","_tribe_ticket_header":"","_tribe_default_ticket_provider":"","_ticket_start_date":"","_ticket_end_date":"","_tribe_ticket_show_description":"","_tribe_ticket_show_not_going":false,"_tribe_ticket_use_global_stock":"","_tribe_ticket_global_stock_level":"","_global_stock_mode":"","_global_stock_cap":"","_tribe_rsvp_for_event":"","_tribe_ticket_going_count":"","_tribe_ticket_not_going_count":"","_tribe_tickets_list":"[]","_tribe_ticket_has_attendee_info_fields":false,"_EventAllDay":false,"_EventTimezone":"","_EventStartDate":"","_EventEndDate":"","_EventStartDateUTC":"","_EventEndDateUTC":"","_EventShowMap":false,"_EventShowMapLink":false,"_EventURL":"","_EventCost":"","_EventCostDescription":"","_EventCurrencySymbol":"","_EventCurrencyCode":"","_EventCurrencyPosition":"","_EventDateTimeSeparator":"","_EventTimeRangeSeparator":"","_EventOrganizerID":[],"_EventVenueID":[],"_OrganizerEmail":"","_OrganizerPhone":"","_OrganizerWebsite":"","_VenueAddress":"","_VenueCity":"","_VenueCountry":"","_VenueProvince":"","_VenueState":"","_VenueZip":"","_VenuePhone":"","_VenueURL":"","_VenueStateProvince":"","_VenueLat":"","_VenueLng":"","_VenueShowMap":false,"_VenueShowMapLink":false,"footnotes":"","_tec_slr_enabled":"","_tec_slr_layout":""},"class_list":["post-14105","page","type-page","status-publish","hentry"],"acf":[],"ticketed":false,"_links":{"self":[{"href":"https:\/\/staging.aura-istanbul.com\/index.php\/wp-json\/wp\/v2\/pages\/14105","targetHints":{"allow":["GET"]}}],"collection":[{"href":"https:\/\/staging.aura-istanbul.com\/index.php\/wp-json\/wp\/v2\/pages"}],"about":[{"href":"https:\/\/staging.aura-istanbul.com\/index.php\/wp-json\/wp\/v2\/types\/page"}],"author":[{"embeddable":true,"href":"https:\/\/staging.aura-istanbul.com\/index.php\/wp-json\/wp\/v2\/users\/10"}],"replies":[{"embeddable":true,"href":"https:\/\/staging.aura-istanbul.com\/index.php\/wp-json\/wp\/v2\/comments?post=14105"}],"version-history":[{"count":5,"href":"https:\/\/staging.aura-istanbul.com\/index.php\/wp-json\/wp\/v2\/pages\/14105\/revisions"}],"predecessor-version":[{"id":14755,"href":"https:\/\/staging.aura-istanbul.com\/index.php\/wp-json\/wp\/v2\/pages\/14105\/revisions\/14755"}],"wp:attachment":[{"href":"https:\/\/staging.aura-istanbul.com\/index.php\/wp-json\/wp\/v2\/media?parent=14105"}],"curies":[{"name":"wp","href":"https:\/\/api.w.org\/{rel}","templated":true}]}}