{"id":13040,"date":"2024-09-24T16:19:27","date_gmt":"2024-09-24T13:19:27","guid":{"rendered":"https:\/\/staging.aura-istanbul.com\/?page_id=13040"},"modified":"2025-09-23T21:03:28","modified_gmt":"2025-09-23T18:03:28","slug":"aura-alumni-ece-ozkan","status":"publish","type":"page","link":"https:\/\/staging.aura-istanbul.com\/index.php\/aura-alumni-ece-ozkan\/","title":{"rendered":"AURA Alumni:  Ece \u00d6zkan"},"content":{"rendered":"<div class=\"wpb-content-wrapper\"><p>[vc_section][vc_row][vc_column width=&#8221;1\/6&#8243;][vc_single_image image=&#8221;12219&#8243; img_size=&#8221;large&#8221; alignment=&#8221;center&#8221;][vc_empty_space][vc_column_text]<strong>Ece \u00d6zkan<\/strong>[\/vc_column_text][vc_empty_space height=&#8221;16px&#8221;][vc_column_text css=&#8221;&#8221;]Mimar<br \/>\n<span data-sheets-root=\"1\">Yeditepe \u00dcnivesitesi<\/span><\/p>\n<p>G\u00fcz 2023<br \/>\nDan\u0131\u015fman: Oral G\u00f6kta\u015f &#8211; Sevince Bayrak[\/vc_column_text][vc_empty_space][\/vc_column][vc_column width=&#8221;2\/3&#8243;][vc_column_text]<\/p>\n<div class=\"wpb_text_column wpb_content_element \">\n<div class=\"wpb_wrapper\">\n<div class=\"wpb_text_column wpb_content_element \">\n<div class=\"wpb_wrapper\">\n<div class=\"wpb_text_column wpb_content_element \">\n<div class=\"wpb_wrapper\">\n<p><strong>Yap\u0131sal Tamir: Destek Sistemler &#8211; <\/strong><strong>\u00dczerine Spek\u00fclatif \u0130ncelemeler; Beyo\u011flu<\/strong><\/p>\n<\/div>\n<\/div>\n<\/div>\n<\/div>\n<\/div>\n<\/div>\n<p>[\/vc_column_text][vc_column_text]Ele al\u0131nan ara\u015ft\u0131rma \u00e7al\u0131\u015fmas\u0131nda 4 farkl\u0131 yap\u0131sal sistem kategorisi \u00fczerinden inceleme yap\u0131lm\u0131\u015f; Y\u0131\u011fma, Ah\u015fap, Betonarme ve \u00c7elik Yap\u0131larda Tamir ba\u015fl\u0131klar\u0131 \u00e7er\u00e7evesinde geli\u015ftirilmi\u015ftir. S\u00f6z konusu yap\u0131sal sistemlerin her biri \u00fczerinden yap\u0131sal tamirin \u00e7e\u015fitleri incelenmi\u015f ve uygulanma s\u00fcre\u00e7leri \u201cTamir Kartlar\u0131 format\u0131nda haz\u0131rlanan el kartlar\u0131 ile temsil edilmi\u015ftir.<\/p>\n<p>Proje \u00f6nerisi olarak \u0130stanbul ilinin Beyo\u011flu il\u00e7esi k\u0131smen ele al\u0131narak biti\u015fik nizam yap\u0131 dizgesinde y\u0131k\u0131m sonras\u0131 olu\u015fan yap\u0131 bo\u015flu\u011funda yer alan ta\u015f\u0131y\u0131c\u0131 destek elemanlar\u0131 irdelenmi\u015ftir. Yap\u0131lan alan gezisi sonras\u0131 iki bina aras\u0131 ge\u00e7ici ta\u015f\u0131y\u0131c\u0131 destek sistemlerinin mod\u00fcler olmamas\u0131 ve yerinde tekil \u00e7\u00f6z\u00fcmler olmas\u0131 ele\u015ftirilmi\u015f ve geli\u015ftirilmesi planlanan \u00f6nemli bir girdi oldu\u011fu anla\u015f\u0131lm\u0131\u015ft\u0131r.<\/p>\n<p>Proje s\u00fcrecinin devam\u0131nda bu tipolojiye sahip alanlar\u0131n de\u011ferinin y\u00fcksek olmas\u0131, kent i\u00e7ine getirdi\u011fi tekinsizlik halinin bulunmas\u0131 gibi fakt\u00f6rler de incelenerek \u00e7e\u015fitli durumlar i\u00e7in spek\u00fclatif senaryolar \u00fcretilmi\u015ftir.[\/vc_column_text][vc_empty_space][vc_gallery interval=&#8221;10&#8243; images=&#8221;12358,12362,12361,12360,12359&#8243; img_size=&#8221;full&#8221;][vc_empty_space][\/vc_column][vc_column width=&#8221;1\/6&#8243;][vc_single_image image=&#8221;13044&#8243; img_size=&#8221;full&#8221; alignment=&#8221;center&#8221; style=&#8221;vc_box_border&#8221; onclick=&#8221;custom_link&#8221; img_link_target=&#8221;_blank&#8221;][vc_empty_space height=&#8221;16px&#8221;][vc_row_inner][vc_column_inner][vc_column_text][\/vc_column_text][\/vc_column_inner][\/vc_row_inner][vc_row_inner][vc_column_inner width=&#8221;2\/3&#8243;][\/vc_column_inner][vc_column_inner width=&#8221;1\/3&#8243;][\/vc_column_inner][\/vc_row_inner][\/vc_column][\/vc_row][\/vc_section]<\/p>\n<\/div>","protected":false},"excerpt":{"rendered":"<p>[vc_section][vc_row][vc_column width=&#8221;1\/6&#8243;][vc_single_image image=&#8221;12219&#8243; img_size=&#8221;large&#8221; alignment=&#8221;center&#8221;][vc_empty_space][vc_column_text]Ece \u00d6zkan[\/vc_column_text][vc_empty_space height=&#8221;16px&#8221;][vc_column_text css=&#8221;&#8221;]Mimar Yeditepe \u00dcnivesitesi G\u00fcz 2023 Dan\u0131\u015fman: Oral G\u00f6kta\u015f &#8211; Sevince Bayrak[\/vc_column_text][vc_empty_space][\/vc_column][vc_column width=&#8221;2\/3&#8243;][vc_column_text] Yap\u0131sal Tamir: Destek Sistemler &#8211; \u00dczerine Spek\u00fclatif \u0130ncelemeler; Beyo\u011flu [\/vc_column_text][vc_column_text]Ele al\u0131nan [&hellip;]<\/p>\n","protected":false},"author":10,"featured_media":0,"parent":0,"menu_order":0,"comment_status":"closed","ping_status":"closed","template":"","meta":{"_acf_changed":false,"_seopress_robots_primary_cat":"","_seopress_titles_title":"Ece \u00d6zkan: Yap\u0131sal Tamir: Destek Sistemler - \u00dczerine Spek\u00fclatif \u0130ncelemeler; Beyo\u011flu","_seopress_titles_desc":"Ele al\u0131nan ara\u015ft\u0131rma \u00e7al\u0131\u015fmas\u0131nda 4 farkl\u0131 yap\u0131sal sistem kategorisi \u00fczerinden inceleme yap\u0131lm\u0131\u015f; Y\u0131\u011fma, Ah\u015fap, Betonarme ve \u00c7elik Yap\u0131larda Tamir ba\u015fl\u0131klar\u0131 \u00e7er\u00e7evesinde geli\u015ftirilmi\u015ftir.","_seopress_robots_index":"","_price":"","_stock":"","_tribe_ticket_header":"","_tribe_default_ticket_provider":"","_ticket_start_date":"","_ticket_end_date":"","_tribe_ticket_show_description":"","_tribe_ticket_show_not_going":false,"_tribe_ticket_use_global_stock":"","_tribe_ticket_global_stock_level":"","_global_stock_mode":"","_global_stock_cap":"","_tribe_rsvp_for_event":"","_tribe_ticket_going_count":"","_tribe_ticket_not_going_count":"","_tribe_tickets_list":"[]","_tribe_ticket_has_attendee_info_fields":false,"_EventAllDay":false,"_EventTimezone":"","_EventStartDate":"","_EventEndDate":"","_EventStartDateUTC":"","_EventEndDateUTC":"","_EventShowMap":false,"_EventShowMapLink":false,"_EventURL":"","_EventCost":"","_EventCostDescription":"","_EventCurrencySymbol":"","_EventCurrencyCode":"","_EventCurrencyPosition":"","_EventDateTimeSeparator":"","_EventTimeRangeSeparator":"","_EventOrganizerID":[],"_EventVenueID":[],"_OrganizerEmail":"","_OrganizerPhone":"","_OrganizerWebsite":"","_VenueAddress":"","_VenueCity":"","_VenueCountry":"","_VenueProvince":"","_VenueState":"","_VenueZip":"","_VenuePhone":"","_VenueURL":"","_VenueStateProvince":"","_VenueLat":"","_VenueLng":"","_VenueShowMap":false,"_VenueShowMapLink":false,"footnotes":"","_tec_slr_enabled":"","_tec_slr_layout":""},"class_list":["post-13040","page","type-page","status-publish","hentry"],"acf":[],"ticketed":false,"_links":{"self":[{"href":"https:\/\/staging.aura-istanbul.com\/index.php\/wp-json\/wp\/v2\/pages\/13040","targetHints":{"allow":["GET"]}}],"collection":[{"href":"https:\/\/staging.aura-istanbul.com\/index.php\/wp-json\/wp\/v2\/pages"}],"about":[{"href":"https:\/\/staging.aura-istanbul.com\/index.php\/wp-json\/wp\/v2\/types\/page"}],"author":[{"embeddable":true,"href":"https:\/\/staging.aura-istanbul.com\/index.php\/wp-json\/wp\/v2\/users\/10"}],"replies":[{"embeddable":true,"href":"https:\/\/staging.aura-istanbul.com\/index.php\/wp-json\/wp\/v2\/comments?post=13040"}],"version-history":[{"count":8,"href":"https:\/\/staging.aura-istanbul.com\/index.php\/wp-json\/wp\/v2\/pages\/13040\/revisions"}],"predecessor-version":[{"id":15225,"href":"https:\/\/staging.aura-istanbul.com\/index.php\/wp-json\/wp\/v2\/pages\/13040\/revisions\/15225"}],"wp:attachment":[{"href":"https:\/\/staging.aura-istanbul.com\/index.php\/wp-json\/wp\/v2\/media?parent=13040"}],"curies":[{"name":"wp","href":"https:\/\/api.w.org\/{rel}","templated":true}]}}