{"id":13029,"date":"2024-02-19T18:02:59","date_gmt":"2024-02-19T15:02:59","guid":{"rendered":"https:\/\/staging.aura-istanbul.com\/?page_id=13029"},"modified":"2025-09-23T21:01:27","modified_gmt":"2025-09-23T18:01:27","slug":"aura-alumni-pelin-bilir","status":"publish","type":"page","link":"https:\/\/staging.aura-istanbul.com\/index.php\/aura-alumni-pelin-bilir\/","title":{"rendered":"AURA Alumni:  Pelin Bilir"},"content":{"rendered":"<div class=\"wpb-content-wrapper\"><p>[vc_section][vc_row][vc_column width=&#8221;1\/6&#8243;][vc_single_image image=&#8221;12226&#8243; img_size=&#8221;large&#8221; alignment=&#8221;center&#8221;][vc_empty_space][vc_column_text]<strong>Pelin Bilir<\/strong>[\/vc_column_text][vc_empty_space height=&#8221;16px&#8221;][vc_column_text css=&#8221;&#8221;]<span data-sheets-root=\"1\">\u015eehir ve B\u00f6lge Planlama<\/span><br \/>\n<span data-sheets-root=\"1\">MSGS\u00dc<\/span><\/p>\n<p>G\u00fcz 2023<br \/>\nDan\u0131\u015fman: Oral G\u00f6kta\u015f &#8211; Sevince Bayrak[\/vc_column_text][vc_empty_space][\/vc_column][vc_column width=&#8221;2\/3&#8243;][vc_column_text]<\/p>\n<div class=\"wpb_text_column wpb_content_element \">\n<div class=\"wpb_wrapper\">\n<div class=\"wpb_text_column wpb_content_element \">\n<div class=\"wpb_wrapper\">\n<div class=\"wpb_text_column wpb_content_element \">\n<div class=\"wpb_wrapper\">\n<p><strong>Peyzaj Tamiri &#8211; \u0130n\u015fa Etme \u00c7\u0131lg\u0131nl\u0131\u011f\u0131n\u0131n Arta Kalan Peyzajlar\u0131<\/strong><\/p>\n<\/div>\n<\/div>\n<\/div>\n<\/div>\n<\/div>\n<\/div>\n<p>[\/vc_column_text][vc_column_text]Peyzaj(?)\u2019\u0131n tamiri dilimize peyzaj olarak ge\u00e7en \u201clandscape\u201d kavram\u0131n\u0131n kapsay\u0131c\u0131l\u0131\u011f\u0131n\u0131n irdelenmesi ile ba\u015flar ve peyzaj\u0131n bir d\u00f6ng\u00fc halinde oldu\u011funu kabul eder. Barbara Bender\u2019a (2002) g\u00f6re peyzaj, bir kay\u0131t de\u011fil kay\u0131t alt\u0131nda olma halidir. Bununla birlikte, Peyzaj(?) sadece d\u00fcnyan\u0131n y\u00fczeyinden ibaret de\u011fil; i\u00e7erisinde zaman, akt\u00f6r ve ara\u00e7lar\u0131 da bar\u0131nd\u0131ran b\u00fct\u00fcnle\u015fik bir olgudur. Bu ele al\u0131\u015fla, peyzaj, etimolojik tan\u0131mlamalar\u0131n y\u00f6nlendirdi\u011finin aksine nesneler ve g\u00f6zlemlenebilen \u015feyler k\u00fcmelerinden ibaret de\u011fil, \u00f6znelerdir.<\/p>\n<p>Bu olgu d\u00fcnyadan farkl\u0131 \u00f6rneklerle incelendi\u011finde, tamire konu olabilecek ve daha \u00f6nce tamir d\u00f6ng\u00fcs\u00fc tamamlanm\u0131\u015f \u00f6rnek vakalar incelenmi\u015ftir. Bu \u00f6rnekler bir olay yeri inceleme metoduyla ele al\u0131nm\u0131\u015ft\u0131r. \u015eematize edilen \u00f6rneklerden farkl\u0131la\u015fan, d\u00f6ng\u00fcs\u00fc yar\u0131m kalan, alanlar\u0131n izi s\u00fcr\u00fclm\u00fc\u015ft\u00fcr. Metropol kentlerde in\u015fa etme \u00e7\u0131lg\u0131nl\u0131\u011f\u0131 ile d\u00f6ng\u00fcs\u00fc yar\u0131m kalan \u00f6rnekler belirlenmi\u015f ve bu at\u0131l kalma durumunun kent i\u00e7erisinde bir \u00f6r\u00fcnt\u00fc oldu\u011fu saptanm\u0131\u015ft\u0131r. Bu \u00f6r\u00fcnt\u00fcler aras\u0131ndan \u00e7ok\u00e7a \u00e7e\u015fitlilik bar\u0131nd\u0131ran bir \u00f6rnek alan se\u00e7ilip, 6 farkl\u0131 akt\u00f6r\u00fc kapsayan bir spek\u00fclasyonlar dizisi \u00fcretilmi\u015ftir. Sonu\u00e7 olarak bu yayg\u0131n akt\u00f6rel ele al\u0131\u015flar\u0131n s\u00fcperpozesi ve ara\u015ft\u0131rma grubunun bak\u0131\u015f a\u00e7\u0131s\u0131yla bir yol haritas\u0131 \u00e7izilmi\u015ftir.[\/vc_column_text][vc_empty_space][vc_gallery interval=&#8221;10&#8243; images=&#8221;12399,12400,12401,12402,12403&#8243; img_size=&#8221;full&#8221;][vc_empty_space][\/vc_column][vc_column width=&#8221;1\/6&#8243;][vc_single_image image=&#8221;13023&#8243; img_size=&#8221;full&#8221; alignment=&#8221;center&#8221; style=&#8221;vc_box_border&#8221; onclick=&#8221;custom_link&#8221; img_link_target=&#8221;_blank&#8221;][vc_empty_space height=&#8221;16px&#8221;][vc_row_inner][vc_column_inner][vc_column_text][\/vc_column_text][\/vc_column_inner][\/vc_row_inner][vc_row_inner][vc_column_inner width=&#8221;2\/3&#8243;][\/vc_column_inner][vc_column_inner width=&#8221;1\/3&#8243;][\/vc_column_inner][\/vc_row_inner][\/vc_column][\/vc_row][\/vc_section]<\/p>\n<\/div>","protected":false},"excerpt":{"rendered":"<p>[vc_section][vc_row][vc_column width=&#8221;1\/6&#8243;][vc_single_image image=&#8221;12226&#8243; img_size=&#8221;large&#8221; alignment=&#8221;center&#8221;][vc_empty_space][vc_column_text]Pelin Bilir[\/vc_column_text][vc_empty_space height=&#8221;16px&#8221;][vc_column_text css=&#8221;&#8221;]\u015eehir ve B\u00f6lge Planlama MSGS\u00dc G\u00fcz 2023 Dan\u0131\u015fman: Oral G\u00f6kta\u015f &#8211; Sevince Bayrak[\/vc_column_text][vc_empty_space][\/vc_column][vc_column width=&#8221;2\/3&#8243;][vc_column_text] Peyzaj Tamiri &#8211; \u0130n\u015fa Etme \u00c7\u0131lg\u0131nl\u0131\u011f\u0131n\u0131n Arta Kalan Peyzajlar\u0131 [&hellip;]<\/p>\n","protected":false},"author":10,"featured_media":0,"parent":0,"menu_order":0,"comment_status":"closed","ping_status":"closed","template":"","meta":{"_acf_changed":false,"_seopress_robots_primary_cat":"","_seopress_titles_title":"Pelin Bilir: Peyzaj Tamiri - \u0130n\u015fa Etme \u00c7\u0131lg\u0131nl\u0131\u011f\u0131n\u0131n Arta Kalan Peyzajlar\u0131","_seopress_titles_desc":"Peyzaj(?)\u2019\u0131n tamiri dilimize peyzaj olarak ge\u00e7en \u201clandscape\u201d kavram\u0131n\u0131n kapsay\u0131c\u0131l\u0131\u011f\u0131n\u0131n irdelenmesi ile ba\u015flar ve peyzaj\u0131n bir d\u00f6ng\u00fc halinde oldu\u011funu kabul eder","_seopress_robots_index":"","_price":"","_stock":"","_tribe_ticket_header":"","_tribe_default_ticket_provider":"","_ticket_start_date":"","_ticket_end_date":"","_tribe_ticket_show_description":"","_tribe_ticket_show_not_going":false,"_tribe_ticket_use_global_stock":"","_tribe_ticket_global_stock_level":"","_global_stock_mode":"","_global_stock_cap":"","_tribe_rsvp_for_event":"","_tribe_ticket_going_count":"","_tribe_ticket_not_going_count":"","_tribe_tickets_list":"[]","_tribe_ticket_has_attendee_info_fields":false,"_EventAllDay":false,"_EventTimezone":"","_EventStartDate":"","_EventEndDate":"","_EventStartDateUTC":"","_EventEndDateUTC":"","_EventShowMap":false,"_EventShowMapLink":false,"_EventURL":"","_EventCost":"","_EventCostDescription":"","_EventCurrencySymbol":"","_EventCurrencyCode":"","_EventCurrencyPosition":"","_EventDateTimeSeparator":"","_EventTimeRangeSeparator":"","_EventOrganizerID":[],"_EventVenueID":[],"_OrganizerEmail":"","_OrganizerPhone":"","_OrganizerWebsite":"","_VenueAddress":"","_VenueCity":"","_VenueCountry":"","_VenueProvince":"","_VenueState":"","_VenueZip":"","_VenuePhone":"","_VenueURL":"","_VenueStateProvince":"","_VenueLat":"","_VenueLng":"","_VenueShowMap":false,"_VenueShowMapLink":false,"footnotes":"","_tec_slr_enabled":"","_tec_slr_layout":""},"class_list":["post-13029","page","type-page","status-publish","hentry"],"acf":[],"ticketed":false,"_links":{"self":[{"href":"https:\/\/staging.aura-istanbul.com\/index.php\/wp-json\/wp\/v2\/pages\/13029","targetHints":{"allow":["GET"]}}],"collection":[{"href":"https:\/\/staging.aura-istanbul.com\/index.php\/wp-json\/wp\/v2\/pages"}],"about":[{"href":"https:\/\/staging.aura-istanbul.com\/index.php\/wp-json\/wp\/v2\/types\/page"}],"author":[{"embeddable":true,"href":"https:\/\/staging.aura-istanbul.com\/index.php\/wp-json\/wp\/v2\/users\/10"}],"replies":[{"embeddable":true,"href":"https:\/\/staging.aura-istanbul.com\/index.php\/wp-json\/wp\/v2\/comments?post=13029"}],"version-history":[{"count":3,"href":"https:\/\/staging.aura-istanbul.com\/index.php\/wp-json\/wp\/v2\/pages\/13029\/revisions"}],"predecessor-version":[{"id":15218,"href":"https:\/\/staging.aura-istanbul.com\/index.php\/wp-json\/wp\/v2\/pages\/13029\/revisions\/15218"}],"wp:attachment":[{"href":"https:\/\/staging.aura-istanbul.com\/index.php\/wp-json\/wp\/v2\/media?parent=13029"}],"curies":[{"name":"wp","href":"https:\/\/api.w.org\/{rel}","templated":true}]}}