{"id":12989,"date":"2024-02-19T15:37:45","date_gmt":"2024-02-19T12:37:45","guid":{"rendered":"https:\/\/staging.aura-istanbul.com\/?page_id=12989"},"modified":"2025-09-23T21:01:13","modified_gmt":"2025-09-23T18:01:13","slug":"aura-alumni-rengin-emine-dogan","status":"publish","type":"page","link":"https:\/\/staging.aura-istanbul.com\/index.php\/aura-alumni-rengin-emine-dogan\/","title":{"rendered":"AURA Alumni:  Rengin Emine Do\u011fan"},"content":{"rendered":"<div class=\"wpb-content-wrapper\"><p>[vc_section][vc_row][vc_column width=&#8221;1\/6&#8243;][vc_single_image image=&#8221;12227&#8243; img_size=&#8221;large&#8221; alignment=&#8221;center&#8221;][vc_empty_space][vc_column_text]<strong>Rengin Emine Do\u011fan<\/strong>[\/vc_column_text][vc_empty_space height=&#8221;16px&#8221;][vc_column_text css=&#8221;&#8221;]Mimar<br \/>\n<span data-sheets-root=\"1\">Mu\u011fla S\u0131tk\u0131 Ko\u00e7man \u00dcniversitesi<\/span><\/p>\n<p>G\u00fcz 2023<br \/>\nDan\u0131\u015fman: Oral G\u00f6kta\u015f &#8211; Sevince Bayrak[\/vc_column_text][vc_empty_space][\/vc_column][vc_column width=&#8221;2\/3&#8243;][vc_column_text]<\/p>\n<div class=\"wpb_text_column wpb_content_element \">\n<div class=\"wpb_wrapper\">\n<div class=\"wpb_text_column wpb_content_element \">\n<div class=\"wpb_wrapper\">\n<div class=\"wpb_text_column wpb_content_element \">\n<div class=\"wpb_wrapper\">\n<p><strong>Gezegensel Tamir: Gezegensel E\u015fikler Ba\u011flam\u0131nda \u0130stanbul \u00dczerine Spek\u00fclasyonlar<\/strong><\/p>\n<\/div>\n<\/div>\n<\/div>\n<\/div>\n<\/div>\n<\/div>\n<p>[\/vc_column_text][vc_column_text]Bu \u00e7al\u0131\u015fma, Son \u0130nsan \u00c7a\u011f\u0131 (Antroposen) i\u00e7inde ger\u00e7ekle\u015fen gezegensel sorunlara insan kaynakl\u0131 fakat etkileri insandan \u00f6te bir anlay\u0131\u015fla odaklan\u0131rken, zaten ger\u00e7ekle\u015ftirilmi\u015f veya \u00f6nerilmi\u015f tamir \u00f6nerilerini inceleyerek, gelecekteki sorun- tamir a\u011flar\u0131na ili\u015fkin spek\u00fclasyonlarda bulunuyor.<\/p>\n<p>Antroposenin bu kadar y\u0131k\u0131c\u0131 bir hal almas\u0131nda End\u00fcstri Devrimi\u2019nden itibaren sermayenin her alanda kurgulad\u0131\u011f\u0131 s\u00f6m\u00fcrge ili\u015fkileri oldu\u011funu ve Neoliberal d\u00fcnyan\u0131n bunu peki\u015ftirdi\u011fini biliyoruz. \u0130nsan-Do\u011fa ayr\u0131m\u0131n\u0131n net bir \u015fekilde kapitalist d\u00f6nemde yap\u0131lmas\u0131yla do\u011fan\u0131n de\u011fi\u015ftirilmesi gereken bir yaban oldu\u011fu ve insani geli\u015fmenin ise do\u011fan\u0131n ne kadar tahrip edildi\u011fiyle \u00f6l\u00e7\u00fclmesi kan\u0131s\u0131 geli\u015fti. K\u0131rsal alanlar\u0131n kaynak, ve kentlerin yaln\u0131zca t\u00fcketen konumda olmas\u0131ysa k\u0131rlardaki arazilerin g\u00f6zden \u00e7\u0131kar\u0131lmas\u0131na sebep oldu. B\u00fcy\u00fck kent merkezleri, gezegenin her ya\u015famsal e\u015fi\u011fini a\u015fmak i\u00e7in u\u011fra\u015fan insanlarla doluyken k\u0131r buna yeterli cevab\u0131 verememeye ba\u015flad\u0131. T\u00fcm bu ikilikler ise iklim kriziyle bizi ba\u015f ba\u015fa b\u0131rakt\u0131.<\/p>\n<p>\u00c7al\u0131\u015fman\u0131n \u00e7er\u00e7evesini Stockholm \u00dcniversitesi ve ara\u015ft\u0131rmac\u0131lar\u0131 taraf\u0131ndan geli\u015ftirilmi\u015f, \u201cGezegensel 9 E\u015fik\u201d kavram\u0131 olu\u015fturuyor. D\u00fcnyan\u0131n her bir yan\u0131ndan toprak-su-hava-uzay kirlili\u011fi ve bozulmalar\u0131na y\u00f6nelik hikayelerin derlendi\u011fi \u00e7al\u0131\u015fma, insan ve sermaye eliyle ger\u00e7ekle\u015fen tamirlerin de yeni sorunlara yol a\u00e7t\u0131\u011f\u0131n\u0131 veya zaten gezegensel \u00e7\u00f6z\u00fcme odakl\u0131 yakla\u015f\u0131lmad\u0131\u011f\u0131n\u0131 s\u00f6yl\u00fcyor. Bu onar\u0131m \u00f6nerileriyle Gezegensel Tamir&#8217;in bu sistem i\u00e7inde \u00e7ok da m\u00fcmk\u00fcn olmad\u0131\u011f\u0131 kan\u0131s\u0131na var\u0131rken yaln\u0131zca sorun ve tamirlerden olu\u015fan yuma\u011f\u0131n karma\u015f\u0131kla\u015fmas\u0131na giden yol inceleniyor. \u0130nsan eylemlerinin gezegenin s\u0131n\u0131rlar\u0131n\u0131 ne kadar zorlad\u0131\u011f\u0131na odaklan\u0131l\u0131yor.[\/vc_column_text][vc_empty_space][vc_gallery interval=&#8221;10&#8243; images=&#8221;12397,12396,12395,12394,12393&#8243; img_size=&#8221;full&#8221;][vc_empty_space][\/vc_column][vc_column width=&#8221;1\/6&#8243;][vc_single_image image=&#8221;12999&#8243; img_size=&#8221;full&#8221; alignment=&#8221;center&#8221; style=&#8221;vc_box_border&#8221; onclick=&#8221;custom_link&#8221; img_link_target=&#8221;_blank&#8221;][vc_empty_space height=&#8221;16px&#8221;][vc_row_inner][vc_column_inner][vc_column_text][\/vc_column_text][\/vc_column_inner][\/vc_row_inner][vc_row_inner][vc_column_inner width=&#8221;2\/3&#8243;][\/vc_column_inner][vc_column_inner width=&#8221;1\/3&#8243;][\/vc_column_inner][\/vc_row_inner][\/vc_column][\/vc_row][\/vc_section]<\/p>\n<\/div>","protected":false},"excerpt":{"rendered":"<p>[vc_section][vc_row][vc_column width=&#8221;1\/6&#8243;][vc_single_image image=&#8221;12227&#8243; img_size=&#8221;large&#8221; alignment=&#8221;center&#8221;][vc_empty_space][vc_column_text]Rengin Emine Do\u011fan[\/vc_column_text][vc_empty_space height=&#8221;16px&#8221;][vc_column_text css=&#8221;&#8221;]Mimar Mu\u011fla S\u0131tk\u0131 Ko\u00e7man \u00dcniversitesi G\u00fcz 2023 Dan\u0131\u015fman: Oral G\u00f6kta\u015f &#8211; Sevince Bayrak[\/vc_column_text][vc_empty_space][\/vc_column][vc_column width=&#8221;2\/3&#8243;][vc_column_text] Gezegensel Tamir: Gezegensel E\u015fikler Ba\u011flam\u0131nda \u0130stanbul \u00dczerine Spek\u00fclasyonlar [&hellip;]<\/p>\n","protected":false},"author":10,"featured_media":0,"parent":0,"menu_order":0,"comment_status":"closed","ping_status":"closed","template":"","meta":{"_acf_changed":false,"_seopress_robots_primary_cat":"","_seopress_titles_title":"Rengin Emine Do\u011fan: Gezegensel Tamir: Gezegensel E\u015fikler Ba\u011flam\u0131nda \u0130stanbul \u00dczerine Spek\u00fclasyonlar","_seopress_titles_desc":"Bu \u00e7al\u0131\u015fma, Son \u0130nsan \u00c7a\u011f\u0131 (Antroposen) i\u00e7inde ger\u00e7ekle\u015fen gezegensel sorunlara insan kaynakl\u0131 fakat etkileri insandan \u00f6te bir anlay\u0131\u015fla odaklan\u0131rken, zaten ger\u00e7ekle\u015ftirilmi\u015f veya \u00f6nerilmi\u015f tamir \u00f6nerilerini inceleyerek, gelecekteki sorun- tamir a\u011flar\u0131na ili\u015fkin spek\u00fclasyonlarda bulunuyor.","_seopress_robots_index":"","_price":"","_stock":"","_tribe_ticket_header":"","_tribe_default_ticket_provider":"","_ticket_start_date":"","_ticket_end_date":"","_tribe_ticket_show_description":"","_tribe_ticket_show_not_going":false,"_tribe_ticket_use_global_stock":"","_tribe_ticket_global_stock_level":"","_global_stock_mode":"","_global_stock_cap":"","_tribe_rsvp_for_event":"","_tribe_ticket_going_count":"","_tribe_ticket_not_going_count":"","_tribe_tickets_list":"[]","_tribe_ticket_has_attendee_info_fields":false,"_EventAllDay":false,"_EventTimezone":"","_EventStartDate":"","_EventEndDate":"","_EventStartDateUTC":"","_EventEndDateUTC":"","_EventShowMap":false,"_EventShowMapLink":false,"_EventURL":"","_EventCost":"","_EventCostDescription":"","_EventCurrencySymbol":"","_EventCurrencyCode":"","_EventCurrencyPosition":"","_EventDateTimeSeparator":"","_EventTimeRangeSeparator":"","_EventOrganizerID":[],"_EventVenueID":[],"_OrganizerEmail":"","_OrganizerPhone":"","_OrganizerWebsite":"","_VenueAddress":"","_VenueCity":"","_VenueCountry":"","_VenueProvince":"","_VenueState":"","_VenueZip":"","_VenuePhone":"","_VenueURL":"","_VenueStateProvince":"","_VenueLat":"","_VenueLng":"","_VenueShowMap":false,"_VenueShowMapLink":false,"footnotes":"","_tec_slr_enabled":"","_tec_slr_layout":""},"class_list":["post-12989","page","type-page","status-publish","hentry"],"acf":[],"ticketed":false,"_links":{"self":[{"href":"https:\/\/staging.aura-istanbul.com\/index.php\/wp-json\/wp\/v2\/pages\/12989","targetHints":{"allow":["GET"]}}],"collection":[{"href":"https:\/\/staging.aura-istanbul.com\/index.php\/wp-json\/wp\/v2\/pages"}],"about":[{"href":"https:\/\/staging.aura-istanbul.com\/index.php\/wp-json\/wp\/v2\/types\/page"}],"author":[{"embeddable":true,"href":"https:\/\/staging.aura-istanbul.com\/index.php\/wp-json\/wp\/v2\/users\/10"}],"replies":[{"embeddable":true,"href":"https:\/\/staging.aura-istanbul.com\/index.php\/wp-json\/wp\/v2\/comments?post=12989"}],"version-history":[{"count":6,"href":"https:\/\/staging.aura-istanbul.com\/index.php\/wp-json\/wp\/v2\/pages\/12989\/revisions"}],"predecessor-version":[{"id":15217,"href":"https:\/\/staging.aura-istanbul.com\/index.php\/wp-json\/wp\/v2\/pages\/12989\/revisions\/15217"}],"wp:attachment":[{"href":"https:\/\/staging.aura-istanbul.com\/index.php\/wp-json\/wp\/v2\/media?parent=12989"}],"curies":[{"name":"wp","href":"https:\/\/api.w.org\/{rel}","templated":true}]}}