{"id":11999,"date":"2023-12-05T18:24:20","date_gmt":"2023-12-05T15:24:20","guid":{"rendered":"https:\/\/staging.aura-istanbul.com\/?page_id=11999"},"modified":"2025-09-23T20:57:52","modified_gmt":"2025-09-23T17:57:52","slug":"aura-alumni-basak-bul","status":"publish","type":"page","link":"https:\/\/staging.aura-istanbul.com\/index.php\/aura-alumni-basak-bul\/","title":{"rendered":"AURA Alumni: Ba\u015fak Bul"},"content":{"rendered":"<div class=\"wpb-content-wrapper\"><p>[vc_section][vc_row][vc_column width=&#8221;1\/6&#8243;][vc_single_image image=&#8221;11701&#8243; img_size=&#8221;large&#8221; alignment=&#8221;center&#8221;][vc_empty_space][vc_column_text]<strong>Ba\u015fak Bul<\/strong>[\/vc_column_text][vc_empty_space height=&#8221;16px&#8221;][vc_column_text]Mimar<br \/>\nKadir Has \u00dcniversitesi<\/p>\n<p>Bahar 2023<br \/>\nDan\u0131\u015fman: Bu\u015fra Al &#8211; Emre Demirta\u015f[\/vc_column_text][vc_empty_space][\/vc_column][vc_column width=&#8221;2\/3&#8243;][vc_empty_space][vc_column_text]<\/p>\n<p style=\"text-align: center;\"><strong>FAZ I\u00a0<\/strong><br \/>\n<strong>Deprem Sonras\u0131 \u2018Akut Bar\u0131nma\u2019 Alanlar\u0131<\/strong><br \/>\n<strong>(\u00c7ad\u0131r Yerle\u015fimleri)<\/strong><\/p>\n<p>[\/vc_column_text][vc_empty_space][vc_column_text]AURA \u0130stanbul Sertifika Program\u0131 kapsam\u0131ndaki Ara\u015ft\u0131rma Tabanl\u0131 Tasar\u0131m St\u00fcdyosunun ilk faz\u0131nda Kahramanmara\u015f, Dulkadiro\u011flu, S\u00fcmer Mahallesi\u2019nde bulunan S\u00fcmer Ortaokulu\u2019nun bah\u00e7esinde kolektif \u00fcretim s\u00fcre\u00e7leri ile bir yerle\u015fim ve ya\u015fam alan\u0131 kuran <a href=\"https:\/\/www.instagram.com\/kaf.kolektif\/\">KAF Kolektif<\/a>\u2019in payla\u015ft\u0131\u011f\u0131 bilgilerden yararlan\u0131ld\u0131.<\/p>\n<p>S\u00f6z konusu alandaki acil bar\u0131nma ihtiya\u00e7lar\u0131 ile sosyal ve ibadet mek\u00e2n\u0131 \u00fczerine \u00e7al\u0131\u015fmalar yap\u0131ld\u0131. Kat\u0131l\u0131mc\u0131lar\u0131m\u0131z, iki hafta i\u00e7erisinde iki grup halinde \u00e7al\u0131\u015fmalar\u0131n\u0131 tamamlad\u0131.[\/vc_column_text][vc_empty_space][vc_column_text]<strong>SOSYAL ALAN VE \u0130BADET ALANI<\/strong><\/p>\n<p>Tasar\u0131m Ekibi: Ba\u015fak Bul, B\u00fc\u015fra \u00d6zmen, Ebru \u015eevli, Eda \u00dcnal, Meltem G\u00fcller, Mona Bilto, N\u00fcket Barut\u00e7u, Zeynep Adar, Zeynep Y\u0131lmaz[\/vc_column_text][vc_empty_space][vc_row_inner][vc_column_inner width=&#8221;1\/2&#8243;][vc_column_text]S\u00fcmer Ortaokulu\u2019nun \u00e7evresinde Kaf Kolektif\u2019in katk\u0131lar\u0131yla olu\u015fmu\u015f kom\u00fcnitede, yap\u0131lan g\u00f6r\u00fc\u015fmeler sonucu ihtiya\u00e7 duyulan sosyal alan ve ibadet mekan\u0131 tasar\u0131m\u0131 i\u00e7in \u00e7al\u0131\u015f\u0131ld\u0131. Tasar\u0131ma ba\u015flarken belirlenen prensipler do\u011frultusunda olu\u015fturulan bir yol haritas\u0131 ile \u00e7al\u0131\u015f\u0131ld\u0131. Bu prensipler; ta\u015f\u0131nabilirlik, \u00e7o\u011falabilirlik, kolay kurulum ve esnek tan\u0131ml\u0131 mekanlar olu\u015fturmakt\u0131r. Belirlenen programlar\u0131n hepsine cevap verebilecek bir birim tasarland\u0131ktan sonra birim d\u00f6n\u00fc\u015ft\u00fcrerek kullan\u0131lmas\u0131na olanak sa\u011flayan bir kompozisyon olu\u015fturuldu.<\/p>\n<p>B\u00fct\u00fcn bu kompozisyonun kurucu unsuru \u0131slak hacmi i\u00e7eren su mod\u00fcl\u00fcd\u00fcr. Bu mod\u00fcl i\u00e7eriden abdesthane d\u0131\u015far\u0131dan ise \u00e7e\u015fme olarak kullan\u0131lmaktad\u0131r. Yerle\u015fim i\u00e7in de ana unsur olan su mod\u00fcl\u00fc, hem var olan patika ve duvar aks\u0131n\u0131n kesi\u015fiminde bulunacak hem de \u00f6n\u00fcnde a\u00e7\u0131k bir sosyal alan olu\u015fturacak kapasiteye sahip olacak \u015fekilde tasarlanm\u0131\u015ft\u0131r.<\/p>\n<p>Su mod\u00fcl\u00fcn\u00fcn etraf\u0131na yerle\u015ferek kompozisyonu b\u00fcy\u00fcten di\u011fer birimler ve programlar ise;[\/vc_column_text][\/vc_column_inner][vc_column_inner width=&#8221;1\/2&#8243;][vc_column_text]on iki ki\u015filik ibadet mekan\u0131, yar\u0131 a\u00e7\u0131k sosyal alan ve t\u00fcm bu birimlerin birbirine ba\u011flayan y\u00fckseltilmi\u015f bir zemin olan platform. Kompleksin eri\u015filebilir ve engelsiz olmas\u0131 i\u00e7in platforma \u00e7\u0131k\u0131\u015f rampa ile sa\u011flanm\u0131\u015ft\u0131r.<\/p>\n<p>Yap\u0131n\u0131n oryantasyonunda ana fakt\u00f6r ibadet mekan\u0131 olmas\u0131 sebebiyle k\u0131ble y\u00f6n\u00fcd\u00fcr. K\u0131ble y\u00f6n\u00fcne do\u011fru konumlanan yap\u0131n\u0131n duvar ile ara kesitinde kalan a\u00e7\u0131k alan da b\u00fcy\u00fck \u00f6nem kazanmaktad\u0131r. Buradaki a\u00e7\u0131k alan, hem bir sosyal alan hem de ekme-bi\u00e7me alan\u0131 olarak kurguland\u0131. B\u00f6ylece tasar\u0131m, esnek ve d\u00f6n\u00fc\u015febilen mekan kullan\u0131m\u0131na sahip, \u201csu\u201d \u00fczerinden kurgulanan ve a\u00e7\u0131k alanlarla beslenen bir mekan kompozisyonuna haline geldi.<\/p>\n<p>Tasar\u0131mda kullan\u0131lan malzemelerin kolay ula\u015f\u0131labilir ve uygun maliyetli olmas\u0131 \u00f6nemsendi. Bu nedenle \u00e7evre illerden temin edilebilecek; OSB, ah\u015fap kereste, membran ve ah\u015fap kasalar tercih edildi. Mod\u00fcller i\u00e7in olu\u015fturulan kurulum \u015femas\u0131 sayesinde mekan, herkes taraf\u0131ndan in\u015fa edilebilecek ve eklemlenebilecek bi\u00e7imde kurguland\u0131.[\/vc_column_text][vc_column_text][\/vc_column_text][\/vc_column_inner][\/vc_row_inner][vc_empty_space][vc_gallery interval=&#8221;10&#8243; images=&#8221;11085,11086,11087,11088,11089,11090,11091&#8243; img_size=&#8221;full&#8221;][vc_empty_space][\/vc_column][vc_column width=&#8221;1\/6&#8243;][vc_empty_space height=&#8221;16px&#8221;][vc_row_inner][vc_column_inner][vc_empty_space][vc_column_text][\/vc_column_text][vc_column_text][\/vc_column_text][\/vc_column_inner][\/vc_row_inner][vc_row_inner][vc_column_inner width=&#8221;2\/3&#8243;][\/vc_column_inner][vc_column_inner width=&#8221;1\/3&#8243;][\/vc_column_inner][\/vc_row_inner][\/vc_column][\/vc_row][vc_row][vc_column width=&#8221;1\/6&#8243;][vc_empty_space][vc_column_text][\/vc_column_text][vc_empty_space height=&#8221;16px&#8221;][vc_column_text][\/vc_column_text][vc_empty_space][vc_row_inner][vc_column_inner width=&#8221;1\/4&#8243;][vc_icon icon_fontawesome=&#8221;fas fa-backspace&#8221; color=&#8221;white&#8221; size=&#8221;xs&#8221; link=&#8221;target:_blank&#8221;][\/vc_column_inner][vc_column_inner width=&#8221;1\/4&#8243;][\/vc_column_inner][vc_column_inner width=&#8221;1\/4&#8243;][\/vc_column_inner][vc_column_inner width=&#8221;1\/4&#8243;][\/vc_column_inner][\/vc_row_inner][\/vc_column][vc_column width=&#8221;2\/3&#8243;][vc_empty_space][vc_column_text]<\/p>\n<p style=\"text-align: center;\"><strong>FAZ II\u00a0<\/strong><br \/>\n<strong>Deprem Sonras\u0131 Ge\u00e7ici Bar\u0131nma Yerle\u015fimlerine Y\u00f6nelik Tasar\u0131m<\/strong><\/p>\n<p>[\/vc_column_text][vc_empty_space][vc_column_text]Ara\u015ft\u0131rma Tabanl\u0131 Tasar\u0131m St\u00fcdyosu kapsam\u0131nda Bahar&#8217;23 kat\u0131l\u0131mc\u0131lar\u0131 <a href=\"https:\/\/urbankoop.org\/\">Urban.koop<\/a> ile birlikte Deprem Sonras\u0131 Ge\u00e7ici Bar\u0131nma Yerle\u015fimlerine Y\u00f6nelik Tasar\u0131m Rehberi&#8217;nde yer alan ara\u015ft\u0131rma ba\u015fl\u0131klar\u0131 \u00fczerine \u00e7al\u0131\u015fmalar\u0131n\u0131 tamamlad\u0131.<\/p>\n<p>Kat\u0131l\u0131mc\u0131lar\u0131m\u0131z; Kent ile Entegrasyon, \u0130klimlendirme ve S\u00fcrd\u00fcr\u00fclebilir Altyap\u0131, Plan Kurgusu, Konut Birimleri, Sosyal Etkile\u015fim, M\u00fc\u015fterekler ve Donat\u0131lar konular\u0131nda gruplar halinde \u00e7al\u0131\u015ft\u0131.<\/p>\n<p><a href=\"https:\/\/assets.adobe.com\/id\/urn:aaid:sc:US:2f15bff0-8a01-466e-920a-bae0803253be?view=published\">Deprem Sonras\u0131 Ge\u00e7ici Bar\u0131nma Yerle\u015fimlerine Y\u00f6nelik Tasar\u0131m Rehberi<\/a>[\/vc_column_text][vc_empty_space][vc_column_text]<strong>KENT \u0130LE ENTEGRASYON<\/strong><\/p>\n<p>Tasar\u0131m Ekibi: Ba\u015fak Bul, B\u00fc\u015fra \u00d6zmen, Zeynep Adar[\/vc_column_text][vc_empty_space][vc_row_inner][vc_column_inner width=&#8221;1\/2&#8243;][vc_column_text]6 \u015eubat\u2019ta 10 ilde meydana gelen depremde y\u0131k\u0131lan ve ge\u00e7ici bar\u0131nma b\u00f6lgelerinin kent ile entegrasyonunu ele al\u0131nd\u0131. Tasarlanan ye\u015fil koridor yard\u0131m\u0131yla konut b\u00f6lgelerinden, \u00e7ad\u0131r kentlerden hem sanayi hem kentin di\u011fer odak noktalar\u0131na b\u00fct\u00fcn kullan\u0131c\u0131lar\u0131n hareket edebilece\u011fi bir omurga \u00f6nerildi.<\/p>\n<p>\u00c7ad\u0131r kent, ge\u00e7ici bar\u0131nma ve kal\u0131c\u0131 konutlar\u0131n hepsini kapsayan bir omurgan\u0131n kent ile entegrasyonunu \u00fcretken kentsel peyzajlar kavram\u0131yla ele al\u0131nd\u0131. Kent i\u00e7erisinde konut birimleri \u00fcretilmeden \u00f6nce kenti birbirine ba\u011flayan ye\u015fil omurgan\u0131n genle\u015fmesi, k\u0131lcallanmas\u0131 bu farkl\u0131 zamanlarda \u00fcretilecek \u00fc\u00e7 tip konut yerle\u015fim bi\u00e7imini birbirine ba\u011flayarak zaman i\u00e7inde ge\u00e7ici bar\u0131nma birimlerinin kalk\u0131p yerlerine konut yap\u0131lmas\u0131n\u0131 sa\u011flayacak alt yap\u0131 izini olu\u015fturuyor. Bu iz; konut alanlar\u0131n\u0131, sosyal alanlar\u0131, tar\u0131m ve \u00fcretim alanlar\u0131n alt yap\u0131s\u0131n\u0131 suya eri\u015fimini kurguluyor. Son a\u015famada sanayi b\u00f6lgelerine k\u0131lcallanmas\u0131 ile olu\u015fan omurgan\u0131n biten yap\u0131s\u0131 onar\u0131l\u0131r. Bu sayede mevcut hali iyile\u015ftirilmesine de olanak sa\u011flan\u0131r.[\/vc_column_text][\/vc_column_inner][vc_column_inner width=&#8221;1\/2&#8243;][vc_column_text]T\u00fcm kullan\u0131c\u0131lar\u0131n belirli odaklarda yo\u011funla\u015ft\u0131\u011f\u0131 ancak herkesin her b\u00f6lgeye eri\u015febildi\u011fi bir a\u011f sistemi tasarland\u0131. Ye\u015fil koridorla birle\u015ftirdi\u011fimiz bu a\u011f sisteminde yaya ula\u015f\u0131m\u0131 ve bisiklet ula\u015f\u0131m\u0131 sa\u011fland\u0131. Bu a\u011f sisteminin 500 metrede bir mahalle \u00f6l\u00e7e\u011finde olmas\u0131yla, 1,5 km de ring sistemiyle -toplu ta\u015f\u0131malarla- birbirine ba\u011fl\u0131yoruz. Bu mahalle \u00f6l\u00e7e\u011finde kre\u015f, e\u011fitim, sosyo-k\u00fclt\u00fcrel alan, su ve ye\u015fil alanlar\u0131 bar\u0131nd\u0131r\u0131yor.<\/p>\n<p>Bu sistemi kent \u00f6l\u00e7e\u011finde uygulanabilirli\u011fi i\u00e7in Hatay \u00f6zelinde bir \u00e7al\u0131\u015fma ger\u00e7ekle\u015ftirerek sonland\u0131rd\u0131k. Hatay\u2019\u0131n i\u00e7erisinde Asi Nehri\u2019nin ge\u00e7mesini ve liman kenti olmas\u0131 potansiyelini kullanarak ye\u015fille ve suyla entegre kendi kendine yetebilen bir kent senaryosu olu\u015fturduk.[\/vc_column_text][\/vc_column_inner][\/vc_row_inner][vc_empty_space][vc_gallery interval=&#8221;10&#8243; images=&#8221;11353,11354,11355,11356&#8243; img_size=&#8221;full&#8221;][vc_empty_space][\/vc_column][vc_column width=&#8221;1\/6&#8243;][vc_empty_space height=&#8221;16px&#8221;][vc_row_inner][vc_column_inner][vc_empty_space][vc_column_text][\/vc_column_text][vc_column_text][\/vc_column_text][\/vc_column_inner][\/vc_row_inner][vc_row_inner][vc_column_inner width=&#8221;2\/3&#8243;][\/vc_column_inner][vc_column_inner width=&#8221;1\/3&#8243;][\/vc_column_inner][\/vc_row_inner][\/vc_column][\/vc_row][vc_row][vc_column width=&#8221;1\/6&#8243;][vc_empty_space][vc_column_text][\/vc_column_text][vc_empty_space height=&#8221;16px&#8221;][vc_column_text][\/vc_column_text][vc_empty_space][vc_row_inner][vc_column_inner width=&#8221;1\/4&#8243;][vc_icon icon_fontawesome=&#8221;fas fa-backspace&#8221; color=&#8221;white&#8221; size=&#8221;xs&#8221; link=&#8221;target:_blank&#8221;][\/vc_column_inner][vc_column_inner width=&#8221;1\/4&#8243;][\/vc_column_inner][vc_column_inner width=&#8221;1\/4&#8243;][\/vc_column_inner][vc_column_inner width=&#8221;1\/4&#8243;][\/vc_column_inner][\/vc_row_inner][\/vc_column][vc_column width=&#8221;2\/3&#8243;][vc_empty_space][vc_column_text]<\/p>\n<p style=\"text-align: center;\"><strong>FAZ III<\/strong><br \/>\n<strong>SOSYAL KONUT<\/strong><\/p>\n<p>[\/vc_column_text][vc_empty_space][vc_column_text]<strong>SOSYAL KONUT + PARAZ\u0130T HUBLAR<\/strong><\/p>\n<p>Tasar\u0131m Ekibi: Zeynep Adar, Ba\u015fak Bul, B\u00fc\u015fra \u00d6zmen[\/vc_column_text][vc_empty_space][vc_row_inner][vc_column_inner width=&#8221;1\/2&#8243;][vc_column_text]Sosyal konutlar, toplumda bir araya gelmeyi te\u015fvik eden ve dayan\u0131\u015fmay\u0131 destekleyen mek\u00e2nlar olarak d\u00fc\u015f\u00fcn\u00fclmelidir. Deprem \u00f6ncesi ve sonras\u0131 d\u00f6nemde toplumun \u00e7e\u015fitli ihtiya\u00e7lar\u0131ndan meydana gelen sebeplerden dolay\u0131 sosyal konutlara her zaman ihtiya\u00e7 vard\u0131r. Zaman, maliyet ve kullan\u0131c\u0131 ihtiya\u00e7lar\u0131n\u0131n \u00f6n planda oldu\u011fu bu d\u00f6nemde mod\u00fcler sistemler ile standart bile\u015fenlerin kullan\u0131lmas\u0131 ve birle\u015ftirilmesiyle ilgili daha \u00f6nceden belirlenmi\u015f kurallar sayesinde h\u0131zl\u0131 ve tekrarlanabilir \u00e7\u00f6z\u00fcmler \u00fcretmek m\u00fcmk\u00fcnd\u00fcr.[\/vc_column_text][\/vc_column_inner][vc_column_inner width=&#8221;1\/2&#8243;][vc_column_text]Ayr\u0131ca, mod\u00fcler sistemlerin esnekli\u011fi, projenin ihtiya\u00e7lara ve de\u011fi\u015fen ko\u015fullara uyum sa\u011flamas\u0131n\u0131 kolayla\u015ft\u0131r\u0131r. Bu sistemler, farkl\u0131 boyutlarda, i\u015flevlerde ve yap\u0131 tiplerinde uygulanabilir. Bile\u015fenlerin bir araya getirilme \u015fekli ve d\u00fczeni, projenin ihtiya\u00e7lar\u0131na g\u00f6re kolayca de\u011fi\u015ftirilebilir. Bu da projenin yeniden kullan\u0131labilirli\u011fini ve uyarlanabilirli\u011fini art\u0131r\u0131r. Bu avantajlar d\u00fc\u015f\u00fcn\u00fclerek deprem \u00f6ncesi ve sonras\u0131 olu\u015facak sosyal konutlar, parazitle\u015fen hub\u2019lar ve mod\u00fcller sistemler \u00fczerinden ele al\u0131n\u0131yor.[\/vc_column_text][\/vc_column_inner][\/vc_row_inner][vc_empty_space][vc_gallery interval=&#8221;10&#8243; images=&#8221;11401,11402,11403,11404,11405&#8243; img_size=&#8221;full&#8221;][vc_empty_space][\/vc_column][vc_column width=&#8221;1\/6&#8243;][vc_empty_space height=&#8221;16px&#8221;][vc_row_inner][vc_column_inner][vc_empty_space][vc_column_text][\/vc_column_text][vc_column_text][\/vc_column_text][\/vc_column_inner][\/vc_row_inner][vc_row_inner][vc_column_inner width=&#8221;2\/3&#8243;][\/vc_column_inner][vc_column_inner width=&#8221;1\/3&#8243;][\/vc_column_inner][\/vc_row_inner][\/vc_column][\/vc_row][\/vc_section]<\/p>\n<\/div>","protected":false},"excerpt":{"rendered":"<p>[vc_section][vc_row][vc_column width=&#8221;1\/6&#8243;][vc_single_image image=&#8221;11701&#8243; img_size=&#8221;large&#8221; alignment=&#8221;center&#8221;][vc_empty_space][vc_column_text]Ba\u015fak Bul[\/vc_column_text][vc_empty_space height=&#8221;16px&#8221;][vc_column_text]Mimar Kadir Has \u00dcniversitesi Bahar 2023 Dan\u0131\u015fman: Bu\u015fra Al &#8211; Emre Demirta\u015f[\/vc_column_text][vc_empty_space][\/vc_column][vc_column width=&#8221;2\/3&#8243;][vc_empty_space][vc_column_text] FAZ I\u00a0 Deprem Sonras\u0131 \u2018Akut Bar\u0131nma\u2019 Alanlar\u0131 (\u00c7ad\u0131r Yerle\u015fimleri) [\/vc_column_text][vc_empty_space][vc_column_text]AURA \u0130stanbul [&hellip;]<\/p>\n","protected":false},"author":10,"featured_media":0,"parent":0,"menu_order":0,"comment_status":"closed","ping_status":"closed","template":"","meta":{"_acf_changed":false,"_seopress_robots_primary_cat":"","_seopress_titles_title":"AURA Alumni: Ba\u015fak Bul","_seopress_titles_desc":"2023 Bahar Do\u0308nemi\u2019nde \u201cAras\u0327t\u0131rma Tabanl\u0131 Tasar\u0131m Stu\u0308dyosu\u201dnda, kat\u0131l\u0131mc\u0131lar\u0131m\u0131z, Bu\u015fra Al ve Emre Demirta\u015f y\u00fcr\u00fct\u00fcc\u00fcl\u00fc\u011f\u00fcndeki st\u00fcdyoda, 6 \u015eubat 2023 tarihinde meydana gelen depremler ard\u0131ndan b\u00f6lgedeki ihtiya\u00e7lara odakland\u0131.","_seopress_robots_index":"","_price":"","_stock":"","_tribe_ticket_header":"","_tribe_default_ticket_provider":"","_ticket_start_date":"","_ticket_end_date":"","_tribe_ticket_show_description":"","_tribe_ticket_show_not_going":false,"_tribe_ticket_use_global_stock":"","_tribe_ticket_global_stock_level":"","_global_stock_mode":"","_global_stock_cap":"","_tribe_rsvp_for_event":"","_tribe_ticket_going_count":"","_tribe_ticket_not_going_count":"","_tribe_tickets_list":"[]","_tribe_ticket_has_attendee_info_fields":false,"_EventAllDay":false,"_EventTimezone":"","_EventStartDate":"","_EventEndDate":"","_EventStartDateUTC":"","_EventEndDateUTC":"","_EventShowMap":false,"_EventShowMapLink":false,"_EventURL":"","_EventCost":"","_EventCostDescription":"","_EventCurrencySymbol":"","_EventCurrencyCode":"","_EventCurrencyPosition":"","_EventDateTimeSeparator":"","_EventTimeRangeSeparator":"","_EventOrganizerID":[],"_EventVenueID":[],"_OrganizerEmail":"","_OrganizerPhone":"","_OrganizerWebsite":"","_VenueAddress":"","_VenueCity":"","_VenueCountry":"","_VenueProvince":"","_VenueState":"","_VenueZip":"","_VenuePhone":"","_VenueURL":"","_VenueStateProvince":"","_VenueLat":"","_VenueLng":"","_VenueShowMap":false,"_VenueShowMapLink":false,"footnotes":"","_tec_slr_enabled":"","_tec_slr_layout":""},"class_list":["post-11999","page","type-page","status-publish","hentry"],"acf":[],"ticketed":false,"_links":{"self":[{"href":"https:\/\/staging.aura-istanbul.com\/index.php\/wp-json\/wp\/v2\/pages\/11999","targetHints":{"allow":["GET"]}}],"collection":[{"href":"https:\/\/staging.aura-istanbul.com\/index.php\/wp-json\/wp\/v2\/pages"}],"about":[{"href":"https:\/\/staging.aura-istanbul.com\/index.php\/wp-json\/wp\/v2\/types\/page"}],"author":[{"embeddable":true,"href":"https:\/\/staging.aura-istanbul.com\/index.php\/wp-json\/wp\/v2\/users\/10"}],"replies":[{"embeddable":true,"href":"https:\/\/staging.aura-istanbul.com\/index.php\/wp-json\/wp\/v2\/comments?post=11999"}],"version-history":[{"count":7,"href":"https:\/\/staging.aura-istanbul.com\/index.php\/wp-json\/wp\/v2\/pages\/11999\/revisions"}],"predecessor-version":[{"id":15210,"href":"https:\/\/staging.aura-istanbul.com\/index.php\/wp-json\/wp\/v2\/pages\/11999\/revisions\/15210"}],"wp:attachment":[{"href":"https:\/\/staging.aura-istanbul.com\/index.php\/wp-json\/wp\/v2\/media?parent=11999"}],"curies":[{"name":"wp","href":"https:\/\/api.w.org\/{rel}","templated":true}]}}