{"id":11516,"date":"2023-10-10T16:00:16","date_gmt":"2023-10-10T13:00:16","guid":{"rendered":"https:\/\/staging.aura-istanbul.com\/?page_id=11516"},"modified":"2023-10-12T14:38:34","modified_gmt":"2023-10-12T11:38:34","slug":"marmara-bolgesini-haritalamak-2023","status":"publish","type":"page","link":"https:\/\/staging.aura-istanbul.com\/index.php\/marmara-bolgesini-haritalamak-2023\/","title":{"rendered":"Marmara B\u00f6lgesini Haritalamak: \u00c7anakkale"},"content":{"rendered":"<div class=\"wpb-content-wrapper\"><p>[vc_row][vc_column][vc_empty_space][vc_single_image image=&#8221;11635&#8243; img_size=&#8221;full&#8221;][vc_empty_space][\/vc_column][\/vc_row][vc_row][vc_column][vc_empty_space][vc_column_text]<\/p>\n<h3 style=\"text-align: center;\">Marmara B\u00f6lgesini Haritalamak: \u00c7anakkale<\/h3>\n<p class=\"light font-italic\" style=\"text-align: center;\"><strong>At\u00f6lye |<\/strong>14 A\u011fustos \u2013 4 Eyl\u00fcl<\/p>\n<p>[\/vc_column_text][vc_empty_space][vc_row_inner][vc_column_inner width=&#8221;1\/2&#8243;][vc_column_text]Kuruldu\u011fu 2017 y\u0131l\u0131ndan bu yana \u0130stanbul ve \u00f6tesinde kentsel \u00e7al\u0131\u015fmalar a\u00e7\u0131s\u0131ndan en yenilik\u00e7i ba\u011f\u0131ms\u0131z ara\u015ft\u0131rma enstit\u00fclerinden biri olarak kendini \u015fekillendiren AURA \u0130stanbul, Marmara Urban Forum (MARUF23) kapsam\u0131nda Marmara Denizi k\u0131y\u0131lar\u0131n\u0131n \u00e7eperinde kentsel ve k\u0131rsal konularda bir at\u00f6lye \u00e7al\u0131\u015fmas\u0131 d\u00fczenlemek i\u00e7in davet edildi.<\/p>\n<p>\u0130nsanl\u0131k evriminin \u00f6nemli tarihsel d\u00f6nemlerine ev sahipli\u011fi yapan Marmara B\u00f6lgesi, do\u011fal kaynaklar ve ekolojik sistemler a\u00e7\u0131s\u0131ndan olduk\u00e7a zengindir, ek olarak T\u00fcrkiye ekonomisinin %60&#8217;\u0131ndan fazlas\u0131n\u0131 \u00fcretmektedir. Bu \u00e7er\u00e7evede, son y\u0131llarda k\u00f6pr\u00fc ve otoyol \u015feritleri gibi altyap\u0131lara yap\u0131lan \u00f6nemli yat\u0131r\u0131mlar, b\u00f6lgedeki belediyeler aras\u0131ndaki ba\u011flant\u0131y\u0131 b\u00fcy\u00fck \u00f6l\u00e7\u00fcde art\u0131rm\u0131\u015ft\u0131r. Daha b\u00fcy\u00fck \u00f6l\u00e7ekte, mevcut deniz yollar\u0131na ek olarak b\u00f6lgedeki bu kesintisiz yol sistemi, b\u00f6lgedeki makro-b\u00f6lgesel al\u0131\u015fveri\u015fleri de iyile\u015ftirmi\u015ftir.<\/p>\n<p>B\u00f6lgedeki bu sermaye ve yat\u0131r\u0131m birikimi ulusal d\u00fczeyde T\u00fcrkiye&#8217;nin di\u011fer co\u011frafyalar\u0131n\u0131 kalk\u0131nma kaynaklar\u0131ndan uzakla\u015ft\u0131ran \u00f6nemli bir zenginlik asimetrisi yaratarak, b\u00f6lgesel d\u00fczeyde ise do\u011fal peyzajlar ve su kaynaklar\u0131 gibi olanaklar\u0131 bask\u0131 alt\u0131na alarak b\u00fcy\u00fck bir gerilim yarat\u0131yor. Son zamanlarda Marmara Denizi&#8217;nde yay\u0131lan m\u00fcsilaj, uzmanlar taraf\u0131ndan b\u00f6lgedeki insani, tar\u0131msal ve end\u00fcstriyel faaliyetlerin bir sonucu olarak de\u011ferlendiriliyor.[\/vc_column_text][\/vc_column_inner][vc_column_inner width=&#8221;1\/2&#8243;][vc_column_text]Makro-b\u00f6lgesel \u00f6l\u00e7ekte Marmara b\u00f6lgesini incelemek b\u00f6lgenin yap\u0131s\u0131 hakk\u0131nda bize baz\u0131 ipu\u00e7lar\u0131 veriyor. Ekonomik bir merkez olarak \u0130stanbul, Kocaeli&#8217;den Bursa&#8217;ya uzanan yo\u011fun sanayi b\u00f6lgesi, \u00c7anakkale Yar\u0131madas\u0131&#8217;n\u0131n kuzeyindeki madencilik ve enerji \u00fcretimi ve Gelibolu&#8217;dan Trakya Yar\u0131madas\u0131&#8217;na kadar uzanan tar\u0131mla kar\u0131\u015f\u0131k sanayi merkezleri bu kentsel b\u00f6lgenin d\u00f6ng\u00fcsel ve s\u00fcrekli faaliyetlerini tan\u0131mlamaktad\u0131r.<\/p>\n<p>AURA \u0130stanbul&#8217;un Marmara B\u00f6lgesi&#8217;nde ger\u00e7ekle\u015ftirdi\u011fi ikinci ara\u015ft\u0131rma at\u00f6lyesi i\u00e7in ara\u015ft\u0131rmac\u0131lara Eda Y\u00fccesoy, Tansel Korkmaz ve Sinan Logie e\u015flik etti. 10 ara\u015ft\u0131rmac\u0131dan olu\u015fan ekip, deniz havzas\u0131n\u0131 \u00e7evreleyen ekolojik koridorlar boyunca insan faaliyetleri ve do\u011fal kaynaklar aras\u0131ndaki stres noktalar\u0131n\u0131 belgelemek i\u00e7in saha ara\u015ft\u0131rmas\u0131 yapt\u0131. Bu biyopsi s\u0131ras\u0131nda, mega kent \u0130stanbul daha \u00f6nce bir\u00e7ok ara\u015ft\u0131rmaya konu oldu\u011fu i\u00e7in ele al\u0131nmad\u0131. Ara\u015ft\u0131rman\u0131n amac\u0131, iklim krizi ve kapitalist \u00fcretim s\u00fcre\u00e7leri sonucunda ortaya \u00e7\u0131kan (kapitalosen) sorunlar\u0131n bu kritik \u00e7a\u011f\u0131nda, k\u0131rsal ve kentsel kalk\u0131nman\u0131n yeni potansiyel stratejilerini tan\u0131mlamak oldu.<\/p>\n<p>St\u00fcdyo, son y\u0131llarda bu konularda \u00e7al\u0131\u015fan bir\u00e7ok akademisyenin seminer katk\u0131lar\u0131yla da zenginle\u015fti.[\/vc_column_text][\/vc_column_inner][\/vc_row_inner][vc_empty_space][\/vc_column][\/vc_row][vc_row][\/vc_row][vc_row][vc_column][vc_empty_space][vc_gallery interval=&#8221;3&#8243; images=&#8221;11620,11621,11622,11623,11624,11625,11626,11627,11628,11629,11630,11631,11632,11633,11634&#8243; img_size=&#8221;large&#8221;][vc_empty_space][\/vc_column][\/vc_row][vc_row][vc_column][vc_empty_space][vc_separator color=&#8221;black&#8221;][vc_empty_space][\/vc_column][\/vc_row][vc_row][vc_column][vc_row_inner][vc_column_inner][vc_column_text]<\/p>\n<h4 style=\"text-align: center;\">AT\u00d6LYE Y\u00dcR\u00dcT\u00dcC\u00dcS\u00dc<\/h4>\n<p>[\/vc_column_text][vc_empty_space][\/vc_column_inner][\/vc_row_inner][vc_empty_space][vc_row_inner][vc_column_inner width=&#8221;1\/3&#8243;][\/vc_column_inner][vc_column_inner width=&#8221;1\/3&#8243;][vc_single_image image=&#8221;11582&#8243; alignment=&#8221;center&#8221;][vc_column_text]<\/p>\n<p style=\"text-align: center;\"><strong>G\u00fclhis Duygun<\/strong><\/p>\n<p style=\"text-align: center;\">Mimar<\/p>\n<p>[\/vc_column_text][\/vc_column_inner][vc_column_inner width=&#8221;1\/3&#8243;][\/vc_column_inner][\/vc_row_inner][vc_empty_space][vc_empty_space][vc_empty_space][\/vc_column][\/vc_row][vc_row][vc_column][vc_row_inner][vc_column_inner][vc_column_text]<\/p>\n<h4 style=\"text-align: center;\">AURA \u0130STANBUL ARA\u015eTIRMACILARI<\/h4>\n<p>[\/vc_column_text][vc_empty_space][\/vc_column_inner][\/vc_row_inner][vc_empty_space][vc_row_inner][vc_column_inner width=&#8221;1\/4&#8243;][vc_single_image image=&#8221;11583&#8243; alignment=&#8221;center&#8221;][vc_column_text]<\/p>\n<p style=\"text-align: center;\"><strong>Ay\u015feg\u00fcl Kaya<\/strong><\/p>\n<p style=\"text-align: center;\">\u015eehir Planc\u0131s\u0131, MSGS\u00dc<\/p>\n<p>[\/vc_column_text][\/vc_column_inner][vc_column_inner width=&#8221;1\/4&#8243;][vc_single_image image=&#8221;11584&#8243; alignment=&#8221;center&#8221;][vc_column_text]<\/p>\n<p style=\"text-align: center;\"><strong>Ba\u015fak Bul<\/strong><\/p>\n<p style=\"text-align: center;\">Mimar, Kadir Has \u00dcniversitesi<\/p>\n<p>[\/vc_column_text][\/vc_column_inner][vc_column_inner width=&#8221;1\/4&#8243;][vc_single_image image=&#8221;11585&#8243; alignment=&#8221;center&#8221;][vc_column_text]<\/p>\n<p style=\"text-align: center;\"><strong>Damla Solaz<\/strong><\/p>\n<p style=\"text-align: center;\">Peyzaj Mimar\u0131, \u0130T\u00dc<\/p>\n<p>[\/vc_column_text][\/vc_column_inner][vc_column_inner width=&#8221;1\/4&#8243;][vc_single_image image=&#8221;11586&#8243; alignment=&#8221;center&#8221;][vc_column_text]<\/p>\n<p style=\"text-align: center;\"><strong>Emre Ta\u015f<\/strong><\/p>\n<p style=\"text-align: center;\">Mimar, Eski\u015fehir Osmangazi \u00dcniversitesi<\/p>\n<p>[\/vc_column_text][\/vc_column_inner][\/vc_row_inner][vc_row_inner][vc_column_inner width=&#8221;1\/4&#8243;][vc_single_image image=&#8221;11587&#8243; alignment=&#8221;center&#8221;][vc_column_text]<\/p>\n<p style=\"text-align: center;\"><strong>Pelin Bilir<\/strong><\/p>\n<p style=\"text-align: center;\">\u015eehir Planc\u0131s\u0131, MSGS\u00dc<\/p>\n<p>[\/vc_column_text][\/vc_column_inner][vc_column_inner width=&#8221;1\/4&#8243;][vc_single_image image=&#8221;11588&#8243; alignment=&#8221;center&#8221;][vc_column_text]<\/p>\n<p style=\"text-align: center;\"><strong>Sezer Ba\u011flan<\/strong><\/p>\n<p style=\"text-align: center;\">\u015eehir Planc\u0131s\u0131, MSGS\u00dc<\/p>\n<p>[\/vc_column_text][\/vc_column_inner][vc_column_inner width=&#8221;1\/4&#8243;][vc_single_image image=&#8221;11589&#8243; alignment=&#8221;center&#8221;][vc_column_text]<\/p>\n<p style=\"text-align: center;\"><strong>Su Sezer<\/strong><\/p>\n<p style=\"text-align: center;\">Mimar, ODT\u00dc<\/p>\n<p>[\/vc_column_text][\/vc_column_inner][vc_column_inner width=&#8221;1\/4&#8243;][vc_single_image image=&#8221;11590&#8243; alignment=&#8221;center&#8221;][vc_column_text]<\/p>\n<p style=\"text-align: center;\"><strong>\u015eevval B\u00fc\u015fra \u00d6zmen<\/strong><\/p>\n<p style=\"text-align: center;\">Mimar, Kadir Has \u00dcniversitesi<\/p>\n<p>[\/vc_column_text][\/vc_column_inner][\/vc_row_inner][vc_row_inner][vc_column_inner width=&#8221;1\/4&#8243;][vc_single_image image=&#8221;11591&#8243; alignment=&#8221;center&#8221;][vc_column_text]<\/p>\n<p style=\"text-align: center;\"><strong>\u015eeyda Mutlu<\/strong><\/p>\n<p style=\"text-align: center;\">Mimar, TOBB ET\u00dc<\/p>\n<p>[\/vc_column_text][\/vc_column_inner][vc_column_inner width=&#8221;1\/4&#8243;][vc_single_image image=&#8221;11592&#8243; alignment=&#8221;center&#8221;][vc_column_text]<\/p>\n<p style=\"text-align: center;\"><strong>Ya\u011fmur Solaz<\/strong><\/p>\n<p style=\"text-align: center;\">Peyzaj Mimar\u0131, \u0130T\u00dc<\/p>\n<p>[\/vc_column_text][\/vc_column_inner][vc_column_inner width=&#8221;1\/4&#8243;][vc_single_image image=&#8221;11593&#8243; alignment=&#8221;center&#8221;][vc_column_text]<\/p>\n<p style=\"text-align: center;\"><strong>Yasin Toprak<\/strong><\/p>\n<p style=\"text-align: center;\">Mimar, MSGS\u00dc<\/p>\n<p>[\/vc_column_text][\/vc_column_inner][vc_column_inner width=&#8221;1\/4&#8243;][vc_single_image image=&#8221;11594&#8243; alignment=&#8221;center&#8221;][vc_column_text]<\/p>\n<p style=\"text-align: center;\"><strong>Zeynep Adar<\/strong><\/p>\n<p style=\"text-align: center;\">Mimar, Yeditepe \u00dcniversitesi<\/p>\n<p>[\/vc_column_text][\/vc_column_inner][\/vc_row_inner][vc_empty_space][\/vc_column][\/vc_row][vc_row][vc_column][vc_empty_space][vc_separator color=&#8221;black&#8221;][vc_empty_space][\/vc_column][\/vc_row][vc_row][vc_column][vc_empty_space][vc_single_image image=&#8221;11595&#8243; img_size=&#8221;full&#8221; alignment=&#8221;center&#8221;][vc_empty_space][vc_row_inner][vc_column_inner width=&#8221;1\/2&#8243;][vc_column_text]Marmara B\u00f6lgesini Haritalama \u00e7al\u0131\u015fmas\u0131n\u0131n bu y\u0131l\u0131nda, \u00c7anakkale \u201c2023 y\u0131l\u0131 \u00d6n Biyopsi Alan\u0131 olarak se\u00e7ilmi\u015ftir. \u00c7al\u0131\u015fma kapsam\u0131nda, \u00c7anakkale \u00fczerine \u201cde\u011fer bilgileri\u201d \u00e7ok katmanl\u0131 bir \u015fekilde ve \u00e7apraz okumalar\u0131n yap\u0131ld\u0131\u011f\u0131 varl\u0131k temelli analiz d\u00fczeyinde ele al\u0131nm\u0131\u015f ve \u00e7al\u0131\u015fman\u0131n sonu\u00e7 \u00fcr\u00fcnleri bu \u015fekilde ortaya \u00e7\u0131km\u0131\u015ft\u0131r. Bu kapsam\u0131n belirleyicisi; b\u00f6lgenin do\u011fal ve sosyal durumunu \u015fekillendiren temel etkenlerin yans\u0131mas\u0131 ile birlikte kadim k\u00fclt\u00fcrlerden bug\u00fcne uzanan fiziki katmanlar\u0131na ev sahipli\u011fi yapm\u0131\u015f olan \u00c7anakkale b\u00f6lgesinin, ayn\u0131 zamanda belli tarihsel d\u00f6nemlerde birbirinden farkl\u0131la\u015fan ikonik kimlikleri ta\u015f\u0131m\u0131\u015f olmas\u0131ndan kaynaklanmaktad\u0131r. \u00c7anakkale b\u00f6lgesi, 21. yy. d\u00fcnyas\u0131n\u0131n makro ili\u015fkilerinden, yere \u00f6zg\u00fc mikro habitatlara kadar farkl\u0131la\u015fan t\u00fcrde ve \u00f6l\u00e7eklerde etkile\u015fimlerin bulundu\u011fu, de\u011fi\u015fken bir doku sunmaktad\u0131r.[\/vc_column_text][\/vc_column_inner][vc_column_inner width=&#8221;1\/2&#8243;][vc_column_text]Ara\u015ft\u0131rman\u0131n amac\u0131, bahsi ge\u00e7en ampirik temaslar arac\u0131l\u0131\u011f\u0131yla \u00c7anakkale b\u00f6lgesinin ar\u015fiv bilgisine \u00e7ok katmanl\u0131 bir yeniden ele alma yakla\u015f\u0131m\u0131 olu\u015fturmak ve g\u00fcncel durumuna y\u00f6nelik bir de\u011ferlendirme sunmak olmu\u015ftur. Bu ba\u011flamda b\u00f6lgesel varl\u0131k temelli haritalama yakla\u015f\u0131m\u0131 ile \u00c7anakkale de\u011fer bilgileri\/varl\u0131klar\u0131 yedi sorgulay\u0131c\u0131 ba\u015fl\u0131k alt\u0131nda toplanm\u0131\u015f, \u00c7anakkale b\u00f6lgesinin d\u00fcn\u00fc ve bug\u00fcn\u00fcn\u00fcn ele\u015ftirel analizini ortaya koymas\u0131 ve ortaya konan negatif ve pozitif durumlar arac\u0131l\u0131\u011f\u0131yla bir gelecek projeksiyonu kurulmas\u0131na imkan tan\u0131mas\u0131 hedeflenmi\u015ftir.[\/vc_column_text][\/vc_column_inner][\/vc_row_inner][vc_empty_space][\/vc_column][\/vc_row][vc_row][vc_column][vc_empty_space][vc_single_image image=&#8221;11596&#8243; img_size=&#8221;full&#8221;][vc_empty_space height=&#8221;64px&#8221;][\/vc_column][\/vc_row][vc_row][vc_column][vc_column_text]<\/p>\n<p style=\"text-align: center;\"><strong>\u00c7ANAKKALE<\/strong><\/p>\n<p>[\/vc_column_text][vc_empty_space][vc_gallery interval=&#8221;3&#8243; images=&#8221;11597,11598,11599&#8243; img_size=&#8221;full&#8221;][vc_empty_space][vc_gallery interval=&#8221;3&#8243; images=&#8221;11600,11601,11602,11603,11604&#8243; img_size=&#8221;full&#8221;][vc_empty_space][vc_gallery interval=&#8221;3&#8243; images=&#8221;11605,11606,11607&#8243; img_size=&#8221;full&#8221;][vc_empty_space][vc_gallery interval=&#8221;3&#8243; images=&#8221;11608&#8243; img_size=&#8221;full&#8221;][vc_empty_space][vc_gallery interval=&#8221;3&#8243; images=&#8221;11609,11610,11611&#8243; img_size=&#8221;full&#8221;][vc_empty_space][vc_gallery interval=&#8221;3&#8243; images=&#8221;11612,11613,11614&#8243; img_size=&#8221;full&#8221;][vc_empty_space][vc_gallery interval=&#8221;3&#8243; images=&#8221;11615,11616,11617&#8243; img_size=&#8221;full&#8221;][vc_empty_space height=&#8221;96px&#8221;][\/vc_column][\/vc_row][vc_row][vc_column][vc_empty_space][vc_video link=&#8221;https:\/\/youtu.be\/QsDADBp4gHs?si=JWwmqxmRc62oxLTx&#8221;][vc_empty_space][\/vc_column][\/vc_row][vc_row][vc_column][vc_empty_space][vc_separator color=&#8221;black&#8221;][vc_empty_space][\/vc_column][\/vc_row][vc_row][vc_column][vc_row_inner][vc_column_inner][vc_column_text]<\/p>\n<p style=\"text-align: center;\"><strong>SEM\u0130NERLER<\/strong><\/p>\n<p>[\/vc_column_text][vc_empty_space][\/vc_column_inner][\/vc_row_inner][vc_row_inner][vc_column_inner width=&#8221;1\/3&#8243;][vc_video link=&#8221;https:\/\/youtu.be\/8OhaaLBYYB8&#8243;][\/vc_column_inner][vc_column_inner width=&#8221;1\/3&#8243;][vc_video link=&#8221;https:\/\/youtu.be\/PVPsPPFgTQ0&#8243;][\/vc_column_inner][vc_column_inner width=&#8221;1\/3&#8243;][vc_video link=&#8221;https:\/\/youtu.be\/RKNtTqy0T2A&#8221;][\/vc_column_inner][\/vc_row_inner][vc_empty_space][vc_row_inner][vc_column_inner width=&#8221;1\/3&#8243;][vc_video link=&#8221;https:\/\/youtu.be\/SvvizgayqT4&#8243;][\/vc_column_inner][vc_column_inner width=&#8221;1\/3&#8243;][vc_video link=&#8221;https:\/\/youtu.be\/yv931BJYU58&#8243;][\/vc_column_inner][vc_column_inner width=&#8221;1\/3&#8243;][vc_video link=&#8221;https:\/\/youtu.be\/sQMqpZbVpCk&#8221;][\/vc_column_inner][\/vc_row_inner][vc_empty_space][\/vc_column][\/vc_row][vc_row][vc_column][vc_empty_space][vc_separator color=&#8221;black&#8221;][vc_empty_space][\/vc_column][\/vc_row][vc_row][vc_column width=&#8221;1\/4&#8243;][vc_video link=&#8221;https:\/\/youtube.com\/shorts\/nOIDjpGudAc?feature=share&#8221; el_aspect=&#8221;916&#8243;][\/vc_column][vc_column width=&#8221;1\/4&#8243;][vc_video link=&#8221;https:\/\/youtube.com\/shorts\/LL5OzSEh5l0?feature=share&#8221; el_aspect=&#8221;916&#8243;][\/vc_column][vc_column width=&#8221;1\/4&#8243;][vc_video link=&#8221;https:\/\/youtube.com\/shorts\/9erV5ujd7T4&#8243; el_aspect=&#8221;916&#8243;][\/vc_column][vc_column width=&#8221;1\/4&#8243;][vc_video link=&#8221;https:\/\/youtube.com\/shorts\/48MFH_xORXA?feature=share&#8221; el_aspect=&#8221;916&#8243;][\/vc_column][\/vc_row][vc_row][vc_column][vc_empty_space][\/vc_column][\/vc_row][vc_row][vc_column width=&#8221;1\/4&#8243;][\/vc_column][vc_column width=&#8221;1\/4&#8243;][vc_video link=&#8221;https:\/\/youtube.com\/shorts\/Z8vvtcmA1rY?feature=share&#8221; el_aspect=&#8221;916&#8243;][\/vc_column][vc_column width=&#8221;1\/4&#8243;][vc_video link=&#8221;https:\/\/youtube.com\/shorts\/tDd27Emr3QA?feature=share&#8221; el_aspect=&#8221;916&#8243;][\/vc_column][vc_column width=&#8221;1\/4&#8243;][\/vc_column][\/vc_row][vc_row][vc_column][vc_empty_space][vc_separator color=&#8221;black&#8221;][vc_empty_space][\/vc_column][\/vc_row][vc_row][vc_column][vc_single_image image=&#8221;11618&#8243; img_size=&#8221;full&#8221;][\/vc_column][\/vc_row][vc_row][vc_column][vc_empty_space][\/vc_column][\/vc_row]<\/p>\n<\/div>","protected":false},"excerpt":{"rendered":"<p>[vc_row][vc_column][vc_empty_space][vc_single_image image=&#8221;11635&#8243; img_size=&#8221;full&#8221;][vc_empty_space][\/vc_column][\/vc_row][vc_row][vc_column][vc_empty_space][vc_column_text] Marmara B\u00f6lgesini Haritalamak: \u00c7anakkale At\u00f6lye |14 A\u011fustos \u2013 4 Eyl\u00fcl [\/vc_column_text][vc_empty_space][vc_row_inner][vc_column_inner width=&#8221;1\/2&#8243;][vc_column_text]Kuruldu\u011fu 2017 y\u0131l\u0131ndan bu yana \u0130stanbul ve \u00f6tesinde kentsel \u00e7al\u0131\u015fmalar a\u00e7\u0131s\u0131ndan en yenilik\u00e7i ba\u011f\u0131ms\u0131z ara\u015ft\u0131rma enstit\u00fclerinden [&hellip;]<\/p>\n","protected":false},"author":7,"featured_media":2299,"parent":0,"menu_order":0,"comment_status":"closed","ping_status":"closed","template":"","meta":{"_acf_changed":false,"_seopress_robots_primary_cat":"","_seopress_titles_title":"Marmara B\u00f6lgesini Haritalamak: \u00c7anakkale | %%sitetitle%%","_seopress_titles_desc":"Marmara Belediyeler Birli\u011fi i\u015f birli\u011finde, 2023 y\u0131l\u0131nda Kalebodur Turkey deste\u011fiyle d\u00fczenledi\u011fimiz &quot;Marmara B\u00f6lgesi'ni Haritalamak: \u00c7anakkale\u201d at\u00f6lyesinin detaylar\u0131na ula\u015fabilirsiniz.","_seopress_robots_index":"","_price":"","_stock":"","_tribe_ticket_header":"","_tribe_default_ticket_provider":"","_ticket_start_date":"","_ticket_end_date":"","_tribe_ticket_show_description":"","_tribe_ticket_show_not_going":false,"_tribe_ticket_use_global_stock":"","_tribe_ticket_global_stock_level":"","_global_stock_mode":"","_global_stock_cap":"","_tribe_rsvp_for_event":"","_tribe_ticket_going_count":"","_tribe_ticket_not_going_count":"","_tribe_tickets_list":"[]","_tribe_ticket_has_attendee_info_fields":false,"_EventAllDay":false,"_EventTimezone":"","_EventStartDate":"","_EventEndDate":"","_EventStartDateUTC":"","_EventEndDateUTC":"","_EventShowMap":false,"_EventShowMapLink":false,"_EventURL":"","_EventCost":"","_EventCostDescription":"","_EventCurrencySymbol":"","_EventCurrencyCode":"","_EventCurrencyPosition":"","_EventDateTimeSeparator":"","_EventTimeRangeSeparator":"","_EventOrganizerID":[],"_EventVenueID":[],"_OrganizerEmail":"","_OrganizerPhone":"","_OrganizerWebsite":"","_VenueAddress":"","_VenueCity":"","_VenueCountry":"","_VenueProvince":"","_VenueState":"","_VenueZip":"","_VenuePhone":"","_VenueURL":"","_VenueStateProvince":"","_VenueLat":"","_VenueLng":"","_VenueShowMap":false,"_VenueShowMapLink":false,"footnotes":"","_tec_slr_enabled":"","_tec_slr_layout":""},"class_list":["post-11516","page","type-page","status-publish","has-post-thumbnail","hentry"],"acf":[],"ticketed":false,"_links":{"self":[{"href":"https:\/\/staging.aura-istanbul.com\/index.php\/wp-json\/wp\/v2\/pages\/11516","targetHints":{"allow":["GET"]}}],"collection":[{"href":"https:\/\/staging.aura-istanbul.com\/index.php\/wp-json\/wp\/v2\/pages"}],"about":[{"href":"https:\/\/staging.aura-istanbul.com\/index.php\/wp-json\/wp\/v2\/types\/page"}],"author":[{"embeddable":true,"href":"https:\/\/staging.aura-istanbul.com\/index.php\/wp-json\/wp\/v2\/users\/7"}],"replies":[{"embeddable":true,"href":"https:\/\/staging.aura-istanbul.com\/index.php\/wp-json\/wp\/v2\/comments?post=11516"}],"version-history":[{"count":5,"href":"https:\/\/staging.aura-istanbul.com\/index.php\/wp-json\/wp\/v2\/pages\/11516\/revisions"}],"predecessor-version":[{"id":11730,"href":"https:\/\/staging.aura-istanbul.com\/index.php\/wp-json\/wp\/v2\/pages\/11516\/revisions\/11730"}],"wp:featuredmedia":[{"embeddable":true,"href":"https:\/\/staging.aura-istanbul.com\/index.php\/wp-json\/wp\/v2\/media\/2299"}],"wp:attachment":[{"href":"https:\/\/staging.aura-istanbul.com\/index.php\/wp-json\/wp\/v2\/media?parent=11516"}],"curies":[{"name":"wp","href":"https:\/\/api.w.org\/{rel}","templated":true}]}}