{"id":10904,"date":"2023-02-21T13:38:59","date_gmt":"2023-02-21T10:38:59","guid":{"rendered":"https:\/\/staging.aura-istanbul.com\/?page_id=10904"},"modified":"2025-09-23T20:49:59","modified_gmt":"2025-09-23T17:49:59","slug":"aura-alumni-burak-kavraroglu","status":"publish","type":"page","link":"https:\/\/staging.aura-istanbul.com\/index.php\/aura-alumni-burak-kavraroglu\/","title":{"rendered":"AURA Alumni: Burak Kavraro\u011flu"},"content":{"rendered":"<div class=\"wpb-content-wrapper\"><p>[vc_section][vc_row][vc_column width=&#8221;1\/6&#8243;][vc_single_image image=&#8221;10843&#8243; img_size=&#8221;large&#8221; alignment=&#8221;center&#8221;][vc_empty_space][vc_column_text]<strong>Burak Kavraro\u011flu<\/strong>[\/vc_column_text][vc_empty_space height=&#8221;16px&#8221;][vc_column_text]Mimar<br \/>\n\u0130stanbul Bilgi \u00dcniversitesi<\/p>\n<p>G\u00fcz 2022<br \/>\nDan\u0131\u015fman: Ersen G\u00fcrsel &#8211; Ay\u015feg\u00fcl Kuru\u00e7[\/vc_column_text][vc_empty_space][\/vc_column][vc_column width=&#8221;2\/3&#8243;][vc_column_text]<strong>Kentsel Haf\u0131za \u00dczerinden Harem \u2013 Haydarpa\u015fa B\u00f6lgesi<\/strong>[\/vc_column_text][vc_column_text]Proje konusu olarak \u0130stanbul i\u00e7in kritik bir nokta olan Harem &#8211; Haydarpa\u015fa hatt\u0131 ele al\u0131nm\u0131\u015f ve kamusal kullan\u0131ma kazand\u0131r\u0131lmas\u0131 i\u00e7in olu\u015fan f\u0131rsat\u0131 a\u00e7\u0131\u011fa \u00e7\u0131karmak hedeflenmi\u015ftir. Bu ba\u011flamda yap\u0131lan \u00e7al\u0131\u015fmalar ve ara\u015ft\u0131malar sonucunda alan\u0131n fiziksel durumu, mahalle ve yerle\u015fimler ile olan ili\u015fkisi, alana eri\u015fim ve ula\u015f\u0131m, siluete etkisi \u00fczerine kapsaml\u0131 \u00e7al\u0131\u015fmalar yap\u0131lm\u0131\u015ft\u0131r. B\u00f6lgenin potansiyeli ortaya \u00e7\u0131kart\u0131lm\u0131\u015ft\u0131r.<\/p>\n<p>Alan\u0131n en \u00f6nemli \u00f6zelli\u011fi hem alandan bak\u0131ld\u0131\u011f\u0131nda g\u00f6r\u00fclen Tarihi Yar\u0131mada silueti hem de alanda bulunan yap\u0131lar\u0131n \u0130stanbul sil\u00fcetine etkisidir. Yakla\u015f\u0131k 200 senelik d\u00f6nem i\u00e7erisinde b\u00f6lgenin kullan\u0131m amac\u0131ndan dolay\u0131 (liman i\u015flevi, k\u0131y\u0131 ara\u00e7 kullan\u0131m\u0131) k\u0131y\u0131 hatt\u0131nda yap\u0131lm\u0131\u015f olan dolgu i\u015flemleri sebebiyle kentsel haf\u0131zada d\u00fcn ile bug\u00fcn aras\u0131nda b\u00fcy\u00fck fark oldu\u011fu saptanm\u0131\u015ft\u0131r. Bunun sonucunda alanda daha fazla de\u011fi\u015fiklik yap\u0131lmamas\u0131 gerekti\u011fi, olabildi\u011fince az m\u00fcdahale ile kamusal kullan\u0131ma kazand\u0131r\u0131lmas\u0131 hedeflenmi\u015ftir. Bu sayede b\u00f6lgenin hem \u00dcsk\u00fcdar &#8211; Kad\u0131k\u00f6y sahil hatt\u0131n\u0131n birle\u015fmesine katk\u0131 sa\u011flayaca\u011f\u0131 hem de benzerine s\u0131k\u00e7a rastlanmayan bu b\u00f6lgenin \u00e7evresi ile kurdu\u011fu ili\u015fkinin g\u00fc\u00e7lendirilmesi \u00f6ng\u00f6r\u00fclm\u00fc\u015ft\u00fcr.[\/vc_column_text][vc_empty_space][vc_gallery interval=&#8221;10&#8243; images=&#8221;10905,10906,10907,10908,10909&#8243; img_size=&#8221;full&#8221;][vc_empty_space][\/vc_column][vc_column width=&#8221;1\/6&#8243;][vc_single_image image=&#8221;10860&#8243; img_size=&#8221;full&#8221; alignment=&#8221;center&#8221; style=&#8221;vc_box_border&#8221; onclick=&#8221;custom_link&#8221; img_link_target=&#8221;_blank&#8221;][vc_empty_space height=&#8221;16px&#8221;][vc_row_inner][vc_column_inner][vc_column_text][\/vc_column_text][\/vc_column_inner][\/vc_row_inner][vc_row_inner][vc_column_inner width=&#8221;2\/3&#8243;][\/vc_column_inner][vc_column_inner width=&#8221;1\/3&#8243;][\/vc_column_inner][\/vc_row_inner][\/vc_column][\/vc_row][\/vc_section]<\/p>\n<\/div>","protected":false},"excerpt":{"rendered":"<p>[vc_section][vc_row][vc_column width=&#8221;1\/6&#8243;][vc_single_image image=&#8221;10843&#8243; img_size=&#8221;large&#8221; alignment=&#8221;center&#8221;][vc_empty_space][vc_column_text]Burak Kavraro\u011flu[\/vc_column_text][vc_empty_space height=&#8221;16px&#8221;][vc_column_text]Mimar \u0130stanbul Bilgi \u00dcniversitesi G\u00fcz 2022 Dan\u0131\u015fman: Ersen G\u00fcrsel &#8211; Ay\u015feg\u00fcl Kuru\u00e7[\/vc_column_text][vc_empty_space][\/vc_column][vc_column width=&#8221;2\/3&#8243;][vc_column_text]Kentsel Haf\u0131za \u00dczerinden Harem \u2013 Haydarpa\u015fa B\u00f6lgesi[\/vc_column_text][vc_column_text]Proje konusu olarak \u0130stanbul i\u00e7in kritik [&hellip;]<\/p>\n","protected":false},"author":7,"featured_media":0,"parent":0,"menu_order":0,"comment_status":"closed","ping_status":"closed","template":"","meta":{"_acf_changed":false,"_seopress_robots_primary_cat":"","_seopress_titles_title":"Burak Kavraro\u011flu: Kentsel Haf\u0131za \u00dczerinden Harem \u2013 Haydarpa\u015fa B\u00f6lgesi | %%sitetitle%%","_seopress_titles_desc":"Proje konusu olarak \u0130stanbul i\u00e7in kritik bir nokta olan Harem - Haydarpa\u015fa hatt\u0131 ele al\u0131nm\u0131\u015f ve kamusal kullan\u0131ma kazand\u0131r\u0131lmas\u0131 i\u00e7in olu\u015fan f\u0131rsat\u0131 a\u00e7\u0131\u011fa \u00e7\u0131karmak hedeflenmi\u015ftir.","_seopress_robots_index":"","_price":"","_stock":"","_tribe_ticket_header":"","_tribe_default_ticket_provider":"","_ticket_start_date":"","_ticket_end_date":"","_tribe_ticket_show_description":"","_tribe_ticket_show_not_going":false,"_tribe_ticket_use_global_stock":"","_tribe_ticket_global_stock_level":"","_global_stock_mode":"","_global_stock_cap":"","_tribe_rsvp_for_event":"","_tribe_ticket_going_count":"","_tribe_ticket_not_going_count":"","_tribe_tickets_list":"[]","_tribe_ticket_has_attendee_info_fields":false,"_EventAllDay":false,"_EventTimezone":"","_EventStartDate":"","_EventEndDate":"","_EventStartDateUTC":"","_EventEndDateUTC":"","_EventShowMap":false,"_EventShowMapLink":false,"_EventURL":"","_EventCost":"","_EventCostDescription":"","_EventCurrencySymbol":"","_EventCurrencyCode":"","_EventCurrencyPosition":"","_EventDateTimeSeparator":"","_EventTimeRangeSeparator":"","_EventOrganizerID":[],"_EventVenueID":[],"_OrganizerEmail":"","_OrganizerPhone":"","_OrganizerWebsite":"","_VenueAddress":"","_VenueCity":"","_VenueCountry":"","_VenueProvince":"","_VenueState":"","_VenueZip":"","_VenuePhone":"","_VenueURL":"","_VenueStateProvince":"","_VenueLat":"","_VenueLng":"","_VenueShowMap":false,"_VenueShowMapLink":false,"footnotes":"","_tec_slr_enabled":"","_tec_slr_layout":""},"class_list":["post-10904","page","type-page","status-publish","hentry"],"acf":[],"ticketed":false,"_links":{"self":[{"href":"https:\/\/staging.aura-istanbul.com\/index.php\/wp-json\/wp\/v2\/pages\/10904","targetHints":{"allow":["GET"]}}],"collection":[{"href":"https:\/\/staging.aura-istanbul.com\/index.php\/wp-json\/wp\/v2\/pages"}],"about":[{"href":"https:\/\/staging.aura-istanbul.com\/index.php\/wp-json\/wp\/v2\/types\/page"}],"author":[{"embeddable":true,"href":"https:\/\/staging.aura-istanbul.com\/index.php\/wp-json\/wp\/v2\/users\/7"}],"replies":[{"embeddable":true,"href":"https:\/\/staging.aura-istanbul.com\/index.php\/wp-json\/wp\/v2\/comments?post=10904"}],"version-history":[{"count":2,"href":"https:\/\/staging.aura-istanbul.com\/index.php\/wp-json\/wp\/v2\/pages\/10904\/revisions"}],"predecessor-version":[{"id":15190,"href":"https:\/\/staging.aura-istanbul.com\/index.php\/wp-json\/wp\/v2\/pages\/10904\/revisions\/15190"}],"wp:attachment":[{"href":"https:\/\/staging.aura-istanbul.com\/index.php\/wp-json\/wp\/v2\/media?parent=10904"}],"curies":[{"name":"wp","href":"https:\/\/api.w.org\/{rel}","templated":true}]}}