{"id":10501,"date":"2022-08-24T11:12:24","date_gmt":"2022-08-24T08:12:24","guid":{"rendered":"https:\/\/staging.aura-istanbul.com\/?page_id=10501"},"modified":"2022-08-24T11:37:05","modified_gmt":"2022-08-24T08:37:05","slug":"ersen-gursel","status":"publish","type":"page","link":"https:\/\/staging.aura-istanbul.com\/index.php\/ersen-gursel\/","title":{"rendered":"Ersen G\u00fcrsel"},"content":{"rendered":"<div class=\"wpb-content-wrapper\"><p>[vc_section][vc_row][vc_column width=&#8221;1\/3&#8243;][vc_single_image image=&#8221;10568&#8243; img_size=&#8221;full&#8221;][\/vc_column][vc_column width=&#8221;2\/3&#8243;][vc_column_text css_animation=&#8221;slideInRight&#8221;]<\/p>\n<h5><strong>Ersen G\u00fcrsel \/ <em>Mimar &#8211; G\u00fcz&#8217;22 St\u00fcdyo Y\u00fcr\u00fct\u00fcc\u00fcs\u00fc<\/em><\/strong><\/h5>\n<p>Lise e\u011fitimi \u0130stanbul Vefa Lisesinde, Mimarl\u0131k E\u011fitimini 1957-62 G\u00fczel Sanatlar Akademisi Mimarl\u0131k B\u00f6l\u00fcm\u00fcnde yapt\u0131. 1963 y\u0131l\u0131nda B\u00f6l\u00fcm\u00fcn \u015eehircilik K\u00fcrs\u00fcs\u00fcne asistan olarak atand\u0131.<\/p>\n<p>Mesleki \u00e7al\u0131\u015fmalar\u0131n\u0131n ilk y\u0131llar\u0131nda, \u00c7al, Devrekani, Yalova il\u00e7eleri \u0130mar Planlar\u0131n\u0131 yapt\u0131. 1969 y\u0131l\u0131nda Side ve \u00c7evresi Uluslararas\u0131 Turistik D\u00fczenleme Projesi yar\u0131\u015fmas\u0131na Mimar Nihat G\u00fcner, Mehmet \u00c7ubuk ile 1.\u2019lik \u00f6d\u00fcl\u00fcn\u00fc ald\u0131lar.<\/p>\n<p>1970 y\u0131l\u0131nda N. G\u00fcner, M. \u00c7ubuk EPA (Et\u00fcd Planlama Ara\u015ft\u0131rma) At\u00f6lyesini kurdular.<\/p>\n<p>1973-78\u2019de Aktur A.\u015e\u2019nin Dat\u00e7a- Bodrum Turizm ama\u00e7l\u0131 Tatil Siteleri Projeleri, \u00f6n projelerin haz\u0131rlanmas\u0131 s\u00fcrecine kat\u0131lan Mim. \u00d6cal Ert\u00fcz\u00fcn EPA Grubunun \u00fcyesi oldu.<\/p>\n<p>1978\u2019de N. G\u00fcner, M. \u00c7ubuk, akademik kariyerlerini \u00f6\u011fretim \u00fcyesi olarak s\u00fcrd\u00fcrmek amac\u0131yla EPA At\u00f6lyesinden ayr\u0131ld\u0131lar. Ersen G\u00fcrsel 1987 y\u0131l\u0131na dek \u00e7al\u0131\u015fmalar\u0131n\u0131 tek ba\u015f\u0131na s\u00fcrd\u00fcrd\u00fc.<\/p>\n<p>1987\u2019de EPA At\u00f6lyesine kat\u0131lan Haluk Erar, 24 y\u0131l boyunca EPA Grubunun \u00fcyesi olarak projelerin \u00fcretim s\u00fcrecine dahil oldu. Haluk Erar gen\u00e7 ya\u015fta 2011\u2019de vefat etti.<\/p>\n<p>2011\u2019den g\u00fcn\u00fcm\u00fcze kadar EPA At\u00f6lyesinin Proje \u00e7al\u0131\u015fmalar\u0131 Mim. Oya Erar ile birlikte y\u00fcr\u00fctmektedir.<\/p>\n<p>Mesleki ve Akademik ya\u015fam\u0131 boyunca Kentsel Planlama, Tarihi \u00c7evre ve Sit Alanlar\u0131 Koruma y\u00f6ntemleri konular\u0131nda ki \u00e7al\u0131\u015fmalar\u0131;<\/p>\n<ul>\n<li>1963- 67 \u00c7al, Devrekani, Yalova \u0130mar Planlar\u0131<\/li>\n<li>1978-1980 y\u0131llar\u0131 aras\u0131nda Turizm Bankas\u0131n\u0131n \u0130stanbul\u2019daki proje y\u00fcr\u00fct\u00fcc\u00fcl\u00fc\u011f\u00fcn\u00fc \u00fcstlenerek Sultanahmet ve \u00c7evresi D\u00fczenlemesi Projesi&#8217;ni ger\u00e7ekle\u015ftirdi.<\/li>\n<li>1977 y\u0131l\u0131nda Hali\u00e7 Master Plan\u0131, (\u015eehir Planc\u0131lar\u0131 M. \u00c7ubuk, H. Karabey) ile,<\/li>\n<li>1980 \u0130stanbul Florya K\u0131y\u0131 D\u00fczeni ve Turistik Tesisler Projesi<\/li>\n<li>1981 \u0130stanbul Kariye Camii ve \u00c7evresi D\u00fczenleme Projesi<\/li>\n<li>1986 y\u0131l\u0131nda Bodrum Bitez ve Ortakent Yal\u0131 \u0130mar Planlar\u0131n\u0131, (Olu\u015fturdu\u011fu geni\u015f bir kadro ile ger\u00e7ekle\u015ftirdi.)<br \/>\n&#8211; Mimarlar; Haydar Karabey, Bet\u00fcl Say\u0131n, Oya Erar, G\u00f6n\u00fcl \u015eahin<br \/>\n&#8211; Ula\u015f\u0131m Planc\u0131s\u0131; Orhan Demir<br \/>\n&#8211; \u0130mar Hukuku Dan\u0131\u015fman\u0131; Y\u00fccel \u00dcnal<\/li>\n<li>1988 \u0130stanbul Ye\u015filyurt &#8211; Ye\u015filk\u00f6y Sahil D\u00fczenlemesi,<\/li>\n<li>2002 \u0130zmir Konak Meydan\u0131 ve \u00c7evresi Projesi (Mim. \u015eehir Planc\u0131s\u0131 Haluk Erar) ile,<\/li>\n<li>2005 Fethiye &#8211; G\u00f6cek Merkez Meydan d\u00fczenleme Projesi<\/li>\n<li>2005 Yalova Fatih Caddesi ve Sahil Alan\u0131 D\u00fczenlemesi (Mimar Korhan Kalayc\u0131o\u011flu) ile,<\/li>\n<li>2010 Bodrum G\u00fcmbet Meydan ve \u00c7evresi d\u00fczenlemesi<\/li>\n<li>2010 \u2013 2014 Bodrum \u00c7evre D\u00fczenlemesi<\/li>\n<li>2015 y\u0131l\u0131nda Kastamonu Nasrullah Camii ve \u00c7evresi Projesi say\u0131labilir. (Mimar \u015eehir Planc\u0131s\u0131 Oya Erar ile)<\/li>\n<li>2015 Ayval\u0131k K\u0131rlang\u0131\u00e7 Sit Alan\u0131, Sosyal, K\u00fclt\u00fcrel rekreasyon amac\u0131 projesi (Mimar Oya Erar ile)<\/li>\n<\/ul>\n<p>Uzun y\u0131llar e\u011fitim kurumlar\u0131 ve mesleki \u00f6rg\u00fctlerdeki hizmetleri ile de mimarl\u0131\u011fa katk\u0131 sa\u011flad\u0131. 1979da \u00c7evre Dergisi&#8217;nin ilk yay\u0131n kurulunda g\u00f6rev ald\u0131. 2010-2014&#8217;te Ulusal Ah\u015fap Birli\u011fi&#8217;nde Kurucu ve y\u00f6netim kurulu \u00fcyeli\u011fi yapt\u0131. Kurucu \u00fcyesi oldu\u011fu \u0130stanbul Serbest Mimarlar Derne\u011fi&#8217;nin 2013-2015 d\u00f6nemi Ba\u015fkan\u0131 oldu. Aral\u0131klarla \u0130T\u00dc ve MSGS\u00dc Mimarl\u0131k Fak\u00fcltelerinde misafir \u00f6\u011fretim \u00fcyeli\u011fi ve \u00e7e\u015fitli ulusal proje yar\u0131\u015fmalar\u0131nda j\u00fcri \u00fcyelikleri yapmaya devam ediyor.<\/p>\n<p>Bir\u00e7ok yerel y\u00f6netime dan\u0131\u015fmanl\u0131k hizmetleri verdi. Proje \u00fcretti\u011fi farkl\u0131 kentsel co\u011frafyalardaki kamusal alanlar\u0131n hayata kat\u0131lmas\u0131nda ticaret d\u0131\u015f\u0131 mesleki hizmetler vererek \u00e7evreye katk\u0131 sa\u011flad\u0131. Bu ba\u011flamda teori ile meslek prati\u011fini birle\u015ftiren \u00f6rnek projeler \u00fcretti.<\/p>\n<p>Bodrum merkezinde, Marinadan Kumbah\u00e7e\u2019ye K\u0131y\u0131 kesiminde Kamusal alanlar\u0131n b\u00fct\u00fcnle\u015ftirilmesi ya\u015fam mek\u00e2nlar\u0131na d\u00f6n\u00fc\u015ft\u00fcr\u00fclmesini ama\u00e7layan proje 2010- 2014 y\u0131llar\u0131 i\u00e7inde ger\u00e7ekle\u015ftirildi. Ayval\u0131k K\u0131rlang\u0131\u00e7 \u00c7ok Ama\u00e7l\u0131 Ya\u015fam Merkezi Projesi sosyal i\u00e7erikli Kentsel Tasar\u0131m proje \u00f6rnekleridir.<\/p>\n<p>Do\u011fal yap\u0131l\u0131 \u00e7evre ili\u015fkilerinin tart\u0131\u015f\u0131ld\u0131\u011f\u0131, YER\u2019E Ait kavram\u0131yla \u00f6rt\u00fc\u015fen, Bodrum Yar\u0131madas\u0131n\u0131n farkl\u0131 b\u00f6lgelerinde ve Antalya-Side aras\u0131nda 1986- 2011 y\u0131llar\u0131 aras\u0131nda turistik tesis projeleri yapm\u0131\u015ft\u0131r;<\/p>\n<ul>\n<li>1986 Bodrum Manast\u0131r mevkiinde Manast\u0131r Oteli,<\/li>\n<li>1989 Bodrum Bitez yal\u0131s\u0131nda Okalipt\u00fcs Oteli,<\/li>\n<li>1993 Marmaris\u2019de Maris Oteli<\/li>\n<li>1995 Bodrum\u2019da The Marmara Bodrum Oteli,<\/li>\n<li>1995 Bodrum T\u00fcrkb\u00fck\u00fc\u2019nde Divan Palmira Oteli,<\/li>\n<li>1996 Bodrum Torba Koyunda Otel Queenada,<\/li>\n<li>2001-2007 y\u0131llar\u0131 aras\u0131nda Antalya Sorgun\u2019da Turquise Otel etap I-II-III<\/li>\n<li>2001 Antalya Lara mevkiinde Barut Hotels Lara<\/li>\n<li>2010 Antalya Side\u2019de And\u0131z Otel<\/li>\n<li>2011 Antalya Sorgun\u2019da Sensatori ve Sunwing otelleri projeleri.<\/li>\n<\/ul>\n<p>Gerek yurti\u00e7i ve gerekse yurtd\u0131\u015f\u0131nda sosyal hizmetler, spor kompleksleri, sa\u011fl\u0131k turizmi ve al\u0131\u015fveri\u015f merkezleri 2007 konular\u0131nda da \u00e7al\u0131\u015fm\u0131\u015f, bu projelerin uygulamalar\u0131 yap\u0131lm\u0131\u015ft\u0131r.<\/p>\n<ul>\n<li>1990 Rusya Federasyonu Yal\u00e7\u0131n Kay\u0131tmaz ile birlikte<\/li>\n<li>Pitsunda Sa\u011fl\u0131k Turizm Tesisi<\/li>\n<li>Maternity Hospital, Yasenova Sa\u011fl\u0131k Turizm Tesisi<\/li>\n<li>Makhachkala Sa\u011fl\u0131k Turizm Tesisi<\/li>\n<li>1992 Pamukspor Spor Kompleksi<\/li>\n<li>1994 Dar\u00fc\u015f\u015fafaka Cemiyeti \u00c7etin Berkmen Spor Tesisleri<\/li>\n<li>1994 Ta\u00e7 Spor Kompleksi<\/li>\n<li>1998 S\u0131nai Kalk\u0131nma Bankas\u0131 Sosyal Tesisleri<\/li>\n<li>2002 Dar\u00fc\u015f\u015fafaka Cemiyeti \u015eenesenevler Ya\u015fl\u0131lar Evi<\/li>\n<li>2002 Dar\u00fc\u015f\u015fafaka Cemiyeti Maltepe Ya\u015fl\u0131lar Evi- Fizik Tedavi ve Rehabilitasyon Merkezi<\/li>\n<li>2003 Dar\u00fc\u015f\u015fafaka Cemiyeti Urla Ya\u015fl\u0131lar Evi- \u00d6zel bak\u0131m \u00dcnitesi<\/li>\n<li>2007 Rusya Federasyonu Volgagrad Al\u0131\u015fveri\u015f Merkezi<\/li>\n<li>2016-2022 Makine \u0130htisas OSB B\u00f6lge M\u00fcd\u00fcrl\u00fc\u011f\u00fc Binas\u0131<\/li>\n<\/ul>\n<p>Mimar\u0131n toplumsal rol\u00fc ve meslek eti\u011fine dair her daim bir tavr\u0131 oldu. Toplumu ilgilendiren mesleki konularda, \u00f6zellikle kentlerde yap\u0131lan uygulamalar\u0131n kamusal haklar a\u00e7\u0131s\u0131ndan de\u011ferlendirilmesi konular\u0131nda sorumluluk ald\u0131; her zaman savundu\u011fu de\u011ferlerden yana g\u00f6r\u00fc\u015flerini kamuoyuyla payla\u015farak tart\u0131\u015fma a\u00e7t\u0131.<\/p>\n<p>Mesleki \u00e7al\u0131\u015fmalar\u0131yla T\u00fcrk Serbest Mimarlar Derne\u011fi 1998-2000 4.D\u00f6nem Mimarl\u0131k \u00d6d\u00fcl\u00fc&#8217;n\u00fc ald\u0131. 2005 y\u0131l\u0131nda Haluk Erar ile ger\u00e7ekle\u015ftirdikleri \u0130zmir Konak Meydan\u0131 ve \u00c7evresi D\u00fczenleme Projesi, Ayd\u0131n Do\u011fan Vakf\u0131 Kent Mimarisi \u00d6d\u00fcl\u00fc&#8217;n\u00fc ve Kamu Kategorisi&#8217;nde Arkitera \u0130\u015fveren \u00d6d\u00fcl\u00fc&#8217;n\u00fc ald\u0131.<\/p>\n<p>2014 y\u0131l\u0131nda Mimarlar Odas\u0131 Ersen G\u00fcrsel\u2019i, mesleki ya\u015fam\u0131 boyunca mimarl\u0131\u011f\u0131 bir k\u00fclt\u00fcrel \u00fcretim alan\u0131 olarak alg\u0131lamas\u0131, do\u011fa ve yap\u0131l\u0131 \u00e7evreye sayg\u0131l\u0131 duru\u015fu, e\u011fitim alan\u0131na verdi\u011fi katk\u0131lar, tekil yap\u0131dan kent \u00f6l\u00e7e\u011fine uzanan geni\u015f bir yelpazede \u00e7e\u015fitlenen, teori ile prati\u011fi birle\u015ftiren kararl\u0131 ve ilkesel tutarl\u0131 tavr\u0131 nedeniyle, \u201cMimar Sinan B\u00fcy\u00fck \u00d6d\u00fcl\u00fc\u201d ne lay\u0131k g\u00f6r\u00fcld\u00fc. \u00d6d\u00fcl Program\u0131 kapsam\u0131nda ayn\u0131 y\u0131l Mimarlar Odas\u0131\u2019n\u0131n katk\u0131lar\u0131yla \u201cYER\u2019e Ait\u201d temal\u0131 sergi a\u00e7t\u0131.<\/p>\n<p>2019\u2019da Cit\u00e9 de l&#8217;architecture, Global Award for Sustainable Architecture \u00d6d\u00fcl\u00fc Paris\u2019te d\u00fczenlenen \u00f6d\u00fcl t\u00f6reninde verildi.[\/vc_column_text][\/vc_column][\/vc_row][\/vc_section]<\/p>\n<\/div>","protected":false},"excerpt":{"rendered":"<p>[vc_section][vc_row][vc_column width=&#8221;1\/3&#8243;][vc_single_image image=&#8221;10568&#8243; img_size=&#8221;full&#8221;][\/vc_column][vc_column width=&#8221;2\/3&#8243;][vc_column_text css_animation=&#8221;slideInRight&#8221;] Ersen G\u00fcrsel \/ Mimar &#8211; G\u00fcz&#8217;22 St\u00fcdyo Y\u00fcr\u00fct\u00fcc\u00fcs\u00fc Lise e\u011fitimi \u0130stanbul Vefa Lisesinde, Mimarl\u0131k E\u011fitimini 1957-62 G\u00fczel Sanatlar Akademisi Mimarl\u0131k B\u00f6l\u00fcm\u00fcnde yapt\u0131. 1963 y\u0131l\u0131nda [&hellip;]<\/p>\n","protected":false},"author":7,"featured_media":10564,"parent":0,"menu_order":0,"comment_status":"closed","ping_status":"closed","template":"","meta":{"_acf_changed":false,"_seopress_robots_primary_cat":"","_seopress_titles_title":"Ersen G\u00fcrsel | %%sitetitle%%","_seopress_titles_desc":"","_seopress_robots_index":"","_price":"","_stock":"","_tribe_ticket_header":"","_tribe_default_ticket_provider":"","_ticket_start_date":"","_ticket_end_date":"","_tribe_ticket_show_description":"","_tribe_ticket_show_not_going":false,"_tribe_ticket_use_global_stock":"","_tribe_ticket_global_stock_level":"","_global_stock_mode":"","_global_stock_cap":"","_tribe_rsvp_for_event":"","_tribe_ticket_going_count":"","_tribe_ticket_not_going_count":"","_tribe_tickets_list":"[]","_tribe_ticket_has_attendee_info_fields":false,"_EventAllDay":false,"_EventTimezone":"","_EventStartDate":"","_EventEndDate":"","_EventStartDateUTC":"","_EventEndDateUTC":"","_EventShowMap":false,"_EventShowMapLink":false,"_EventURL":"","_EventCost":"","_EventCostDescription":"","_EventCurrencySymbol":"","_EventCurrencyCode":"","_EventCurrencyPosition":"","_EventDateTimeSeparator":"","_EventTimeRangeSeparator":"","_EventOrganizerID":[],"_EventVenueID":[],"_OrganizerEmail":"","_OrganizerPhone":"","_OrganizerWebsite":"","_VenueAddress":"","_VenueCity":"","_VenueCountry":"","_VenueProvince":"","_VenueState":"","_VenueZip":"","_VenuePhone":"","_VenueURL":"","_VenueStateProvince":"","_VenueLat":"","_VenueLng":"","_VenueShowMap":false,"_VenueShowMapLink":false,"footnotes":"","_tec_slr_enabled":"","_tec_slr_layout":""},"class_list":["post-10501","page","type-page","status-publish","has-post-thumbnail","hentry"],"acf":[],"ticketed":false,"_links":{"self":[{"href":"https:\/\/staging.aura-istanbul.com\/index.php\/wp-json\/wp\/v2\/pages\/10501","targetHints":{"allow":["GET"]}}],"collection":[{"href":"https:\/\/staging.aura-istanbul.com\/index.php\/wp-json\/wp\/v2\/pages"}],"about":[{"href":"https:\/\/staging.aura-istanbul.com\/index.php\/wp-json\/wp\/v2\/types\/page"}],"author":[{"embeddable":true,"href":"https:\/\/staging.aura-istanbul.com\/index.php\/wp-json\/wp\/v2\/users\/7"}],"replies":[{"embeddable":true,"href":"https:\/\/staging.aura-istanbul.com\/index.php\/wp-json\/wp\/v2\/comments?post=10501"}],"version-history":[{"count":2,"href":"https:\/\/staging.aura-istanbul.com\/index.php\/wp-json\/wp\/v2\/pages\/10501\/revisions"}],"predecessor-version":[{"id":10569,"href":"https:\/\/staging.aura-istanbul.com\/index.php\/wp-json\/wp\/v2\/pages\/10501\/revisions\/10569"}],"wp:featuredmedia":[{"embeddable":true,"href":"https:\/\/staging.aura-istanbul.com\/index.php\/wp-json\/wp\/v2\/media\/10564"}],"wp:attachment":[{"href":"https:\/\/staging.aura-istanbul.com\/index.php\/wp-json\/wp\/v2\/media?parent=10501"}],"curies":[{"name":"wp","href":"https:\/\/api.w.org\/{rel}","templated":true}]}}