{"id":10497,"date":"2022-08-23T16:48:25","date_gmt":"2022-08-23T13:48:25","guid":{"rendered":"https:\/\/staging.aura-istanbul.com\/?page_id=10497"},"modified":"2022-08-24T11:35:47","modified_gmt":"2022-08-24T08:35:47","slug":"aysegul-kuruc","status":"publish","type":"page","link":"https:\/\/staging.aura-istanbul.com\/index.php\/aysegul-kuruc\/","title":{"rendered":"Ay\u015feg\u00fcl Kuru\u00e7"},"content":{"rendered":"<div class=\"wpb-content-wrapper\"><p>[vc_section][vc_row][vc_column width=&#8221;1\/3&#8243;][vc_single_image image=&#8221;10567&#8243; img_size=&#8221;full&#8221;][\/vc_column][vc_column width=&#8221;2\/3&#8243;][vc_column_text css_animation=&#8221;slideInRight&#8221;]<\/p>\n<h5><strong>Ay\u015feg\u00fcl Kuru\u00e7 \/ <em>Mimar &#8211; G\u00fcz&#8217;22 St\u00fcdyo Y\u00fcr\u00fct\u00fcc\u00fcs\u00fc<\/em><\/strong><\/h5>\n<p>1989-1994 y\u0131llar\u0131 aras\u0131nda Y\u0131ld\u0131z Teknik \u00dcniversitesi\u2019nde Mimarl\u0131k okudu. 1999\u2019da Mimar Sinan G\u00fczel Sanatlar \u00dcniversitesi \u00a0Mimari Tasar\u0131m Sorunlar\u0131 Lisans\u00fcst\u00fc Program\u0131\u2019nda Y\u00fcksek Lisans tezini ve\u00a0 2005\u2019te ayn\u0131 programda Doktora tezini tamamlad\u0131. 2000 y\u0131l\u0131nda Mimar Sinan G\u00fczel Sanatlar \u00dcniversitesi Mimarl\u0131k Fak\u00fcltesi Mimarl\u0131k B\u00f6l\u00fcm\u00fc\u2019nde ara\u015ft\u0131rma g\u00f6revlisi olarak \u00e7al\u0131\u015fmaya ba\u015flad\u0131. 2002-2004 y\u0131llar\u0131 aras\u0131 Mimarlar Odas\u0131 Mimarl\u0131k E\u011fitim Kurultay\u0131 ve Mimarl\u0131k Vakf\u0131 \u00e7al\u0131\u015fmalar\u0131nda yer ald\u0131.<\/p>\n<p>Ulusal ve uluslararas\u0131 mimari ve tasar\u0131m yar\u0131\u015fma projelerine kat\u0131ld\u0131. 2007\u2019de Ali Musluba\u015f, Murat Polat ve Asl\u0131 Do\u011fan ile birlikte kat\u0131ld\u0131\u011f\u0131 Bal\u0131kesir \u00c7aml\u0131k Kentsel ve Mimari Tasar\u0131m Ulusal Proje Yar\u0131\u015fmas\u0131\u2019nda ikincilik \u00f6d\u00fcl\u00fc vard\u0131r.<\/p>\n<p>2012\u2019de ba\u015flatt\u0131\u011f\u0131 \u00a0E\u015fitlik\u00e7i Kamu Alan\u0131 Yaratmada Oyun-Mekan-Alan \u0130li\u015fkilerinin Kullan\u0131lmas\u0131(Y.Mimar Gizem Pilavc\u0131) ba\u015fl\u0131kl\u0131 ara\u015ft\u0131rma projesi ile \u0130stanbul Konut Yap\u0131lar\u0131nda Tasar\u0131m Kalitesi Ba\u011flam\u0131nda Cephe Renk Y\u00f6nelimleri ara\u015ft\u0131rma projesini y\u00fcr\u00fctt\u00fc.<\/p>\n<p>2013\u2019te BETONART Dergisi\u2019nde Renk temal\u0131 say\u0131da Konuk Edit\u00f6rl\u00fck, devam\u0131ndaki y\u0131llarda Kentsel Tasar\u0131m Projelerinde Cephe Renk Dan\u0131\u015fmanl\u0131\u011f\u0131, Kentsel Rehabilitasyon ba\u015fl\u0131\u011f\u0131 alt\u0131nda yap\u0131lan cephe d\u00fczenleri ve y\u00f6nelimleri dan\u0131\u015fmanl\u0131klar\u0131 ile uygulama projeleri bilirki\u015fili\u011fi yapt\u0131.<\/p>\n<p>2016\u2019da IKSV \u0130stanbul 3.Tasar\u0131m Bienali Yarat\u0131c\u0131 Mahalleler Program\u0131 kapsam\u0131nda, Aylin Ayna ile birlikte Sar\u0131yer, Petra The Flooring sponsorlu\u011funda ger\u00e7ekle\u015fen Sar\u0131yer\u2019de Bir Hat\u0131rlat\u0131c\u0131 : Renk\u201d ba\u015fl\u0131kl\u0131 \u00e7al\u0131\u015ftay\u0131n y\u00fcr\u00fct\u00fcc\u00fcl\u00fc\u011f\u00fcn\u00fc, yine 2018\u2019de TEV\u0130T\u00d6L Sosyal Bilimler \u00c7al\u0131\u015ftay\u0131 2018, Renk temal\u0131 \u00e7al\u0131\u015ftayda Mimarl\u0131k At\u00f6lyesi Y\u00fcr\u00fct\u00fcc\u00fcl\u00fc\u011f\u00fc yapt\u0131. Mimarl\u0131k e\u011fitiminin \u00f6nemli bir par\u00e7as\u0131 olarak kabul etti\u011fi bir\u00e7ok \u00e7al\u0131\u015ftaya ve okul d\u0131\u015f\u0131 aktivitelere kat\u0131ld\u0131.<\/p>\n<p>Halen Mimar Sinan G\u00fczel Sanatlar \u00dcniversitesi Mimarl\u0131k Fak\u00fcltesi\u2019nde \u00f6\u011fretim \u00fcyeli\u011fi yapmaktad\u0131r. Mimarl\u0131k e\u011fitiminde tart\u0131\u015fma ve ara\u015ft\u0131rma konular\u0131 olarak ikinci planda kalan mimarl\u0131kta renk\/\u0131\u015f\u0131k\/g\u00f6lge\/malzeme, kentsel a\u00e7\u0131k alanlar \u00fczerine \u00e7al\u0131\u015fmaktad\u0131r.<\/p>\n<p>[\/vc_column_text][\/vc_column][\/vc_row][\/vc_section]<\/p>\n<\/div>","protected":false},"excerpt":{"rendered":"<p>[vc_section][vc_row][vc_column width=&#8221;1\/3&#8243;][vc_single_image image=&#8221;10567&#8243; img_size=&#8221;full&#8221;][\/vc_column][vc_column width=&#8221;2\/3&#8243;][vc_column_text css_animation=&#8221;slideInRight&#8221;] Ay\u015feg\u00fcl Kuru\u00e7 \/ Mimar &#8211; G\u00fcz&#8217;22 St\u00fcdyo Y\u00fcr\u00fct\u00fcc\u00fcs\u00fc 1989-1994 y\u0131llar\u0131 aras\u0131nda Y\u0131ld\u0131z Teknik \u00dcniversitesi\u2019nde Mimarl\u0131k okudu. 1999\u2019da Mimar Sinan G\u00fczel Sanatlar \u00dcniversitesi \u00a0Mimari Tasar\u0131m [&hellip;]<\/p>\n","protected":false},"author":7,"featured_media":10564,"parent":0,"menu_order":0,"comment_status":"closed","ping_status":"closed","template":"","meta":{"_acf_changed":false,"_seopress_robots_primary_cat":"","_seopress_titles_title":"Ay\u015feg\u00fcl Kuru\u00e7 | %%sitetitle%%","_seopress_titles_desc":"","_seopress_robots_index":"","_price":"","_stock":"","_tribe_ticket_header":"","_tribe_default_ticket_provider":"","_ticket_start_date":"","_ticket_end_date":"","_tribe_ticket_show_description":"","_tribe_ticket_show_not_going":false,"_tribe_ticket_use_global_stock":"","_tribe_ticket_global_stock_level":"","_global_stock_mode":"","_global_stock_cap":"","_tribe_rsvp_for_event":"","_tribe_ticket_going_count":"","_tribe_ticket_not_going_count":"","_tribe_tickets_list":"[]","_tribe_ticket_has_attendee_info_fields":false,"_EventAllDay":false,"_EventTimezone":"","_EventStartDate":"","_EventEndDate":"","_EventStartDateUTC":"","_EventEndDateUTC":"","_EventShowMap":false,"_EventShowMapLink":false,"_EventURL":"","_EventCost":"","_EventCostDescription":"","_EventCurrencySymbol":"","_EventCurrencyCode":"","_EventCurrencyPosition":"","_EventDateTimeSeparator":"","_EventTimeRangeSeparator":"","_EventOrganizerID":[],"_EventVenueID":[],"_OrganizerEmail":"","_OrganizerPhone":"","_OrganizerWebsite":"","_VenueAddress":"","_VenueCity":"","_VenueCountry":"","_VenueProvince":"","_VenueState":"","_VenueZip":"","_VenuePhone":"","_VenueURL":"","_VenueStateProvince":"","_VenueLat":"","_VenueLng":"","_VenueShowMap":false,"_VenueShowMapLink":false,"footnotes":"","_tec_slr_enabled":"","_tec_slr_layout":""},"class_list":["post-10497","page","type-page","status-publish","has-post-thumbnail","hentry"],"acf":[],"ticketed":false,"_links":{"self":[{"href":"https:\/\/staging.aura-istanbul.com\/index.php\/wp-json\/wp\/v2\/pages\/10497","targetHints":{"allow":["GET"]}}],"collection":[{"href":"https:\/\/staging.aura-istanbul.com\/index.php\/wp-json\/wp\/v2\/pages"}],"about":[{"href":"https:\/\/staging.aura-istanbul.com\/index.php\/wp-json\/wp\/v2\/types\/page"}],"author":[{"embeddable":true,"href":"https:\/\/staging.aura-istanbul.com\/index.php\/wp-json\/wp\/v2\/users\/7"}],"replies":[{"embeddable":true,"href":"https:\/\/staging.aura-istanbul.com\/index.php\/wp-json\/wp\/v2\/comments?post=10497"}],"version-history":[{"count":4,"href":"https:\/\/staging.aura-istanbul.com\/index.php\/wp-json\/wp\/v2\/pages\/10497\/revisions"}],"predecessor-version":[{"id":10573,"href":"https:\/\/staging.aura-istanbul.com\/index.php\/wp-json\/wp\/v2\/pages\/10497\/revisions\/10573"}],"wp:featuredmedia":[{"embeddable":true,"href":"https:\/\/staging.aura-istanbul.com\/index.php\/wp-json\/wp\/v2\/media\/10564"}],"wp:attachment":[{"href":"https:\/\/staging.aura-istanbul.com\/index.php\/wp-json\/wp\/v2\/media?parent=10497"}],"curies":[{"name":"wp","href":"https:\/\/api.w.org\/{rel}","templated":true}]}}