{"id":10427,"date":"2022-08-08T13:15:16","date_gmt":"2022-08-08T10:15:16","guid":{"rendered":"https:\/\/staging.aura-istanbul.com\/?page_id=10427"},"modified":"2025-09-23T20:35:44","modified_gmt":"2025-09-23T17:35:44","slug":"aura-alumni-zehra-betul-yesilkaya","status":"publish","type":"page","link":"https:\/\/staging.aura-istanbul.com\/index.php\/aura-alumni-zehra-betul-yesilkaya\/","title":{"rendered":"AURA Alumni: Zehra Bet\u00fcl Ye\u015filkaya"},"content":{"rendered":"<div class=\"wpb-content-wrapper\"><p>[vc_section][vc_row][vc_column width=&#8221;1\/6&#8243;][vc_single_image image=&#8221;10288&#8243; img_size=&#8221;large&#8221; alignment=&#8221;center&#8221;][vc_empty_space][vc_column_text]<strong>Zehra Bet\u00fcl Ye\u015filkaya<\/strong>[\/vc_column_text][vc_empty_space height=&#8221;16px&#8221;][vc_column_text]Mimar<br \/>\nUluda\u011f \u00dcniversitesi<\/p>\n<p>Bahar 2022<br \/>\nDan\u0131\u015fman: Arman Akdo\u011fan &#8211; \u00d6mer Devrim Aksoyak[\/vc_column_text][vc_empty_space][\/vc_column][vc_column width=&#8221;2\/3&#8243;][vc_column_text]<\/p>\n<p style=\"text-align: left;\"><strong>Kentte Keskinle\u015fen S\u0131n\u0131rlar ve \u00c7arp\u0131\u015fmalar: M\u00fc\u015fterek Bir Tarlaba\u015f\u0131 Tahayy\u00fcl\u00fc<\/strong><\/p>\n<p>[\/vc_column_text][vc_column_text]S\u0131n\u0131rlar ve kenarlar olduk\u00e7a kritiktir ve b\u00fct\u00fcn\u00fcn farkl\u0131 iki alan\u0131n\u0131 olu\u015fturmaktad\u0131rlar. Bu y\u00fczden s\u0131n\u0131rlar ay\u0131randan \u00e7ok, ili\u015fkiler ve ters d\u00f6n\u00fc\u015f\u00fcmlerin olu\u015fturdu\u011fu dinamik ara kesitlerdir. Ekolojik anlamda da, kenar en verimli yerdir, \u00e7\u00fcnk\u00fc kat\u0131l\u0131mc\u0131lar\u0131n ve kuvvetlerin di\u011feriyle kar\u015f\u0131la\u015ft\u0131\u011f\u0131 ve etkile\u015fti\u011fi aland\u0131r.<\/p>\n<p>Kente yap\u0131lan fiziksel m\u00fcdahaleler zamanla toplumsal ayr\u0131\u015fmalara yol a\u00e7\u0131p s\u0131n\u0131rlar\u0131 meydana getirebilmektedir. Kentte g\u00f6zlemledi\u011fimiz s\u0131n\u0131rlar\u0131 anlamak, bunun sonucunda \u00e7arp\u0131\u015fma noktalar\u0131n\u0131 tespit etmek; bu alan\u0131n ara kesit olma potansiyelini sorgulamak konusunda etkili olabilir. Ara kesit olma potansiyeli ta\u015f\u0131yan \u00e7arp\u0131\u015fma noktalar\u0131; kentte farkl\u0131 motivasyonlar ile ya\u015fayan ve ancak \u00e7arp\u0131\u015fma noktalar\u0131nda bir araya gelebilen kent kullan\u0131c\u0131lar\u0131 i\u00e7in yeni bir kar\u015f\u0131la\u015fma alan\u0131 \u00f6zelli\u011fi g\u00f6sterebilir. Kente yap\u0131lan bu yeni m\u00fcdahale s\u0131n\u0131rlar\u0131 ortadan kald\u0131rmak s\u00fcreci ba\u015flatan ilk ad\u0131m olacakt\u0131r. Tarlaba\u015f\u0131 Bulvar\u0131 tarihsel s\u00fcre\u00e7te toplumsal s\u0131n\u0131rlar\u0131n olu\u015fmas\u0131na zemin haz\u0131rlayan \u00f6nemli kentsel m\u00fcdahalelerden biri olmu\u015ftur. Yap\u0131lan \u00e7al\u0131\u015fma ile \u201cM\u00fc\u015fterek Bir Tarlaba\u015f\u0131\u201d 2050 y\u0131l\u0131 i\u00e7in tahayy\u00fcl edilmi\u015f ve kurgulanm\u0131\u015ft\u0131r.<\/p>\n<p>Metropoller \u00e7ok katmanl\u0131 ve karma\u015f\u0131k bir yap\u0131ya sahip olan \u00e7ekim alanlar\u0131d\u0131r. S\u00f6z konusu \u00e7ekimden \u00f6t\u00fcr\u00fc ald\u0131\u011f\u0131 g\u00f6\u00e7ler sebebiyle; metropoliten alanda ya\u015fayan topluluk heterojen \u00f6zellik g\u00f6sterir. S\u00f6z konusu \u00e7ok katmanl\u0131l\u0131k ve heterojenlik sosyal yap\u0131dan, mimari kimli\u011fe kadar pek \u00e7ok alanda kendini g\u00f6stermektedir. Metropol\u00fcn, b\u00fcy\u00fck \u00f6l\u00e7ekli bir kentsel \u00f6\u011fe olarak; farkl\u0131 k\u00fclt\u00fcrel, ekonomik ve sosyal kesitten kullan\u0131c\u0131lar\u0131 vard\u0131r. Bu kullan\u0131c\u0131lar metropol i\u00e7erisinde farkl\u0131 motivasyonlarla ayn\u0131 mek\u00e2nda kar\u015f\u0131la\u015fmakta, kesi\u015fmektedirler. S\u00f6z konusu kesi\u015fim baz\u0131 durumlarda ayr\u0131\u015fma ile sonu\u00e7lan\u0131rken, baz\u0131 durumlarda sa\u011fl\u0131kl\u0131 bir etkile\u015fimle sonu\u00e7lanmaktad\u0131r.<\/p>\n<p>Farkl\u0131 motivasyonlarla ayn\u0131 mek\u00e2nda kar\u015f\u0131la\u015fan kullan\u0131c\u0131lar\u0131n o alan\u0131 s\u0131n\u0131r ya da dinamik bir ara kesite d\u00f6n\u00fc\u015ft\u00fcrme durumu; yap\u0131lan eylemler ve mekan\u0131n fiziksel yap\u0131s\u0131 ile yak\u0131ndan ili\u015fkilidir. Dinamik ara kesitler s\u0131n\u0131rlar\u0131 eriterek etkile\u015fim alanlar\u0131na d\u00f6n\u00fc\u015f\u00fcr; \u00e7evresine yay\u0131l\u0131r.[\/vc_column_text][vc_empty_space][vc_gallery interval=&#8221;10&#8243; images=&#8221;10428,10429,10430,10431,10432&#8243; img_size=&#8221;full&#8221;][vc_empty_space][\/vc_column][vc_column width=&#8221;1\/6&#8243;][vc_single_image image=&#8221;10433&#8243; img_size=&#8221;full&#8221; alignment=&#8221;center&#8221; style=&#8221;vc_box_border&#8221; onclick=&#8221;custom_link&#8221; img_link_target=&#8221;_blank&#8221;][vc_empty_space height=&#8221;16px&#8221;][vc_row_inner][vc_column_inner][vc_column_text][\/vc_column_text][\/vc_column_inner][\/vc_row_inner][vc_row_inner][vc_column_inner width=&#8221;2\/3&#8243;][\/vc_column_inner][vc_column_inner width=&#8221;1\/3&#8243;][\/vc_column_inner][\/vc_row_inner][\/vc_column][\/vc_row][\/vc_section]<\/p>\n<\/div>","protected":false},"excerpt":{"rendered":"<p>[vc_section][vc_row][vc_column width=&#8221;1\/6&#8243;][vc_single_image image=&#8221;10288&#8243; img_size=&#8221;large&#8221; alignment=&#8221;center&#8221;][vc_empty_space][vc_column_text]Zehra Bet\u00fcl Ye\u015filkaya[\/vc_column_text][vc_empty_space height=&#8221;16px&#8221;][vc_column_text]Mimar Uluda\u011f \u00dcniversitesi Bahar 2022 Dan\u0131\u015fman: Arman Akdo\u011fan &#8211; \u00d6mer Devrim Aksoyak[\/vc_column_text][vc_empty_space][\/vc_column][vc_column width=&#8221;2\/3&#8243;][vc_column_text] Kentte Keskinle\u015fen S\u0131n\u0131rlar ve \u00c7arp\u0131\u015fmalar: M\u00fc\u015fterek Bir Tarlaba\u015f\u0131 Tahayy\u00fcl\u00fc [\/vc_column_text][vc_column_text]S\u0131n\u0131rlar [&hellip;]<\/p>\n","protected":false},"author":7,"featured_media":0,"parent":0,"menu_order":0,"comment_status":"closed","ping_status":"closed","template":"","meta":{"_acf_changed":false,"_seopress_robots_primary_cat":"","_seopress_titles_title":"Zehra Bet\u00fcl Ye\u015filkaya: Kentte Keskinle\u015fen S\u0131n\u0131rlar ve \u00c7arp\u0131\u015fmalar: M\u00fc\u015fterek Bir Tarlaba\u015f\u0131 Tahayy\u00fcl\u00fc | %%sitetitle%%","_seopress_titles_desc":"Tarlaba\u015f\u0131 Bulvar\u0131 tarihsel s\u00fcre\u00e7te toplumsal s\u0131n\u0131rlar\u0131n olu\u015fmas\u0131na zemin haz\u0131rlayan \u00f6nemli kentsel m\u00fcdahalelerden biri olmu\u015ftur. Yap\u0131lan \u00e7al\u0131\u015fma ile \u201cM\u00fc\u015fterek Bir Tarlaba\u015f\u0131\u201d 2050 y\u0131l\u0131 i\u00e7in tahayy\u00fcl edilmi\u015f ve kurgulanm\u0131\u015ft\u0131r.","_seopress_robots_index":"","_price":"","_stock":"","_tribe_ticket_header":"","_tribe_default_ticket_provider":"","_ticket_start_date":"","_ticket_end_date":"","_tribe_ticket_show_description":"","_tribe_ticket_show_not_going":false,"_tribe_ticket_use_global_stock":"","_tribe_ticket_global_stock_level":"","_global_stock_mode":"","_global_stock_cap":"","_tribe_rsvp_for_event":"","_tribe_ticket_going_count":"","_tribe_ticket_not_going_count":"","_tribe_tickets_list":"[]","_tribe_ticket_has_attendee_info_fields":false,"_EventAllDay":false,"_EventTimezone":"","_EventStartDate":"","_EventEndDate":"","_EventStartDateUTC":"","_EventEndDateUTC":"","_EventShowMap":false,"_EventShowMapLink":false,"_EventURL":"","_EventCost":"","_EventCostDescription":"","_EventCurrencySymbol":"","_EventCurrencyCode":"","_EventCurrencyPosition":"","_EventDateTimeSeparator":"","_EventTimeRangeSeparator":"","_EventOrganizerID":[],"_EventVenueID":[],"_OrganizerEmail":"","_OrganizerPhone":"","_OrganizerWebsite":"","_VenueAddress":"","_VenueCity":"","_VenueCountry":"","_VenueProvince":"","_VenueState":"","_VenueZip":"","_VenuePhone":"","_VenueURL":"","_VenueStateProvince":"","_VenueLat":"","_VenueLng":"","_VenueShowMap":false,"_VenueShowMapLink":false,"footnotes":"","_tec_slr_enabled":"","_tec_slr_layout":""},"class_list":["post-10427","page","type-page","status-publish","hentry"],"acf":[],"ticketed":false,"_links":{"self":[{"href":"https:\/\/staging.aura-istanbul.com\/index.php\/wp-json\/wp\/v2\/pages\/10427","targetHints":{"allow":["GET"]}}],"collection":[{"href":"https:\/\/staging.aura-istanbul.com\/index.php\/wp-json\/wp\/v2\/pages"}],"about":[{"href":"https:\/\/staging.aura-istanbul.com\/index.php\/wp-json\/wp\/v2\/types\/page"}],"author":[{"embeddable":true,"href":"https:\/\/staging.aura-istanbul.com\/index.php\/wp-json\/wp\/v2\/users\/7"}],"replies":[{"embeddable":true,"href":"https:\/\/staging.aura-istanbul.com\/index.php\/wp-json\/wp\/v2\/comments?post=10427"}],"version-history":[{"count":2,"href":"https:\/\/staging.aura-istanbul.com\/index.php\/wp-json\/wp\/v2\/pages\/10427\/revisions"}],"predecessor-version":[{"id":15143,"href":"https:\/\/staging.aura-istanbul.com\/index.php\/wp-json\/wp\/v2\/pages\/10427\/revisions\/15143"}],"wp:attachment":[{"href":"https:\/\/staging.aura-istanbul.com\/index.php\/wp-json\/wp\/v2\/media?parent=10427"}],"curies":[{"name":"wp","href":"https:\/\/api.w.org\/{rel}","templated":true}]}}