{"id":10411,"date":"2022-08-08T12:23:58","date_gmt":"2022-08-08T09:23:58","guid":{"rendered":"https:\/\/staging.aura-istanbul.com\/?page_id=10411"},"modified":"2025-09-23T20:36:18","modified_gmt":"2025-09-23T17:36:18","slug":"aura-alumni-sumeyye-isbilir","status":"publish","type":"page","link":"https:\/\/staging.aura-istanbul.com\/index.php\/aura-alumni-sumeyye-isbilir\/","title":{"rendered":"AURA Alumni: S\u00fcmeyye \u0130\u015fbilir"},"content":{"rendered":"<div class=\"wpb-content-wrapper\"><p>[vc_section][vc_row][vc_column width=&#8221;1\/6&#8243;][vc_single_image image=&#8221;10286&#8243; img_size=&#8221;large&#8221; alignment=&#8221;center&#8221;][vc_empty_space][vc_column_text]<strong>S\u00fcmeyye \u0130\u015fbilir<\/strong>[\/vc_column_text][vc_empty_space height=&#8221;16px&#8221;][vc_column_text]Mimar<br \/>\n\u0130stanbul Teknik \u00dcniversitesi<\/p>\n<p>Bahar 2022<br \/>\nDan\u0131\u015fman: Arman Akdo\u011fan &#8211; \u00d6mer Devrim Aksoyak[\/vc_column_text][vc_empty_space][\/vc_column][vc_column width=&#8221;2\/3&#8243;][vc_column_text]<\/p>\n<p style=\"text-align: left;\"><strong>G\u00f6\u00e7lerle D\u00f6n\u00fc\u015fen \u0130stanbul: G\u00fcn\u00fcm\u00fcz G\u00f6\u00e7lerini Homojenize Etmeye Y\u00f6nelik Bir \u00d6neri<\/strong><\/p>\n<p>[\/vc_column_text][vc_column_text]\u0130nsanlar\u0131n siyasi, ekonomik, sosyal veya do\u011fal nedenlerden dolay\u0131 co\u011frafi olarak yer de\u011fi\u015ftirmesi olarak tan\u0131mlanan g\u00f6\u00e7; ge\u00e7mi\u015ften g\u00fcn\u00fcm\u00fcze kentlerde sosyal ve fiziksel yap\u0131n\u0131n en \u00f6nemli \u015fekillendiricilerinden biri olmu\u015ftur. T\u00fcrkiye ve \u0130stanbul da co\u011frafi konum etkisiyle g\u00f6\u00e7 rotalar\u0131 \u00fczerinde merkezi bir konumda yer alm\u0131\u015f ve tarih boyunca g\u00f6\u00e7 hareketlerinin kimi zaman tan\u0131\u011f\u0131 kimi zamansa hedefi olmu\u015ftur.<\/p>\n<p>\u00c7al\u0131\u015fma, \u201c\u0130stanbul\u2019un yerlisi kim?\u201d sorusunun getirdi\u011fi bir aray\u0131\u015fla ba\u015flam\u0131\u015ft\u0131r. Bu aray\u0131\u015f esnas\u0131nda ortaya \u00e7\u0131kan hem fiziksel hem de sosyal a\u00e7\u0131dan devinim halindeki n\u00fcfus ve kullan\u0131c\u0131 karakteri, \u00e7al\u0131\u015fmay\u0131 \u0130stanbul ve g\u00f6\u00e7 arakesitinde \u015fekillendirmi\u015ftir. Bu ba\u011flamda \u00e7al\u0131\u015fmaya g\u00f6\u00e7 olgusu ve kategorileri incelenerek ba\u015flanm\u0131\u015ft\u0131r. Bu incelemenin ard\u0131ndan \u0130stanbul tarihinde g\u00f6\u00e7ler ara\u015ft\u0131r\u0131lm\u0131\u015f ve ara\u015ft\u0131rma sonucunda V. y\u00fczy\u0131ldan g\u00fcn\u00fcm\u00fcze ger\u00e7ekle\u015fen g\u00f6\u00e7ler, zaman ve g\u00f6\u00e7 kategorileri d\u00fczeylerini bar\u0131nd\u0131ran bir matris olu\u015fturularak temsil edilmeye \u00e7al\u0131\u015f\u0131lm\u0131\u015ft\u0131r.<\/p>\n<p>\u00c7al\u0131\u015fmada \u0130stanbul tarihinde g\u00f6\u00e7lerin incelenmesinin ard\u0131ndan g\u00fcn\u00fcm\u00fcz g\u00f6\u00e7lerine odaklan\u0131lm\u0131\u015ft\u0131r. G\u00fcn\u00fcm\u00fcz g\u00f6\u00e7leri kapsam\u0131nda ortaya \u00e7\u0131kan ge\u00e7ici koruma stat\u00fcs\u00fc analiz edilmi\u015ftir. Analizler sonucunda g\u00fcn\u00fcm\u00fcz g\u00f6\u00e7lerinin \u00fclke genelinde da\u011f\u0131l\u0131m\u0131n\u0131n heterojen bir karaktere sahip oldu\u011fu g\u00f6zlemlenmi\u015ftir. \u00c7al\u0131\u015fman\u0131n amac\u0131, bu heterojen karakteri homojenize etme y\u00f6n\u00fcnde bir \u00f6neri sunmakt\u0131r.[\/vc_column_text][vc_empty_space][vc_gallery interval=&#8221;10&#8243; images=&#8221;10412,10413,10414,10415,10416&#8243; img_size=&#8221;full&#8221;][vc_empty_space][\/vc_column][vc_column width=&#8221;1\/6&#8243;][vc_single_image image=&#8221;10417&#8243; img_size=&#8221;full&#8221; alignment=&#8221;center&#8221; style=&#8221;vc_box_border&#8221; onclick=&#8221;custom_link&#8221; img_link_target=&#8221;_blank&#8221;][vc_empty_space height=&#8221;16px&#8221;][vc_row_inner][vc_column_inner][vc_column_text][\/vc_column_text][\/vc_column_inner][\/vc_row_inner][vc_row_inner][vc_column_inner width=&#8221;2\/3&#8243;][\/vc_column_inner][vc_column_inner width=&#8221;1\/3&#8243;][\/vc_column_inner][\/vc_row_inner][\/vc_column][\/vc_row][\/vc_section]<\/p>\n<\/div>","protected":false},"excerpt":{"rendered":"<p>[vc_section][vc_row][vc_column width=&#8221;1\/6&#8243;][vc_single_image image=&#8221;10286&#8243; img_size=&#8221;large&#8221; alignment=&#8221;center&#8221;][vc_empty_space][vc_column_text]S\u00fcmeyye \u0130\u015fbilir[\/vc_column_text][vc_empty_space height=&#8221;16px&#8221;][vc_column_text]Mimar \u0130stanbul Teknik \u00dcniversitesi Bahar 2022 Dan\u0131\u015fman: Arman Akdo\u011fan &#8211; \u00d6mer Devrim Aksoyak[\/vc_column_text][vc_empty_space][\/vc_column][vc_column width=&#8221;2\/3&#8243;][vc_column_text] G\u00f6\u00e7lerle D\u00f6n\u00fc\u015fen \u0130stanbul: G\u00fcn\u00fcm\u00fcz G\u00f6\u00e7lerini Homojenize Etmeye Y\u00f6nelik Bir \u00d6neri [&hellip;]<\/p>\n","protected":false},"author":7,"featured_media":0,"parent":0,"menu_order":0,"comment_status":"closed","ping_status":"closed","template":"","meta":{"_acf_changed":false,"_seopress_robots_primary_cat":"","_seopress_titles_title":"S\u00fcmeyye \u0130\u015fbilir: G\u00f6\u00e7lerle D\u00f6n\u00fc\u015fen \u0130stanbul: G\u00fcn\u00fcm\u00fcz G\u00f6\u00e7lerini Homojenize Etmeye Y\u00f6nelik Bir \u00d6neri | %%sitetitle%%","_seopress_titles_desc":"\u00c7al\u0131\u015fmada \u0130stanbul tarihinde g\u00f6\u00e7lerin incelenmesinin ard\u0131ndan g\u00fcn\u00fcm\u00fcz g\u00f6\u00e7lerine odaklan\u0131lm\u0131\u015ft\u0131r. G\u00fcn\u00fcm\u00fcz g\u00f6\u00e7leri kapsam\u0131nda ortaya \u00e7\u0131kan ge\u00e7ici koruma stat\u00fcs\u00fc analiz edilmi\u015ftir.","_seopress_robots_index":"","_price":"","_stock":"","_tribe_ticket_header":"","_tribe_default_ticket_provider":"","_ticket_start_date":"","_ticket_end_date":"","_tribe_ticket_show_description":"","_tribe_ticket_show_not_going":false,"_tribe_ticket_use_global_stock":"","_tribe_ticket_global_stock_level":"","_global_stock_mode":"","_global_stock_cap":"","_tribe_rsvp_for_event":"","_tribe_ticket_going_count":"","_tribe_ticket_not_going_count":"","_tribe_tickets_list":"[]","_tribe_ticket_has_attendee_info_fields":false,"_EventAllDay":false,"_EventTimezone":"","_EventStartDate":"","_EventEndDate":"","_EventStartDateUTC":"","_EventEndDateUTC":"","_EventShowMap":false,"_EventShowMapLink":false,"_EventURL":"","_EventCost":"","_EventCostDescription":"","_EventCurrencySymbol":"","_EventCurrencyCode":"","_EventCurrencyPosition":"","_EventDateTimeSeparator":"","_EventTimeRangeSeparator":"","_EventOrganizerID":[],"_EventVenueID":[],"_OrganizerEmail":"","_OrganizerPhone":"","_OrganizerWebsite":"","_VenueAddress":"","_VenueCity":"","_VenueCountry":"","_VenueProvince":"","_VenueState":"","_VenueZip":"","_VenuePhone":"","_VenueURL":"","_VenueStateProvince":"","_VenueLat":"","_VenueLng":"","_VenueShowMap":false,"_VenueShowMapLink":false,"footnotes":"","_tec_slr_enabled":"","_tec_slr_layout":""},"class_list":["post-10411","page","type-page","status-publish","hentry"],"acf":[],"ticketed":false,"_links":{"self":[{"href":"https:\/\/staging.aura-istanbul.com\/index.php\/wp-json\/wp\/v2\/pages\/10411","targetHints":{"allow":["GET"]}}],"collection":[{"href":"https:\/\/staging.aura-istanbul.com\/index.php\/wp-json\/wp\/v2\/pages"}],"about":[{"href":"https:\/\/staging.aura-istanbul.com\/index.php\/wp-json\/wp\/v2\/types\/page"}],"author":[{"embeddable":true,"href":"https:\/\/staging.aura-istanbul.com\/index.php\/wp-json\/wp\/v2\/users\/7"}],"replies":[{"embeddable":true,"href":"https:\/\/staging.aura-istanbul.com\/index.php\/wp-json\/wp\/v2\/comments?post=10411"}],"version-history":[{"count":2,"href":"https:\/\/staging.aura-istanbul.com\/index.php\/wp-json\/wp\/v2\/pages\/10411\/revisions"}],"predecessor-version":[{"id":15145,"href":"https:\/\/staging.aura-istanbul.com\/index.php\/wp-json\/wp\/v2\/pages\/10411\/revisions\/15145"}],"wp:attachment":[{"href":"https:\/\/staging.aura-istanbul.com\/index.php\/wp-json\/wp\/v2\/media?parent=10411"}],"curies":[{"name":"wp","href":"https:\/\/api.w.org\/{rel}","templated":true}]}}