{"id":10374,"date":"2022-08-08T10:53:04","date_gmt":"2022-08-08T07:53:04","guid":{"rendered":"https:\/\/staging.aura-istanbul.com\/?page_id=10374"},"modified":"2025-09-23T20:37:00","modified_gmt":"2025-09-23T17:37:00","slug":"aura-alumni-nevres-arin-aydogdu","status":"publish","type":"page","link":"https:\/\/staging.aura-istanbul.com\/index.php\/aura-alumni-nevres-arin-aydogdu\/","title":{"rendered":"AURA Alumni: Nevres Ar\u0131n Aydo\u011fdu"},"content":{"rendered":"<div class=\"wpb-content-wrapper\"><p>[vc_section][vc_row][vc_column width=&#8221;1\/6&#8243;][vc_single_image image=&#8221;10283&#8243; img_size=&#8221;large&#8221; alignment=&#8221;center&#8221;][vc_empty_space][vc_column_text]<strong>Nevres Ar\u0131n Aydo\u011fdu<\/strong>[\/vc_column_text][vc_empty_space height=&#8221;16px&#8221;][vc_column_text]Mimar<br \/>\nMEF \u00dcniversitesi<\/p>\n<p>Bahar 2022<br \/>\nDan\u0131\u015fman: Arman Akdo\u011fan &#8211; \u00d6mer Devrim Aksoyak[\/vc_column_text][vc_empty_space][\/vc_column][vc_column width=&#8221;2\/3&#8243;][vc_column_text]<\/p>\n<p style=\"text-align: left;\"><strong>Biyo[duvar]<\/strong><\/p>\n<p>[\/vc_column_text][vc_column_text]\u00dcretim ve t\u00fcketim k\u00fclt\u00fcr\u00fcm\u00fcz insan merkezli ve domine edici bir hal ald\u0131.\u00a0 Su ge\u00e7irmeyen y\u00fczeyler, kimyasal kar\u0131\u015f\u0131mlar, insan \u00f6mr\u00fcn\u00fcn 10 kat\u0131 ya\u015fayan plastikler, radyasyon yayan betonlar, at\u0131k dolu denizler, nesli t\u00fckenmekte olan ar\u0131lar\u2026Geldi\u011fimiz noktada d\u00fcnya iklim kriziyle kar\u015f\u0131 kar\u015f\u0131ya kalm\u0131\u015fken insan merkezli bir \u00e7a\u011fda faydal\u0131 \u00fcretimin ve t\u00fcketimin tarifi nedir? \u0130yi bir Antroposen \u00e7a\u011f\u0131 insanlar\u0131 ve tasar\u0131mc\u0131lar\u0131 olmak i\u00e7in do\u011fa ile kent ili\u015fkisini tekrar yap\u0131land\u0131rmal\u0131y\u0131z. Biyolojik \u00e7e\u015fitlili\u011fi koruyarak insan ve di\u011fer canl\u0131lar aras\u0131nda mutualist bir ili\u015fki kurmal\u0131y\u0131z.<\/p>\n<p>Geleneksel olarak kulland\u0131\u011f\u0131m\u0131z demir, \u00e7elik, beton gibi malzemelerle in\u015fa etti\u011fimiz yap\u0131l\u0131 \u00e7evremizde ve do\u011fan\u0131n kusmalar\u0131yla geldi\u011fimiz bu noktada, bilimin, teknolojinin ve do\u011fan\u0131n g\u00fcc\u00fcn\u00fc kullanarak, bulundu\u011fumuz bu noktay\u0131 gelecekte daha s\u00fcrd\u00fcr\u00fclebilir kentlere, dolay\u0131s\u0131yla daha sa\u011fl\u0131kl\u0131 insanl\u0131k ve do\u011faya ta\u015f\u0131mam\u0131z biyotemelli ve biyolojik olarak par\u00e7alanabilir malzemeler ile m\u00fcmk\u00fcnd\u00fcr.[\/vc_column_text][vc_empty_space][vc_gallery interval=&#8221;10&#8243; images=&#8221;10375,10376,10377,10378,10379&#8243; img_size=&#8221;full&#8221;][vc_empty_space][\/vc_column][vc_column width=&#8221;1\/6&#8243;][vc_single_image image=&#8221;10380&#8243; img_size=&#8221;full&#8221; alignment=&#8221;center&#8221; style=&#8221;vc_box_border&#8221; onclick=&#8221;custom_link&#8221; img_link_target=&#8221;_blank&#8221;][vc_empty_space height=&#8221;16px&#8221;][vc_row_inner][vc_column_inner][vc_column_text][\/vc_column_text][\/vc_column_inner][\/vc_row_inner][vc_row_inner][vc_column_inner width=&#8221;2\/3&#8243;][\/vc_column_inner][vc_column_inner width=&#8221;1\/3&#8243;][\/vc_column_inner][\/vc_row_inner][\/vc_column][\/vc_row][\/vc_section]<\/p>\n<\/div>","protected":false},"excerpt":{"rendered":"<p>[vc_section][vc_row][vc_column width=&#8221;1\/6&#8243;][vc_single_image image=&#8221;10283&#8243; img_size=&#8221;large&#8221; alignment=&#8221;center&#8221;][vc_empty_space][vc_column_text]Nevres Ar\u0131n Aydo\u011fdu[\/vc_column_text][vc_empty_space height=&#8221;16px&#8221;][vc_column_text]Mimar MEF \u00dcniversitesi Bahar 2022 Dan\u0131\u015fman: Arman Akdo\u011fan &#8211; \u00d6mer Devrim Aksoyak[\/vc_column_text][vc_empty_space][\/vc_column][vc_column width=&#8221;2\/3&#8243;][vc_column_text] Biyo[duvar] [\/vc_column_text][vc_column_text]\u00dcretim ve t\u00fcketim k\u00fclt\u00fcr\u00fcm\u00fcz insan merkezli ve domine edici [&hellip;]<\/p>\n","protected":false},"author":7,"featured_media":0,"parent":0,"menu_order":0,"comment_status":"closed","ping_status":"closed","template":"","meta":{"_acf_changed":false,"_seopress_robots_primary_cat":"","_seopress_titles_title":"Nevres Ar\u0131n Aydo\u011fdu: Biyo[duvar] | %%sitetitle%%","_seopress_titles_desc":"\u0130yi bir Antroposen \u00e7a\u011f\u0131 insanlar\u0131 ve tasar\u0131mc\u0131lar\u0131 olmak i\u00e7in do\u011fa ile kent ili\u015fkisini tekrar yap\u0131land\u0131rmal\u0131y\u0131z. Biyolojik \u00e7e\u015fitlili\u011fi koruyarak insan ve di\u011fer canl\u0131lar aras\u0131nda mutualist bir ili\u015fki kurmal\u0131y\u0131z.","_seopress_robots_index":"","_price":"","_stock":"","_tribe_ticket_header":"","_tribe_default_ticket_provider":"","_ticket_start_date":"","_ticket_end_date":"","_tribe_ticket_show_description":"","_tribe_ticket_show_not_going":false,"_tribe_ticket_use_global_stock":"","_tribe_ticket_global_stock_level":"","_global_stock_mode":"","_global_stock_cap":"","_tribe_rsvp_for_event":"","_tribe_ticket_going_count":"","_tribe_ticket_not_going_count":"","_tribe_tickets_list":"[]","_tribe_ticket_has_attendee_info_fields":false,"_EventAllDay":false,"_EventTimezone":"","_EventStartDate":"","_EventEndDate":"","_EventStartDateUTC":"","_EventEndDateUTC":"","_EventShowMap":false,"_EventShowMapLink":false,"_EventURL":"","_EventCost":"","_EventCostDescription":"","_EventCurrencySymbol":"","_EventCurrencyCode":"","_EventCurrencyPosition":"","_EventDateTimeSeparator":"","_EventTimeRangeSeparator":"","_EventOrganizerID":[],"_EventVenueID":[],"_OrganizerEmail":"","_OrganizerPhone":"","_OrganizerWebsite":"","_VenueAddress":"","_VenueCity":"","_VenueCountry":"","_VenueProvince":"","_VenueState":"","_VenueZip":"","_VenuePhone":"","_VenueURL":"","_VenueStateProvince":"","_VenueLat":"","_VenueLng":"","_VenueShowMap":false,"_VenueShowMapLink":false,"footnotes":"","_tec_slr_enabled":"","_tec_slr_layout":""},"class_list":["post-10374","page","type-page","status-publish","hentry"],"acf":[],"ticketed":false,"_links":{"self":[{"href":"https:\/\/staging.aura-istanbul.com\/index.php\/wp-json\/wp\/v2\/pages\/10374","targetHints":{"allow":["GET"]}}],"collection":[{"href":"https:\/\/staging.aura-istanbul.com\/index.php\/wp-json\/wp\/v2\/pages"}],"about":[{"href":"https:\/\/staging.aura-istanbul.com\/index.php\/wp-json\/wp\/v2\/types\/page"}],"author":[{"embeddable":true,"href":"https:\/\/staging.aura-istanbul.com\/index.php\/wp-json\/wp\/v2\/users\/7"}],"replies":[{"embeddable":true,"href":"https:\/\/staging.aura-istanbul.com\/index.php\/wp-json\/wp\/v2\/comments?post=10374"}],"version-history":[{"count":2,"href":"https:\/\/staging.aura-istanbul.com\/index.php\/wp-json\/wp\/v2\/pages\/10374\/revisions"}],"predecessor-version":[{"id":15148,"href":"https:\/\/staging.aura-istanbul.com\/index.php\/wp-json\/wp\/v2\/pages\/10374\/revisions\/15148"}],"wp:attachment":[{"href":"https:\/\/staging.aura-istanbul.com\/index.php\/wp-json\/wp\/v2\/media?parent=10374"}],"curies":[{"name":"wp","href":"https:\/\/api.w.org\/{rel}","templated":true}]}}