{"id":10334,"date":"2022-08-05T17:33:55","date_gmt":"2022-08-05T14:33:55","guid":{"rendered":"https:\/\/staging.aura-istanbul.com\/?page_id=10334"},"modified":"2025-09-23T20:38:22","modified_gmt":"2025-09-23T17:38:22","slug":"aura-alumni-ege-ak","status":"publish","type":"page","link":"https:\/\/staging.aura-istanbul.com\/index.php\/aura-alumni-ege-ak\/","title":{"rendered":"AURA Alumni: Ege Ak"},"content":{"rendered":"<div class=\"wpb-content-wrapper\"><p>[vc_section][vc_row][vc_column width=&#8221;1\/6&#8243;][vc_single_image image=&#8221;10279&#8243; img_size=&#8221;large&#8221; alignment=&#8221;center&#8221;][vc_empty_space][vc_column_text]<strong>Ege Ak<\/strong>[\/vc_column_text][vc_empty_space height=&#8221;16px&#8221;][vc_column_text]Mimar<br \/>\nY\u0131ld\u0131z Teknik \u00dcniversitesi<\/p>\n<p>Bahar 2022<br \/>\nDan\u0131\u015fman: Arman Akdo\u011fan &#8211; \u00d6mer Devrim Aksoyak[\/vc_column_text][vc_empty_space][\/vc_column][vc_column width=&#8221;2\/3&#8243;][vc_column_text]<\/p>\n<p style=\"text-align: left;\"><strong>\u0130leti\u015fimin Yeni Halleri ve Kamusal \u0130nsan\u0131n D\u00f6n\u00fc\u015f\u00fcm\u00fc<\/strong><\/p>\n<p>[\/vc_column_text][vc_column_text]\u0130leti\u015fim \u00e7a\u011f\u0131nda k\u00fclt\u00fcr\u00fcn tan\u0131mlay\u0131c\u0131 bir \u00f6zelli\u011fi, insan bedenlerinin ve duygular\u0131n\u0131n bireylerin ya\u015fam deneyimleri \u00fczerindeki kontrol\u00fcn\u00fc art\u0131rmalar\u0131na yard\u0131mc\u0131 olacak \u015fekilde \u00e7e\u015fitli, her yerde bulunan ve ge\u00e7ici k\u00fclt\u00fcrel alanlar\u0131n etkile\u015fimidir. Bug\u00fcn insanlar, ya\u015fam deneyimlerini d\u00f6n\u00fc\u015ft\u00fcren ve k\u00fclt\u00fcrel alan\u0131n anlam\u0131n\u0131 yeniden \u015fekillendiren s\u00f6ylemsel d\u00fcnyalar yaratmak i\u00e7in paralel ya\u015famlar\u0131n \u00fczerine in\u015fa edildi\u011fi \u00e7ok k\u00fclt\u00fcrl\u00fc katmanlar icat ediyor. Ancak g\u00fcnl\u00fck hayat\u0131n ak\u0131\u015f\u0131 i\u00e7inde ger\u00e7ekle\u015fen sosyalle\u015fmenin fiziksel ve k\u00fclt\u00fcrel temas\u0131 gerektirdi\u011fi bilinen bir ger\u00e7ektir.<\/p>\n<p>\u015eehirler, fiziksel mek\u00e2nlar\u0131n temsili olarak, ileti\u015fim \u00e7a\u011f\u0131n\u0131n getirdi\u011fi de\u011fi\u015fimlere ayak uydurmaktad\u0131r. Ancak, kentte ya\u015fayan yani kente ait olan bireyler aras\u0131ndaki etkile\u015fim ve ileti\u015fimin d\u00f6n\u00fc\u015f\u00fcm h\u0131z\u0131, fiziksel ve kamusal olan\u0131n d\u00f6n\u00fc\u015f\u00fcm\u00fcnden daha h\u0131zl\u0131 olaca\u011f\u0131 i\u00e7in beden-mek\u00e2n kar\u015f\u0131la\u015fmalar\u0131nda konvansiyonel ili\u015fkilerin \u00f6tesinde bir bo\u015fluk meydana gelecektir. Bu bo\u015fluk, yeni birlikteliklere zemin haz\u0131rlamakla birlikte, olas\u0131 de\u011fer kay\u0131plar\u0131n\u0131 da beraberinde getirmektedir.<\/p>\n<p>\u00c7al\u0131\u015fma bu tart\u0131\u015fma konular\u0131n\u0131 mimarl\u0131k ve sanat \u00e7er\u00e7evesinde de\u011ferlendirmek \u00fczerine, \u0130stanbul\u2019un 2035\u2019te yeniden Avrupa K\u00fclt\u00fcr Ba\u015fkenti se\u00e7ildi\u011fi senaryosu \u00fczerinden devam etmektedir. Avrupa K\u00fclt\u00fcr Ba\u015fkenti olmak yaln\u0131zca bir sene boyunca k\u00fclt\u00fcr\u00fcn temsilcisi olmak de\u011fil, bu s\u0131fat\u0131 kal\u0131c\u0131 unsurlara d\u00f6n\u00fc\u015ft\u00fcrmek ve gelece\u011fe ta\u015f\u0131mak anlam\u0131nda da gelmektedir.<\/p>\n<p>K\u00fclt\u00fcr\u00fc ileti\u015fimin d\u00f6n\u00fc\u015ft\u00fcrd\u00fc\u011f\u00fc veya ileti\u015fimle birlikte d\u00f6n\u00fc\u015fen bir unsur olarak kabul edersek, fiziksel olan\u0131n \u00f6tesine ge\u00e7en \u00fcst k\u00fclt\u00fcr\u00fcn in\u015fas\u0131 kavram\u0131yla, k\u00fclt\u00fcr ba\u015fkenti \u00e7er\u00e7evesinde, sanat\u0131 bir sorgulama arac\u0131 olarak kullanarak yeni potansiyelleri ve de\u011fer kay\u0131plar\u0131n\u0131 irdeleyebiliriz.<\/p>\n<p>\u00c7al\u0131\u015fmada, 2012 y\u0131l\u0131ndan bu yana daha \u00f6nce \u0130stanbul Tasar\u0131m Bienali\u2019nde yer alm\u0131\u015f \u00fcretimlerin de bulundu\u011fu bir se\u00e7ki ile \u0130stanbul\u2019da d\u00f6n\u00fc\u015fen k\u00fclt\u00fcr\u00fcn ve ileti\u015fim bi\u00e7imlerinin kent-kentli etkile\u015fimini sorgulatan k\u00fcrasyona hepiniz davetlisiniz![\/vc_column_text][vc_empty_space][vc_gallery interval=&#8221;10&#8243; images=&#8221;10336,10337,10338,10339,10340&#8243; img_size=&#8221;full&#8221;][vc_empty_space][\/vc_column][vc_column width=&#8221;1\/6&#8243;][vc_single_image image=&#8221;10341&#8243; img_size=&#8221;full&#8221; alignment=&#8221;center&#8221; style=&#8221;vc_box_border&#8221; onclick=&#8221;custom_link&#8221; img_link_target=&#8221;_blank&#8221;][vc_empty_space height=&#8221;16px&#8221;][vc_row_inner][vc_column_inner][vc_column_text][\/vc_column_text][\/vc_column_inner][\/vc_row_inner][vc_row_inner][vc_column_inner width=&#8221;2\/3&#8243;][\/vc_column_inner][vc_column_inner width=&#8221;1\/3&#8243;][\/vc_column_inner][\/vc_row_inner][\/vc_column][\/vc_row][\/vc_section]<\/p>\n<\/div>","protected":false},"excerpt":{"rendered":"<p>[vc_section][vc_row][vc_column width=&#8221;1\/6&#8243;][vc_single_image image=&#8221;10279&#8243; img_size=&#8221;large&#8221; alignment=&#8221;center&#8221;][vc_empty_space][vc_column_text]Ege Ak[\/vc_column_text][vc_empty_space height=&#8221;16px&#8221;][vc_column_text]Mimar Y\u0131ld\u0131z Teknik \u00dcniversitesi Bahar 2022 Dan\u0131\u015fman: Arman Akdo\u011fan &#8211; \u00d6mer Devrim Aksoyak[\/vc_column_text][vc_empty_space][\/vc_column][vc_column width=&#8221;2\/3&#8243;][vc_column_text] \u0130leti\u015fimin Yeni Halleri ve Kamusal \u0130nsan\u0131n D\u00f6n\u00fc\u015f\u00fcm\u00fc [\/vc_column_text][vc_column_text]\u0130leti\u015fim \u00e7a\u011f\u0131nda k\u00fclt\u00fcr\u00fcn [&hellip;]<\/p>\n","protected":false},"author":7,"featured_media":0,"parent":0,"menu_order":0,"comment_status":"closed","ping_status":"closed","template":"","meta":{"_acf_changed":false,"_seopress_robots_primary_cat":"","_seopress_titles_title":"Ege Ak: \u0130leti\u015fimin Yeni Halleri ve Kamusal \u0130nsan\u0131n D\u00f6n\u00fc\u015f\u00fcm\u00fc | %%sitetitle%%","_seopress_titles_desc":"\u00c7al\u0131\u015fmada, 2012 y\u0131l\u0131ndan bu yana daha \u00f6nce \u0130stanbul Tasar\u0131m Bienali\u2019nde yer alm\u0131\u015f \u00fcretimlerin de bulundu\u011fu bir se\u00e7ki ile \u0130stanbul\u2019da d\u00f6n\u00fc\u015fen k\u00fclt\u00fcr\u00fcn ve ileti\u015fim bi\u00e7imlerinin kent-kentli etkile\u015fimini sorgulatan k\u00fcrasyona hepiniz davetlisiniz!","_seopress_robots_index":"","_price":"","_stock":"","_tribe_ticket_header":"","_tribe_default_ticket_provider":"","_ticket_start_date":"","_ticket_end_date":"","_tribe_ticket_show_description":"","_tribe_ticket_show_not_going":false,"_tribe_ticket_use_global_stock":"","_tribe_ticket_global_stock_level":"","_global_stock_mode":"","_global_stock_cap":"","_tribe_rsvp_for_event":"","_tribe_ticket_going_count":"","_tribe_ticket_not_going_count":"","_tribe_tickets_list":"[]","_tribe_ticket_has_attendee_info_fields":false,"_EventAllDay":false,"_EventTimezone":"","_EventStartDate":"","_EventEndDate":"","_EventStartDateUTC":"","_EventEndDateUTC":"","_EventShowMap":false,"_EventShowMapLink":false,"_EventURL":"","_EventCost":"","_EventCostDescription":"","_EventCurrencySymbol":"","_EventCurrencyCode":"","_EventCurrencyPosition":"","_EventDateTimeSeparator":"","_EventTimeRangeSeparator":"","_EventOrganizerID":[],"_EventVenueID":[],"_OrganizerEmail":"","_OrganizerPhone":"","_OrganizerWebsite":"","_VenueAddress":"","_VenueCity":"","_VenueCountry":"","_VenueProvince":"","_VenueState":"","_VenueZip":"","_VenuePhone":"","_VenueURL":"","_VenueStateProvince":"","_VenueLat":"","_VenueLng":"","_VenueShowMap":false,"_VenueShowMapLink":false,"footnotes":"","_tec_slr_enabled":"","_tec_slr_layout":""},"class_list":["post-10334","page","type-page","status-publish","hentry"],"acf":[],"ticketed":false,"_links":{"self":[{"href":"https:\/\/staging.aura-istanbul.com\/index.php\/wp-json\/wp\/v2\/pages\/10334","targetHints":{"allow":["GET"]}}],"collection":[{"href":"https:\/\/staging.aura-istanbul.com\/index.php\/wp-json\/wp\/v2\/pages"}],"about":[{"href":"https:\/\/staging.aura-istanbul.com\/index.php\/wp-json\/wp\/v2\/types\/page"}],"author":[{"embeddable":true,"href":"https:\/\/staging.aura-istanbul.com\/index.php\/wp-json\/wp\/v2\/users\/7"}],"replies":[{"embeddable":true,"href":"https:\/\/staging.aura-istanbul.com\/index.php\/wp-json\/wp\/v2\/comments?post=10334"}],"version-history":[{"count":2,"href":"https:\/\/staging.aura-istanbul.com\/index.php\/wp-json\/wp\/v2\/pages\/10334\/revisions"}],"predecessor-version":[{"id":15153,"href":"https:\/\/staging.aura-istanbul.com\/index.php\/wp-json\/wp\/v2\/pages\/10334\/revisions\/15153"}],"wp:attachment":[{"href":"https:\/\/staging.aura-istanbul.com\/index.php\/wp-json\/wp\/v2\/media?parent=10334"}],"curies":[{"name":"wp","href":"https:\/\/api.w.org\/{rel}","templated":true}]}}